{"id":4147,"date":"2024-07-13T13:06:06","date_gmt":"2024-07-13T13:06:06","guid":{"rendered":"https:\/\/matcochemicals.com\/products\/synthomere-ch-3504\/"},"modified":"2025-08-15T05:57:44","modified_gmt":"2025-08-15T05:57:44","slug":"addimat-ao-3504","status":"publish","type":"product","link":"https:\/\/matcochemicals.com\/fr\/product\/addimat-ao-3504\/","title":{"rendered":"Addimat AO 3504"},"content":{"rendered":"<p><img loading=\"lazy\" decoding=\"async\" class=\"wp-image-5625 alignright\" src=\"https:\/\/matcochemicals.com\/wp-content\/uploads\/2025\/01\/oeko-texecoplogorgbws-240x300.png\" alt=\"\" width=\"108\" height=\"136\" srcset=\"https:\/\/matcochemicals.com\/wp-content\/uploads\/2025\/01\/oeko-texecoplogorgbws-240x300.png 240w, https:\/\/matcochemicals.com\/wp-content\/uploads\/2025\/01\/oeko-texecoplogorgbws-200x250.png 200w, https:\/\/matcochemicals.com\/wp-content\/uploads\/2025\/01\/oeko-texecoplogorgbws-400x500.png 400w, https:\/\/matcochemicals.com\/wp-content\/uploads\/2025\/01\/oeko-texecoplogorgbws.png 720w\" sizes=\"auto, (max-width: 108px) 100vw, 108px\" \/>Addimat AO 3504 est un antioxydant ph\u00e9nolique qui a la capacit\u00e9 de fonctionner par lui-m\u00eame, contrairement \u00e0 l\u2019option thio\u00e9ther. AO 3504 est un antioxydant durable, conforme \u00e0 la FDA et non dangereux sous forme aqueuse qui peut avoir des performances \u00e9gales ou sup\u00e9rieures \u00e0 celles des antioxydants conventionnels. Il s\u2019agit d\u2019un pi\u00e9geur de radicaux qui emp\u00eache la d\u00e9gradation thermique de nombreux mat\u00e9riaux polym\u00e8res et offre une excellente stabilisation thermique \u00e0 long terme. Il convient \u00e9galement de noter qu\u2019en raison de son poids mol\u00e9culaire \u00e9lev\u00e9 et de sa structure mol\u00e9culaire, l\u2019antioxydant a une faible volatilit\u00e9 et une excellente r\u00e9sistance \u00e0 l\u2019extraction.<\/p>\n<h3>Principales caract\u00e9ristiques de l\u2019Addimat AO 3504<\/h3>\n<h3><img loading=\"lazy\" decoding=\"async\" class=\"size-medium wp-image-5951 alignright\" src=\"https:\/\/matcochemicals.com\/wp-content\/uploads\/2024\/07\/Gebakken-koekjes-300x253.png\" alt=\"\" width=\"300\" height=\"253\" srcset=\"https:\/\/matcochemicals.com\/wp-content\/uploads\/2024\/07\/Gebakken-koekjes-300x253.png 300w, https:\/\/matcochemicals.com\/wp-content\/uploads\/2024\/07\/Gebakken-koekjes-200x169.png 200w, https:\/\/matcochemicals.com\/wp-content\/uploads\/2024\/07\/Gebakken-koekjes.png 321w\" sizes=\"auto, (max-width: 300px) 100vw, 300px\" \/><\/h3>\n<ul>\n<li>Conforme \u00e0 la FDA, sans ingr\u00e9dients dangereux<\/li>\n<li>Excellente compatibilit\u00e9 et r\u00e9tention de la couleur avec la plupart des polym\u00e8res<\/li>\n<li>Non-appui<\/li>\n<li>Haute stabilit\u00e9 \u00e0 la chaleur<\/li>\n<li>Faible volatilit\u00e9 et extractibilit\u00e9<\/li>\n<\/ul>\n<p>&nbsp;<\/p>\n<h3>Applications de l\u2019Addimat AO 3504<\/h3>\n<ul>\n<li>Literie Matelas<\/li>\n<li>Emballage alimentaire<\/li>\n<li>Dos de moquette<\/li>\n<li>Gants pour contact alimentaire<\/li>\n<li>Enduction textile<\/li>\n<li>Enduction de papier<\/li>\n<\/ul>\n<p>&nbsp;<\/p>\n<h3>Propri\u00e9t\u00e9s de Addimat AO 3504<\/h3>\n<h3><img loading=\"lazy\" decoding=\"async\" class=\"size-medium wp-image-3648 alignright\" src=\"https:\/\/matcochemicals.com\/wp-content\/uploads\/2024\/07\/Synthomer-CH3504-food-300x251.webp\" alt=\"\" width=\"300\" height=\"251\" srcset=\"https:\/\/matcochemicals.com\/wp-content\/uploads\/2024\/07\/Synthomer-CH3504-food-300x251.webp 300w, https:\/\/matcochemicals.com\/wp-content\/uploads\/2024\/07\/Synthomer-CH3504-food-768x642.webp 768w, https:\/\/matcochemicals.com\/wp-content\/uploads\/2024\/07\/Synthomer-CH3504-food-200x167.webp 200w, https:\/\/matcochemicals.com\/wp-content\/uploads\/2024\/07\/Synthomer-CH3504-food-400x334.webp 400w, https:\/\/matcochemicals.com\/wp-content\/uploads\/2024\/07\/Synthomer-CH3504-food.jpg 909w\" sizes=\"auto, (max-width: 300px) 100vw, 300px\" \/><\/h3>\n<p>Chimie : Antioxydant ph\u00e9nolique<\/p>\n<p>Forme : Dispersion aqueuse<\/p>\n<p>Contenu actif : 50 %<\/p>\n<p>Poids mol\u00e9culaire : &gt; 1000g\/mol<\/p>\n<p>Plage de fusion : 110-130\u00b0C<\/p>\n<p>Dosage recommand\u00e9 : 0,2-2,0 phr<\/p>\n<p>&nbsp;<\/p>\n<h3>\u00c9valuation des tests de vieillissement avec diff\u00e9rents polym\u00e8res<\/h3>\n<p>Les dispersions AO sont test\u00e9es \u00e0 un dosage de 0,7 partie d\u2019AO actif sur 100 caoutchoucs secs avec un test de vieillissement effectu\u00e9 \u00e0 100\u00b0C et 140\u00b0C, avec du polym\u00e8re NBR et du polym\u00e8re XSBR.<\/p>\n<figure id=\"attachment_5961\" aria-describedby=\"caption-attachment-5961\" style=\"width: 1867px\" class=\"wp-caption alignnone\"><img loading=\"lazy\" decoding=\"async\" class=\"wp-image-5961 size-full\" src=\"https:\/\/matcochemicals.com\/wp-content\/uploads\/2024\/07\/AO3504_aging_test_1.jpeg\" alt=\"\" width=\"1867\" height=\"655\" srcset=\"https:\/\/matcochemicals.com\/wp-content\/uploads\/2024\/07\/AO3504_aging_test_1.jpeg 1867w, https:\/\/matcochemicals.com\/wp-content\/uploads\/2024\/07\/AO3504_aging_test_1-300x105.jpeg 300w, https:\/\/matcochemicals.com\/wp-content\/uploads\/2024\/07\/AO3504_aging_test_1-1024x359.jpeg 1024w, https:\/\/matcochemicals.com\/wp-content\/uploads\/2024\/07\/AO3504_aging_test_1-768x269.jpeg 768w, https:\/\/matcochemicals.com\/wp-content\/uploads\/2024\/07\/AO3504_aging_test_1-1536x539.jpeg 1536w, https:\/\/matcochemicals.com\/wp-content\/uploads\/2024\/07\/AO3504_aging_test_1-200x70.jpeg 200w, https:\/\/matcochemicals.com\/wp-content\/uploads\/2024\/07\/AO3504_aging_test_1-400x140.jpeg 400w\" sizes=\"auto, (max-width: 1867px) 100vw, 1867px\" \/><figcaption id=\"caption-attachment-5961\" class=\"wp-caption-text\">Films vulcanis\u00e9s en polym\u00e8re NBR avec Addimat AO 3504 et norme industrielle AO comme r\u00e9f\u00e9rence. Les deux vieillissent \u00e0 100\u00b0C et 140\u00b0C pendant 24 heures.<\/figcaption><\/figure>\n<p>&nbsp;<\/p>\n<figure id=\"attachment_5956\" aria-describedby=\"caption-attachment-5956\" style=\"width: 1862px\" class=\"wp-caption alignnone\"><img loading=\"lazy\" decoding=\"async\" class=\"wp-image-5956 size-full\" src=\"https:\/\/matcochemicals.com\/wp-content\/uploads\/2024\/07\/AO3504_aging_test_2.jpeg\" alt=\"\" width=\"1862\" height=\"660\" srcset=\"https:\/\/matcochemicals.com\/wp-content\/uploads\/2024\/07\/AO3504_aging_test_2.jpeg 1862w, https:\/\/matcochemicals.com\/wp-content\/uploads\/2024\/07\/AO3504_aging_test_2-300x106.jpeg 300w, https:\/\/matcochemicals.com\/wp-content\/uploads\/2024\/07\/AO3504_aging_test_2-1024x363.jpeg 1024w, https:\/\/matcochemicals.com\/wp-content\/uploads\/2024\/07\/AO3504_aging_test_2-768x272.jpeg 768w, https:\/\/matcochemicals.com\/wp-content\/uploads\/2024\/07\/AO3504_aging_test_2-1536x544.jpeg 1536w, https:\/\/matcochemicals.com\/wp-content\/uploads\/2024\/07\/AO3504_aging_test_2-200x71.jpeg 200w, https:\/\/matcochemicals.com\/wp-content\/uploads\/2024\/07\/AO3504_aging_test_2-400x142.jpeg 400w\" sizes=\"auto, (max-width: 1862px) 100vw, 1862px\" \/><figcaption id=\"caption-attachment-5956\" class=\"wp-caption-text\">Films s\u00e9ch\u00e9s en polym\u00e8re XSB avec Addimat AO 3504 et norme industrielle AO comme r\u00e9f\u00e9rence. Les deux vieillissent \u00e0 100\u00b0C et 140\u00b0C pendant 24 heures.<\/figcaption><\/figure>\n<h3>\u00c9valuation des couleurs CIELAB<\/h3>\n<p>La mesure de la couleur sur le latex NBR vulcanis\u00e9 montre des propri\u00e9t\u00e9s de vieillissement pour Addimat AO 3504 qui sont comparables \u00e0 la norme industrielle AO.<\/p>\n<p><img loading=\"lazy\" decoding=\"async\" class=\"wp-image-5966 aligncenter\" src=\"https:\/\/matcochemicals.com\/wp-content\/uploads\/2024\/07\/CIELAB_evaluation_2.jpg\" alt=\"\" width=\"776\" height=\"638\" srcset=\"https:\/\/matcochemicals.com\/wp-content\/uploads\/2024\/07\/CIELAB_evaluation_2.jpg 848w, https:\/\/matcochemicals.com\/wp-content\/uploads\/2024\/07\/CIELAB_evaluation_2-300x247.jpg 300w, https:\/\/matcochemicals.com\/wp-content\/uploads\/2024\/07\/CIELAB_evaluation_2-768x631.jpg 768w, https:\/\/matcochemicals.com\/wp-content\/uploads\/2024\/07\/CIELAB_evaluation_2-200x164.jpg 200w, https:\/\/matcochemicals.com\/wp-content\/uploads\/2024\/07\/CIELAB_evaluation_2-400x329.jpg 400w\" sizes=\"auto, (max-width: 776px) 100vw, 776px\" \/><\/p>\n<p>La mesure de la couleur sur le latex XSB s\u00e9ch\u00e9 montre des propri\u00e9t\u00e9s de vieillissement pour Addimat AO 3504 qui sont comparables \u00e0 la norme industrielle AO.<\/p>\n<p><img loading=\"lazy\" decoding=\"async\" class=\"wp-image-5971 size-full aligncenter\" src=\"https:\/\/matcochemicals.com\/wp-content\/uploads\/2024\/07\/CIELAB_evaluation.jpg\" alt=\"\" width=\"832\" height=\"632\" srcset=\"https:\/\/matcochemicals.com\/wp-content\/uploads\/2024\/07\/CIELAB_evaluation.jpg 832w, https:\/\/matcochemicals.com\/wp-content\/uploads\/2024\/07\/CIELAB_evaluation-300x228.jpg 300w, https:\/\/matcochemicals.com\/wp-content\/uploads\/2024\/07\/CIELAB_evaluation-768x583.jpg 768w, https:\/\/matcochemicals.com\/wp-content\/uploads\/2024\/07\/CIELAB_evaluation-200x152.jpg 200w, https:\/\/matcochemicals.com\/wp-content\/uploads\/2024\/07\/CIELAB_evaluation-400x304.jpg 400w\" sizes=\"auto, (max-width: 832px) 100vw, 832px\" \/><\/p>\n<p>&nbsp;<\/p>\n<p><a href=\"https:\/\/matcochemicals.com\/wp-content\/uploads\/2024\/07\/Brochure-AO-3504-Matco-Style-1.pdf\" target=\"_blank\" rel=\"noopener\">T\u00e9l\u00e9chargez la brochure Addimat AO 3504 ici.<\/a><\/p>\n","protected":false},"excerpt":{"rendered":"<p>Addimat AO 3504 est un antioxydant ph\u00e9nolique qui a la capacit\u00e9 de fonctionner par lui-m\u00eame, contrairement \u00e0 l\u2019option thio\u00e9ther. AO 3504 est un antioxydant durable, conforme \u00e0 la FDA et non dangereux sous forme aqueuse qui peut avoir des performances \u00e9gales ou sup\u00e9rieures \u00e0 celles des antioxydants conventionnels. Il s\u2019agit d\u2019un pi\u00e9geur de radicaux qui [&hellip;]<\/p>\n","protected":false},"featured_media":0,"template":"","meta":{"ocean_post_layout":"","ocean_both_sidebars_style":"","ocean_both_sidebars_content_width":0,"ocean_both_sidebars_sidebars_width":0,"ocean_sidebar":"0","ocean_second_sidebar":"0","ocean_disable_margins":"enable","ocean_add_body_class":"","ocean_shortcode_before_top_bar":"","ocean_shortcode_after_top_bar":"","ocean_shortcode_before_header":"","ocean_shortcode_after_header":"","ocean_has_shortcode":"","ocean_shortcode_after_title":"","ocean_shortcode_before_footer_widgets":"","ocean_shortcode_after_footer_widgets":"","ocean_shortcode_before_footer_bottom":"","ocean_shortcode_after_footer_bottom":"","ocean_display_top_bar":"default","ocean_display_header":"default","ocean_header_style":"","ocean_center_header_left_menu":"0","ocean_custom_header_template":"0","ocean_custom_logo":0,"ocean_custom_retina_logo":0,"ocean_custom_logo_max_width":0,"ocean_custom_logo_tablet_max_width":0,"ocean_custom_logo_mobile_max_width":0,"ocean_custom_logo_max_height":0,"ocean_custom_logo_tablet_max_height":0,"ocean_custom_logo_mobile_max_height":0,"ocean_header_custom_menu":"0","ocean_menu_typo_font_family":"0","ocean_menu_typo_font_subset":"","ocean_menu_typo_font_size":0,"ocean_menu_typo_font_size_tablet":0,"ocean_menu_typo_font_size_mobile":0,"ocean_menu_typo_font_size_unit":"px","ocean_menu_typo_font_weight":"","ocean_menu_typo_font_weight_tablet":"","ocean_menu_typo_font_weight_mobile":"","ocean_menu_typo_transform":"","ocean_menu_typo_transform_tablet":"","ocean_menu_typo_transform_mobile":"","ocean_menu_typo_line_height":0,"ocean_menu_typo_line_height_tablet":0,"ocean_menu_typo_line_height_mobile":0,"ocean_menu_typo_line_height_unit":"","ocean_menu_typo_spacing":0,"ocean_menu_typo_spacing_tablet":0,"ocean_menu_typo_spacing_mobile":0,"ocean_menu_typo_spacing_unit":"","ocean_menu_link_color":"","ocean_menu_link_color_hover":"","ocean_menu_link_color_active":"","ocean_menu_link_background":"","ocean_menu_link_hover_background":"","ocean_menu_link_active_background":"","ocean_menu_social_links_bg":"","ocean_menu_social_hover_links_bg":"","ocean_menu_social_links_color":"","ocean_menu_social_hover_links_color":"","ocean_disable_title":"default","ocean_disable_heading":"default","ocean_post_title":"","ocean_post_subheading":"","ocean_post_title_style":"","ocean_post_title_background_color":"","ocean_post_title_background":0,"ocean_post_title_bg_image_position":"","ocean_post_title_bg_image_attachment":"","ocean_post_title_bg_image_repeat":"","ocean_post_title_bg_image_size":"","ocean_post_title_height":0,"ocean_post_title_bg_overlay":0.5,"ocean_post_title_bg_overlay_color":"","ocean_disable_breadcrumbs":"default","ocean_breadcrumbs_color":"","ocean_breadcrumbs_separator_color":"","ocean_breadcrumbs_links_color":"","ocean_breadcrumbs_links_hover_color":"","ocean_display_footer_widgets":"default","ocean_display_footer_bottom":"default","ocean_custom_footer_template":"0"},"product_brand":[],"product_cat":[85],"product_tag":[],"class_list":{"0":"post-4147","1":"product","2":"type-product","3":"status-publish","5":"product_cat-antioxydant","7":"entry","9":"first","10":"instock","11":"shipping-taxable","12":"product-type-simple","13":"col","14":"span_1_of_3","15":"owp-content-center","16":"owp-thumbs-layout-horizontal","17":"owp-btn-normal","18":"owp-tabs-layout-section","19":"has-no-thumbnails"},"_links":{"self":[{"href":"https:\/\/matcochemicals.com\/fr\/wp-json\/wp\/v2\/product\/4147","targetHints":{"allow":["GET"]}}],"collection":[{"href":"https:\/\/matcochemicals.com\/fr\/wp-json\/wp\/v2\/product"}],"about":[{"href":"https:\/\/matcochemicals.com\/fr\/wp-json\/wp\/v2\/types\/product"}],"wp:attachment":[{"href":"https:\/\/matcochemicals.com\/fr\/wp-json\/wp\/v2\/media?parent=4147"}],"wp:term":[{"taxonomy":"product_brand","embeddable":true,"href":"https:\/\/matcochemicals.com\/fr\/wp-json\/wp\/v2\/product_brand?post=4147"},{"taxonomy":"product_cat","embeddable":true,"href":"https:\/\/matcochemicals.com\/fr\/wp-json\/wp\/v2\/product_cat?post=4147"},{"taxonomy":"product_tag","embeddable":true,"href":"https:\/\/matcochemicals.com\/fr\/wp-json\/wp\/v2\/product_tag?post=4147"}],"curies":[{"name":"wp","href":"https:\/\/api.w.org\/{rel}","templated":true}]}}