{"id":4114,"date":"2024-06-30T08:12:56","date_gmt":"2024-06-30T08:12:56","guid":{"rendered":"https:\/\/matcochemicals.com\/products\/synthomere-6330\/"},"modified":"2024-09-06T14:19:56","modified_gmt":"2024-09-06T14:19:56","slug":"synthomere-6330","status":"publish","type":"product","link":"https:\/\/matcochemicals.com\/fr\/product\/synthomere-6330\/","title":{"rendered":"Synthom\u00e8re 6330"},"content":{"rendered":"<p>Le SYNTHOMER 6330 est une dispersion aqueuse et collo\u00efdale d&rsquo;un copolym\u00e8re butadi\u00e8ne-acrylonitrile carboxyl\u00e9 \u00e0 teneur moyenne en acrylonitrile.<br \/>\nLa dispersion contient un syst\u00e8me \u00e9mulsifiant et est stabilis\u00e9e par un antioxydant.<br \/>\nApplications :    <a href=\"https:\/\/matcochemicals.com\/nbr-glove-dipping\/\"><a href=\"https:\/\/matcochemicals.com\/nbr-glove-dipping\/\">Trempage de gants NBR<\/a><\/a><\/p>\n<h3>Conseils de candidature<\/h3>\n<p>  SYNTHOMER 6330 est un produit \u00e0 odeur r\u00e9duite, recommand\u00e9 pour produire des barri\u00e8res de film mince de faible \u00e9paisseur avec une bonne r\u00e9sistance \u00e0 la traction et un excellent allongement \u00e0 la rupture.<br \/>\nLe produit se caract\u00e9rise par une g\u00e9lification plus rapide du film pour une meilleure adaptation \u00e0 la production d&rsquo;articles de faible \u00e9paisseur avec une bonne formation de film en utilisant un processus de trempage de coagulant typique.<br \/>\nNotre \u00e9quipe de service technique se fera un plaisir de vous fournir une formulation type \u00e0 titre indicatif et de vous aider si n\u00e9cessaire.<br \/>\nLe SYNTHOMER 6330 est facile \u00e0 m\u00e9langer et ne n\u00e9cessite pas d&rsquo;exigences particuli\u00e8res lors du m\u00e9lange, car le mat\u00e9riau offre une bonne stabilisation.<br \/>\nIl s&rsquo;adapte facilement \u00e0 la plupart des proc\u00e9d\u00e9s de fabrication et offre un rendement \u00e9lev\u00e9.      <\/p>\n<h3>Exp\u00e9dition et stockage<\/h3>\n<p>  Le SYNTHOMER 6330 est livr\u00e9 dans des camions-citernes ou dans des f\u00fbts en plastique non consign\u00e9s fix\u00e9s par un couvercle avec anneau de serrage ou dans des conteneurs en vrac palettis\u00e9s non consign\u00e9s.<br \/>\nStockez le produit \u00e0 une temp\u00e9rature homog\u00e8ne comprise entre + 5\u00b0C et + 35\u00b0C, en \u00e9vitant le gel et la lumi\u00e8re directe du soleil.<br \/>\nVeillez \u00e0 ce que les f\u00fbts et les conteneurs de stockage soient bien ferm\u00e9s.<br \/>\nPendant le traitement, le stockage et le transport du produit, tout contact avec des m\u00e9taux non prot\u00e9g\u00e9s contre la corrosion (y compris les m\u00e9taux non ferreux) doit \u00eatre \u00e9vit\u00e9.<br \/>\nSi le latex est stock\u00e9 conform\u00e9ment \u00e0 ces conditions, dans des conteneurs appropri\u00e9s ou en vrac, avec une gestion ad\u00e9quate de l&rsquo;hygi\u00e8ne, Synthomer est en mesure de confirmer qu&rsquo;il est stable pendant 6 mois \u00e0 compter de la date de production.      <\/p>\n<h3>S\u00e9curit\u00e9 des produits<\/h3>\n<p>  Veuillez consulter la fiche de donn\u00e9es de s\u00e9curit\u00e9 pour obtenir des informations sur la s\u00e9curit\u00e9 et l&rsquo;environnement.<br \/>\nLe SYNTHOMER 6330 n&rsquo;est pas class\u00e9 comme dangereux selon le r\u00e8glement CLP (CE) n\u00b0 1272\/2008. <\/p>\n","protected":false},"excerpt":{"rendered":"<p>Le SYNTHOMER 6330 est une dispersion aqueuse et collo\u00efdale d&rsquo;un copolym\u00e8re butadi\u00e8ne-acrylonitrile carboxyl\u00e9 \u00e0 teneur moyenne en acrylonitrile. La dispersion contient un syst\u00e8me \u00e9mulsifiant et est stabilis\u00e9e par un antioxydant. Applications : Trempage de gants NBR Conseils de candidature SYNTHOMER 6330 est un produit \u00e0 odeur r\u00e9duite, recommand\u00e9 pour produire des barri\u00e8res de film mince [&hellip;]<\/p>\n","protected":false},"featured_media":0,"template":"","meta":{"ocean_post_layout":"","ocean_both_sidebars_style":"","ocean_both_sidebars_content_width":0,"ocean_both_sidebars_sidebars_width":0,"ocean_sidebar":"0","ocean_second_sidebar":"0","ocean_disable_margins":"enable","ocean_add_body_class":"","ocean_shortcode_before_top_bar":"","ocean_shortcode_after_top_bar":"","ocean_shortcode_before_header":"","ocean_shortcode_after_header":"","ocean_has_shortcode":"","ocean_shortcode_after_title":"","ocean_shortcode_before_footer_widgets":"","ocean_shortcode_after_footer_widgets":"","ocean_shortcode_before_footer_bottom":"","ocean_shortcode_after_footer_bottom":"","ocean_display_top_bar":"default","ocean_display_header":"default","ocean_header_style":"","ocean_center_header_left_menu":"0","ocean_custom_header_template":"0","ocean_custom_logo":0,"ocean_custom_retina_logo":0,"ocean_custom_logo_max_width":0,"ocean_custom_logo_tablet_max_width":0,"ocean_custom_logo_mobile_max_width":0,"ocean_custom_logo_max_height":0,"ocean_custom_logo_tablet_max_height":0,"ocean_custom_logo_mobile_max_height":0,"ocean_header_custom_menu":"0","ocean_menu_typo_font_family":"0","ocean_menu_typo_font_subset":"","ocean_menu_typo_font_size":0,"ocean_menu_typo_font_size_tablet":0,"ocean_menu_typo_font_size_mobile":0,"ocean_menu_typo_font_size_unit":"px","ocean_menu_typo_font_weight":"","ocean_menu_typo_font_weight_tablet":"","ocean_menu_typo_font_weight_mobile":"","ocean_menu_typo_transform":"","ocean_menu_typo_transform_tablet":"","ocean_menu_typo_transform_mobile":"","ocean_menu_typo_line_height":0,"ocean_menu_typo_line_height_tablet":0,"ocean_menu_typo_line_height_mobile":0,"ocean_menu_typo_line_height_unit":"","ocean_menu_typo_spacing":0,"ocean_menu_typo_spacing_tablet":0,"ocean_menu_typo_spacing_mobile":0,"ocean_menu_typo_spacing_unit":"","ocean_menu_link_color":"","ocean_menu_link_color_hover":"","ocean_menu_link_color_active":"","ocean_menu_link_background":"","ocean_menu_link_hover_background":"","ocean_menu_link_active_background":"","ocean_menu_social_links_bg":"","ocean_menu_social_hover_links_bg":"","ocean_menu_social_links_color":"","ocean_menu_social_hover_links_color":"","ocean_disable_title":"default","ocean_disable_heading":"default","ocean_post_title":"","ocean_post_subheading":"","ocean_post_title_style":"","ocean_post_title_background_color":"","ocean_post_title_background":0,"ocean_post_title_bg_image_position":"","ocean_post_title_bg_image_attachment":"","ocean_post_title_bg_image_repeat":"","ocean_post_title_bg_image_size":"","ocean_post_title_height":0,"ocean_post_title_bg_overlay":0.5,"ocean_post_title_bg_overlay_color":"","ocean_disable_breadcrumbs":"default","ocean_breadcrumbs_color":"","ocean_breadcrumbs_separator_color":"","ocean_breadcrumbs_links_color":"","ocean_breadcrumbs_links_hover_color":"","ocean_display_footer_widgets":"default","ocean_display_footer_bottom":"default","ocean_custom_footer_template":"0"},"product_brand":[],"product_cat":[80],"product_tag":[],"class_list":{"0":"post-4114","1":"product","2":"type-product","3":"status-publish","5":"product_cat-sans-categorie","7":"entry","9":"first","10":"instock","11":"shipping-taxable","12":"product-type-simple","13":"col","14":"span_1_of_3","15":"owp-content-center","16":"owp-thumbs-layout-horizontal","17":"owp-btn-normal","18":"owp-tabs-layout-section","19":"has-no-thumbnails"},"_links":{"self":[{"href":"https:\/\/matcochemicals.com\/fr\/wp-json\/wp\/v2\/product\/4114","targetHints":{"allow":["GET"]}}],"collection":[{"href":"https:\/\/matcochemicals.com\/fr\/wp-json\/wp\/v2\/product"}],"about":[{"href":"https:\/\/matcochemicals.com\/fr\/wp-json\/wp\/v2\/types\/product"}],"wp:attachment":[{"href":"https:\/\/matcochemicals.com\/fr\/wp-json\/wp\/v2\/media?parent=4114"}],"wp:term":[{"taxonomy":"product_brand","embeddable":true,"href":"https:\/\/matcochemicals.com\/fr\/wp-json\/wp\/v2\/product_brand?post=4114"},{"taxonomy":"product_cat","embeddable":true,"href":"https:\/\/matcochemicals.com\/fr\/wp-json\/wp\/v2\/product_cat?post=4114"},{"taxonomy":"product_tag","embeddable":true,"href":"https:\/\/matcochemicals.com\/fr\/wp-json\/wp\/v2\/product_tag?post=4114"}],"curies":[{"name":"wp","href":"https:\/\/api.w.org\/{rel}","templated":true}]}}