{"id":1904,"date":"2023-12-03T09:20:14","date_gmt":"2023-12-03T09:20:14","guid":{"rendered":"https:\/\/matcochemicals.com\/products\/triacetine\/"},"modified":"2024-09-06T14:19:18","modified_gmt":"2024-09-06T14:19:18","slug":"triacetine","status":"publish","type":"product","link":"https:\/\/matcochemicals.com\/fr\/product\/triacetine\/","title":{"rendered":"Triac\u00e9tine"},"content":{"rendered":"<div class=\"group w-full text-token-text-primary border-b border-black\/10 dark:border-gray-900\/50 bg-gray-50 dark:bg-[#444654]\" data-testid=\"conversation-turn-35\">\n<div class=\"flex p-4 gap-4 text-base md:gap-6 md:max-w-2xl lg:max-w-[38rem] xl:max-w-3xl md:py-6 lg:px-0 m-auto\">\n<div class=\"relative flex w-[calc(100%-50px)] flex-col gap-1 md:gap-3 lg:w-[calc(100%-115px)]\">\n<div class=\"flex flex-grow flex-col gap-3 max-w-full\">\n<div class=\"min-h-[20px] flex flex-col items-start gap-3 overflow-x-auto whitespace-pre-wrap break-words\">\n<div class=\"markdown prose w-full break-words dark:prose-invert light\">\n<h3><strong>Qu&rsquo;est-ce que la triac\u00e9tine ?<\/strong><\/h3>\n<p>  La triac\u00e9tine, \u00e9galement connue sous le nom de triac\u00e9tate de glyc\u00e9ryle ou triac\u00e9tate de glyc\u00e9rine, est un compos\u00e9 chimique d\u00e9riv\u00e9 du glyc\u00e9rol et de l&rsquo;acide ac\u00e9tique. Il s&rsquo;agit d&rsquo;un liquide clair, incolore et inodore qui est tr\u00e8s polyvalent et qui a un large \u00e9ventail d&rsquo;applications dans diverses industries. La triac\u00e9tine est appr\u00e9ci\u00e9e pour sa capacit\u00e9 \u00e0 agir comme plastifiant, solvant et support dans de nombreux produits.  <\/p>\n<h3><strong>Applications de la triac\u00e9tine<\/strong><\/h3>\n<ol>\n<li><strong>Produits pharmaceutiques<\/strong>: La triac\u00e9tine est couramment utilis\u00e9e dans l&rsquo;industrie pharmaceutique comme plastifiant dans les enrobages de comprim\u00e9s, permettant la cr\u00e9ation d&rsquo;enrobages lisses et uniformes qui rendent les comprim\u00e9s plus faciles \u00e0 avaler. Il est \u00e9galement utilis\u00e9 comme solvant dans la formulation de certains m\u00e9dicaments.<\/li>\n<li><strong>Aliments et boissons<\/strong>: Dans l&rsquo;industrie alimentaire, la triac\u00e9tine est un additif alimentaire (E1518) utilis\u00e9 pour am\u00e9liorer la texture et la sensation en bouche de divers produits, tels que les cr\u00e8mes glac\u00e9es, les bonbons et les produits de boulangerie. Il aide \u00e0 pr\u00e9venir la cristallisation et \u00e0 maintenir la consistance du produit.<\/li>\n<li><strong>Tabac<\/strong>: La triac\u00e9tine est un ingr\u00e9dient essentiel dans la production de produits du tabac. Il est utilis\u00e9 pour humidifier et aromatiser le tabac, ce qui le rend plus savoureux et am\u00e9liore l&rsquo;exp\u00e9rience globale du fumeur.<\/li>\n<li><strong>Cosm\u00e9tiques et soins personnels<\/strong>: La triac\u00e9tine est pr\u00e9sente dans les cosm\u00e9tiques et les produits de soins personnels tels que les parfums, les lotions et les d\u00e9odorants. Il sert de solvant pour les huiles de parfum et d&rsquo;agent hydratant.<\/li>\n<li><strong>Applications industrielles<\/strong>: La triac\u00e9tine est utilis\u00e9e dans diverses applications industrielles, notamment comme plastifiant dans la fabrication des plastiques, comme liquide de refroidissement dans les processus de travail des m\u00e9taux et comme solvant porteur pour les teintures et les encres.<\/li>\n<\/ol>\n<h3><strong>Triac\u00e9tine : Avantages<\/strong><\/h3>\n<p>  L&rsquo;utilit\u00e9 de la triac\u00e9tine peut \u00eatre attribu\u00e9e \u00e0 plusieurs avantages cl\u00e9s :  <\/p>\n<ol>\n<li><strong>Propri\u00e9t\u00e9s plastifiantes<\/strong>: Les propri\u00e9t\u00e9s plastifiantes de la triac\u00e9tine lui permettent d&rsquo;am\u00e9liorer la souplesse et la maniabilit\u00e9 des mat\u00e9riaux dans des secteurs tels que les produits pharmaceutiques et la fabrication de mati\u00e8res plastiques.<\/li>\n<li><strong>Capacit\u00e9 de solvant<\/strong>: La triac\u00e9tine est un solvant efficace pour une large gamme de substances, ce qui la rend adapt\u00e9e \u00e0 diverses formulations et applications.<\/li>\n<li><strong>Polyvalence<\/strong>: Sa polyvalence dans de nombreux secteurs met en \u00e9vidence son adaptabilit\u00e9 \u00e0 divers processus de production et types de produits.<\/li>\n<\/ol>\n<h3><strong>Comment la triac\u00e9tine est-elle fabriqu\u00e9e ?<\/strong><\/h3>\n<p>  La production de triac\u00e9tine implique plusieurs processus chimiques :  <\/p>\n<ol>\n<li><strong>Est\u00e9rification<\/strong>: Le glyc\u00e9rol (\u00e9galement appel\u00e9 glyc\u00e9rine) et l&rsquo;acide ac\u00e9tique sont combin\u00e9s dans une r\u00e9action appel\u00e9e est\u00e9rification. Cette r\u00e9action forme la triac\u00e9tine en rempla\u00e7ant les groupes hydroxyles (-OH) du glyc\u00e9rol par les groupes ac\u00e9tyles (-COCH3) de l&rsquo;acide ac\u00e9tique.<\/li>\n<li><strong>Purification<\/strong>: Le m\u00e9lange obtenu est purifi\u00e9 pour \u00e9liminer les impuret\u00e9s, les mati\u00e8res premi\u00e8res n&rsquo;ayant pas r\u00e9agi et les sous-produits.<\/li>\n<li><strong>Distillation<\/strong>: La triac\u00e9tine purifi\u00e9e est ensuite distill\u00e9e pour la s\u00e9parer de l&rsquo;acide ac\u00e9tique restant et d&rsquo;autres compos\u00e9s volatils.<\/li>\n<li><strong>Contr\u00f4le de la qualit\u00e9<\/strong>: Le produit final est soumis \u00e0 des mesures de contr\u00f4le de la qualit\u00e9 afin de s&rsquo;assurer qu&rsquo;il r\u00e9pond aux normes industrielles en mati\u00e8re de puret\u00e9 et de composition.<\/li>\n<\/ol>\n<p>  En conclusion, la triac\u00e9tine est un compos\u00e9 chimique polyvalent utilis\u00e9 dans les produits pharmaceutiques, les aliments et les boissons, le tabac, les cosm\u00e9tiques et diverses applications industrielles. Ses propri\u00e9t\u00e9s plastifiantes, sa solvabilit\u00e9 et sa polyvalence en font un ingr\u00e9dient essentiel dans de nombreux produits et processus, dont il am\u00e9liore les performances et la qualit\u00e9. La compr\u00e9hension des avantages et du processus de production de la triac\u00e9tine met en \u00e9vidence son importance dans la fabrication moderne et les produits de tous les jours.  <\/p><\/div>\n<\/div>\n<\/div>\n<div class=\"flex justify-between lg:block\">\n<div class=\"text-gray-400 flex self-end lg:self-center justify-center mt-2 gap-2 md:gap-3 lg:gap-1 lg:absolute lg:top-0 lg:translate-x-full lg:right-0 lg:mt-0 lg:pl-2 visible\">\n<p>&nbsp;<\/p>\n<div class=\"flex gap-1\"><\/div>\n<\/div>\n<\/div>\n<\/div>\n<\/div>\n<\/div>\n","protected":false},"excerpt":{"rendered":"<p>Qu&rsquo;est-ce que la triac\u00e9tine ? La triac\u00e9tine, \u00e9galement connue sous le nom de triac\u00e9tate de glyc\u00e9ryle ou triac\u00e9tate de glyc\u00e9rine, est un compos\u00e9 chimique d\u00e9riv\u00e9 du glyc\u00e9rol et de l&rsquo;acide ac\u00e9tique. Il s&rsquo;agit d&rsquo;un liquide clair, incolore et inodore qui est tr\u00e8s polyvalent et qui a un large \u00e9ventail d&rsquo;applications dans diverses industries. La triac\u00e9tine [&hellip;]<\/p>\n","protected":false},"featured_media":829,"template":"","meta":{"ocean_post_layout":"","ocean_both_sidebars_style":"","ocean_both_sidebars_content_width":0,"ocean_both_sidebars_sidebars_width":0,"ocean_sidebar":"0","ocean_second_sidebar":"0","ocean_disable_margins":"enable","ocean_add_body_class":"","ocean_shortcode_before_top_bar":"","ocean_shortcode_after_top_bar":"","ocean_shortcode_before_header":"","ocean_shortcode_after_header":"","ocean_has_shortcode":"","ocean_shortcode_after_title":"","ocean_shortcode_before_footer_widgets":"","ocean_shortcode_after_footer_widgets":"","ocean_shortcode_before_footer_bottom":"","ocean_shortcode_after_footer_bottom":"","ocean_display_top_bar":"default","ocean_display_header":"default","ocean_header_style":"","ocean_center_header_left_menu":"0","ocean_custom_header_template":"0","ocean_custom_logo":0,"ocean_custom_retina_logo":0,"ocean_custom_logo_max_width":0,"ocean_custom_logo_tablet_max_width":0,"ocean_custom_logo_mobile_max_width":0,"ocean_custom_logo_max_height":0,"ocean_custom_logo_tablet_max_height":0,"ocean_custom_logo_mobile_max_height":0,"ocean_header_custom_menu":"0","ocean_menu_typo_font_family":"0","ocean_menu_typo_font_subset":"","ocean_menu_typo_font_size":0,"ocean_menu_typo_font_size_tablet":0,"ocean_menu_typo_font_size_mobile":0,"ocean_menu_typo_font_size_unit":"px","ocean_menu_typo_font_weight":"","ocean_menu_typo_font_weight_tablet":"","ocean_menu_typo_font_weight_mobile":"","ocean_menu_typo_transform":"","ocean_menu_typo_transform_tablet":"","ocean_menu_typo_transform_mobile":"","ocean_menu_typo_line_height":0,"ocean_menu_typo_line_height_tablet":0,"ocean_menu_typo_line_height_mobile":0,"ocean_menu_typo_line_height_unit":"","ocean_menu_typo_spacing":0,"ocean_menu_typo_spacing_tablet":0,"ocean_menu_typo_spacing_mobile":0,"ocean_menu_typo_spacing_unit":"","ocean_menu_link_color":"","ocean_menu_link_color_hover":"","ocean_menu_link_color_active":"","ocean_menu_link_background":"","ocean_menu_link_hover_background":"","ocean_menu_link_active_background":"","ocean_menu_social_links_bg":"","ocean_menu_social_hover_links_bg":"","ocean_menu_social_links_color":"","ocean_menu_social_hover_links_color":"","ocean_disable_title":"default","ocean_disable_heading":"default","ocean_post_title":"","ocean_post_subheading":"","ocean_post_title_style":"","ocean_post_title_background_color":"","ocean_post_title_background":0,"ocean_post_title_bg_image_position":"","ocean_post_title_bg_image_attachment":"","ocean_post_title_bg_image_repeat":"","ocean_post_title_bg_image_size":"","ocean_post_title_height":0,"ocean_post_title_bg_overlay":0.5,"ocean_post_title_bg_overlay_color":"","ocean_disable_breadcrumbs":"default","ocean_breadcrumbs_color":"","ocean_breadcrumbs_separator_color":"","ocean_breadcrumbs_links_color":"","ocean_breadcrumbs_links_hover_color":"","ocean_display_footer_widgets":"default","ocean_display_footer_bottom":"default","ocean_custom_footer_template":"0"},"product_brand":[],"product_cat":[62,65,55],"product_tag":[],"class_list":{"0":"post-1904","1":"product","2":"type-product","3":"status-publish","4":"has-post-thumbnail","6":"product_cat-adhesifs-et-revetements","7":"product_cat-agents-adoucissants","8":"product_cat-detergents-fr","10":"entry","11":"has-media","13":"first","14":"instock","15":"shipping-taxable","16":"product-type-simple","17":"col","18":"span_1_of_3","19":"owp-content-center","20":"owp-thumbs-layout-horizontal","21":"owp-btn-normal","22":"owp-tabs-layout-section","23":"has-no-thumbnails"},"_links":{"self":[{"href":"https:\/\/matcochemicals.com\/fr\/wp-json\/wp\/v2\/product\/1904","targetHints":{"allow":["GET"]}}],"collection":[{"href":"https:\/\/matcochemicals.com\/fr\/wp-json\/wp\/v2\/product"}],"about":[{"href":"https:\/\/matcochemicals.com\/fr\/wp-json\/wp\/v2\/types\/product"}],"wp:featuredmedia":[{"embeddable":true,"href":"https:\/\/matcochemicals.com\/fr\/wp-json\/wp\/v2\/media\/829"}],"wp:attachment":[{"href":"https:\/\/matcochemicals.com\/fr\/wp-json\/wp\/v2\/media?parent=1904"}],"wp:term":[{"taxonomy":"product_brand","embeddable":true,"href":"https:\/\/matcochemicals.com\/fr\/wp-json\/wp\/v2\/product_brand?post=1904"},{"taxonomy":"product_cat","embeddable":true,"href":"https:\/\/matcochemicals.com\/fr\/wp-json\/wp\/v2\/product_cat?post=1904"},{"taxonomy":"product_tag","embeddable":true,"href":"https:\/\/matcochemicals.com\/fr\/wp-json\/wp\/v2\/product_tag?post=1904"}],"curies":[{"name":"wp","href":"https:\/\/api.w.org\/{rel}","templated":true}]}}