{"id":1902,"date":"2023-12-19T11:00:05","date_gmt":"2023-12-19T11:00:05","guid":{"rendered":"https:\/\/matcochemicals.com\/products\/atmp-50-acide-aquacid-105-ex\/"},"modified":"2025-04-29T18:16:44","modified_gmt":"2025-04-29T18:16:44","slug":"atmp-50-acide-aquacid-105-ex","status":"publish","type":"product","link":"https:\/\/matcochemicals.com\/fr\/product\/atmp-50-acide-aquacid-105-ex\/","title":{"rendered":"ATMP 50% acide = Aquacid 108 EX"},"content":{"rendered":"<h3><strong>Qu&rsquo;est-ce que ATMP Aquacid 108 EX ?<\/strong><\/h3>\n<p>ATMP Aquacid 108 EX, \u00e9galement connu sous le nom d&rsquo;acide aminotrim\u00e9thyl\u00e8ne phosphonique, est un organophosphonate sp\u00e9cialis\u00e9 qui poss\u00e8de des capacit\u00e9s exceptionnelles de s\u00e9questration des ions m\u00e9talliques, \u00e0 la fois \u00e0 des concentrations st\u0153chiom\u00e9triques et sous-st\u0153chiom\u00e9triques. Ce compos\u00e9 polyvalent poss\u00e8de la capacit\u00e9 unique de d\u00e9floculer et de disperser les particules solides, associ\u00e9e \u00e0 une stabilit\u00e9 hydrolytique impressionnante. Ces qualit\u00e9s font d&rsquo;ATMP Aquacid 108 EX un antitartre inestimable, en particulier dans les applications n\u00e9cessitant un contr\u00f4le pr\u00e9cis des ions m\u00e9talliques.  <\/p>\n<h3><strong>Applications d&rsquo;ATMP Aquacid 108 EX<\/strong><\/h3>\n<ol>\n<li><strong>Traitement des eaux<\/strong> industrielles : ATMP Aquacid 108 EX joue un r\u00f4le crucial dans la formulation de divers produits chimiques utilis\u00e9s pour le traitement des eaux industrielles. Son efficacit\u00e9 en tant qu&rsquo;inhibiteur de tartre et agent complexant le rend indispensable au maintien de la qualit\u00e9 de l&rsquo;eau et de l&rsquo;efficacit\u00e9 des \u00e9quipements. <\/li>\n<li><strong>P\u00e9trole<\/strong>: Dans l&rsquo;industrie du p\u00e9trole et du gaz, ATMP Aquacid 108 EX est utilis\u00e9 pour pr\u00e9venir les probl\u00e8mes d&rsquo;entartrage dans les puits et les \u00e9quipements de production. Il contribue \u00e0 pr\u00e9server l&rsquo;int\u00e9grit\u00e9 des \u00e9quipements et \u00e0 maintenir la productivit\u00e9. <\/li>\n<li><strong>Nettoyants industriels<\/strong>: ATMP Aquacid 108 EX trouve sa place dans les formulations de nettoyage industriel, o\u00f9 ses propri\u00e9t\u00e9s d&rsquo;inhibition du tartre contribuent \u00e0 l&rsquo;efficacit\u00e9 des processus de nettoyage.<\/li>\n<li><strong>Papier et p\u00e2te \u00e0 papier<\/strong>: Ce compos\u00e9 est un \u00e9l\u00e9ment essentiel de l&rsquo;industrie du papier et de la p\u00e2te \u00e0 papier. Il aide \u00e0 contr\u00f4ler la formation de tartre et assure un fonctionnement sans heurts. <\/li>\n<li><strong>Industrie textile<\/strong>: ATMP Aquacid 108 EX sert d&rsquo;agent ch\u00e9lateur dans l&rsquo;industrie textile, o\u00f9 il contribue \u00e0 divers processus chimiques.<\/li>\n<li><strong>Traitement des m\u00e9taux et galvanoplastie<\/strong>: Il est appliqu\u00e9 pour pr\u00e9venir l&rsquo;accumulation de tartre et contr\u00f4ler les concentrations d&rsquo;ions m\u00e9talliques dans les processus de traitement des m\u00e9taux et de galvanoplastie.<\/li>\n<li><strong>Encres et produits chimiques de construction<\/strong>: ATMP Aquacid 108 EX joue un r\u00f4le dans la pr\u00e9vention de la formation de tartre et le maintien de la qualit\u00e9 de l&rsquo;eau dans les encres et les formulations de produits chimiques de construction.<\/li>\n<\/ol>\n<h3><strong>ATMP Aquacid 108 EX : Avantages<\/strong><\/h3>\n<p>Les propri\u00e9t\u00e9s uniques de l&rsquo;ATMP Aquacid 108 EX offrent de nombreux avantages dans toutes les industries :<\/p>\n<ol>\n<li><strong>Inhibition du tar<\/strong>tre : ATMP Aquacid 108 EX excelle dans la pr\u00e9vention de la formation de tartre dans les syst\u00e8mes d&rsquo;eau, assurant ainsi l&rsquo;efficacit\u00e9 et la long\u00e9vit\u00e9 des \u00e9quipements.<\/li>\n<li><strong>Capacit\u00e9 de ch\u00e9lation<\/strong>: Son exceptionnelle capacit\u00e9 de ch\u00e9lation en fait un agent complexant efficace, essentiel pour un contr\u00f4le pr\u00e9cis des ions m\u00e9talliques.<\/li>\n<li><strong>Inhibition de<\/strong> la corrosion : ATMP Aquacid 108 EX pr\u00e9sente de bonnes propri\u00e9t\u00e9s d&rsquo;inhibition de la corrosion, en particulier en pr\u00e9sence de zinc et d&rsquo;autres phosphates.<\/li>\n<li><strong>Polyvalence<\/strong>: Il trouve des applications dans un large \u00e9ventail d&rsquo;industries, ce qui atteste de sa capacit\u00e9 d&rsquo;adaptation.<\/li>\n<\/ol>\n<h3><strong>Comment ATMP Aquacid 108 EX est-il fabriqu\u00e9 ?<\/strong><\/h3>\n<p>Le processus de production de l&rsquo;ATMP Aquacid 108 EX comporte plusieurs \u00e9tapes :<\/p>\n<ol>\n<li><strong>Mati\u00e8res premi\u00e8res<\/strong>: Les mati\u00e8res premi\u00e8res primaires pour la production d&rsquo;ATMP Aquacid 108 EX comprennent l&rsquo;acide phosphoreux et d&rsquo;autres produits chimiques essentiels.<\/li>\n<li><strong>Synth\u00e8se<\/strong>: Par le biais de r\u00e9actions chimiques, ces mati\u00e8res premi\u00e8res sont combin\u00e9es pour produire ATMP Aquacid 108 EX.<\/li>\n<li><strong>Purification<\/strong>: Le m\u00e9lange obtenu est soumis \u00e0 des processus de purification pour \u00e9liminer les impuret\u00e9s et les sous-produits ind\u00e9sirables.<\/li>\n<li><strong>Formulation<\/strong>: L&rsquo;ATMP Aquacid 108 EX purifi\u00e9 est ensuite formul\u00e9 sous une forme liquide adapt\u00e9e \u00e0 diverses applications industrielles.<\/li>\n<\/ol>\n<p>En conclusion, ATMP Aquacid 108 EX est un compos\u00e9 polyvalent et indispensable, qui joue un r\u00f4le vital dans des industries telles que le traitement de l&rsquo;eau, le p\u00e9trole et le gaz, le nettoyage, le papier et la p\u00e2te \u00e0 papier, les textiles, le traitement des m\u00e9taux, la galvanoplastie, les encres et les produits chimiques pour la construction. Ses propri\u00e9t\u00e9s uniques en font un inhibiteur de tartre, un agent complexant et un inhibiteur de corrosion efficace. La compr\u00e9hension de ses avantages et de son processus de production souligne son importance pour garantir l&rsquo;efficacit\u00e9 et la fiabilit\u00e9 des processus et des \u00e9quipements industriels.  <\/p>\n","protected":false},"excerpt":{"rendered":"<p>Qu&rsquo;est-ce que ATMP Aquacid 108 EX ? ATMP Aquacid 108 EX, \u00e9galement connu sous le nom d&rsquo;acide aminotrim\u00e9thyl\u00e8ne phosphonique, est un organophosphonate sp\u00e9cialis\u00e9 qui poss\u00e8de des capacit\u00e9s exceptionnelles de s\u00e9questration des ions m\u00e9talliques, \u00e0 la fois \u00e0 des concentrations st\u0153chiom\u00e9triques et sous-st\u0153chiom\u00e9triques. Ce compos\u00e9 polyvalent poss\u00e8de la capacit\u00e9 unique de d\u00e9floculer et de disperser les [&hellip;]<\/p>\n","protected":false},"featured_media":0,"template":"","meta":{"ocean_post_layout":"","ocean_both_sidebars_style":"","ocean_both_sidebars_content_width":0,"ocean_both_sidebars_sidebars_width":0,"ocean_sidebar":"","ocean_second_sidebar":"","ocean_disable_margins":"enable","ocean_add_body_class":"","ocean_shortcode_before_top_bar":"","ocean_shortcode_after_top_bar":"","ocean_shortcode_before_header":"","ocean_shortcode_after_header":"","ocean_has_shortcode":"","ocean_shortcode_after_title":"","ocean_shortcode_before_footer_widgets":"","ocean_shortcode_after_footer_widgets":"","ocean_shortcode_before_footer_bottom":"","ocean_shortcode_after_footer_bottom":"","ocean_display_top_bar":"default","ocean_display_header":"default","ocean_header_style":"","ocean_center_header_left_menu":"","ocean_custom_header_template":"","ocean_custom_logo":0,"ocean_custom_retina_logo":0,"ocean_custom_logo_max_width":0,"ocean_custom_logo_tablet_max_width":0,"ocean_custom_logo_mobile_max_width":0,"ocean_custom_logo_max_height":0,"ocean_custom_logo_tablet_max_height":0,"ocean_custom_logo_mobile_max_height":0,"ocean_header_custom_menu":"","ocean_menu_typo_font_family":"","ocean_menu_typo_font_subset":"","ocean_menu_typo_font_size":0,"ocean_menu_typo_font_size_tablet":0,"ocean_menu_typo_font_size_mobile":0,"ocean_menu_typo_font_size_unit":"px","ocean_menu_typo_font_weight":"","ocean_menu_typo_font_weight_tablet":"","ocean_menu_typo_font_weight_mobile":"","ocean_menu_typo_transform":"","ocean_menu_typo_transform_tablet":"","ocean_menu_typo_transform_mobile":"","ocean_menu_typo_line_height":0,"ocean_menu_typo_line_height_tablet":0,"ocean_menu_typo_line_height_mobile":0,"ocean_menu_typo_line_height_unit":"","ocean_menu_typo_spacing":0,"ocean_menu_typo_spacing_tablet":0,"ocean_menu_typo_spacing_mobile":0,"ocean_menu_typo_spacing_unit":"","ocean_menu_link_color":"","ocean_menu_link_color_hover":"","ocean_menu_link_color_active":"","ocean_menu_link_background":"","ocean_menu_link_hover_background":"","ocean_menu_link_active_background":"","ocean_menu_social_links_bg":"","ocean_menu_social_hover_links_bg":"","ocean_menu_social_links_color":"","ocean_menu_social_hover_links_color":"","ocean_disable_title":"default","ocean_disable_heading":"default","ocean_post_title":"","ocean_post_subheading":"","ocean_post_title_style":"","ocean_post_title_background_color":"","ocean_post_title_background":0,"ocean_post_title_bg_image_position":"","ocean_post_title_bg_image_attachment":"","ocean_post_title_bg_image_repeat":"","ocean_post_title_bg_image_size":"","ocean_post_title_height":0,"ocean_post_title_bg_overlay":0.5,"ocean_post_title_bg_overlay_color":"","ocean_disable_breadcrumbs":"default","ocean_breadcrumbs_color":"","ocean_breadcrumbs_separator_color":"","ocean_breadcrumbs_links_color":"","ocean_breadcrumbs_links_hover_color":"","ocean_display_footer_widgets":"default","ocean_display_footer_bottom":"default","ocean_custom_footer_template":""},"product_brand":[],"product_cat":[55,59],"product_tag":[],"class_list":{"0":"post-1902","1":"product","2":"type-product","3":"status-publish","5":"product_cat-detergents-fr","6":"product_cat-phosphonates-fr-2","8":"entry","10":"first","11":"instock","12":"shipping-taxable","13":"product-type-simple","14":"col","15":"span_1_of_3","16":"owp-content-center","17":"owp-thumbs-layout-horizontal","18":"owp-btn-normal","19":"owp-tabs-layout-section","20":"has-no-thumbnails"},"_links":{"self":[{"href":"https:\/\/matcochemicals.com\/fr\/wp-json\/wp\/v2\/product\/1902","targetHints":{"allow":["GET"]}}],"collection":[{"href":"https:\/\/matcochemicals.com\/fr\/wp-json\/wp\/v2\/product"}],"about":[{"href":"https:\/\/matcochemicals.com\/fr\/wp-json\/wp\/v2\/types\/product"}],"wp:attachment":[{"href":"https:\/\/matcochemicals.com\/fr\/wp-json\/wp\/v2\/media?parent=1902"}],"wp:term":[{"taxonomy":"product_brand","embeddable":true,"href":"https:\/\/matcochemicals.com\/fr\/wp-json\/wp\/v2\/product_brand?post=1902"},{"taxonomy":"product_cat","embeddable":true,"href":"https:\/\/matcochemicals.com\/fr\/wp-json\/wp\/v2\/product_cat?post=1902"},{"taxonomy":"product_tag","embeddable":true,"href":"https:\/\/matcochemicals.com\/fr\/wp-json\/wp\/v2\/product_tag?post=1902"}],"curies":[{"name":"wp","href":"https:\/\/api.w.org\/{rel}","templated":true}]}}