{"id":1894,"date":"2023-11-02T18:29:34","date_gmt":"2023-11-02T18:29:34","guid":{"rendered":"https:\/\/matcochemicals.com\/products\/taed-tetraacetylethylenediamine\/"},"modified":"2024-09-06T14:18:06","modified_gmt":"2024-09-06T14:18:06","slug":"taed-tetraacetylethylenediamine","status":"publish","type":"product","link":"https:\/\/matcochemicals.com\/fr\/product\/taed-tetraacetylethylenediamine\/","title":{"rendered":"TAED (T\u00e9traac\u00e9tyl\u00e9thyl\u00e8nediamine)"},"content":{"rendered":"<h3><strong>Qu&rsquo;est-ce que le TAED ?<\/strong><\/h3>\n<p>  La t\u00e9tra-ac\u00e9tyl\u00e9thyl\u00e8nediamine, commun\u00e9ment appel\u00e9e TAED, est un compos\u00e9 chimique largement utilis\u00e9 comme activateur de blanchiment dans les d\u00e9tergents et les produits de nettoyage. Il s&rsquo;agit d&rsquo;une poudre cristalline blanche tr\u00e8s soluble dans l&rsquo;eau, appr\u00e9ci\u00e9e pour sa capacit\u00e9 \u00e0 am\u00e9liorer les performances de blanchiment des d\u00e9tergents, en particulier dans les cycles de lavage \u00e0 basse temp\u00e9rature. Le TAED est un ingr\u00e9dient essentiel dans de nombreuses formules de blanchisserie modernes, contribuant \u00e0 l&rsquo;\u00e9limination efficace des taches et \u00e0 la pr\u00e9servation des couleurs des tissus.  <\/p>\n<h3><strong>Applications du TAED<\/strong><\/h3>\n<ol>\n<li><strong>D\u00e9tergents pour le linge<\/strong>: Le TAED est principalement utilis\u00e9 comme activateur de blanchiment dans les d\u00e9tergents \u00e0 lessive. Combin\u00e9 au peroxyde d&rsquo;hydrog\u00e8ne, il forme un syst\u00e8me de blanchiment tr\u00e8s efficace qui permet d&rsquo;\u00e9liminer les taches tenaces, de blanchir les blancs et d&rsquo;\u00e9claircir les couleurs, m\u00eame \u00e0 des temp\u00e9ratures de lavage plus basses.<\/li>\n<li><strong>Produits de nettoyage m\u00e9nagers<\/strong>: Le TAED est \u00e9galement pr\u00e9sent dans divers produits d&rsquo;entretien m\u00e9nager, tels que les d\u00e9tachants, les d\u00e9tergents pour lave-vaisselle et les nettoyants pour cuvettes de toilettes, o\u00f9 ses propri\u00e9t\u00e9s renfor\u00e7ant la d\u00e9coloration contribuent \u00e0 un nettoyage efficace et \u00e0 l&rsquo;\u00e9limination des taches.<\/li>\n<\/ol>\n<h3><strong>TAED : Avantages<\/strong><\/h3>\n<p>  L&rsquo;utilit\u00e9 de la t\u00e9tra-ac\u00e9tyl\u00e9thyl\u00e8nediamine peut \u00eatre attribu\u00e9e \u00e0 plusieurs avantages cl\u00e9s :  <\/p>\n<ol>\n<li><strong>Blanchiment \u00e0 basse temp\u00e9rature<\/strong>: l&rsquo;un des principaux avantages du TAED est sa capacit\u00e9 \u00e0 activer le blanchiment \u00e0 des temp\u00e9ratures plus basses, ce qui r\u00e9duit la consommation d&rsquo;\u00e9nergie et l&rsquo;impact sur l&rsquo;environnement.<\/li>\n<li><strong>D\u00e9tachement efficace des t<\/strong>aches : Il am\u00e9liore consid\u00e9rablement les capacit\u00e9s d&rsquo;\u00e9limination des taches des d\u00e9tergents, ce qui permet de s&rsquo;attaquer plus facilement \u00e0 un large \u00e9ventail de taches, y compris le caf\u00e9, le vin et l&rsquo;herbe.<\/li>\n<li><strong>Pr\u00e9servation des couleurs<\/strong>: Les syst\u00e8mes de blanchiment \u00e0 base de TAED sont connus pour leur capacit\u00e9 \u00e0 \u00e9liminer les taches tout en pr\u00e9servant les couleurs des tissus, ce qui garantit que les v\u00eatements et les textiles restent \u00e9clatants.<\/li>\n<li><strong>S\u00fbr et stable<\/strong>: Le TAED est consid\u00e9r\u00e9 comme s\u00fbr pour une utilisation dans les produits m\u00e9nagers et est stable dans des conditions de stockage normales.<\/li>\n<\/ol>\n<p><strong>Comment le TAED est-il fabriqu\u00e9<\/strong>? La production du TAED fait appel \u00e0 plusieurs proc\u00e9d\u00e9s chimiques :  <\/p>\n<ol>\n<li><strong>R\u00e9action de l&rsquo;\u00e9thyl\u00e8ne diamine (EDA<\/strong>) : L&rsquo;EDA, une mati\u00e8re premi\u00e8re essentielle, subit une ac\u00e9tylation, une r\u00e9action chimique au cours de laquelle des groupes ac\u00e9tyles sont ajout\u00e9s \u00e0 la mol\u00e9cule d&rsquo;EDA. Il en r\u00e9sulte la formation de t\u00e9tra-ac\u00e9tyl\u00e9thyl\u00e8nediamine.<\/li>\n<li><strong>Purification<\/strong>: La t\u00e9tra-ac\u00e9tyl\u00e9thyl\u00e8nediamine est ensuite purifi\u00e9e pour \u00e9liminer les impuret\u00e9s, ce qui permet d&rsquo;obtenir un produit TAED hautement raffin\u00e9.<\/li>\n<li><strong>Formulation<\/strong>: Le TAED purifi\u00e9 est formul\u00e9 sous forme de granul\u00e9s ou de poudre pour \u00eatre utilis\u00e9 dans les d\u00e9tergents et les produits de nettoyage.<\/li>\n<\/ol>\n<p>  En conclusion, la t\u00e9tra-ac\u00e9tyl\u00e9thyl\u00e8nediamine (TAED) est un activateur de blanchiment essentiel utilis\u00e9 dans les d\u00e9tergents et les produits de nettoyage pour am\u00e9liorer les performances de blanchiment \u00e0 basse temp\u00e9rature. Sa capacit\u00e9 \u00e0 \u00e9liminer efficacement les taches, \u00e0 pr\u00e9server les couleurs des tissus et \u00e0 r\u00e9duire la consommation d&rsquo;\u00e9nergie en fait un ingr\u00e9dient pr\u00e9cieux dans les formules modernes de nettoyage et de blanchisserie. La compr\u00e9hension de ses avantages et de son processus de production souligne son importance dans l&rsquo;am\u00e9lioration de l&rsquo;efficacit\u00e9 et de la durabilit\u00e9 environnementale des processus de blanchisserie et de nettoyage.<\/p>\n","protected":false},"excerpt":{"rendered":"<p>Qu&rsquo;est-ce que le TAED ? La t\u00e9tra-ac\u00e9tyl\u00e9thyl\u00e8nediamine, commun\u00e9ment appel\u00e9e TAED, est un compos\u00e9 chimique largement utilis\u00e9 comme activateur de blanchiment dans les d\u00e9tergents et les produits de nettoyage. Il s&rsquo;agit d&rsquo;une poudre cristalline blanche tr\u00e8s soluble dans l&rsquo;eau, appr\u00e9ci\u00e9e pour sa capacit\u00e9 \u00e0 am\u00e9liorer les performances de blanchiment des d\u00e9tergents, en particulier dans les cycles [&hellip;]<\/p>\n","protected":false},"featured_media":814,"template":"","meta":{"ocean_post_layout":"","ocean_both_sidebars_style":"","ocean_both_sidebars_content_width":0,"ocean_both_sidebars_sidebars_width":0,"ocean_sidebar":"0","ocean_second_sidebar":"0","ocean_disable_margins":"enable","ocean_add_body_class":"","ocean_shortcode_before_top_bar":"","ocean_shortcode_after_top_bar":"","ocean_shortcode_before_header":"","ocean_shortcode_after_header":"","ocean_has_shortcode":"","ocean_shortcode_after_title":"","ocean_shortcode_before_footer_widgets":"","ocean_shortcode_after_footer_widgets":"","ocean_shortcode_before_footer_bottom":"","ocean_shortcode_after_footer_bottom":"","ocean_display_top_bar":"default","ocean_display_header":"default","ocean_header_style":"","ocean_center_header_left_menu":"0","ocean_custom_header_template":"0","ocean_custom_logo":0,"ocean_custom_retina_logo":0,"ocean_custom_logo_max_width":0,"ocean_custom_logo_tablet_max_width":0,"ocean_custom_logo_mobile_max_width":0,"ocean_custom_logo_max_height":0,"ocean_custom_logo_tablet_max_height":0,"ocean_custom_logo_mobile_max_height":0,"ocean_header_custom_menu":"0","ocean_menu_typo_font_family":"0","ocean_menu_typo_font_subset":"","ocean_menu_typo_font_size":0,"ocean_menu_typo_font_size_tablet":0,"ocean_menu_typo_font_size_mobile":0,"ocean_menu_typo_font_size_unit":"px","ocean_menu_typo_font_weight":"","ocean_menu_typo_font_weight_tablet":"","ocean_menu_typo_font_weight_mobile":"","ocean_menu_typo_transform":"","ocean_menu_typo_transform_tablet":"","ocean_menu_typo_transform_mobile":"","ocean_menu_typo_line_height":0,"ocean_menu_typo_line_height_tablet":0,"ocean_menu_typo_line_height_mobile":0,"ocean_menu_typo_line_height_unit":"","ocean_menu_typo_spacing":0,"ocean_menu_typo_spacing_tablet":0,"ocean_menu_typo_spacing_mobile":0,"ocean_menu_typo_spacing_unit":"","ocean_menu_link_color":"","ocean_menu_link_color_hover":"","ocean_menu_link_color_active":"","ocean_menu_link_background":"","ocean_menu_link_hover_background":"","ocean_menu_link_active_background":"","ocean_menu_social_links_bg":"","ocean_menu_social_hover_links_bg":"","ocean_menu_social_links_color":"","ocean_menu_social_hover_links_color":"","ocean_disable_title":"default","ocean_disable_heading":"default","ocean_post_title":"","ocean_post_subheading":"","ocean_post_title_style":"","ocean_post_title_background_color":"","ocean_post_title_background":0,"ocean_post_title_bg_image_position":"","ocean_post_title_bg_image_attachment":"","ocean_post_title_bg_image_repeat":"","ocean_post_title_bg_image_size":"","ocean_post_title_height":0,"ocean_post_title_bg_overlay":0.5,"ocean_post_title_bg_overlay_color":"","ocean_disable_breadcrumbs":"default","ocean_breadcrumbs_color":"","ocean_breadcrumbs_separator_color":"","ocean_breadcrumbs_links_color":"","ocean_breadcrumbs_links_hover_color":"","ocean_display_footer_widgets":"default","ocean_display_footer_bottom":"default","ocean_custom_footer_template":"0"},"product_brand":[],"product_cat":[55],"product_tag":[],"class_list":{"0":"post-1894","1":"product","2":"type-product","3":"status-publish","4":"has-post-thumbnail","6":"product_cat-detergents-fr","8":"entry","9":"has-media","11":"first","12":"instock","13":"shipping-taxable","14":"product-type-simple","15":"col","16":"span_1_of_3","17":"owp-content-center","18":"owp-thumbs-layout-horizontal","19":"owp-btn-normal","20":"owp-tabs-layout-section","21":"has-no-thumbnails"},"_links":{"self":[{"href":"https:\/\/matcochemicals.com\/fr\/wp-json\/wp\/v2\/product\/1894","targetHints":{"allow":["GET"]}}],"collection":[{"href":"https:\/\/matcochemicals.com\/fr\/wp-json\/wp\/v2\/product"}],"about":[{"href":"https:\/\/matcochemicals.com\/fr\/wp-json\/wp\/v2\/types\/product"}],"wp:featuredmedia":[{"embeddable":true,"href":"https:\/\/matcochemicals.com\/fr\/wp-json\/wp\/v2\/media\/814"}],"wp:attachment":[{"href":"https:\/\/matcochemicals.com\/fr\/wp-json\/wp\/v2\/media?parent=1894"}],"wp:term":[{"taxonomy":"product_brand","embeddable":true,"href":"https:\/\/matcochemicals.com\/fr\/wp-json\/wp\/v2\/product_brand?post=1894"},{"taxonomy":"product_cat","embeddable":true,"href":"https:\/\/matcochemicals.com\/fr\/wp-json\/wp\/v2\/product_cat?post=1894"},{"taxonomy":"product_tag","embeddable":true,"href":"https:\/\/matcochemicals.com\/fr\/wp-json\/wp\/v2\/product_tag?post=1894"}],"curies":[{"name":"wp","href":"https:\/\/api.w.org\/{rel}","templated":true}]}}