{"id":1887,"date":"2023-12-08T10:46:18","date_gmt":"2023-12-08T10:46:18","guid":{"rendered":"https:\/\/matcochemicals.com\/products\/acide-citrique-sans-eau\/"},"modified":"2024-09-06T14:19:33","modified_gmt":"2024-09-06T14:19:33","slug":"acide-citrique-sans-eau","status":"publish","type":"product","link":"https:\/\/matcochemicals.com\/fr\/product\/acide-citrique-sans-eau\/","title":{"rendered":"Acide citrique d\u00e9shydrat\u00e9"},"content":{"rendered":"<h3><strong>Qu&rsquo;est-ce que l&rsquo;acide citrique d\u00e9shydrat\u00e9 ?<\/strong><\/h3>\n<p>  L&rsquo;acide citrique sans eau, \u00e9galement connu sous le nom d&rsquo;acide citrique anhydre, est un compos\u00e9 chimique d\u00e9riv\u00e9 de l&rsquo;acide citrique mais trait\u00e9 pour en \u00e9liminer la teneur en eau. Il partage un grand nombre des propri\u00e9t\u00e9s et applications polyvalentes de l&rsquo;acide citrique ordinaire, mais se pr\u00e9sente sous une forme plus concentr\u00e9e. Cette poudre cristalline blanche a un go\u00fbt acidul\u00e9 et est largement utilis\u00e9e dans diverses industries pour son acidit\u00e9, ses capacit\u00e9s de ch\u00e9lation et ses propri\u00e9t\u00e9s de r\u00e9gulation du pH.  <\/p>\n<h3><strong>Applications de l&rsquo;acide citrique sans eau<\/strong><\/h3>\n<ol>\n<li><strong>Industrie alimentaire et des boissons<\/strong>: L&rsquo;acide citrique sans eau est couramment utilis\u00e9 comme acidulant et exhausteur de go\u00fbt dans l&rsquo;industrie alimentaire et des boissons. Il conf\u00e8re un go\u00fbt acidul\u00e9 \u00e0 des produits tels que les bonbons aromatis\u00e9s aux fruits, les boissons non alcoolis\u00e9es et les snacks acidul\u00e9s.<\/li>\n<li><strong>Produits pharmaceutiques<\/strong>: Dans les produits pharmaceutiques, l&rsquo;acide citrique anhydre est utilis\u00e9 comme excipient dans les formulations de comprim\u00e9s, souvent en combinaison avec d&rsquo;autres ingr\u00e9dients pour contr\u00f4ler le pH et am\u00e9liorer la dissolution des ingr\u00e9dients pharmaceutiques actifs.<\/li>\n<li><strong>Cosm\u00e9tiques et produits de soins personnels<\/strong>: C&rsquo;est un ingr\u00e9dient cl\u00e9 dans les formulations cosm\u00e9tiques telles que les cr\u00e8mes pour la peau, les shampooings et les produits pour le bain. Sa nature acide permet de r\u00e9guler le pH de ces produits et d&rsquo;am\u00e9liorer leur stabilit\u00e9.<\/li>\n<li><strong>Produits de nettoyage<\/strong>: L&rsquo;acide citrique sans eau est utilis\u00e9 dans divers produits de nettoyage, en particulier dans les solutions de d\u00e9tartrage et les d\u00e9rouilleurs. Il d\u00e9compose efficacement les d\u00e9p\u00f4ts min\u00e9raux et les taches.<\/li>\n<li><strong>D\u00e9tergents<\/strong>: Dans les d\u00e9tergents pour le linge, il agit comme un adoucisseur d&rsquo;eau, am\u00e9liorant le pouvoir nettoyant en emp\u00eachant la formation de r\u00e9sidus de savon et de d\u00e9p\u00f4ts min\u00e9raux sur les v\u00eatements.<\/li>\n<\/ol>\n<h3><strong>Acide citrique sans eau : Avantages<\/strong><\/h3>\n<p>  L&rsquo;utilit\u00e9 de l&rsquo;acide citrique sans eau peut \u00eatre attribu\u00e9e \u00e0 plusieurs avantages cl\u00e9s :  <\/p>\n<ol>\n<li><strong>Concentration<\/strong>: L&rsquo;acide citrique anhydre est plus concentr\u00e9 que son homologue hydrat\u00e9, ce qui signifie qu&rsquo;une plus petite quantit\u00e9 peut atteindre le m\u00eame niveau d&rsquo;acidit\u00e9 ou d&rsquo;activit\u00e9 ch\u00e9latrice.<\/li>\n<li><strong>Contr\u00f4le du pH<\/strong>: Il permet de contr\u00f4ler et d&rsquo;ajuster les niveaux de pH des produits, en veillant \u00e0 ce qu&rsquo;ils se situent dans la fourchette souhait\u00e9e pour la stabilit\u00e9 et la s\u00e9curit\u00e9.<\/li>\n<li><strong>Agent ch\u00e9lateur<\/strong>: L&rsquo;acide citrique sans eau est un agent ch\u00e9lateur efficace, capable de se lier aux ions m\u00e9talliques et de pr\u00e9venir l&rsquo;oxydation, la d\u00e9coloration et la pr\u00e9cipitation dans diverses applications.<\/li>\n<li><strong>Am\u00e9lioration de la saveur<\/strong>: Dans l&rsquo;industrie alimentaire, il rehausse la saveur des produits et contribue \u00e0 leur attrait sensoriel global.<\/li>\n<li><strong>Biod\u00e9gradable<\/strong>: Comme l&rsquo;acide citrique, l&rsquo;acide citrique anhydre est biod\u00e9gradable et respectueux de l&rsquo;environnement lorsqu&rsquo;il est correctement \u00e9limin\u00e9.<\/li>\n<\/ol>\n<h3><strong>Fabrication de l&rsquo;acide citrique sans eau<\/strong><\/h3>\n<p>  La production d&rsquo;acide citrique sans eau commence par l&rsquo;acide citrique, qui est g\u00e9n\u00e9ralement obtenu par un processus de fermentation \u00e0 l&rsquo;aide du champignon Aspergillus niger. Pour cr\u00e9er la forme anhydre, l&rsquo;acide citrique est soigneusement s\u00e9ch\u00e9 afin d&rsquo;\u00e9liminer la teneur en eau, laissant derri\u00e8re lui la poudre cristalline concentr\u00e9e connue sous le nom d&rsquo;acide citrique sans eau. En conclusion, l&rsquo;acide citrique sans eau est un compos\u00e9 chimique concentr\u00e9 et polyvalent largement utilis\u00e9 dans l&rsquo;alimentation, les produits pharmaceutiques, les cosm\u00e9tiques, les produits de nettoyage et les d\u00e9tergents. Son acidit\u00e9, ses capacit\u00e9s de ch\u00e9lation et ses propri\u00e9t\u00e9s de r\u00e9gulation du pH en font un ingr\u00e9dient pr\u00e9cieux dans toute une s\u00e9rie de biens de consommation et d&rsquo;applications industrielles. La compr\u00e9hension de ses avantages et de son processus de production met en \u00e9vidence son importance dans la fabrication moderne et le d\u00e9veloppement de produits.<\/p>\n","protected":false},"excerpt":{"rendered":"<p>Qu&rsquo;est-ce que l&rsquo;acide citrique d\u00e9shydrat\u00e9 ? L&rsquo;acide citrique sans eau, \u00e9galement connu sous le nom d&rsquo;acide citrique anhydre, est un compos\u00e9 chimique d\u00e9riv\u00e9 de l&rsquo;acide citrique mais trait\u00e9 pour en \u00e9liminer la teneur en eau. Il partage un grand nombre des propri\u00e9t\u00e9s et applications polyvalentes de l&rsquo;acide citrique ordinaire, mais se pr\u00e9sente sous une forme [&hellip;]<\/p>\n","protected":false},"featured_media":805,"template":"","meta":{"ocean_post_layout":"","ocean_both_sidebars_style":"","ocean_both_sidebars_content_width":0,"ocean_both_sidebars_sidebars_width":0,"ocean_sidebar":"0","ocean_second_sidebar":"0","ocean_disable_margins":"enable","ocean_add_body_class":"","ocean_shortcode_before_top_bar":"","ocean_shortcode_after_top_bar":"","ocean_shortcode_before_header":"","ocean_shortcode_after_header":"","ocean_has_shortcode":"","ocean_shortcode_after_title":"","ocean_shortcode_before_footer_widgets":"","ocean_shortcode_after_footer_widgets":"","ocean_shortcode_before_footer_bottom":"","ocean_shortcode_after_footer_bottom":"","ocean_display_top_bar":"default","ocean_display_header":"default","ocean_header_style":"","ocean_center_header_left_menu":"0","ocean_custom_header_template":"0","ocean_custom_logo":0,"ocean_custom_retina_logo":0,"ocean_custom_logo_max_width":0,"ocean_custom_logo_tablet_max_width":0,"ocean_custom_logo_mobile_max_width":0,"ocean_custom_logo_max_height":0,"ocean_custom_logo_tablet_max_height":0,"ocean_custom_logo_mobile_max_height":0,"ocean_header_custom_menu":"0","ocean_menu_typo_font_family":"0","ocean_menu_typo_font_subset":"","ocean_menu_typo_font_size":0,"ocean_menu_typo_font_size_tablet":0,"ocean_menu_typo_font_size_mobile":0,"ocean_menu_typo_font_size_unit":"px","ocean_menu_typo_font_weight":"","ocean_menu_typo_font_weight_tablet":"","ocean_menu_typo_font_weight_mobile":"","ocean_menu_typo_transform":"","ocean_menu_typo_transform_tablet":"","ocean_menu_typo_transform_mobile":"","ocean_menu_typo_line_height":0,"ocean_menu_typo_line_height_tablet":0,"ocean_menu_typo_line_height_mobile":0,"ocean_menu_typo_line_height_unit":"","ocean_menu_typo_spacing":0,"ocean_menu_typo_spacing_tablet":0,"ocean_menu_typo_spacing_mobile":0,"ocean_menu_typo_spacing_unit":"","ocean_menu_link_color":"","ocean_menu_link_color_hover":"","ocean_menu_link_color_active":"","ocean_menu_link_background":"","ocean_menu_link_hover_background":"","ocean_menu_link_active_background":"","ocean_menu_social_links_bg":"","ocean_menu_social_hover_links_bg":"","ocean_menu_social_links_color":"","ocean_menu_social_hover_links_color":"","ocean_disable_title":"default","ocean_disable_heading":"default","ocean_post_title":"","ocean_post_subheading":"","ocean_post_title_style":"","ocean_post_title_background_color":"","ocean_post_title_background":0,"ocean_post_title_bg_image_position":"","ocean_post_title_bg_image_attachment":"","ocean_post_title_bg_image_repeat":"","ocean_post_title_bg_image_size":"","ocean_post_title_height":0,"ocean_post_title_bg_overlay":0.5,"ocean_post_title_bg_overlay_color":"","ocean_disable_breadcrumbs":"default","ocean_breadcrumbs_color":"","ocean_breadcrumbs_separator_color":"","ocean_breadcrumbs_links_color":"","ocean_breadcrumbs_links_hover_color":"","ocean_display_footer_widgets":"default","ocean_display_footer_bottom":"default","ocean_custom_footer_template":"0"},"product_brand":[],"product_cat":[55],"product_tag":[],"class_list":{"0":"post-1887","1":"product","2":"type-product","3":"status-publish","4":"has-post-thumbnail","6":"product_cat-detergents-fr","8":"entry","9":"has-media","11":"first","12":"instock","13":"shipping-taxable","14":"product-type-simple","15":"col","16":"span_1_of_3","17":"owp-content-center","18":"owp-thumbs-layout-horizontal","19":"owp-btn-normal","20":"owp-tabs-layout-section","21":"has-no-thumbnails"},"_links":{"self":[{"href":"https:\/\/matcochemicals.com\/fr\/wp-json\/wp\/v2\/product\/1887","targetHints":{"allow":["GET"]}}],"collection":[{"href":"https:\/\/matcochemicals.com\/fr\/wp-json\/wp\/v2\/product"}],"about":[{"href":"https:\/\/matcochemicals.com\/fr\/wp-json\/wp\/v2\/types\/product"}],"wp:featuredmedia":[{"embeddable":true,"href":"https:\/\/matcochemicals.com\/fr\/wp-json\/wp\/v2\/media\/805"}],"wp:attachment":[{"href":"https:\/\/matcochemicals.com\/fr\/wp-json\/wp\/v2\/media?parent=1887"}],"wp:term":[{"taxonomy":"product_brand","embeddable":true,"href":"https:\/\/matcochemicals.com\/fr\/wp-json\/wp\/v2\/product_brand?post=1887"},{"taxonomy":"product_cat","embeddable":true,"href":"https:\/\/matcochemicals.com\/fr\/wp-json\/wp\/v2\/product_cat?post=1887"},{"taxonomy":"product_tag","embeddable":true,"href":"https:\/\/matcochemicals.com\/fr\/wp-json\/wp\/v2\/product_tag?post=1887"}],"curies":[{"name":"wp","href":"https:\/\/api.w.org\/{rel}","templated":true}]}}