{"id":1885,"date":"2023-12-04T07:04:14","date_gmt":"2023-12-04T07:04:14","guid":{"rendered":"https:\/\/matcochemicals.com\/products\/glycerine\/"},"modified":"2024-09-06T14:19:24","modified_gmt":"2024-09-06T14:19:24","slug":"glycerine","status":"publish","type":"product","link":"https:\/\/matcochemicals.com\/fr\/product\/glycerine\/","title":{"rendered":"Glyc\u00e9rine"},"content":{"rendered":"<h3><strong>Qu&rsquo;est-ce que la glyc\u00e9rine ?<\/strong><\/h3>\n<p>  La glyc\u00e9rine, \u00e9galement connue sous le nom de glyc\u00e9rol ou de glyc\u00e9rine, est un compos\u00e9 chimique incolore, inodore et au go\u00fbt sucr\u00e9. C&rsquo;est un alcool trihydrique, c&rsquo;est-\u00e0-dire qu&rsquo;il contient trois groupes hydroxyle (-OH) dans sa mol\u00e9cule. La glyc\u00e9rine est \u00e0 la fois d&rsquo;origine naturelle et synth\u00e9tique et poss\u00e8de une large gamme d&rsquo;applications dans diverses industries en raison de ses propri\u00e9t\u00e9s uniques.  <\/p>\n<h3><strong>Applications de la glyc\u00e9rine<\/strong><\/h3>\n<ol>\n<li><strong>Produits pharmaceutiques<\/strong>: La glyc\u00e9rine est utilis\u00e9e dans l&rsquo;industrie pharmaceutique pour ses propri\u00e9t\u00e9s hygroscopiques (qui attirent l&rsquo;eau). C&rsquo;est un ingr\u00e9dient courant dans les sirops contre la toux, les suppositoires et les m\u00e9dicaments topiques, o\u00f9 il sert d&rsquo;agent hydratant et \u00e9mollient.<\/li>\n<li><strong>Aliments et boissons<\/strong>: La glyc\u00e9rine est utilis\u00e9e dans l&rsquo;industrie alimentaire comme \u00e9dulcorant, humectant et solvant. On le trouve souvent dans les produits de boulangerie, les produits laitiers et les confiseries. Dans les boissons, il peut am\u00e9liorer la texture et la sensation en bouche de certaines boissons.<\/li>\n<li><strong>Cosm\u00e9tiques et soins personnels<\/strong>: La glyc\u00e9rine est un ingr\u00e9dient cl\u00e9 des produits de soins de la peau et de soins personnels, y compris les lotions, les cr\u00e8mes, les savons et les shampooings. Il aide \u00e0 retenir l&rsquo;humidit\u00e9, ce qui permet d&rsquo;hydrater la peau et les cheveux.<\/li>\n<li><strong>Produits pharmaceutiques<\/strong>: La glyc\u00e9rine est utilis\u00e9e dans l&rsquo;industrie pharmaceutique pour ses propri\u00e9t\u00e9s hygroscopiques (qui attirent l&rsquo;eau). C&rsquo;est un ingr\u00e9dient courant dans les sirops contre la toux, les suppositoires et les m\u00e9dicaments topiques, o\u00f9 il sert d&rsquo;agent hydratant et \u00e9mollient.<\/li>\n<li><strong>Aliments et boissons<\/strong>: La glyc\u00e9rine est utilis\u00e9e dans l&rsquo;industrie alimentaire comme \u00e9dulcorant, humectant et solvant. On le trouve souvent dans les produits de boulangerie, les produits laitiers et les confiseries. Dans les boissons, il peut am\u00e9liorer la texture et la sensation en bouche de certaines boissons.<\/li>\n<li><strong>Industrie chimique<\/strong>: La glyc\u00e9rine sert de mati\u00e8re premi\u00e8re pour la production de divers produits chimiques, notamment la nitroglyc\u00e9rine, utilis\u00e9e dans les explosifs, et le propyl\u00e8ne glycol, qui a de nombreuses applications industrielles.<\/li>\n<\/ol>\n<h3><strong>Glyc\u00e9rine : avantages<\/strong><\/h3>\n<p>  L&rsquo;utilit\u00e9 de la glyc\u00e9rine peut \u00eatre attribu\u00e9e \u00e0 plusieurs avantages cl\u00e9s :  <\/p>\n<ol>\n<li><strong>Hydratation<\/strong>: La capacit\u00e9 de la glyc\u00e9rine \u00e0 attirer et \u00e0 retenir l&rsquo;eau en fait un hydratant efficace pour la peau et les cheveux. Il aide \u00e0 lutter contre le dess\u00e8chement et favorise la douceur.<\/li>\n<li><strong>Solvant<\/strong>: La glyc\u00e9rine est un excellent solvant pour de nombreuses substances, ce qui la rend pr\u00e9cieuse dans diverses formulations, notamment dans les cosm\u00e9tiques, les produits pharmaceutiques et les produits alimentaires.<\/li>\n<li><strong>S\u00fbre et non toxique<\/strong>: La glyc\u00e9rine est g\u00e9n\u00e9ralement reconnue comme s\u00fbre (GRAS) par les organismes de r\u00e9glementation et elle est bien tol\u00e9r\u00e9e par la plupart des individus.<\/li>\n<li><strong>Polyvalence<\/strong>: Sa polyvalence dans diverses applications, de l&rsquo;alimentation et des produits pharmaceutiques aux soins personnels et aux proc\u00e9d\u00e9s chimiques, souligne son importance dans les industries modernes.<\/li>\n<\/ol>\n<h3><strong>Comment la glyc\u00e9rine est-elle fabriqu\u00e9e ?<\/strong><\/h3>\n<p>  La glyc\u00e9rine peut \u00eatre produite par diff\u00e9rentes m\u00e9thodes, mais la plus courante est l&rsquo;hydrolyse des graisses et des huiles. Le processus comprend les \u00e9tapes suivantes :  <\/p>\n<ol>\n<li><strong>Hydrolyse<\/strong>: Les graisses ou les huiles, qui sont des triglyc\u00e9rides, sont hydrolys\u00e9es (d\u00e9compos\u00e9es) \u00e0 l&rsquo;aide d&rsquo;eau et d&rsquo;un catalyseur, g\u00e9n\u00e9ralement un alcali comme l&rsquo;hydroxyde de sodium ou une enzyme.<\/li>\n<li><strong>Neutralisation<\/strong>: Apr\u00e8s l&rsquo;hydrolyse, le m\u00e9lange est neutralis\u00e9 pour \u00e9liminer l&rsquo;exc\u00e8s d&rsquo;alcali, ce qui donne un m\u00e9lange de glyc\u00e9rine et de savon.<\/li>\n<li><strong>S\u00e9paration<\/strong>: La glyc\u00e9rine est s\u00e9par\u00e9e du savon par un processus appel\u00e9 saponification, qui permet d&rsquo;obtenir de la glyc\u00e9rine brute.<\/li>\n<li><strong>Purification<\/strong>: La glyc\u00e9rine brute subit des processus de purification pour \u00e9liminer les impuret\u00e9s, ce qui permet d&rsquo;obtenir la glyc\u00e9rine de haute puret\u00e9 utilis\u00e9e dans diverses industries.<\/li>\n<\/ol>\n<p>  En conclusion, la glyc\u00e9rine est un compos\u00e9 polyvalent qui a de nombreuses applications dans les domaines pharmaceutique, alimentaire, cosm\u00e9tique et dans divers processus industriels. Ses propri\u00e9t\u00e9s hydratantes, sa s\u00e9curit\u00e9 et sa polyvalence en font un ingr\u00e9dient pr\u00e9cieux dans une large gamme de produits, dans les domaines de la sant\u00e9, de la beaut\u00e9 et de divers processus industriels. Comprendre les avantages et le processus de production de la glyc\u00e9rine souligne son importance dans la vie moderne et l&rsquo;industrie.<\/p>\n","protected":false},"excerpt":{"rendered":"<p>Qu&rsquo;est-ce que la glyc\u00e9rine ? La glyc\u00e9rine, \u00e9galement connue sous le nom de glyc\u00e9rol ou de glyc\u00e9rine, est un compos\u00e9 chimique incolore, inodore et au go\u00fbt sucr\u00e9. C&rsquo;est un alcool trihydrique, c&rsquo;est-\u00e0-dire qu&rsquo;il contient trois groupes hydroxyle (-OH) dans sa mol\u00e9cule. La glyc\u00e9rine est \u00e0 la fois d&rsquo;origine naturelle et synth\u00e9tique et poss\u00e8de une large [&hellip;]<\/p>\n","protected":false},"featured_media":826,"template":"","meta":{"ocean_post_layout":"","ocean_both_sidebars_style":"","ocean_both_sidebars_content_width":0,"ocean_both_sidebars_sidebars_width":0,"ocean_sidebar":"0","ocean_second_sidebar":"0","ocean_disable_margins":"enable","ocean_add_body_class":"","ocean_shortcode_before_top_bar":"","ocean_shortcode_after_top_bar":"","ocean_shortcode_before_header":"","ocean_shortcode_after_header":"","ocean_has_shortcode":"","ocean_shortcode_after_title":"","ocean_shortcode_before_footer_widgets":"","ocean_shortcode_after_footer_widgets":"","ocean_shortcode_before_footer_bottom":"","ocean_shortcode_after_footer_bottom":"","ocean_display_top_bar":"default","ocean_display_header":"default","ocean_header_style":"","ocean_center_header_left_menu":"0","ocean_custom_header_template":"0","ocean_custom_logo":0,"ocean_custom_retina_logo":0,"ocean_custom_logo_max_width":0,"ocean_custom_logo_tablet_max_width":0,"ocean_custom_logo_mobile_max_width":0,"ocean_custom_logo_max_height":0,"ocean_custom_logo_tablet_max_height":0,"ocean_custom_logo_mobile_max_height":0,"ocean_header_custom_menu":"0","ocean_menu_typo_font_family":"0","ocean_menu_typo_font_subset":"","ocean_menu_typo_font_size":0,"ocean_menu_typo_font_size_tablet":0,"ocean_menu_typo_font_size_mobile":0,"ocean_menu_typo_font_size_unit":"px","ocean_menu_typo_font_weight":"","ocean_menu_typo_font_weight_tablet":"","ocean_menu_typo_font_weight_mobile":"","ocean_menu_typo_transform":"","ocean_menu_typo_transform_tablet":"","ocean_menu_typo_transform_mobile":"","ocean_menu_typo_line_height":0,"ocean_menu_typo_line_height_tablet":0,"ocean_menu_typo_line_height_mobile":0,"ocean_menu_typo_line_height_unit":"","ocean_menu_typo_spacing":0,"ocean_menu_typo_spacing_tablet":0,"ocean_menu_typo_spacing_mobile":0,"ocean_menu_typo_spacing_unit":"","ocean_menu_link_color":"","ocean_menu_link_color_hover":"","ocean_menu_link_color_active":"","ocean_menu_link_background":"","ocean_menu_link_hover_background":"","ocean_menu_link_active_background":"","ocean_menu_social_links_bg":"","ocean_menu_social_hover_links_bg":"","ocean_menu_social_links_color":"","ocean_menu_social_hover_links_color":"","ocean_disable_title":"default","ocean_disable_heading":"default","ocean_post_title":"","ocean_post_subheading":"","ocean_post_title_style":"","ocean_post_title_background_color":"","ocean_post_title_background":0,"ocean_post_title_bg_image_position":"","ocean_post_title_bg_image_attachment":"","ocean_post_title_bg_image_repeat":"","ocean_post_title_bg_image_size":"","ocean_post_title_height":0,"ocean_post_title_bg_overlay":0.5,"ocean_post_title_bg_overlay_color":"","ocean_disable_breadcrumbs":"default","ocean_breadcrumbs_color":"","ocean_breadcrumbs_separator_color":"","ocean_breadcrumbs_links_color":"","ocean_breadcrumbs_links_hover_color":"","ocean_display_footer_widgets":"default","ocean_display_footer_bottom":"default","ocean_custom_footer_template":"0"},"product_brand":[],"product_cat":[55],"product_tag":[],"class_list":{"0":"post-1885","1":"product","2":"type-product","3":"status-publish","4":"has-post-thumbnail","6":"product_cat-detergents-fr","8":"entry","9":"has-media","11":"first","12":"instock","13":"shipping-taxable","14":"product-type-simple","15":"col","16":"span_1_of_3","17":"owp-content-center","18":"owp-thumbs-layout-horizontal","19":"owp-btn-normal","20":"owp-tabs-layout-section","21":"has-no-thumbnails"},"_links":{"self":[{"href":"https:\/\/matcochemicals.com\/fr\/wp-json\/wp\/v2\/product\/1885","targetHints":{"allow":["GET"]}}],"collection":[{"href":"https:\/\/matcochemicals.com\/fr\/wp-json\/wp\/v2\/product"}],"about":[{"href":"https:\/\/matcochemicals.com\/fr\/wp-json\/wp\/v2\/types\/product"}],"wp:featuredmedia":[{"embeddable":true,"href":"https:\/\/matcochemicals.com\/fr\/wp-json\/wp\/v2\/media\/826"}],"wp:attachment":[{"href":"https:\/\/matcochemicals.com\/fr\/wp-json\/wp\/v2\/media?parent=1885"}],"wp:term":[{"taxonomy":"product_brand","embeddable":true,"href":"https:\/\/matcochemicals.com\/fr\/wp-json\/wp\/v2\/product_brand?post=1885"},{"taxonomy":"product_cat","embeddable":true,"href":"https:\/\/matcochemicals.com\/fr\/wp-json\/wp\/v2\/product_cat?post=1885"},{"taxonomy":"product_tag","embeddable":true,"href":"https:\/\/matcochemicals.com\/fr\/wp-json\/wp\/v2\/product_tag?post=1885"}],"curies":[{"name":"wp","href":"https:\/\/api.w.org\/{rel}","templated":true}]}}