{"id":1879,"date":"2023-11-27T20:48:28","date_gmt":"2023-11-27T20:48:28","guid":{"rendered":"https:\/\/matcochemicals.com\/products\/pbtc-50-acide-aquacid-101-ex\/"},"modified":"2024-09-06T14:19:00","modified_gmt":"2024-09-06T14:19:00","slug":"pbtc-50-acide-aquacid-101-ex","status":"publish","type":"product","link":"https:\/\/matcochemicals.com\/fr\/product\/pbtc-50-acide-aquacid-101-ex\/","title":{"rendered":"PBTC 50% acide = Aquacid 101 EX"},"content":{"rendered":"<h3><strong>Qu&rsquo;est-ce que PBTC Aquacid 101 EX ?<\/strong><\/h3>\n<p>  PBTC, \u00e9galement connu sous le nom d&rsquo;Aquacid 101 EX, est l&rsquo;acronyme de 2-Phosphonobutane 1,2,4-tricarboxylic acid (acide phosphonobutane 1,2,4-tricarboxylique). Il s&rsquo;agit d&rsquo;un compos\u00e9 chimique r\u00e9put\u00e9 pour ses performances exceptionnelles en tant qu&rsquo;inhibiteur de tartre \u00e0 seuil. Aquacid 101 EX est le nom de marque de cet organophosphonate tr\u00e8s efficace, qui est largement reconnu pour sa capacit\u00e9 \u00e0 inhiber la formation de tartre \u00e0 de tr\u00e8s faibles concentrations, m\u00eame au niveau des parties par million (ppm). Il est particuli\u00e8rement efficace contre les carbonates, les sulfates et les phosphates.  <\/p>\n<h3><strong>Applications de PBTC Aquacid 101 EX<\/strong><\/h3>\n<ol>\n<li><strong>Traitement des eaux de refroidissement<\/strong> industrielles : PBTC &#8211; Aquacid 101 EX est largement utilis\u00e9 dans les programmes de traitement des eaux de refroidissement industriel pour pr\u00e9venir et contr\u00f4ler la formation de tartre dans les syst\u00e8mes de refroidissement. Ses propri\u00e9t\u00e9s exceptionnelles d&rsquo;inhibition du tartre contribuent \u00e0 maintenir l&rsquo;efficacit\u00e9 des \u00e9changeurs de chaleur et autres \u00e9quipements.<\/li>\n<li><strong>Nettoyants industriels et institutionnels (formulations I &amp; I)<\/strong>: Aquacid 101 EX est un ingr\u00e9dient pr\u00e9cieux dans les formulations de nettoyants industriels et institutionnels. Il contribue \u00e0 l&rsquo;efficacit\u00e9 des produits de nettoyage en emp\u00eachant l&rsquo;accumulation de tartre et en am\u00e9liorant les performances de nettoyage.<\/li>\n<li><strong>D\u00e9sinfectants<\/strong>: Il est utilis\u00e9 dans les formulations de d\u00e9sinfectants, o\u00f9 il contribue non seulement \u00e0 maintenir la stabilit\u00e9 du produit, mais aussi \u00e0 pr\u00e9venir l&rsquo;entartrage de l&rsquo;\u00e9quipement de d\u00e9sinfection.<\/li>\n<li><strong>Lavage de la vaisselle et d\u00e9tergents liquides<\/strong>: Dans le secteur du nettoyage domestique et commercial, PBTC Aquacid 101 EX joue un r\u00f4le dans les formulations de lave-vaisselle et de d\u00e9tergents liquides, garantissant que ces produits sont efficaces et conservent leur pouvoir nettoyant.<\/li>\n<li><strong>Traitement des surfaces m\u00e9talliques<\/strong>: Il trouve des applications dans les processus de traitement de surface des m\u00e9taux, o\u00f9 il aide \u00e0 pr\u00e9venir le d\u00e9p\u00f4t de tartre sur les surfaces m\u00e9talliques pendant le traitement.<\/li>\n<li><strong>Agent s\u00e9questrant dans les auxili<\/strong>aires textiles : Aquacid 101 EX est utilis\u00e9 comme agent s\u00e9questrant dans les auxiliaires textiles, contribuant \u00e0 la performance globale et \u00e0 la qualit\u00e9 des traitements textiles.<\/li>\n<li><strong>Stabilisation de<\/strong> l&rsquo;hypochlorite : PBTC &#8211; Aquacid 101 EX pr\u00e9sente une excellente stabilit\u00e9 en pr\u00e9sence de chlore et d&rsquo;hypochlorites, ce qui en fait un composant pr\u00e9cieux dans les syst\u00e8mes de traitement de l&rsquo;eau qui utilisent ces produits chimiques.<\/li>\n<\/ol>\n<h3><strong>PBTC Aquacid 101 EX : Avantages<\/strong><\/h3>\n<p>  Les avantages du PBTC &#8211; Aquacid 101 EX sont les suivants :  <\/p>\n<ol>\n<li><strong>Inhibition \u00e9lev\u00e9e du tar<\/strong>tre : Il inhibe efficacement la formation de tartre, m\u00eame \u00e0 faible concentration, am\u00e9liorant ainsi l&rsquo;efficacit\u00e9 de divers processus industriels.<\/li>\n<li><strong>Capacit\u00e9 de ch\u00e9lation<\/strong>: PBTC &#8211; Aquacid 101 EX pr\u00e9sente une bonne capacit\u00e9 de ch\u00e9lation des m\u00e9taux lourds, contribuant ainsi \u00e0 l&rsquo;am\u00e9lioration de la qualit\u00e9 de l&rsquo;eau.<\/li>\n<li><strong>Stabilit\u00e9 thermique<\/strong>: Il conserve son efficacit\u00e9 \u00e0 des niveaux de pH et de temp\u00e9rature \u00e9lev\u00e9s, ce qui garantit une performance constante dans un large \u00e9ventail de conditions.<\/li>\n<li><strong>Tol\u00e9rance au chlore<\/strong>: Aquacid 101 EX pr\u00e9sente une tol\u00e9rance remarquable au chlore et aux hypochlorites, une qualit\u00e9 qui le distingue de nombreux autres phosphonates.<\/li>\n<li><strong>Inhibition de<\/strong> la corrosion : Il agit comme un inhibiteur de corrosion pour l&rsquo;acier au carbone, ajoutant une couche de protection aux \u00e9quipements m\u00e9talliques.<\/li>\n<\/ol>\n<h3><strong>Comment PBTC Aquacid 101 EX est-il fabriqu\u00e9 ?<\/strong><\/h3>\n<p>  La production de PBTC Aquacid 101 EX implique la synth\u00e8se de l&rsquo;acide phosphonobutane 1,2,4-tricarboxylique. Il est g\u00e9n\u00e9ralement fabriqu\u00e9 par une s\u00e9rie de r\u00e9actions chimiques \u00e0 partir de mati\u00e8res premi\u00e8res appropri\u00e9es. Le produit obtenu est ensuite trait\u00e9, purifi\u00e9 et formul\u00e9 en une solution aqueuse claire, incolore \u00e0 jaune p\u00e2le. En conclusion, PBTC Aquacid 101 EX est un compos\u00e9 chimique polyvalent et efficace connu pour ses propri\u00e9t\u00e9s d&rsquo;inhibition du tartre, sa capacit\u00e9 de ch\u00e9lation, sa stabilit\u00e9 thermique et son inhibition de la corrosion. Il joue un r\u00f4le crucial dans diverses applications industrielles, du traitement de l&rsquo;eau de refroidissement au traitement de surface des m\u00e9taux, etc. Sa capacit\u00e9 \u00e0 maintenir l&rsquo;efficacit\u00e9 et \u00e0 pr\u00e9venir l&rsquo;entartrage des syst\u00e8mes critiques en fait un composant essentiel de nombreux processus industriels.<\/p>\n","protected":false},"excerpt":{"rendered":"<p>Qu&rsquo;est-ce que PBTC Aquacid 101 EX ? PBTC, \u00e9galement connu sous le nom d&rsquo;Aquacid 101 EX, est l&rsquo;acronyme de 2-Phosphonobutane 1,2,4-tricarboxylic acid (acide phosphonobutane 1,2,4-tricarboxylique). Il s&rsquo;agit d&rsquo;un compos\u00e9 chimique r\u00e9put\u00e9 pour ses performances exceptionnelles en tant qu&rsquo;inhibiteur de tartre \u00e0 seuil. Aquacid 101 EX est le nom de marque de cet organophosphonate tr\u00e8s efficace, [&hellip;]<\/p>\n","protected":false},"featured_media":0,"template":"","meta":{"ocean_post_layout":"","ocean_both_sidebars_style":"","ocean_both_sidebars_content_width":0,"ocean_both_sidebars_sidebars_width":0,"ocean_sidebar":"","ocean_second_sidebar":"","ocean_disable_margins":"enable","ocean_add_body_class":"","ocean_shortcode_before_top_bar":"","ocean_shortcode_after_top_bar":"","ocean_shortcode_before_header":"","ocean_shortcode_after_header":"","ocean_has_shortcode":"","ocean_shortcode_after_title":"","ocean_shortcode_before_footer_widgets":"","ocean_shortcode_after_footer_widgets":"","ocean_shortcode_before_footer_bottom":"","ocean_shortcode_after_footer_bottom":"","ocean_display_top_bar":"default","ocean_display_header":"default","ocean_header_style":"","ocean_center_header_left_menu":"","ocean_custom_header_template":"","ocean_custom_logo":0,"ocean_custom_retina_logo":0,"ocean_custom_logo_max_width":0,"ocean_custom_logo_tablet_max_width":0,"ocean_custom_logo_mobile_max_width":0,"ocean_custom_logo_max_height":0,"ocean_custom_logo_tablet_max_height":0,"ocean_custom_logo_mobile_max_height":0,"ocean_header_custom_menu":"","ocean_menu_typo_font_family":"","ocean_menu_typo_font_subset":"","ocean_menu_typo_font_size":0,"ocean_menu_typo_font_size_tablet":0,"ocean_menu_typo_font_size_mobile":0,"ocean_menu_typo_font_size_unit":"px","ocean_menu_typo_font_weight":"","ocean_menu_typo_font_weight_tablet":"","ocean_menu_typo_font_weight_mobile":"","ocean_menu_typo_transform":"","ocean_menu_typo_transform_tablet":"","ocean_menu_typo_transform_mobile":"","ocean_menu_typo_line_height":0,"ocean_menu_typo_line_height_tablet":0,"ocean_menu_typo_line_height_mobile":0,"ocean_menu_typo_line_height_unit":"","ocean_menu_typo_spacing":0,"ocean_menu_typo_spacing_tablet":0,"ocean_menu_typo_spacing_mobile":0,"ocean_menu_typo_spacing_unit":"","ocean_menu_link_color":"","ocean_menu_link_color_hover":"","ocean_menu_link_color_active":"","ocean_menu_link_background":"","ocean_menu_link_hover_background":"","ocean_menu_link_active_background":"","ocean_menu_social_links_bg":"","ocean_menu_social_hover_links_bg":"","ocean_menu_social_links_color":"","ocean_menu_social_hover_links_color":"","ocean_disable_title":"default","ocean_disable_heading":"default","ocean_post_title":"","ocean_post_subheading":"","ocean_post_title_style":"","ocean_post_title_background_color":"","ocean_post_title_background":0,"ocean_post_title_bg_image_position":"","ocean_post_title_bg_image_attachment":"","ocean_post_title_bg_image_repeat":"","ocean_post_title_bg_image_size":"","ocean_post_title_height":0,"ocean_post_title_bg_overlay":0.5,"ocean_post_title_bg_overlay_color":"","ocean_disable_breadcrumbs":"default","ocean_breadcrumbs_color":"","ocean_breadcrumbs_separator_color":"","ocean_breadcrumbs_links_color":"","ocean_breadcrumbs_links_hover_color":"","ocean_display_footer_widgets":"default","ocean_display_footer_bottom":"default","ocean_custom_footer_template":""},"product_brand":[],"product_cat":[66,55,59],"product_tag":[],"class_list":{"0":"post-1879","1":"product","2":"type-product","3":"status-publish","5":"product_cat-entretien-de-la-maison-et-de-la-voiture","6":"product_cat-detergents-fr","7":"product_cat-phosphonates-fr-2","9":"entry","11":"first","12":"instock","13":"shipping-taxable","14":"product-type-simple","15":"col","16":"span_1_of_3","17":"owp-content-center","18":"owp-thumbs-layout-horizontal","19":"owp-btn-normal","20":"owp-tabs-layout-section","21":"has-no-thumbnails"},"_links":{"self":[{"href":"https:\/\/matcochemicals.com\/fr\/wp-json\/wp\/v2\/product\/1879","targetHints":{"allow":["GET"]}}],"collection":[{"href":"https:\/\/matcochemicals.com\/fr\/wp-json\/wp\/v2\/product"}],"about":[{"href":"https:\/\/matcochemicals.com\/fr\/wp-json\/wp\/v2\/types\/product"}],"wp:attachment":[{"href":"https:\/\/matcochemicals.com\/fr\/wp-json\/wp\/v2\/media?parent=1879"}],"wp:term":[{"taxonomy":"product_brand","embeddable":true,"href":"https:\/\/matcochemicals.com\/fr\/wp-json\/wp\/v2\/product_brand?post=1879"},{"taxonomy":"product_cat","embeddable":true,"href":"https:\/\/matcochemicals.com\/fr\/wp-json\/wp\/v2\/product_cat?post=1879"},{"taxonomy":"product_tag","embeddable":true,"href":"https:\/\/matcochemicals.com\/fr\/wp-json\/wp\/v2\/product_tag?post=1879"}],"curies":[{"name":"wp","href":"https:\/\/api.w.org\/{rel}","templated":true}]}}