{"id":1872,"date":"2023-12-14T13:41:11","date_gmt":"2023-12-14T13:41:11","guid":{"rendered":"https:\/\/matcochemicals.com\/products\/sulfate-de-sodium\/"},"modified":"2024-09-06T14:19:44","modified_gmt":"2024-09-06T14:19:44","slug":"sulfate-de-sodium","status":"publish","type":"product","link":"https:\/\/matcochemicals.com\/fr\/product\/sulfate-de-sodium\/","title":{"rendered":"Sulfate de sodium"},"content":{"rendered":"<h3><strong>Qu&rsquo;est-ce que le sulfate de sodium ?<\/strong><\/h3>\n<p>  Le sulfate de sodium, \u00e9galement connu sous le nom de sulfate de sodium ou de sel de Glauber, est un compos\u00e9 chimique qui a de nombreuses applications dans diff\u00e9rents secteurs. Il s&rsquo;agit d&rsquo;un solide cristallin blanc, inodore et tr\u00e8s soluble dans l&rsquo;eau. Le sulfate de sodium est d\u00e9riv\u00e9 de sources naturelles et synth\u00e9tiques et est utilis\u00e9 depuis des si\u00e8cles en raison de sa polyvalence et de ses propri\u00e9t\u00e9s b\u00e9n\u00e9fiques.  <\/p>\n<h3><strong>Applications du sulfate de sodium<\/strong><\/h3>\n<ol>\n<li><strong>Industrie des d\u00e9tergents<\/strong>: Le sulfate de sodium est un composant essentiel dans la fabrication des d\u00e9tergents en poudre et des savons. Il agit comme une charge et aide \u00e0 contr\u00f4ler la densit\u00e9 et les propri\u00e9t\u00e9s d&rsquo;\u00e9coulement de ces produits.<\/li>\n<li><strong>Industrie textile<\/strong>: Dans le secteur textile, le sulfate de sodium est utilis\u00e9 dans les processus de teinture. Il aide \u00e0 disperser uniform\u00e9ment les colorants et \u00e0 pr\u00e9venir la formation d&rsquo;amas de colorants sur les tissus.<\/li>\n<li><strong>Industrie de la p\u00e2te et du papier<\/strong>: Le sulfate de sodium est utilis\u00e9 dans le processus de fabrication de la p\u00e2te et du papier. Il agit comme une liqueur de cuisson dans la m\u00e9thode de fabrication de la p\u00e2te kraft, en aidant \u00e0 d\u00e9composer les fibres de bois.<\/li>\n<li><strong>Industrie du verre<\/strong>: Il est utilis\u00e9 dans le processus de fabrication du verre pour r\u00e9duire le point de fusion de la silice, ce qui facilite la mise en forme et le moulage des produits en verre.<\/li>\n<li><strong>Industrie chimique<\/strong>: Le sulfate de sodium est un r\u00e9actif courant dans diverses r\u00e9actions chimiques et processus de laboratoire, y compris la synth\u00e8se d&rsquo;autres produits chimiques.<\/li>\n<li><strong>Industrie alimentaire<\/strong>: Dans l&rsquo;industrie alimentaire, il est utilis\u00e9 comme additif alimentaire (num\u00e9ro E514) pour am\u00e9liorer la texture et la stabilit\u00e9 de certains produits alimentaires.<\/li>\n<li><strong>Construction<\/strong>: Il est utilis\u00e9 dans la production de cloisons s\u00e8ches et de plaques de pl\u00e2tre pour contr\u00f4ler le temps de prise des compos\u00e9s \u00e0 base de gypse.<\/li>\n<\/ol>\n<h3><strong>Sulfate de sodium : Avantages<\/strong><\/h3>\n<p>  L&rsquo;utilit\u00e9 du sulfate de sodium peut \u00eatre attribu\u00e9e \u00e0 plusieurs avantages cl\u00e9s :  <\/p>\n<ol>\n<li><strong>Prix abordable<\/strong>: Le sulfate de sodium est rentable, ce qui en fait une option int\u00e9ressante pour les industries qui ont besoin de grandes quantit\u00e9s de ce compos\u00e9.<\/li>\n<li><strong>Polyvalence<\/strong>: Son large \u00e9ventail d&rsquo;applications dans diff\u00e9rentes industries met en \u00e9vidence sa polyvalence en tant que compos\u00e9 chimique.<\/li>\n<li><strong>Respect de l&rsquo;<\/strong>environnement : le sulfate de sodium est non toxique et respectueux de l&rsquo;environnement. Il est peu nocif pour les \u00e9cosyst\u00e8mes lorsqu&rsquo;il est manipul\u00e9 et \u00e9limin\u00e9 correctement.<\/li>\n<li><strong>Agent de teinture efficace<\/strong>: Dans l&rsquo;industrie textile, il permet d&rsquo;obtenir des couleurs uniformes et \u00e9clatantes dans les tissus au cours du processus de teinture.<\/li>\n<li><strong>Approbation r\u00e9glementaire<\/strong>: L&rsquo;utilisation de ce produit dans diverses industries a \u00e9t\u00e9 approuv\u00e9e par des organismes de r\u00e9glementation, ce qui garantit sa s\u00e9curit\u00e9 et son ad\u00e9quation aux applications pr\u00e9vues.<\/li>\n<\/ol>\n<h3><strong>Comment le sulfate de sodium est-il fabriqu\u00e9 ?<\/strong><\/h3>\n<p>  La production de sulfate de sodium fait appel \u00e0 deux m\u00e9thodes principales :  <\/p>\n<ol>\n<li><strong>Production naturelle<\/strong>: Le sulfate de sodium peut \u00eatre trouv\u00e9 \u00e0 l&rsquo;\u00e9tat naturel dans des gisements souterrains ou en tant que sous-produit de certains processus industriels, tels que la production d&rsquo;acide chlorhydrique. Il est extrait de ces sources et raffin\u00e9 pour diverses applications.<\/li>\n<li><strong>Production synth\u00e9tique<\/strong>: La m\u00e9thode synth\u00e9tique consiste \u00e0 faire r\u00e9agir du chlorure de sodium (sel de table) avec de l&rsquo;acide sulfurique. Ce processus produit du sulfate de sodium et de l&rsquo;acide chlorhydrique comme sous-produits. Le sulfate de sodium est ensuite purifi\u00e9 et cristallis\u00e9.<\/li>\n<\/ol>\n<p>  En conclusion, le sulfate de sodium est un compos\u00e9 polyvalent qui poss\u00e8de un large \u00e9ventail d&rsquo;applications dans des industries allant des textiles aux d\u00e9tergents et au-del\u00e0. Sa rentabilit\u00e9, son respect de l&rsquo;environnement et son efficacit\u00e9 dans divers processus en font un \u00e9l\u00e9ment pr\u00e9cieux dans de nombreux processus industriels et de fabrication. La compr\u00e9hension de ses avantages et de ses m\u00e9thodes de production souligne son importance dans les applications industrielles et commerciales modernes.<\/p>\n","protected":false},"excerpt":{"rendered":"<p>Qu&rsquo;est-ce que le sulfate de sodium ? Le sulfate de sodium, \u00e9galement connu sous le nom de sulfate de sodium ou de sel de Glauber, est un compos\u00e9 chimique qui a de nombreuses applications dans diff\u00e9rents secteurs. Il s&rsquo;agit d&rsquo;un solide cristallin blanc, inodore et tr\u00e8s soluble dans l&rsquo;eau. Le sulfate de sodium est d\u00e9riv\u00e9 [&hellip;]<\/p>\n","protected":false},"featured_media":796,"template":"","meta":{"ocean_post_layout":"","ocean_both_sidebars_style":"","ocean_both_sidebars_content_width":0,"ocean_both_sidebars_sidebars_width":0,"ocean_sidebar":"0","ocean_second_sidebar":"0","ocean_disable_margins":"enable","ocean_add_body_class":"","ocean_shortcode_before_top_bar":"","ocean_shortcode_after_top_bar":"","ocean_shortcode_before_header":"","ocean_shortcode_after_header":"","ocean_has_shortcode":"","ocean_shortcode_after_title":"","ocean_shortcode_before_footer_widgets":"","ocean_shortcode_after_footer_widgets":"","ocean_shortcode_before_footer_bottom":"","ocean_shortcode_after_footer_bottom":"","ocean_display_top_bar":"default","ocean_display_header":"default","ocean_header_style":"","ocean_center_header_left_menu":"0","ocean_custom_header_template":"0","ocean_custom_logo":0,"ocean_custom_retina_logo":0,"ocean_custom_logo_max_width":0,"ocean_custom_logo_tablet_max_width":0,"ocean_custom_logo_mobile_max_width":0,"ocean_custom_logo_max_height":0,"ocean_custom_logo_tablet_max_height":0,"ocean_custom_logo_mobile_max_height":0,"ocean_header_custom_menu":"0","ocean_menu_typo_font_family":"0","ocean_menu_typo_font_subset":"","ocean_menu_typo_font_size":0,"ocean_menu_typo_font_size_tablet":0,"ocean_menu_typo_font_size_mobile":0,"ocean_menu_typo_font_size_unit":"px","ocean_menu_typo_font_weight":"","ocean_menu_typo_font_weight_tablet":"","ocean_menu_typo_font_weight_mobile":"","ocean_menu_typo_transform":"","ocean_menu_typo_transform_tablet":"","ocean_menu_typo_transform_mobile":"","ocean_menu_typo_line_height":0,"ocean_menu_typo_line_height_tablet":0,"ocean_menu_typo_line_height_mobile":0,"ocean_menu_typo_line_height_unit":"","ocean_menu_typo_spacing":0,"ocean_menu_typo_spacing_tablet":0,"ocean_menu_typo_spacing_mobile":0,"ocean_menu_typo_spacing_unit":"","ocean_menu_link_color":"","ocean_menu_link_color_hover":"","ocean_menu_link_color_active":"","ocean_menu_link_background":"","ocean_menu_link_hover_background":"","ocean_menu_link_active_background":"","ocean_menu_social_links_bg":"","ocean_menu_social_hover_links_bg":"","ocean_menu_social_links_color":"","ocean_menu_social_hover_links_color":"","ocean_disable_title":"default","ocean_disable_heading":"default","ocean_post_title":"","ocean_post_subheading":"","ocean_post_title_style":"","ocean_post_title_background_color":"","ocean_post_title_background":0,"ocean_post_title_bg_image_position":"","ocean_post_title_bg_image_attachment":"","ocean_post_title_bg_image_repeat":"","ocean_post_title_bg_image_size":"","ocean_post_title_height":0,"ocean_post_title_bg_overlay":0.5,"ocean_post_title_bg_overlay_color":"","ocean_disable_breadcrumbs":"default","ocean_breadcrumbs_color":"","ocean_breadcrumbs_separator_color":"","ocean_breadcrumbs_links_color":"","ocean_breadcrumbs_links_hover_color":"","ocean_display_footer_widgets":"default","ocean_display_footer_bottom":"default","ocean_custom_footer_template":"0"},"product_brand":[],"product_cat":[55],"product_tag":[],"class_list":{"0":"post-1872","1":"product","2":"type-product","3":"status-publish","4":"has-post-thumbnail","6":"product_cat-detergents-fr","8":"entry","9":"has-media","11":"first","12":"instock","13":"shipping-taxable","14":"product-type-simple","15":"col","16":"span_1_of_3","17":"owp-content-center","18":"owp-thumbs-layout-horizontal","19":"owp-btn-normal","20":"owp-tabs-layout-section","21":"has-no-thumbnails"},"_links":{"self":[{"href":"https:\/\/matcochemicals.com\/fr\/wp-json\/wp\/v2\/product\/1872","targetHints":{"allow":["GET"]}}],"collection":[{"href":"https:\/\/matcochemicals.com\/fr\/wp-json\/wp\/v2\/product"}],"about":[{"href":"https:\/\/matcochemicals.com\/fr\/wp-json\/wp\/v2\/types\/product"}],"wp:featuredmedia":[{"embeddable":true,"href":"https:\/\/matcochemicals.com\/fr\/wp-json\/wp\/v2\/media\/796"}],"wp:attachment":[{"href":"https:\/\/matcochemicals.com\/fr\/wp-json\/wp\/v2\/media?parent=1872"}],"wp:term":[{"taxonomy":"product_brand","embeddable":true,"href":"https:\/\/matcochemicals.com\/fr\/wp-json\/wp\/v2\/product_brand?post=1872"},{"taxonomy":"product_cat","embeddable":true,"href":"https:\/\/matcochemicals.com\/fr\/wp-json\/wp\/v2\/product_cat?post=1872"},{"taxonomy":"product_tag","embeddable":true,"href":"https:\/\/matcochemicals.com\/fr\/wp-json\/wp\/v2\/product_tag?post=1872"}],"curies":[{"name":"wp","href":"https:\/\/api.w.org\/{rel}","templated":true}]}}