{"id":1857,"date":"2023-11-12T07:26:16","date_gmt":"2023-11-12T07:26:16","guid":{"rendered":"https:\/\/matcochemicals.com\/products\/dtpmpa-na-sel-25-acide-aquacid-1067-ex\/"},"modified":"2024-09-06T14:18:29","modified_gmt":"2024-09-06T14:18:29","slug":"dtpmpa-na-sel-25-acide-aquacid-1067-ex","status":"publish","type":"product","link":"https:\/\/matcochemicals.com\/fr\/product\/dtpmpa-na-sel-25-acide-aquacid-1067-ex\/","title":{"rendered":"DTPMPA Na-sel 25% acide = Aquacid 1067 EX"},"content":{"rendered":"<h3><strong>Qu&rsquo;est-ce que DTMPA Aquacid 1067 EX ?<\/strong><\/h3>\n<p>  DTMPA Aquacid 1067 EX, \u00e9galement connu sous le nom de Diethylenetriaminepenta (methylene phosphonic acid), est un compos\u00e9 chimique essentiel utilis\u00e9 dans diverses applications industrielles et commerciales. Commercialis\u00e9 sous la marque renomm\u00e9e AQUACID 106 EX, le DTMPA est appr\u00e9ci\u00e9 pour ses propri\u00e9t\u00e9s exceptionnelles d&rsquo;inhibiteur de tartre \u00e0 seuil et de s\u00e9questrant d&rsquo;ions m\u00e9talliques. Avec une formule mol\u00e9culaire de C9H28N3O15P5 et un poids mol\u00e9culaire de 573, il joue un r\u00f4le crucial dans la pr\u00e9vention de la formation d&rsquo;\u00e9cailles de carbonate, de sulfate et de phosphate dans les processus li\u00e9s \u00e0 l&rsquo;eau.  <\/p>\n<h3><strong>Applications de DTMPA Aquacid 1067 EX<\/strong><\/h3>\n<ol>\n<li><strong>Traitement de l&rsquo;eau<\/strong>: DTMPA Aquacid 1067 EX est largement utilis\u00e9 dans les formulations de traitement de l&rsquo;eau. Il inhibe efficacement la formation de tartre, garantissant ainsi le fonctionnement efficace des syst\u00e8mes de traitement de l&rsquo;eau.<\/li>\n<li><strong>D\u00e9tergents et produits<\/strong> de soins personnels : Ce compos\u00e9 polyvalent sert d&rsquo;additif dans les formulations de d\u00e9tergents et de produits de soins personnels. Ses propri\u00e9t\u00e9s d&rsquo;inhibition de l&rsquo;entartrage sont pr\u00e9cieuses pour maintenir la qualit\u00e9 et les performances de ces produits.<\/li>\n<li><strong>Nettoyants industriels et institutionnels<\/strong>: DTMPA Aquacid 1067 EX joue un r\u00f4le essentiel dans les applications de nettoyage industriel et institutionnel. Il aide \u00e0 pr\u00e9venir l&rsquo;accumulation de tartre dans les \u00e9quipements de nettoyage et garantit l&rsquo;efficacit\u00e9 des formules de nettoyage.<\/li>\n<li><strong>Additif pour champs p\u00e9troliers<\/strong>: Dans l&rsquo;industrie du p\u00e9trole et du gaz, DTMPA Aquacid 1067 EX est utilis\u00e9 comme inhibiteur de tartre. Il aide \u00e0 contr\u00f4ler la formation de tartre dans les puits et les \u00e9quipements de production, am\u00e9liorant ainsi l&rsquo;efficacit\u00e9 op\u00e9rationnelle.<\/li>\n<li><strong>Industries du textile et du cuir<\/strong>: DTMPA Aquacid 1067 EX est utilis\u00e9 dans l&rsquo;industrie textile comme stabilisateur de blanchiment au peroxyde et dans l&rsquo;industrie du cuir comme produit chimique auxiliaire. Sa capacit\u00e9 \u00e0 pr\u00e9venir la formation de tartre est particuli\u00e8rement b\u00e9n\u00e9fique dans ces applications.<\/li>\n<\/ol>\n<h3><strong>DTMPA Aquacid 1067 EX : Avantages<\/strong><\/h3>\n<p>  Les caract\u00e9ristiques exceptionnelles de DTMPA Aquacid 1067 EX sont les suivantes :  <\/p>\n<ol>\n<li><strong>Inhibition efficace du<\/strong> tartre : Le DTMPA est un inhibiteur de tartre \u00e0 seuil tr\u00e8s efficace, capable de pr\u00e9venir la formation de tartre \u00e0 des niveaux de dosage tr\u00e8s faibles, m\u00eame \u00e0 des concentrations sous-st\u0153chiom\u00e9triques calcul\u00e9es en fonction de la duret\u00e9 de l&rsquo;eau.<\/li>\n<li><strong>S\u00e9questration des<\/strong> ions m\u00e9talliques : Il pr\u00e9sente des propri\u00e9t\u00e9s exceptionnelles de s\u00e9questration des ions m\u00e9talliques \u00e0 des concentrations st\u0153chiom\u00e9triques, ce qui le rend adapt\u00e9 \u00e0 diverses applications.<\/li>\n<li><strong>Stabilit\u00e9 hydrolytique et thermique<\/strong>: DTMPA Aquacid 1067 EX reste stable sur une large gamme de valeurs de pH et \u00e0 des temp\u00e9ratures \u00e9lev\u00e9es, ce qui le rend adapt\u00e9 aux applications \u00e0 haute temp\u00e9rature.<\/li>\n<\/ol>\n<h3><strong>Comment DTMPA Aquacid 1067 EX est-il fabriqu\u00e9 ?<\/strong><\/h3>\n<p>  La production du DTMPA Aquacid 1067 EX implique une s\u00e9rie d&rsquo;\u00e9tapes bien d\u00e9finies :  <\/p>\n<ol>\n<li><strong>Mati\u00e8res premi\u00e8res<\/strong>: Les mati\u00e8res premi\u00e8res primaires comprennent la di\u00e9thyl\u00e8netriamine, l&rsquo;acide phosphoreux et d&rsquo;autres produits chimiques n\u00e9cessaires \u00e0 la synth\u00e8se.<\/li>\n<li><strong>Synth\u00e8se<\/strong>: Ces mati\u00e8res premi\u00e8res subissent une r\u00e9action chimique pour produire le DTMPA Aquacid 1067 EX.<\/li>\n<li><strong>Purification<\/strong>: Le m\u00e9lange obtenu est purifi\u00e9 pour \u00e9liminer les impuret\u00e9s et tout produit de d\u00e9part n&rsquo;ayant pas r\u00e9agi.<\/li>\n<li><strong>Formulation<\/strong>: Le DTMPA Aquacid 1067 EX purifi\u00e9 est formul\u00e9 en une solution adapt\u00e9e \u00e0 diverses applications industrielles.<\/li>\n<\/ol>\n<p>  En conclusion, le DTMPA Aquacid 1067 EX est un compos\u00e9 chimique polyvalent aux propri\u00e9t\u00e9s multifonctionnelles, ce qui en fait un composant inestimable dans divers processus industriels et commerciaux. Sa capacit\u00e9 \u00e0 inhiber la formation de tartre, \u00e0 s\u00e9questrer les ions m\u00e9talliques et \u00e0 maintenir sa stabilit\u00e9 dans diverses conditions souligne son importance dans les industries qui d\u00e9pendent du traitement de l&rsquo;eau, du nettoyage et de la lutte contre le tartre.<\/p>\n","protected":false},"excerpt":{"rendered":"<p>Qu&rsquo;est-ce que DTMPA Aquacid 1067 EX ? DTMPA Aquacid 1067 EX, \u00e9galement connu sous le nom de Diethylenetriaminepenta (methylene phosphonic acid), est un compos\u00e9 chimique essentiel utilis\u00e9 dans diverses applications industrielles et commerciales. Commercialis\u00e9 sous la marque renomm\u00e9e AQUACID 106 EX, le DTMPA est appr\u00e9ci\u00e9 pour ses propri\u00e9t\u00e9s exceptionnelles d&rsquo;inhibiteur de tartre \u00e0 seuil et [&hellip;]<\/p>\n","protected":false},"featured_media":0,"template":"","meta":{"ocean_post_layout":"","ocean_both_sidebars_style":"","ocean_both_sidebars_content_width":0,"ocean_both_sidebars_sidebars_width":0,"ocean_sidebar":"","ocean_second_sidebar":"","ocean_disable_margins":"enable","ocean_add_body_class":"","ocean_shortcode_before_top_bar":"","ocean_shortcode_after_top_bar":"","ocean_shortcode_before_header":"","ocean_shortcode_after_header":"","ocean_has_shortcode":"","ocean_shortcode_after_title":"","ocean_shortcode_before_footer_widgets":"","ocean_shortcode_after_footer_widgets":"","ocean_shortcode_before_footer_bottom":"","ocean_shortcode_after_footer_bottom":"","ocean_display_top_bar":"default","ocean_display_header":"default","ocean_header_style":"","ocean_center_header_left_menu":"","ocean_custom_header_template":"","ocean_custom_logo":0,"ocean_custom_retina_logo":0,"ocean_custom_logo_max_width":0,"ocean_custom_logo_tablet_max_width":0,"ocean_custom_logo_mobile_max_width":0,"ocean_custom_logo_max_height":0,"ocean_custom_logo_tablet_max_height":0,"ocean_custom_logo_mobile_max_height":0,"ocean_header_custom_menu":"","ocean_menu_typo_font_family":"","ocean_menu_typo_font_subset":"","ocean_menu_typo_font_size":0,"ocean_menu_typo_font_size_tablet":0,"ocean_menu_typo_font_size_mobile":0,"ocean_menu_typo_font_size_unit":"px","ocean_menu_typo_font_weight":"","ocean_menu_typo_font_weight_tablet":"","ocean_menu_typo_font_weight_mobile":"","ocean_menu_typo_transform":"","ocean_menu_typo_transform_tablet":"","ocean_menu_typo_transform_mobile":"","ocean_menu_typo_line_height":0,"ocean_menu_typo_line_height_tablet":0,"ocean_menu_typo_line_height_mobile":0,"ocean_menu_typo_line_height_unit":"","ocean_menu_typo_spacing":0,"ocean_menu_typo_spacing_tablet":0,"ocean_menu_typo_spacing_mobile":0,"ocean_menu_typo_spacing_unit":"","ocean_menu_link_color":"","ocean_menu_link_color_hover":"","ocean_menu_link_color_active":"","ocean_menu_link_background":"","ocean_menu_link_hover_background":"","ocean_menu_link_active_background":"","ocean_menu_social_links_bg":"","ocean_menu_social_hover_links_bg":"","ocean_menu_social_links_color":"","ocean_menu_social_hover_links_color":"","ocean_disable_title":"default","ocean_disable_heading":"default","ocean_post_title":"","ocean_post_subheading":"","ocean_post_title_style":"","ocean_post_title_background_color":"","ocean_post_title_background":0,"ocean_post_title_bg_image_position":"","ocean_post_title_bg_image_attachment":"","ocean_post_title_bg_image_repeat":"","ocean_post_title_bg_image_size":"","ocean_post_title_height":0,"ocean_post_title_bg_overlay":0.5,"ocean_post_title_bg_overlay_color":"","ocean_disable_breadcrumbs":"default","ocean_breadcrumbs_color":"","ocean_breadcrumbs_separator_color":"","ocean_breadcrumbs_links_color":"","ocean_breadcrumbs_links_hover_color":"","ocean_display_footer_widgets":"default","ocean_display_footer_bottom":"default","ocean_custom_footer_template":""},"product_brand":[],"product_cat":[66,55,59],"product_tag":[],"class_list":{"0":"post-1857","1":"product","2":"type-product","3":"status-publish","5":"product_cat-entretien-de-la-maison-et-de-la-voiture","6":"product_cat-detergents-fr","7":"product_cat-phosphonates-fr-2","9":"entry","11":"first","12":"instock","13":"shipping-taxable","14":"product-type-simple","15":"col","16":"span_1_of_3","17":"owp-content-center","18":"owp-thumbs-layout-horizontal","19":"owp-btn-normal","20":"owp-tabs-layout-section","21":"has-no-thumbnails"},"_links":{"self":[{"href":"https:\/\/matcochemicals.com\/fr\/wp-json\/wp\/v2\/product\/1857","targetHints":{"allow":["GET"]}}],"collection":[{"href":"https:\/\/matcochemicals.com\/fr\/wp-json\/wp\/v2\/product"}],"about":[{"href":"https:\/\/matcochemicals.com\/fr\/wp-json\/wp\/v2\/types\/product"}],"wp:attachment":[{"href":"https:\/\/matcochemicals.com\/fr\/wp-json\/wp\/v2\/media?parent=1857"}],"wp:term":[{"taxonomy":"product_brand","embeddable":true,"href":"https:\/\/matcochemicals.com\/fr\/wp-json\/wp\/v2\/product_brand?post=1857"},{"taxonomy":"product_cat","embeddable":true,"href":"https:\/\/matcochemicals.com\/fr\/wp-json\/wp\/v2\/product_cat?post=1857"},{"taxonomy":"product_tag","embeddable":true,"href":"https:\/\/matcochemicals.com\/fr\/wp-json\/wp\/v2\/product_tag?post=1857"}],"curies":[{"name":"wp","href":"https:\/\/api.w.org\/{rel}","templated":true}]}}