{"id":1846,"date":"2023-12-06T13:12:20","date_gmt":"2023-12-06T13:12:20","guid":{"rendered":"https:\/\/matcochemicals.com\/products\/hedp-60-acide-aquacid-105-ex\/"},"modified":"2024-09-06T14:19:29","modified_gmt":"2024-09-06T14:19:29","slug":"hedp-60-acide-aquacid-105-ex","status":"publish","type":"product","link":"https:\/\/matcochemicals.com\/fr\/product\/hedp-60-acide-aquacid-105-ex\/","title":{"rendered":"HEDP 60% acide = Aquacid 105 EX"},"content":{"rendered":"<h3><strong>Qu&rsquo;est-ce que HEDP Aquacid 105 EX ?<\/strong><\/h3>\n<p>  HEDP Aquacid 105 EX, \u00e9galement connu sous le nom de 1-Hydroxy Ethylidene-1,1-Diphosphonic Acid, est un compos\u00e9 chimique tr\u00e8s polyvalent. Il s&rsquo;agit d&rsquo;un composant cl\u00e9 de la gamme de produits AQUACID et il est r\u00e9put\u00e9 pour ses propri\u00e9t\u00e9s multifonctionnelles, principalement ax\u00e9es sur l&rsquo;inhibition du tartre et le contr\u00f4le de la corrosion. Le HEDP est reconnu comme un excellent agent complexant pour divers ions m\u00e9talliques, notamment le Fe, le Cu et le Zn. Il pr\u00e9sente notamment une stabilit\u00e9 chimique exceptionnelle, m\u00eame dans des conditions de pH \u00e9lev\u00e9, et sa r\u00e9sistance \u00e0 l&rsquo;hydrolyse et \u00e0 la d\u00e9composition dans des conditions normales de lumi\u00e8re et de chaleur souligne encore sa fiabilit\u00e9.  <\/p>\n<h3><strong>Applications de HEDP Aquacid 105 EX<\/strong><\/h3>\n<ol>\n<li><strong>Traitement de l&rsquo;eau<\/strong>: HEDP Aquacid 105 EX est largement utilis\u00e9 dans les processus de traitement de l&rsquo;eau, o\u00f9 il excelle dans la pr\u00e9vention de la formation de tartre et de la corrosion dans des syst\u00e8mes tels que les syst\u00e8mes de circulation d&rsquo;eau de refroidissement et les chaudi\u00e8res \u00e0 basse pression. Il est particuli\u00e8rement utile dans les applications p\u00e9troli\u00e8res, y compris l&rsquo;\u00e9nergie \u00e9lectrique, les raffineries, l&rsquo;industrie chimique, la production d&rsquo;engrais et la m\u00e9tallurgie.<\/li>\n<li><strong>D\u00e9tergents<\/strong>: Le HEDP est un agent ch\u00e9lateur essentiel dans les formulations de d\u00e9tergents, contribuant \u00e0 l&rsquo;\u00e9limination efficace des d\u00e9p\u00f4ts min\u00e9raux et am\u00e9liorant l&rsquo;efficacit\u00e9 du nettoyage.<\/li>\n<li><strong>Proc\u00e9d\u00e9s industriels<\/strong>: Les industries telles que le textile, la fabrication du papier et les soins personnels utilisent HEDP Aquacid 105 EX dans diverses applications. Il joue un r\u00f4le essentiel dans la formulation d&rsquo;antitartres pour les membranes d&rsquo;osmose inverse (OI), d&rsquo;antitartres pour le dessalement thermique et de traitements pour les st\u00e9rilisateurs.<\/li>\n<li><strong>Utilisations sp\u00e9cialis\u00e9es<\/strong>: Le HEDP est utilis\u00e9 dans des applications sp\u00e9cialis\u00e9es, notamment la stabilisation des peroxydes, la ch\u00e9lation de la galvanoplastie et les processus de fixation des colorants.<\/li>\n<\/ol>\n<h3><strong>HEDP Aquacid 105 EX : Avantages<\/strong><\/h3>\n<p>  Les avantages de HEDP Aquacid 105 EX sont significatifs et comprennent notamment  <\/p>\n<ol>\n<li><strong>Inhibition du tar<\/strong>tre : Le HEDP emp\u00eache efficacement la formation de d\u00e9p\u00f4ts de calcaire, garantissant ainsi le bon fonctionnement des \u00e9quipements et des syst\u00e8mes.<\/li>\n<li><strong>Contr\u00f4le de la corrosion<\/strong>: Il sert d&rsquo;inhibiteur de corrosion, prot\u00e9geant les composants critiques de la d\u00e9t\u00e9rioration.<\/li>\n<li><strong>Agent complexant<\/strong>: la capacit\u00e9 du HEDP \u00e0 se complexer avec divers ions m\u00e9talliques renforce son utilit\u00e9 dans de nombreux processus industriels.<\/li>\n<li><strong>Stabilit\u00e9 chimique<\/strong>: M\u00eame dans des conditions de pH \u00e9lev\u00e9, le HEDP pr\u00e9sente une stabilit\u00e9 chimique remarquable, ce qui contribue \u00e0 sa fiabilit\u00e9 dans diverses applications.<\/li>\n<li><strong>Polyvalence<\/strong>: Sa polyvalence s&rsquo;\u00e9tend \u00e0 un large \u00e9ventail d&rsquo;industries, o\u00f9 il permet de relever les d\u00e9fis de l&rsquo;entartrage et de la corrosion.<\/li>\n<\/ol>\n<h3><strong>Comment HEDP Aquacid 105 EX est-il fabriqu\u00e9 ?<\/strong><\/h3>\n<p>  La production de HEDP Aquacid 105 EX comporte plusieurs \u00e9tapes :  <\/p>\n<ol>\n<li><strong>Mati\u00e8res premi\u00e8res<\/strong>: Les principales mati\u00e8res premi\u00e8res utilis\u00e9es dans la production de HEDP sont le trichlorure de phosphore et le formald\u00e9hyde.<\/li>\n<li><strong>Synth\u00e8se<\/strong>: Ces mati\u00e8res premi\u00e8res subissent une r\u00e9action chimique pour produire HEDP Aquacid 105 EX.<\/li>\n<li><strong>Purification<\/strong>: Le m\u00e9lange obtenu est soumis \u00e0 des processus de purification pour \u00e9liminer les impuret\u00e9s et les sous-produits.<\/li>\n<li><strong>Formulation<\/strong>: Le HEDP Aquacid 105 EX purifi\u00e9 est ensuite formul\u00e9 dans le produit liquide ou solide souhait\u00e9, adapt\u00e9 \u00e0 une utilisation industrielle.<\/li>\n<\/ol>\n<p>  En conclusion, HEDP Aquacid 105 EX est un compos\u00e9 chimique polyvalent qui trouve des applications dans diverses industries, o\u00f9 ses propri\u00e9t\u00e9s d&rsquo;inhibition de l&rsquo;entartrage et de contr\u00f4le de la corrosion le rendent inestimable. Sa stabilit\u00e9 chimique et son efficacit\u00e9 dans la formation de complexes avec les ions m\u00e9talliques soulignent son importance dans le traitement de l&rsquo;eau, les formulations de d\u00e9tergents et les processus industriels sp\u00e9cialis\u00e9s. La compr\u00e9hension des avantages et du processus de production de HEDP Aquacid 105 EX met en \u00e9vidence son r\u00f4le essentiel pour assurer l&rsquo;efficacit\u00e9 et la long\u00e9vit\u00e9 des \u00e9quipements et des syst\u00e8mes dans divers secteurs industriels.<\/p>\n","protected":false},"excerpt":{"rendered":"<p>Qu&rsquo;est-ce que HEDP Aquacid 105 EX ? HEDP Aquacid 105 EX, \u00e9galement connu sous le nom de 1-Hydroxy Ethylidene-1,1-Diphosphonic Acid, est un compos\u00e9 chimique tr\u00e8s polyvalent. Il s&rsquo;agit d&rsquo;un composant cl\u00e9 de la gamme de produits AQUACID et il est r\u00e9put\u00e9 pour ses propri\u00e9t\u00e9s multifonctionnelles, principalement ax\u00e9es sur l&rsquo;inhibition du tartre et le contr\u00f4le de [&hellip;]<\/p>\n","protected":false},"featured_media":0,"template":"","meta":{"ocean_post_layout":"","ocean_both_sidebars_style":"","ocean_both_sidebars_content_width":0,"ocean_both_sidebars_sidebars_width":0,"ocean_sidebar":"","ocean_second_sidebar":"","ocean_disable_margins":"enable","ocean_add_body_class":"","ocean_shortcode_before_top_bar":"","ocean_shortcode_after_top_bar":"","ocean_shortcode_before_header":"","ocean_shortcode_after_header":"","ocean_has_shortcode":"","ocean_shortcode_after_title":"","ocean_shortcode_before_footer_widgets":"","ocean_shortcode_after_footer_widgets":"","ocean_shortcode_before_footer_bottom":"","ocean_shortcode_after_footer_bottom":"","ocean_display_top_bar":"default","ocean_display_header":"default","ocean_header_style":"","ocean_center_header_left_menu":"","ocean_custom_header_template":"","ocean_custom_logo":0,"ocean_custom_retina_logo":0,"ocean_custom_logo_max_width":0,"ocean_custom_logo_tablet_max_width":0,"ocean_custom_logo_mobile_max_width":0,"ocean_custom_logo_max_height":0,"ocean_custom_logo_tablet_max_height":0,"ocean_custom_logo_mobile_max_height":0,"ocean_header_custom_menu":"","ocean_menu_typo_font_family":"","ocean_menu_typo_font_subset":"","ocean_menu_typo_font_size":0,"ocean_menu_typo_font_size_tablet":0,"ocean_menu_typo_font_size_mobile":0,"ocean_menu_typo_font_size_unit":"px","ocean_menu_typo_font_weight":"","ocean_menu_typo_font_weight_tablet":"","ocean_menu_typo_font_weight_mobile":"","ocean_menu_typo_transform":"","ocean_menu_typo_transform_tablet":"","ocean_menu_typo_transform_mobile":"","ocean_menu_typo_line_height":0,"ocean_menu_typo_line_height_tablet":0,"ocean_menu_typo_line_height_mobile":0,"ocean_menu_typo_line_height_unit":"","ocean_menu_typo_spacing":0,"ocean_menu_typo_spacing_tablet":0,"ocean_menu_typo_spacing_mobile":0,"ocean_menu_typo_spacing_unit":"","ocean_menu_link_color":"","ocean_menu_link_color_hover":"","ocean_menu_link_color_active":"","ocean_menu_link_background":"","ocean_menu_link_hover_background":"","ocean_menu_link_active_background":"","ocean_menu_social_links_bg":"","ocean_menu_social_hover_links_bg":"","ocean_menu_social_links_color":"","ocean_menu_social_hover_links_color":"","ocean_disable_title":"default","ocean_disable_heading":"default","ocean_post_title":"","ocean_post_subheading":"","ocean_post_title_style":"","ocean_post_title_background_color":"","ocean_post_title_background":0,"ocean_post_title_bg_image_position":"","ocean_post_title_bg_image_attachment":"","ocean_post_title_bg_image_repeat":"","ocean_post_title_bg_image_size":"","ocean_post_title_height":0,"ocean_post_title_bg_overlay":0.5,"ocean_post_title_bg_overlay_color":"","ocean_disable_breadcrumbs":"default","ocean_breadcrumbs_color":"","ocean_breadcrumbs_separator_color":"","ocean_breadcrumbs_links_color":"","ocean_breadcrumbs_links_hover_color":"","ocean_display_footer_widgets":"default","ocean_display_footer_bottom":"default","ocean_custom_footer_template":""},"product_brand":[],"product_cat":[66,55,59],"product_tag":[],"class_list":{"0":"post-1846","1":"product","2":"type-product","3":"status-publish","5":"product_cat-entretien-de-la-maison-et-de-la-voiture","6":"product_cat-detergents-fr","7":"product_cat-phosphonates-fr-2","9":"entry","11":"first","12":"instock","13":"shipping-taxable","14":"product-type-simple","15":"col","16":"span_1_of_3","17":"owp-content-center","18":"owp-thumbs-layout-horizontal","19":"owp-btn-normal","20":"owp-tabs-layout-section","21":"has-no-thumbnails"},"_links":{"self":[{"href":"https:\/\/matcochemicals.com\/fr\/wp-json\/wp\/v2\/product\/1846","targetHints":{"allow":["GET"]}}],"collection":[{"href":"https:\/\/matcochemicals.com\/fr\/wp-json\/wp\/v2\/product"}],"about":[{"href":"https:\/\/matcochemicals.com\/fr\/wp-json\/wp\/v2\/types\/product"}],"wp:attachment":[{"href":"https:\/\/matcochemicals.com\/fr\/wp-json\/wp\/v2\/media?parent=1846"}],"wp:term":[{"taxonomy":"product_brand","embeddable":true,"href":"https:\/\/matcochemicals.com\/fr\/wp-json\/wp\/v2\/product_brand?post=1846"},{"taxonomy":"product_cat","embeddable":true,"href":"https:\/\/matcochemicals.com\/fr\/wp-json\/wp\/v2\/product_cat?post=1846"},{"taxonomy":"product_tag","embeddable":true,"href":"https:\/\/matcochemicals.com\/fr\/wp-json\/wp\/v2\/product_tag?post=1846"}],"curies":[{"name":"wp","href":"https:\/\/api.w.org\/{rel}","templated":true}]}}