{"id":1843,"date":"2023-11-02T01:57:09","date_gmt":"2023-11-02T01:57:09","guid":{"rendered":"https:\/\/matcochemicals.com\/products\/acide-phosphorique\/"},"modified":"2024-09-06T14:18:02","modified_gmt":"2024-09-06T14:18:02","slug":"acide-phosphorique","status":"publish","type":"product","link":"https:\/\/matcochemicals.com\/fr\/product\/acide-phosphorique\/","title":{"rendered":"Acide phosphorique"},"content":{"rendered":"<h3><strong>Qu&rsquo;est-ce que l&rsquo;acide phosphorique ?<\/strong><\/h3>\n<p>  L&rsquo;acide phosphorique, \u00e9galement connu sous le nom d&rsquo;acide orthophosphorique, est un acide min\u00e9ral fort dont la formule chimique est H\u2083PO\u2084. C&rsquo;est l&rsquo;un des acides les plus utilis\u00e9s et les plus importants dans l&rsquo;industrie chimique et dans diverses applications en raison de ses propri\u00e9t\u00e9s polyvalentes. L&rsquo;acide phosphorique est un liquide incolore et inodore qui peut \u00eatre soit une solution concentr\u00e9e, soit un solide sous sa forme anhydre. Il joue un r\u00f4le essentiel dans une multitude de processus industriels et de produits de la vie courante.  <\/p>\n<h3><strong>Applications de l&rsquo;acide phosphorique<\/strong><\/h3>\n<ol>\n<li><strong>Industrie alimentaire et des boissons<\/strong>: L&rsquo;acide phosphorique est couramment utilis\u00e9 dans l&rsquo;industrie alimentaire et des boissons comme acidulant, exhausteur de go\u00fbt et r\u00e9gulateur de pH. Il s&rsquo;agit d&rsquo;un ingr\u00e9dient cl\u00e9 des boissons gazeuses, qui contribue \u00e0 leur acidit\u00e9 et agit comme conservateur.<\/li>\n<li><strong>Produits pharmaceutiques<\/strong>: Dans l&rsquo;industrie pharmaceutique, l&rsquo;acide phosphorique est utilis\u00e9 dans la production de divers m\u00e9dicaments et comme excipient dans les formulations de m\u00e9dicaments. Il est \u00e9galement utilis\u00e9 dans la pr\u00e9paration de certains interm\u00e9diaires pharmaceutiques.<\/li>\n<li>L&rsquo;<strong>agriculture<\/strong>: L&rsquo;acide phosphorique est un composant essentiel des engrais, en particulier ceux utilis\u00e9s pour les cultures qui n\u00e9cessitent une forte teneur en phosphore. Il contribue \u00e0 am\u00e9liorer la fertilit\u00e9 des sols et favorise la croissance des plantes.<\/li>\n<li><strong>D\u00e9tergents et produits<\/strong> de nettoyage : Il est utilis\u00e9 dans les d\u00e9tergents et les produits de nettoyage comme adjuvant du pH et comme adjuvant. L&rsquo;acide phosphorique peut \u00e9liminer efficacement les d\u00e9p\u00f4ts d&rsquo;eau dure et le tartre des surfaces.<\/li>\n<li><strong>\u00c9limination de la rou<\/strong>ille : L&rsquo;acide phosphorique est utilis\u00e9 pour le d\u00e9rouillage et la transformation de diverses surfaces, y compris les m\u00e9taux. Il peut transformer l&rsquo;oxyde de fer (rouille) en un compos\u00e9 plus stable.<\/li>\n<\/ol>\n<h3><strong>Acide phosphorique : Avantages<\/strong><\/h3>\n<p>  L&rsquo;utilisation de l&rsquo;acide phosphorique pr\u00e9sente plusieurs avantages importants :  <\/p>\n<ol>\n<li><strong>Propri\u00e9t\u00e9s acides<\/strong>: La forte acidit\u00e9 de l&rsquo;acide phosphorique lui permet d&rsquo;ajuster le pH des produits et des solutions, ce qui est crucial dans divers processus industriels.<\/li>\n<li><strong>Am\u00e9lioration de la saveur<\/strong>: Il apporte un go\u00fbt acidul\u00e9 et rafra\u00eechissant aux boissons, ce qui en fait un choix privil\u00e9gi\u00e9 pour de nombreuses formulations de boissons non alcoolis\u00e9es.<\/li>\n<li><strong>Production d&rsquo;engrais<\/strong>: L&rsquo;acide phosphorique est essentiel \u00e0 la fabrication d&rsquo;engrais qui am\u00e9liorent le rendement et la qualit\u00e9 des cultures, jouant ainsi un r\u00f4le crucial dans l&rsquo;agriculture mondiale.<\/li>\n<li><strong>Inhibition de la corrosion<\/strong>: Dans les applications industrielles, l&rsquo;acide phosphorique peut agir comme un inhibiteur de rouille, prot\u00e9geant les surfaces m\u00e9talliques de la corrosion.<\/li>\n<\/ol>\n<h3><strong>Fabrication de l&rsquo;acide phosphorique<\/strong><\/h3>\n<p>  L&rsquo;acide phosphorique est g\u00e9n\u00e9ralement produit par l&rsquo;une des trois m\u00e9thodes principales :  <\/p>\n<ol>\n<li><strong>Proc\u00e9d\u00e9 humide<\/strong>: L&rsquo;acide phosphorique est synth\u00e9tis\u00e9 en faisant r\u00e9agir la roche phosphat\u00e9e avec de l&rsquo;acide sulfurique. Cette m\u00e9thode permet d&rsquo;obtenir une forme dilu\u00e9e d&rsquo;acide phosphorique, qui peut \u00eatre concentr\u00e9e davantage si n\u00e9cessaire.<\/li>\n<li><strong>Proc\u00e9d\u00e9 thermique<\/strong>: L&rsquo;acide phosphorique peut \u00e9galement \u00eatre produit en chauffant du phosphate d&rsquo;ammonium, qui se d\u00e9compose pour lib\u00e9rer des vapeurs d&rsquo;acide phosphorique. Cette vapeur est ensuite condens\u00e9e pour former de l&rsquo;acide phosphorique concentr\u00e9.<\/li>\n<li><strong>Proc\u00e9d\u00e9 \u00e9lectrolytique<\/strong>: Dans cette m\u00e9thode, l&rsquo;acide phosphorique est g\u00e9n\u00e9r\u00e9 par l&rsquo;\u00e9lectrolyse de l&rsquo;eau et du pentoxyde de phosphore. Elle produit de l&rsquo;acide phosphorique anhydre de grande puret\u00e9.<\/li>\n<\/ol>\n<p>  En conclusion, l&rsquo;acide phosphorique est un compos\u00e9 chimique polyvalent et largement utilis\u00e9, dont les applications vont de l&rsquo;industrie alimentaire et des boissons \u00e0 l&rsquo;agriculture et aux produits pharmaceutiques. Son acidit\u00e9, ses propri\u00e9t\u00e9s d&rsquo;exhausteur de go\u00fbt et son r\u00f4le dans les engrais contribuent \u00e0 son importance dans divers processus industriels et produits de la vie courante. La compr\u00e9hension de ses m\u00e9thodes de production et de ses avantages souligne son importance dans de nombreux secteurs.<\/p>\n","protected":false},"excerpt":{"rendered":"<p>Qu&rsquo;est-ce que l&rsquo;acide phosphorique ? L&rsquo;acide phosphorique, \u00e9galement connu sous le nom d&rsquo;acide orthophosphorique, est un acide min\u00e9ral fort dont la formule chimique est H\u2083PO\u2084. C&rsquo;est l&rsquo;un des acides les plus utilis\u00e9s et les plus importants dans l&rsquo;industrie chimique et dans diverses applications en raison de ses propri\u00e9t\u00e9s polyvalentes. L&rsquo;acide phosphorique est un liquide incolore [&hellip;]<\/p>\n","protected":false},"featured_media":1422,"template":"","meta":{"ocean_post_layout":"","ocean_both_sidebars_style":"","ocean_both_sidebars_content_width":0,"ocean_both_sidebars_sidebars_width":0,"ocean_sidebar":"","ocean_second_sidebar":"","ocean_disable_margins":"enable","ocean_add_body_class":"","ocean_shortcode_before_top_bar":"","ocean_shortcode_after_top_bar":"","ocean_shortcode_before_header":"","ocean_shortcode_after_header":"","ocean_has_shortcode":"","ocean_shortcode_after_title":"","ocean_shortcode_before_footer_widgets":"","ocean_shortcode_after_footer_widgets":"","ocean_shortcode_before_footer_bottom":"","ocean_shortcode_after_footer_bottom":"","ocean_display_top_bar":"default","ocean_display_header":"default","ocean_header_style":"","ocean_center_header_left_menu":"","ocean_custom_header_template":"","ocean_custom_logo":0,"ocean_custom_retina_logo":0,"ocean_custom_logo_max_width":0,"ocean_custom_logo_tablet_max_width":0,"ocean_custom_logo_mobile_max_width":0,"ocean_custom_logo_max_height":0,"ocean_custom_logo_tablet_max_height":0,"ocean_custom_logo_mobile_max_height":0,"ocean_header_custom_menu":"","ocean_menu_typo_font_family":"","ocean_menu_typo_font_subset":"","ocean_menu_typo_font_size":0,"ocean_menu_typo_font_size_tablet":0,"ocean_menu_typo_font_size_mobile":0,"ocean_menu_typo_font_size_unit":"px","ocean_menu_typo_font_weight":"","ocean_menu_typo_font_weight_tablet":"","ocean_menu_typo_font_weight_mobile":"","ocean_menu_typo_transform":"","ocean_menu_typo_transform_tablet":"","ocean_menu_typo_transform_mobile":"","ocean_menu_typo_line_height":0,"ocean_menu_typo_line_height_tablet":0,"ocean_menu_typo_line_height_mobile":0,"ocean_menu_typo_line_height_unit":"","ocean_menu_typo_spacing":0,"ocean_menu_typo_spacing_tablet":0,"ocean_menu_typo_spacing_mobile":0,"ocean_menu_typo_spacing_unit":"","ocean_menu_link_color":"","ocean_menu_link_color_hover":"","ocean_menu_link_color_active":"","ocean_menu_link_background":"","ocean_menu_link_hover_background":"","ocean_menu_link_active_background":"","ocean_menu_social_links_bg":"","ocean_menu_social_hover_links_bg":"","ocean_menu_social_links_color":"","ocean_menu_social_hover_links_color":"","ocean_disable_title":"default","ocean_disable_heading":"default","ocean_post_title":"","ocean_post_subheading":"","ocean_post_title_style":"","ocean_post_title_background_color":"","ocean_post_title_background":0,"ocean_post_title_bg_image_position":"","ocean_post_title_bg_image_attachment":"","ocean_post_title_bg_image_repeat":"","ocean_post_title_bg_image_size":"","ocean_post_title_height":0,"ocean_post_title_bg_overlay":0.5,"ocean_post_title_bg_overlay_color":"","ocean_disable_breadcrumbs":"default","ocean_breadcrumbs_color":"","ocean_breadcrumbs_separator_color":"","ocean_breadcrumbs_links_color":"","ocean_breadcrumbs_links_hover_color":"","ocean_display_footer_widgets":"default","ocean_display_footer_bottom":"default","ocean_custom_footer_template":""},"product_brand":[],"product_cat":[55],"product_tag":[],"class_list":{"0":"post-1843","1":"product","2":"type-product","3":"status-publish","4":"has-post-thumbnail","6":"product_cat-detergents-fr","8":"entry","9":"has-media","11":"first","12":"instock","13":"shipping-taxable","14":"product-type-simple","15":"col","16":"span_1_of_3","17":"owp-content-center","18":"owp-thumbs-layout-horizontal","19":"owp-btn-normal","20":"owp-tabs-layout-section","21":"has-no-thumbnails"},"_links":{"self":[{"href":"https:\/\/matcochemicals.com\/fr\/wp-json\/wp\/v2\/product\/1843","targetHints":{"allow":["GET"]}}],"collection":[{"href":"https:\/\/matcochemicals.com\/fr\/wp-json\/wp\/v2\/product"}],"about":[{"href":"https:\/\/matcochemicals.com\/fr\/wp-json\/wp\/v2\/types\/product"}],"wp:featuredmedia":[{"embeddable":true,"href":"https:\/\/matcochemicals.com\/fr\/wp-json\/wp\/v2\/media\/1422"}],"wp:attachment":[{"href":"https:\/\/matcochemicals.com\/fr\/wp-json\/wp\/v2\/media?parent=1843"}],"wp:term":[{"taxonomy":"product_brand","embeddable":true,"href":"https:\/\/matcochemicals.com\/fr\/wp-json\/wp\/v2\/product_brand?post=1843"},{"taxonomy":"product_cat","embeddable":true,"href":"https:\/\/matcochemicals.com\/fr\/wp-json\/wp\/v2\/product_cat?post=1843"},{"taxonomy":"product_tag","embeddable":true,"href":"https:\/\/matcochemicals.com\/fr\/wp-json\/wp\/v2\/product_tag?post=1843"}],"curies":[{"name":"wp","href":"https:\/\/api.w.org\/{rel}","templated":true}]}}