{"id":1819,"date":"2023-11-24T04:33:58","date_gmt":"2023-11-24T04:33:58","guid":{"rendered":"https:\/\/matcochemicals.com\/products\/smp-poudres-de-metal-mou\/"},"modified":"2024-09-06T14:18:56","modified_gmt":"2024-09-06T14:18:56","slug":"smp-poudres-de-metal-mou","status":"publish","type":"product","link":"https:\/\/matcochemicals.com\/fr\/product\/smp-poudres-de-metal-mou\/","title":{"rendered":"SMP (poudres de m\u00e9tal mou)"},"content":{"rendered":"<div class=\"group w-full text-token-text-primary border-b border-black\/10 dark:border-gray-900\/50 bg-gray-50 dark:bg-[#444654]\" data-testid=\"conversation-turn-85\">\n<div class=\"p-4 justify-center text-base md:gap-6 md:py-6 m-auto\">\n<div class=\"flex flex-1 gap-4 text-base mx-auto md:gap-6 md:max-w-2xl lg:max-w-[38rem] xl:max-w-3xl }\">\n<div class=\"relative flex w-[calc(100%-50px)] flex-col gap-1 md:gap-3 lg:w-[calc(100%-115px)]\">\n<div class=\"flex flex-grow flex-col gap-3 max-w-full\">\n<div class=\"min-h-[20px] flex flex-col items-start gap-3 overflow-x-auto whitespace-pre-wrap break-words\">\n<div class=\"markdown prose w-full break-words dark:prose-invert light\">\n<h3><strong>Qu&rsquo;est-ce que les poudres m\u00e9talliques tendres (SMP) ?<\/strong><\/h3>\n<p>  Les poudres de m\u00e9taux tendres, abr\u00e9g\u00e9es en SMP, repr\u00e9sentent une classe de particules m\u00e9talliques finement divis\u00e9es caract\u00e9ris\u00e9es par leur mall\u00e9abilit\u00e9 et leur ductilit\u00e9. Ces poudres sont compos\u00e9es de m\u00e9taux dont le point de fusion est relativement bas, ce qui les rend tr\u00e8s polyvalentes pour une large gamme d&rsquo;applications industrielles. Les SMP se distinguent par leur capacit\u00e9 \u00e0 se d\u00e9former et \u00e0 se consolider sous des pressions et des temp\u00e9ratures relativement faibles, ce qui les rend inestimables dans divers processus de fabrication.  <\/p>\n<h3><strong>Applications du SMP<\/strong><\/h3>\n<ol>\n<li>Le <strong>frittage et la fabrication additive<\/strong>: Les SMP jouent un r\u00f4le crucial dans le domaine de la fabrication additive, plus connue sous le nom d&rsquo;impression 3D. Ils sont utilis\u00e9s comme mat\u00e9riaux de base dans les processus de frittage s\u00e9lectif par laser (SLS) et de fusion s\u00e9lective par laser (SLM) pour produire des pi\u00e8ces m\u00e9talliques complexes et des prototypes.<\/li>\n<li><strong>M\u00e9tallurgie des poudres<\/strong>: Dans le domaine de la m\u00e9tallurgie des poudres, les SMP sont utilis\u00e9s pour produire des composants de forme complexe et de haute pr\u00e9cision. Ces composants trouvent des applications dans les secteurs de l&rsquo;automobile, de l&rsquo;a\u00e9rospatiale et de la m\u00e9decine.<\/li>\n<li><strong>Brasage<\/strong>: Les SMP sont utilis\u00e9s dans les applications de brasage pour assembler des composants m\u00e9talliques. Le faible point de fusion de ces poudres garantit une liaison solide et fiable sans compromettre l&rsquo;int\u00e9grit\u00e9 des mat\u00e9riaux de base.<\/li>\n<li><strong>Rev\u00eatements par projection thermique<\/strong>: Les SMP sont utilis\u00e9s dans les processus de pulv\u00e9risation thermique pour cr\u00e9er des rev\u00eatements protecteurs sur diverses surfaces. Ces rev\u00eatements offrent une r\u00e9sistance \u00e0 la corrosion, une isolation thermique et une protection contre l&rsquo;usure.<\/li>\n<li>L&rsquo;<strong>\u00e9lectronique<\/strong>: Les poudres de m\u00e9taux tendres sont \u00e9galement utilis\u00e9es dans l&rsquo;industrie \u00e9lectronique pour des applications telles que la fabrication de p\u00e2tes conductrices, l&#8217;emballage \u00e9lectronique, le soudage et comme composants dans la production d&rsquo;appareils \u00e9lectroniques.<\/li>\n<li><strong>D\u00e9tergents<\/strong>: Dans l&rsquo;industrie des d\u00e9tergents, les PSM sont utilis\u00e9s comme agents abrasifs dans les produits de nettoyage. Leur nature douce et mall\u00e9able leur permet d&rsquo;\u00e9liminer efficacement les taches et la salet\u00e9 de diverses surfaces sans les endommager.<\/li>\n<\/ol>\n<h3><strong>SMP : Avantages<\/strong><\/h3>\n<p>  L&rsquo;utilisation des SMP offre plusieurs avantages cl\u00e9s :  <\/p>\n<ol>\n<li><strong>Point de fusion bas<\/strong>: Le faible point de fusion des SMP les rend id\u00e9aux pour les applications o\u00f9 les temp\u00e9ratures \u00e9lev\u00e9es ne sont pas souhaitables ou pratiques. Cette propri\u00e9t\u00e9 garantit une distorsion minimale des mat\u00e9riaux de base.<\/li>\n<li><strong>Polyvalence<\/strong>: Les SMP peuvent \u00eatre adapt\u00e9s \u00e0 des compositions d&rsquo;alliage sp\u00e9cifiques, ce qui permet de les personnaliser pour r\u00e9pondre \u00e0 des exigences d&rsquo;application pr\u00e9cises.<\/li>\n<li><strong>Conceptions complexes<\/strong>: Dans la fabrication additive, les SMP permettent de cr\u00e9er des composants complexes et tr\u00e8s d\u00e9taill\u00e9s qu&rsquo;il serait difficile de fabriquer avec des m\u00e9thodes traditionnelles.<\/li>\n<li><strong>Rentabilit\u00e9<\/strong>: Les proc\u00e9d\u00e9s de m\u00e9tallurgie des poudres qui utilisent des SMP peuvent \u00eatre rentables en raison de la r\u00e9duction du gaspillage des mat\u00e9riaux et de la consommation d&rsquo;\u00e9nergie.<\/li>\n<\/ol>\n<h3><strong>Comment le SMP est-il fabriqu\u00e9 ?<\/strong><\/h3>\n<p>  La production de SMP comporte plusieurs \u00e9tapes cl\u00e9s :  <\/p>\n<ol>\n<li><strong>Pr\u00e9paration de l&rsquo;alliage<\/strong>: L&rsquo;alliage m\u00e9tallique souhait\u00e9 est soigneusement pr\u00e9par\u00e9 en m\u00e9langeant les poudres \u00e9l\u00e9mentaires appropri\u00e9es dans des proportions pr\u00e9cises.<\/li>\n<li><strong>Atomisation<\/strong>: L&rsquo;alliage pr\u00e9par\u00e9 est fondu et atomis\u00e9 pour former de fines gouttelettes. Diverses techniques, telles que la pulv\u00e9risation de gaz ou d&rsquo;eau, peuvent \u00eatre employ\u00e9es.<\/li>\n<li><strong>Solidification<\/strong>: Les gouttelettes atomis\u00e9es se solidifient rapidement, formant des particules sph\u00e9riques de SMP. Le processus de solidification est soigneusement contr\u00f4l\u00e9 pour garantir les propri\u00e9t\u00e9s souhait\u00e9es du produit final.<\/li>\n<li><strong>Calibrage et classification<\/strong>: Les particules de PSM obtenues sont calibr\u00e9es et class\u00e9es pour r\u00e9pondre \u00e0 des exigences sp\u00e9cifiques en mati\u00e8re de distribution granulom\u00e9trique.<\/li>\n<li><strong>Contr\u00f4le de la qualit\u00e9<\/strong>: Des mesures strictes de contr\u00f4le de la qualit\u00e9 sont mises en \u0153uvre pour garantir la coh\u00e9rence et la puret\u00e9 du produit SMP.<\/li>\n<\/ol>\n<p>  En conclusion, les poudres de m\u00e9taux mous (SMP) sont des particules m\u00e9talliques finement divis\u00e9es ayant un point de fusion bas, ce qui les rend inestimables dans diverses applications industrielles, y compris les d\u00e9tergents. Leur capacit\u00e9 \u00e0 se d\u00e9former et \u00e0 se consolider \u00e0 des temp\u00e9ratures et des pressions relativement basses est particuli\u00e8rement avantageuse dans les domaines de la fabrication moderne, de l&rsquo;ing\u00e9nierie et des produits de nettoyage, entre autres. La compr\u00e9hension de leurs processus de production et de leurs avantages met en \u00e9vidence leur importance dans un large \u00e9ventail d&rsquo;applications.  <\/p><\/div>\n<\/div>\n<\/div>\n<div class=\"flex justify-between lg:block\">\n<div class=\"text-gray-400 flex self-end lg:self-center justify-center mt-2 gap-2 md:gap-3 lg:gap-1 lg:absolute lg:top-0 lg:translate-x-full lg:right-0 lg:mt-0 lg:pl-2 visible\">\n<p>&nbsp;<\/p>\n<div class=\"flex gap-1\"><\/div>\n<\/div>\n<\/div>\n<\/div>\n<\/div>\n<\/div>\n<\/div>\n","protected":false},"excerpt":{"rendered":"<p>Qu&rsquo;est-ce que les poudres m\u00e9talliques tendres (SMP) ? Les poudres de m\u00e9taux tendres, abr\u00e9g\u00e9es en SMP, repr\u00e9sentent une classe de particules m\u00e9talliques finement divis\u00e9es caract\u00e9ris\u00e9es par leur mall\u00e9abilit\u00e9 et leur ductilit\u00e9. Ces poudres sont compos\u00e9es de m\u00e9taux dont le point de fusion est relativement bas, ce qui les rend tr\u00e8s polyvalentes pour une large gamme [&hellip;]<\/p>\n","protected":false},"featured_media":0,"template":"","meta":{"ocean_post_layout":"","ocean_both_sidebars_style":"","ocean_both_sidebars_content_width":0,"ocean_both_sidebars_sidebars_width":0,"ocean_sidebar":"","ocean_second_sidebar":"","ocean_disable_margins":"enable","ocean_add_body_class":"","ocean_shortcode_before_top_bar":"","ocean_shortcode_after_top_bar":"","ocean_shortcode_before_header":"","ocean_shortcode_after_header":"","ocean_has_shortcode":"","ocean_shortcode_after_title":"","ocean_shortcode_before_footer_widgets":"","ocean_shortcode_after_footer_widgets":"","ocean_shortcode_before_footer_bottom":"","ocean_shortcode_after_footer_bottom":"","ocean_display_top_bar":"default","ocean_display_header":"default","ocean_header_style":"","ocean_center_header_left_menu":"","ocean_custom_header_template":"","ocean_custom_logo":0,"ocean_custom_retina_logo":0,"ocean_custom_logo_max_width":0,"ocean_custom_logo_tablet_max_width":0,"ocean_custom_logo_mobile_max_width":0,"ocean_custom_logo_max_height":0,"ocean_custom_logo_tablet_max_height":0,"ocean_custom_logo_mobile_max_height":0,"ocean_header_custom_menu":"","ocean_menu_typo_font_family":"","ocean_menu_typo_font_subset":"","ocean_menu_typo_font_size":0,"ocean_menu_typo_font_size_tablet":0,"ocean_menu_typo_font_size_mobile":0,"ocean_menu_typo_font_size_unit":"px","ocean_menu_typo_font_weight":"","ocean_menu_typo_font_weight_tablet":"","ocean_menu_typo_font_weight_mobile":"","ocean_menu_typo_transform":"","ocean_menu_typo_transform_tablet":"","ocean_menu_typo_transform_mobile":"","ocean_menu_typo_line_height":0,"ocean_menu_typo_line_height_tablet":0,"ocean_menu_typo_line_height_mobile":0,"ocean_menu_typo_line_height_unit":"","ocean_menu_typo_spacing":0,"ocean_menu_typo_spacing_tablet":0,"ocean_menu_typo_spacing_mobile":0,"ocean_menu_typo_spacing_unit":"","ocean_menu_link_color":"","ocean_menu_link_color_hover":"","ocean_menu_link_color_active":"","ocean_menu_link_background":"","ocean_menu_link_hover_background":"","ocean_menu_link_active_background":"","ocean_menu_social_links_bg":"","ocean_menu_social_hover_links_bg":"","ocean_menu_social_links_color":"","ocean_menu_social_hover_links_color":"","ocean_disable_title":"default","ocean_disable_heading":"default","ocean_post_title":"","ocean_post_subheading":"","ocean_post_title_style":"","ocean_post_title_background_color":"","ocean_post_title_background":0,"ocean_post_title_bg_image_position":"","ocean_post_title_bg_image_attachment":"","ocean_post_title_bg_image_repeat":"","ocean_post_title_bg_image_size":"","ocean_post_title_height":0,"ocean_post_title_bg_overlay":0.5,"ocean_post_title_bg_overlay_color":"","ocean_disable_breadcrumbs":"default","ocean_breadcrumbs_color":"","ocean_breadcrumbs_separator_color":"","ocean_breadcrumbs_links_color":"","ocean_breadcrumbs_links_hover_color":"","ocean_display_footer_widgets":"default","ocean_display_footer_bottom":"default","ocean_custom_footer_template":""},"product_brand":[],"product_cat":[55],"product_tag":[],"class_list":{"0":"post-1819","1":"product","2":"type-product","3":"status-publish","5":"product_cat-detergents-fr","7":"entry","9":"first","10":"instock","11":"shipping-taxable","12":"product-type-simple","13":"col","14":"span_1_of_3","15":"owp-content-center","16":"owp-thumbs-layout-horizontal","17":"owp-btn-normal","18":"owp-tabs-layout-section","19":"has-no-thumbnails"},"_links":{"self":[{"href":"https:\/\/matcochemicals.com\/fr\/wp-json\/wp\/v2\/product\/1819","targetHints":{"allow":["GET"]}}],"collection":[{"href":"https:\/\/matcochemicals.com\/fr\/wp-json\/wp\/v2\/product"}],"about":[{"href":"https:\/\/matcochemicals.com\/fr\/wp-json\/wp\/v2\/types\/product"}],"wp:attachment":[{"href":"https:\/\/matcochemicals.com\/fr\/wp-json\/wp\/v2\/media?parent=1819"}],"wp:term":[{"taxonomy":"product_brand","embeddable":true,"href":"https:\/\/matcochemicals.com\/fr\/wp-json\/wp\/v2\/product_brand?post=1819"},{"taxonomy":"product_cat","embeddable":true,"href":"https:\/\/matcochemicals.com\/fr\/wp-json\/wp\/v2\/product_cat?post=1819"},{"taxonomy":"product_tag","embeddable":true,"href":"https:\/\/matcochemicals.com\/fr\/wp-json\/wp\/v2\/product_tag?post=1819"}],"curies":[{"name":"wp","href":"https:\/\/api.w.org\/{rel}","templated":true}]}}