{"id":6515,"date":"2025-08-31T14:55:37","date_gmt":"2025-08-31T14:55:37","guid":{"rendered":"https:\/\/matcochemicals.com\/compose-ignifuge-et-additifs\/"},"modified":"2025-10-07T17:14:09","modified_gmt":"2025-10-07T17:14:09","slug":"compose-ignifuge-et-additifs","status":"publish","type":"page","link":"https:\/\/matcochemicals.com\/fr\/compose-ignifuge-et-additifs\/","title":{"rendered":"Compos\u00e9s et additifs ignifuges"},"content":{"rendered":"\n<h2 class=\"wp-block-heading\">MatcoFlame<\/h2>\n\n<p class=\"has-medium-font-size\"><strong>MatcoFlame<\/strong> est une nouvelle gamme non dangereuse de compos\u00e9s et de dispersions ignifuges.<\/p>\n\n<div class=\"gb-element-e25af702\">\n<div class=\"gb-element-e5e45b8d hexagon-wrapper\">\n<img loading=\"lazy\" decoding=\"async\" width=\"279\" height=\"300\" class=\"gb-media-5e76c0f3\" alt=\"\" src=\"https:\/\/matcochemicals.com\/wp-content\/uploads\/2025\/09\/flame-retardant-279x300.jpg\" title=\"Ignifuge\" srcset=\"https:\/\/matcochemicals.com\/wp-content\/uploads\/2025\/09\/flame-retardant-279x300.jpg 279w, https:\/\/matcochemicals.com\/wp-content\/uploads\/2025\/09\/flame-retardant-200x215.jpg 200w, https:\/\/matcochemicals.com\/wp-content\/uploads\/2025\/09\/flame-retardant-400x431.jpg 400w, https:\/\/matcochemicals.com\/wp-content\/uploads\/2025\/09\/flame-retardant.jpg 629w\" sizes=\"auto, (max-width: 279px) 100vw, 279px\" \/>\n<\/div>\n\n\n\n<div>\n<ul class=\"wp-block-list has-medium-font-size\">\n<li class=\"has-text-color has-link-color has-medium-font-size wp-elements-a2d645b9d8bda9784b9c81eb07ab88a0\" style=\"color:#95c122;font-style:normal;font-weight:600\">Sans halog\u00e8ne<\/li>\n\n\n\n<li class=\"has-text-color has-link-color has-medium-font-size wp-elements-b0e5fc1129099c6f1b13d6f0cc4009a8\" style=\"color:#95c122;font-style:normal;font-weight:600\">Sans antimoine<\/li>\n\n\n\n<li class=\"has-text-color has-link-color has-medium-font-size wp-elements-09188c11296ba4b22ee57b302a091106\" style=\"color:#95c122;font-style:normal;font-weight:600\">Pas d\u2019\u00e9tiquetage<\/li>\n\n\n\n<li class=\"has-text-color has-link-color has-medium-font-size wp-elements-2996871f65f5a958f5aa6a82342591ca\" style=\"color:#95c122;font-style:normal;font-weight:600\">Aucune substance extr\u00eamement pr\u00e9occupante<\/li>\n\n\n\n<li class=\"has-text-color has-link-color has-medium-font-size wp-elements-b14cc8e96ad6620e57193140cbdfe6ce\" style=\"color:#95c122;font-style:normal;font-weight:600\">Conforme \u00e0 la norme Oeko-Tex ACP<\/li>\n<\/ul>\n<\/div>\n<\/div>\n\n<div style=\"height:17px\" aria-hidden=\"true\" class=\"wp-block-spacer\"><\/div>\n\n<p>La gamme MatcoFlame convient aux tissus d&rsquo;ameublement, aux rideaux, aux tentes, aux tapis, \u00e0 l&rsquo;automobile et \u00e0 l&rsquo;aviation. MATCO Chemicals peut \u00e9galement fournir des compos\u00e9s ignifuges pr\u00eats \u00e0 l&#8217;emploi ou collaborer au d\u00e9veloppement de solutions personnalis\u00e9es. <\/p>\n\n<ul class=\"wp-block-list\">\n<li><strong>Sans halog\u00e8ne<\/strong> \u2013 Aucun retardateur de flamme \u00e0 base de chlore et de brome n\u2019est utilis\u00e9, ce qui garantit une toxicit\u00e9 moindre de la fum\u00e9e et un impact environnemental r\u00e9duit pendant la production, l\u2019utilisation et l\u2019\u00e9limination.<\/li>\n\n\n\n<li><strong>Sans antimoine<\/strong> \u2013 \u00c9limine l\u2019utilisation de trioxyde d\u2019antimoine, un synergiste couramment utilis\u00e9 dans les retardateurs de flamme qui fait l\u2019objet d\u2019un examen minutieux pour des probl\u00e8mes potentiels de sant\u00e9 et d\u2019environnement.<\/li>\n\n\n\n<li><strong>Aucun \u00e9tiquetage requis<\/strong> &#8211; Class\u00e9 comme non dangereux selon les r\u00e9glementations actuelles en mati\u00e8re de s\u00e9curit\u00e9 chimique, ce qui signifie qu\u2019aucun pictogramme de danger, avertissement ou exigence de manipulation sp\u00e9ciale n\u2019est n\u00e9cessaire.<\/li>\n\n\n\n<li><strong>Aucune substance extr\u00eamement pr\u00e9occupante (SVHC)<\/strong> \u2013 Aucune substance chimique ne figure sur la liste des substances extr\u00eamement pr\u00e9occupantes (SVHC) candidates \u00e0 REACH \u2013 Assurer la tranquillit\u00e9 d\u2019esprit des fabricants et des utilisateurs finaux.<\/li>\n\n\n\n<li><strong>Conforme \u00e0 l\u2019ACP Oeko-Tex\u00ae<\/strong> &#8211; R\u00e9pond aux exigences chimiques strictes de la liste des produits chimiques accept\u00e9s (ACP) d\u2019Oeko-Tex\u00ae, favorisant une production textile plus s\u00fbre et plus durable tout en facilitant les processus de certification.<\/li>\n<\/ul>\n\n<p class=\"gb-text-e3d5fcb8\"><span class=\"gb-shape\"><svg xmlns=\"http:\/\/www.w3.org\/2000\/svg\" aria-hidden=\"true\" role=\"img\" height=\"1em\" width=\"1em\" viewbox=\"0 0 512 512\"><path fill=\"currentColor\" d=\"M504 256c0 136.967-111.033 248-248 248S8 392.967 8 256 119.033 8 256 8s248 111.033 248 248zM227.314 387.314l184-184c6.248-6.248 6.248-16.379 0-22.627l-22.627-22.627c-6.248-6.249-16.379-6.249-22.628 0L216 308.118l-70.059-70.059c-6.248-6.248-16.379-6.248-22.628 0l-22.627 22.627c-6.248 6.248-6.248 16.379 0 22.627l104 104c6.249 6.249 16.379 6.249 22.628.001z\"><\/path><\/svg><\/span><span class=\"gb-text\">Pour des dispersions ignifuges sur mesure, contactez nos experts pour obtenir de l\u2019aide.<\/span><\/p>\n<noscript class=\"ninja-forms-noscript-message\">\n\tRemarque\u00a0: JavaScript est requis pour ce contenu.<\/noscript>\n<div id=\"nf-form-3-cont\" class=\"nf-form-cont\" aria-live=\"polite\" aria-labelledby=\"nf-form-title-3\" aria-describedby=\"nf-form-errors-3\" role=\"form\">\n\n    <div class=\"nf-loading-spinner\"><\/div>\n\n<\/div>\n        <!-- That data is being printed as a workaround to page builders reordering the order of the scripts loaded-->\n        <script>var formDisplay=1;var nfForms=nfForms||[];var form=[];form.id='3';form.settings={\"objectType\":\"Form Setting\",\"editActive\":true,\"title\":\"Contactez-nous pour plus d\\u2019informations sur\",\"default_label_pos\":\"above\",\"show_title\":0,\"clear_complete\":\"1\",\"hide_complete\":\"1\",\"logged_in\":\"\",\"wrapper_class\":\"\",\"element_class\":\"\",\"form_title_heading_level\":\"3\",\"key\":\"\",\"add_submit\":\"0\",\"currency\":\"\",\"unique_field_error\":\"Un formulaire avec cette valeur a d\\u00e9j\\u00e0 \\u00e9t\\u00e9 envoy\\u00e9.\",\"not_logged_in_msg\":\"\",\"sub_limit_msg\":\"Le formulaire a atteint sa limite de soumission.\",\"calculations\":[],\"formContentData\":[\"i_want_more_information_about_1697890706554\",\"name_1693581535615\",\"company_1693581568508\",\"email_1693581549536\",\"phone_1747248117655\",\"question_request_1693581657596\",\"i_agree_that_my_personal_data_will_be_used_for_internal_marketing_purposes_eg_contact_you_by_matco_company_in_accordance_with_our_less_than_a_target_blank_href_https_matcochemicals_com_privacy-cookie-policy_greater_than_privacy_policy_less_than_a_greater_than_1697118901721\",\"send_1693581734177\",\"sumitted_on_1699029955535\"],\"allow_public_link\":0,\"embed_form\":\"\",\"changeEmailErrorMsg\":\"Veuillez saisir une adresse de messagerie valide. Ex\\u00a0: jean.dupont@gmail.com\",\"changeDateErrorMsg\":\"Veuillez saisir une date valide\\u00a0!\",\"confirmFieldErrorMsg\":\"Ces champs doivent correspondre\\u00a0!\",\"fieldNumberNumMinError\":\"Erreur de nombre min.\",\"fieldNumberNumMaxError\":\"Erreur de nombre max.\",\"fieldNumberIncrementBy\":\"Veuillez incr\\u00e9menter par \",\"formErrorsCorrectErrors\":\"Veuillez corriger les erreurs avant d\\u2019envoyer ce formulaire.\",\"validateRequiredField\":\"Ce champ est obligatoire.\",\"honeypotHoneypotError\":\"Erreur Honeypot\",\"fieldsMarkedRequired\":\"Les champs marqu\\u00e9s d\\u2019un <span class=\\\"ninja-forms-req-symbol\\\">*<\\\/span> sont obligatoires\",\"drawerDisabled\":false,\"ninjaForms\":\"Ninja Forms\",\"fieldTextareaRTEInsertLink\":\"Ins\\u00e9rer un lien\",\"fieldTextareaRTEInsertMedia\":\"Ins\\u00e9rer un m\\u00e9dia\",\"fieldTextareaRTESelectAFile\":\"S\\u00e9lectionnez un fichier\",\"formHoneypot\":\"Si vous \\u00eates un \\u00eatre humain et que vous voyez ce champ, veuillez le laisser vide.\",\"fileUploadOldCodeFileUploadInProgress\":\"T\\u00e9l\\u00e9versement du fichier en cours.\",\"fileUploadOldCodeFileUpload\":\"T\\u00c9L\\u00c9VERSEMENT DE FICHIER\",\"currencySymbol\":\"&#36;\",\"thousands_sep\":\"\\u00a0\",\"decimal_point\":\",\",\"siteLocale\":\"fr_FR\",\"dateFormat\":\"m\\\/d\\\/Y\",\"startOfWeek\":\"1\",\"of\":\"sur\",\"previousMonth\":\"Mois pr\\u00e9c\\u00e9dent\",\"nextMonth\":\"Mois suivant\",\"months\":[\"Janvier\",\"F\\u00e9vrier\",\"Mars\",\"Avril\",\"Mai\",\"Juin\",\"Juillet\",\"Ao\\u00fbt\",\"Septembre\",\"Octobre\",\"Novembre\",\"D\\u00e9cembre\"],\"monthsShort\":[\"Jan\",\"F\\u00e9v\",\"Mar\",\"Avr\",\"Mai\",\"Juin\",\"Juil\",\"Ao\\u00fb\",\"Sep\",\"Oct\",\"Nov\",\"D\\u00e9c\"],\"weekdays\":[\"Dimanche\",\"Lundi\",\"Mardi\",\"Mercredi\",\"Jeudi\",\"Vendredi\",\"Samedi\"],\"weekdaysShort\":[\"Dim\",\"Lun\",\"Mar\",\"Mer\",\"Jeu\",\"Ven\",\"Sam\"],\"weekdaysMin\":[\"Di\",\"Lu\",\"Ma\",\"Me\",\"Je\",\"Ve\",\"Sa\"],\"recaptchaConsentMissing\":\"reCaptcha validation couldn&#039;t load.\",\"recaptchaMissingCookie\":\"reCaptcha v3 validation couldn&#039;t load the cookie needed to submit the form.\",\"recaptchaConsentEvent\":\"Accept reCaptcha cookies before sending the form.\",\"currency_symbol\":\"\",\"beforeForm\":\"\",\"beforeFields\":\"\",\"afterFields\":\"\",\"afterForm\":\"\"};form.fields=[{\"objectType\":\"Field\",\"objectDomain\":\"fields\",\"editActive\":false,\"order\":1,\"idAttribute\":\"id\",\"label\":\"Je souhaite plus d\\u2019informations sur\",\"type\":\"textbox\",\"key\":\"i_want_more_information_about_1697890706554\",\"label_pos\":\"above\",\"required\":1,\"default\":\"{wp:post_title}\",\"placeholder\":\"\",\"container_class\":\"\",\"element_class\":\"\",\"input_limit\":\"\",\"input_limit_type\":\"characters\",\"input_limit_msg\":\"Caract\\u00e8re(s) restant(s)\",\"manual_key\":false,\"admin_label\":\"\",\"help_text\":\"\",\"mask\":\"\",\"custom_mask\":\"\",\"custom_name_attribute\":\"\",\"personally_identifiable\":\"\",\"value\":\"Compos\\u00e9s et additifs ignifuges\",\"drawerDisabled\":false,\"id\":18,\"beforeField\":\"\",\"afterField\":\"\",\"parentType\":\"textbox\",\"element_templates\":[\"textbox\",\"input\"],\"old_classname\":\"\",\"wrap_template\":\"wrap\"},{\"objectType\":\"Field\",\"objectDomain\":\"fields\",\"editActive\":false,\"order\":2,\"idAttribute\":\"id\",\"label\":\"Nom\",\"type\":\"firstname\",\"key\":\"name_1693581535615\",\"label_pos\":\"above\",\"required\":1,\"default\":\"\",\"placeholder\":\"\",\"container_class\":\"\",\"element_class\":\"\",\"admin_label\":\"\",\"help_text\":\"\",\"custom_name_attribute\":\"fname\",\"personally_identifiable\":1,\"value\":\"\",\"drawerDisabled\":\"\",\"field_label\":\"Name\",\"field_key\":\"name_1693581535615\",\"id\":12,\"beforeField\":\"\",\"afterField\":\"\",\"parentType\":\"firstname\",\"element_templates\":[\"firstname\",\"input\"],\"old_classname\":\"\",\"wrap_template\":\"wrap\"},{\"objectType\":\"Field\",\"objectDomain\":\"fields\",\"editActive\":false,\"order\":3,\"idAttribute\":\"id\",\"label\":\"Compagnie\",\"type\":\"textbox\",\"key\":\"company_1693581568508\",\"label_pos\":\"above\",\"required\":1,\"default\":\"\",\"placeholder\":\"\",\"container_class\":\"\",\"element_class\":\"\",\"input_limit\":\"\",\"input_limit_type\":\"characters\",\"input_limit_msg\":\"Caract\\u00e8re(s) restant(s)\",\"manual_key\":\"\",\"admin_label\":\"\",\"help_text\":\"\",\"mask\":\"\",\"custom_mask\":\"\",\"custom_name_attribute\":\"\",\"personally_identifiable\":\"\",\"value\":\"\",\"field_label\":\"Company\",\"field_key\":\"company_1693581568508\",\"id\":13,\"beforeField\":\"\",\"afterField\":\"\",\"parentType\":\"textbox\",\"element_templates\":[\"textbox\",\"input\"],\"old_classname\":\"\",\"wrap_template\":\"wrap\"},{\"objectType\":\"Field\",\"objectDomain\":\"fields\",\"editActive\":false,\"order\":4,\"idAttribute\":\"id\",\"label\":\"Messagerie \\u00e9lectronique\",\"type\":\"email\",\"key\":\"email_1693581549536\",\"label_pos\":\"above\",\"required\":1,\"default\":\"\",\"placeholder\":\"\",\"container_class\":\"\",\"element_class\":\"\",\"admin_label\":\"\",\"help_text\":\"\",\"custom_name_attribute\":\"email\",\"personally_identifiable\":1,\"value\":\"\",\"drawerDisabled\":\"\",\"field_label\":\"Email\",\"field_key\":\"email_1693581549536\",\"id\":14,\"beforeField\":\"\",\"afterField\":\"\",\"parentType\":\"email\",\"element_templates\":[\"email\",\"input\"],\"old_classname\":\"\",\"wrap_template\":\"wrap\"},{\"objectType\":\"Field\",\"objectDomain\":\"fields\",\"editActive\":false,\"order\":5,\"idAttribute\":\"id\",\"label\":\"T\\u00e9l\\u00e9phone\",\"type\":\"phone\",\"key\":\"phone_1747248117655\",\"label_pos\":\"above\",\"required\":1,\"default\":\"\",\"placeholder\":\"\",\"container_class\":\"\",\"element_class\":\"\",\"input_limit\":\"\",\"input_limit_type\":\"characters\",\"input_limit_msg\":\"Caract\\u00e8re(s) restant(s)\",\"manual_key\":false,\"admin_label\":\"\",\"help_text\":\"\",\"mask\":\"\",\"custom_mask\":\"\",\"custom_name_attribute\":\"phone\",\"personally_identifiable\":1,\"value\":\"\",\"drawerDisabled\":false,\"id\":32,\"beforeField\":\"\",\"afterField\":\"\",\"parentType\":\"textbox\",\"element_templates\":[\"tel\",\"textbox\",\"input\"],\"old_classname\":\"\",\"wrap_template\":\"wrap\"},{\"objectType\":\"Field\",\"objectDomain\":\"fields\",\"editActive\":false,\"order\":6,\"idAttribute\":\"id\",\"label\":\"Question \\\/ Demande  \",\"type\":\"textarea\",\"key\":\"question_request_1693581657596\",\"label_pos\":\"above\",\"required\":1,\"default\":\"\",\"placeholder\":\"\",\"container_class\":\"\",\"element_class\":\"\",\"input_limit\":\"\",\"input_limit_type\":\"characters\",\"input_limit_msg\":\"Caract\\u00e8re(s) restant(s)\",\"manual_key\":\"\",\"admin_label\":\"\",\"help_text\":\"\",\"textarea_rte\":\"\",\"disable_rte_mobile\":\"\",\"textarea_media\":\"\",\"value\":\"\",\"drawerDisabled\":\"\",\"field_label\":\"Question \\\/ Request \",\"field_key\":\"question_request_1693581657596\",\"id\":15,\"beforeField\":\"\",\"afterField\":\"\",\"parentType\":\"textarea\",\"element_templates\":[\"textarea\",\"input\"],\"old_classname\":\"\",\"wrap_template\":\"wrap\"},{\"objectType\":\"Field\",\"objectDomain\":\"fields\",\"editActive\":false,\"order\":7,\"idAttribute\":\"id\",\"label\":\"J\\u2019accepte que mes donn\\u00e9es personnelles soient utilis\\u00e9es \\u00e0 des fins de marketing interne (par exemple, vous contacter) par la soci\\u00e9t\\u00e9 MATCO (conform\\u00e9ment \\u00e0 notre <a target=\\\"_blank\\\" href=\\\"https:\\\/\\\/matcochemicals.com\\\/fr\\\/privacy-cookie-policy\\\/\\\">politique de confidentialit\\u00e9<\\\/a>).\",\"type\":\"checkbox\",\"key\":\"i_agree_that_my_personal_data_will_be_used_for_internal_marketing_purposes_eg_contact_you_by_matco_company_in_accordance_with_our_less_than_a_target_blank_href_https_matcochemicals_com_privacy-cookie-policy_greater_than_privacy_policy_less_than_a_greater_than_1697118901721\",\"label_pos\":\"right\",\"required\":1,\"container_class\":\"\",\"element_class\":\"\",\"manual_key\":\"\",\"admin_label\":\"\",\"help_text\":\"\",\"default_value\":\"unchecked\",\"checked_value\":\"Checked\",\"unchecked_value\":\"Unchecked\",\"checked_calc_value\":\"\",\"unchecked_calc_value\":\"\",\"drawerDisabled\":false,\"field_label\":\"I insist that my personal data will exclusively be used for internal marketing purposes of the MATCO company (pursuant to the GDPR).\",\"field_key\":\"i_insist_that_my_personal_data_will_exclusively_be_used_for_internal_marketing_purposes_of_the_matco_company_pursuant_to_the_gdpr_1693581707582\",\"id\":16,\"beforeField\":\"\",\"afterField\":\"\",\"value\":\"\",\"parentType\":\"checkbox\",\"element_templates\":[\"checkbox\",\"input\"],\"old_classname\":\"\",\"wrap_template\":\"wrap\"},{\"objectType\":\"Field\",\"objectDomain\":\"fields\",\"editActive\":false,\"order\":8,\"idAttribute\":\"id\",\"label\":\"Envoyer\",\"type\":\"submit\",\"processing_label\":\"Envoi\",\"container_class\":\"\",\"element_class\":\"\",\"key\":\"send_1693581734177\",\"drawerDisabled\":\"\",\"field_label\":\"Send\",\"field_key\":\"send_1693581734177\",\"admin_label\":\"\",\"id\":17,\"beforeField\":\"\",\"afterField\":\"\",\"value\":\"\",\"label_pos\":\"above\",\"parentType\":\"textbox\",\"element_templates\":[\"submit\",\"button\",\"input\"],\"old_classname\":\"\",\"wrap_template\":\"wrap-no-label\"},{\"objectType\":\"Field\",\"objectDomain\":\"fields\",\"editActive\":false,\"order\":9,\"idAttribute\":\"id\",\"type\":\"hidden\",\"label\":\"sumitted on:\",\"key\":\"sumitted_on_1699029955535\",\"default\":\"{wp:post_url}\",\"admin_label\":\"\",\"drawerDisabled\":false,\"id\":26,\"beforeField\":\"\",\"afterField\":\"\",\"value\":\"https:\\\/\\\/matcochemicals.com\\\/fr\\\/compose-ignifuge-et-additifs\\\/\",\"label_pos\":\"above\",\"parentType\":\"hidden\",\"element_templates\":[\"hidden\",\"input\"],\"old_classname\":\"\",\"wrap_template\":\"wrap-no-label\"},{\"objectType\":\"Field\",\"objectDomain\":\"fields\",\"editActive\":false,\"order\":\"10.0\",\"type\":\"recaptcha_v3\",\"label\":\"Hidden\",\"key\":\"recaptcha_v3\",\"default\":\"\",\"admin_label\":\"\",\"drawerDisabled\":false,\"id\":\"88846\",\"beforeField\":\"\",\"afterField\":\"\",\"value\":\"\",\"label_pos\":\"above\",\"parentType\":\"hidden\",\"element_templates\":[\"recaptcha-v3\",\"hidden\",\"input\"],\"old_classname\":\"\",\"wrap_template\":\"wrap-no-label\",\"site_key\":\"6Lep0dMnAAAAAEd6rPd2w_umgfscxUAE-MbDia7B\"}];nfForms.push(form);<\/script>\n        ","protected":false},"excerpt":{"rendered":"<p>MatcoFlame est une nouvelle gamme non dangereuse de compos\u00e9s et de dispersions ignifuges.<\/p>\n","protected":false},"author":1,"featured_media":6335,"parent":0,"menu_order":33,"comment_status":"closed","ping_status":"closed","template":"","meta":{"ocean_post_layout":"","ocean_both_sidebars_style":"","ocean_both_sidebars_content_width":0,"ocean_both_sidebars_sidebars_width":0,"ocean_sidebar":"","ocean_second_sidebar":"","ocean_disable_margins":"enable","ocean_add_body_class":"","ocean_shortcode_before_top_bar":"","ocean_shortcode_after_top_bar":"","ocean_shortcode_before_header":"","ocean_shortcode_after_header":"","ocean_has_shortcode":"","ocean_shortcode_after_title":"","ocean_shortcode_before_footer_widgets":"","ocean_shortcode_after_footer_widgets":"","ocean_shortcode_before_footer_bottom":"","ocean_shortcode_after_footer_bottom":"","ocean_display_top_bar":"default","ocean_display_header":"default","ocean_header_style":"","ocean_center_header_left_menu":"","ocean_custom_header_template":"","ocean_custom_logo":0,"ocean_custom_retina_logo":0,"ocean_custom_logo_max_width":0,"ocean_custom_logo_tablet_max_width":0,"ocean_custom_logo_mobile_max_width":0,"ocean_custom_logo_max_height":0,"ocean_custom_logo_tablet_max_height":0,"ocean_custom_logo_mobile_max_height":0,"ocean_header_custom_menu":"","ocean_menu_typo_font_family":"","ocean_menu_typo_font_subset":"","ocean_menu_typo_font_size":0,"ocean_menu_typo_font_size_tablet":0,"ocean_menu_typo_font_size_mobile":0,"ocean_menu_typo_font_size_unit":"px","ocean_menu_typo_font_weight":"","ocean_menu_typo_font_weight_tablet":"","ocean_menu_typo_font_weight_mobile":"","ocean_menu_typo_transform":"","ocean_menu_typo_transform_tablet":"","ocean_menu_typo_transform_mobile":"","ocean_menu_typo_line_height":0,"ocean_menu_typo_line_height_tablet":0,"ocean_menu_typo_line_height_mobile":0,"ocean_menu_typo_line_height_unit":"","ocean_menu_typo_spacing":0,"ocean_menu_typo_spacing_tablet":0,"ocean_menu_typo_spacing_mobile":0,"ocean_menu_typo_spacing_unit":"","ocean_menu_link_color":"","ocean_menu_link_color_hover":"","ocean_menu_link_color_active":"","ocean_menu_link_background":"","ocean_menu_link_hover_background":"","ocean_menu_link_active_background":"","ocean_menu_social_links_bg":"","ocean_menu_social_hover_links_bg":"","ocean_menu_social_links_color":"","ocean_menu_social_hover_links_color":"","ocean_disable_title":"default","ocean_disable_heading":"default","ocean_post_title":"","ocean_post_subheading":"","ocean_post_title_style":"","ocean_post_title_background_color":"","ocean_post_title_background":0,"ocean_post_title_bg_image_position":"","ocean_post_title_bg_image_attachment":"","ocean_post_title_bg_image_repeat":"","ocean_post_title_bg_image_size":"","ocean_post_title_height":0,"ocean_post_title_bg_overlay":0.5,"ocean_post_title_bg_overlay_color":"","ocean_disable_breadcrumbs":"default","ocean_breadcrumbs_color":"","ocean_breadcrumbs_separator_color":"","ocean_breadcrumbs_links_color":"","ocean_breadcrumbs_links_hover_color":"","ocean_display_footer_widgets":"default","ocean_display_footer_bottom":"default","ocean_custom_footer_template":"","footnotes":""},"class_list":["post-6515","page","type-page","status-publish","has-post-thumbnail","hentry","entry","has-media","owp-thumbs-layout-horizontal","owp-btn-normal","owp-tabs-layout-section","has-no-thumbnails"],"_links":{"self":[{"href":"https:\/\/matcochemicals.com\/fr\/wp-json\/wp\/v2\/pages\/6515","targetHints":{"allow":["GET"]}}],"collection":[{"href":"https:\/\/matcochemicals.com\/fr\/wp-json\/wp\/v2\/pages"}],"about":[{"href":"https:\/\/matcochemicals.com\/fr\/wp-json\/wp\/v2\/types\/page"}],"author":[{"embeddable":true,"href":"https:\/\/matcochemicals.com\/fr\/wp-json\/wp\/v2\/users\/1"}],"replies":[{"embeddable":true,"href":"https:\/\/matcochemicals.com\/fr\/wp-json\/wp\/v2\/comments?post=6515"}],"version-history":[{"count":5,"href":"https:\/\/matcochemicals.com\/fr\/wp-json\/wp\/v2\/pages\/6515\/revisions"}],"predecessor-version":[{"id":6628,"href":"https:\/\/matcochemicals.com\/fr\/wp-json\/wp\/v2\/pages\/6515\/revisions\/6628"}],"wp:featuredmedia":[{"embeddable":true,"href":"https:\/\/matcochemicals.com\/fr\/wp-json\/wp\/v2\/media\/6335"}],"wp:attachment":[{"href":"https:\/\/matcochemicals.com\/fr\/wp-json\/wp\/v2\/media?parent=6515"}],"curies":[{"name":"wp","href":"https:\/\/api.w.org\/{rel}","templated":true}]}}