{"id":5453,"date":"2025-04-29T18:41:36","date_gmt":"2025-04-29T18:41:36","guid":{"rendered":"https:\/\/matcochemicals.com\/traitement-des-concentres-de-mousse-pfas\/"},"modified":"2025-12-01T17:54:41","modified_gmt":"2025-12-01T17:54:41","slug":"traitement-des-concentres-de-mousse-pfas","status":"publish","type":"page","link":"https:\/\/matcochemicals.com\/fr\/traitement-des-concentres-de-mousse-pfas\/","title":{"rendered":"Traitement des \u00e9mulseurs contenant des PFAS"},"content":{"rendered":"\n<p id=\"tw-target-text\"><\/p>\n\n\n\n<h2 class=\"wp-block-heading\"><strong>Traitement des \u00e9mulseurs contenant des PFAS : comment Matco Chemicals soutient les entreprises<\/strong><\/h2>\n\n\n\n<p>Le traitement des concentr\u00e9s de mousse contenant PFAS est un d\u00e9fi croissant pour les entreprises et les gouvernements du monde entier. En raison de leurs propri\u00e9t\u00e9s uniques &#8211; hydrofuges, graisseuses et antisalissantes &#8211; PFAS (substances per- et polyfluoroalkyles) est utilis\u00e9 depuis de nombreuses ann\u00e9es dans les mousses anti-incendie, entre autres. Cependant, les inconv\u00e9nients sont s\u00e9rieux : PFAS est extr\u00eamement persistant dans l&rsquo;environnement, se d\u00e9compose difficilement et peut \u00eatre nocif pour l&rsquo;homme et la nature. Les gouvernements renforcent donc leur r\u00e9glementation et les entreprises sont de plus en plus contraintes de g\u00e9rer et d&rsquo;\u00e9liminer correctement les stocks existants de PFAS.   <\/p>\n\n\n\n<p>Matco Chemicals offre aux entreprises une solution compl\u00e8te pour relever ce d\u00e9fi complexe, depuis la collecte et l&rsquo;analyse jusqu&rsquo;au traitement final et \u00e0 la gestion administrative.<\/p>\n\n\n\n<h2 class=\"wp-block-heading\"><strong>Les d\u00e9fis de la transformation PFAS<\/strong><\/h2>\n\n\n\n<p>La manipulation des concentr\u00e9s de mousse PFAS entra\u00eene plusieurs complications. Les substances sont difficiles \u00e0 d\u00e9grader et n\u00e9cessitent des m\u00e9thodes de traitement sp\u00e9cifiques pour \u00e9viter la dispersion. En outre, la l\u00e9gislation relative \u00e0 PFAS \u00e9volue rapidement, ce qui n\u00e9cessite une connaissance actualis\u00e9e des exigences et des normes. En outre, les flux de d\u00e9chets sont souvent m\u00e9lang\u00e9s \u00e0 d&rsquo;autres composants chimiques, ce qui ajoute \u00e0 la complexit\u00e9 du traitement. En outre, seul un nombre limit\u00e9 d&rsquo;installations sp\u00e9cialis\u00e9es peut d\u00e9truire PFAS d&rsquo;une mani\u00e8re s\u00fbre et approuv\u00e9e.    <\/p>\n\n\n\n<p>Cette r\u00e9alit\u00e9 signifie que les entreprises b\u00e9n\u00e9ficient d&rsquo;un partenaire qui comprend et contr\u00f4le l&rsquo;ensemble du processus &#8211; et Matco Chemicals assume ce r\u00f4le.<\/p>\n\n\n\n<h2 class=\"wp-block-heading\"><strong>Les services de Matco Chemicals<\/strong><\/h2>\n\n\n\n<p><strong>Matco Chemicals offre un service int\u00e9gr\u00e9 pour d\u00e9charger les entreprises :<\/strong><\/p>\n\n\n\n<ul class=\"wp-block-list\">\n<li>Analyse et caract\u00e9risation : Pour d\u00e9terminer la bonne m\u00e9thode de traitement, Matco fait analyser les concentr\u00e9s de mousse pour en d\u00e9terminer le type et la concentration ( PFAS).<\/li>\n\n\n\n<li>S\u00e9lection et organisation du traitement : Matco s\u00e9lectionne la m\u00e9thode de traitement la plus appropri\u00e9e et coordonne l&rsquo;ensemble du processus logistique.<\/li>\n\n\n\n<li>R\u00e9glementation et tra\u00e7abilit\u00e9 : l&rsquo;entreprise assure un traitement administratif complet, y compris la documentation sur les d\u00e9chets, afin que les clients se conforment \u00e0 la l\u00e9gislation sur l&rsquo;environnement et les d\u00e9chets.<\/li>\n<\/ul>\n\n\n\n<h2 class=\"wp-block-heading\"><strong>Un partenaire fiable dans un monde en mutation<\/strong><\/h2>\n\n\n\n<p>Gr\u00e2ce \u00e0 ses connaissances sp\u00e9cialis\u00e9es, \u00e0 son approche pragmatique et \u00e0 son vaste r\u00e9seau de partenaires de traitement, Matco Chemicals aide les entreprises \u00e0 g\u00e9rer professionnellement les risques et les responsabilit\u00e9s li\u00e9s \u00e0 PFAS. De l&rsquo;analyse initiale \u00e0 la destruction finale, Matco supervise \u00e9troitement chaque \u00e9tape du processus et veille \u00e0 ce que les clients respectent les normes environnementales les plus strictes. <\/p>\n\n\n<noscript class=\"ninja-forms-noscript-message\">\n\tRemarque\u00a0: JavaScript est requis pour ce contenu.<\/noscript>\n<div id=\"nf-form-3-cont\" class=\"nf-form-cont\" aria-live=\"polite\" aria-labelledby=\"nf-form-title-3\" aria-describedby=\"nf-form-errors-3\" role=\"form\">\n\n    <div class=\"nf-loading-spinner\"><\/div>\n\n<\/div>\n        <!-- That data is being printed as a workaround to page builders reordering the order of the scripts loaded-->\n        <script>var formDisplay=1;var nfForms=nfForms||[];var form=[];form.id='3';form.settings={\"objectType\":\"Form Setting\",\"editActive\":true,\"title\":\"Contactez-nous pour plus d\\u2019informations sur\",\"default_label_pos\":\"above\",\"show_title\":0,\"clear_complete\":\"1\",\"hide_complete\":\"1\",\"logged_in\":\"\",\"wrapper_class\":\"\",\"element_class\":\"\",\"form_title_heading_level\":\"3\",\"key\":\"\",\"add_submit\":\"0\",\"currency\":\"\",\"unique_field_error\":\"Un formulaire avec cette valeur a d\\u00e9j\\u00e0 \\u00e9t\\u00e9 envoy\\u00e9.\",\"not_logged_in_msg\":\"\",\"sub_limit_msg\":\"Le formulaire a atteint sa limite de soumission.\",\"calculations\":[],\"formContentData\":[\"i_want_more_information_about_1697890706554\",\"name_1693581535615\",\"company_1693581568508\",\"email_1693581549536\",\"phone_1747248117655\",\"question_request_1693581657596\",\"i_agree_that_my_personal_data_will_be_used_for_internal_marketing_purposes_eg_contact_you_by_matco_company_in_accordance_with_our_less_than_a_target_blank_href_https_matcochemicals_com_privacy-cookie-policy_greater_than_privacy_policy_less_than_a_greater_than_1697118901721\",\"send_1693581734177\",\"sumitted_on_1699029955535\"],\"allow_public_link\":0,\"embed_form\":\"\",\"changeEmailErrorMsg\":\"Veuillez saisir une adresse de messagerie valide. Ex\\u00a0: jean.dupont@gmail.com\",\"changeDateErrorMsg\":\"Veuillez saisir une date valide\\u00a0!\",\"confirmFieldErrorMsg\":\"Ces champs doivent correspondre\\u00a0!\",\"fieldNumberNumMinError\":\"Erreur de nombre min.\",\"fieldNumberNumMaxError\":\"Erreur de nombre max.\",\"fieldNumberIncrementBy\":\"Veuillez incr\\u00e9menter par \",\"formErrorsCorrectErrors\":\"Veuillez corriger les erreurs avant d\\u2019envoyer ce formulaire.\",\"validateRequiredField\":\"Ce champ est obligatoire.\",\"honeypotHoneypotError\":\"Erreur Honeypot\",\"fieldsMarkedRequired\":\"Les champs marqu\\u00e9s d\\u2019un <span class=\\\"ninja-forms-req-symbol\\\">*<\\\/span> sont obligatoires\",\"drawerDisabled\":false,\"ninjaForms\":\"Ninja Forms\",\"fieldTextareaRTEInsertLink\":\"Ins\\u00e9rer un lien\",\"fieldTextareaRTEInsertMedia\":\"Ins\\u00e9rer un m\\u00e9dia\",\"fieldTextareaRTESelectAFile\":\"S\\u00e9lectionnez un fichier\",\"formHoneypot\":\"Si vous \\u00eates un \\u00eatre humain et que vous voyez ce champ, veuillez le laisser vide.\",\"fileUploadOldCodeFileUploadInProgress\":\"T\\u00e9l\\u00e9versement du fichier en cours.\",\"fileUploadOldCodeFileUpload\":\"T\\u00c9L\\u00c9VERSEMENT DE FICHIER\",\"currencySymbol\":\"&#36;\",\"thousands_sep\":\"\\u00a0\",\"decimal_point\":\",\",\"siteLocale\":\"fr_FR\",\"dateFormat\":\"m\\\/d\\\/Y\",\"startOfWeek\":\"1\",\"of\":\"sur\",\"previousMonth\":\"Mois pr\\u00e9c\\u00e9dent\",\"nextMonth\":\"Mois suivant\",\"months\":[\"Janvier\",\"F\\u00e9vrier\",\"Mars\",\"Avril\",\"Mai\",\"Juin\",\"Juillet\",\"Ao\\u00fbt\",\"Septembre\",\"Octobre\",\"Novembre\",\"D\\u00e9cembre\"],\"monthsShort\":[\"Jan\",\"F\\u00e9v\",\"Mar\",\"Avr\",\"Mai\",\"Juin\",\"Juil\",\"Ao\\u00fb\",\"Sep\",\"Oct\",\"Nov\",\"D\\u00e9c\"],\"weekdays\":[\"Dimanche\",\"Lundi\",\"Mardi\",\"Mercredi\",\"Jeudi\",\"Vendredi\",\"Samedi\"],\"weekdaysShort\":[\"Dim\",\"Lun\",\"Mar\",\"Mer\",\"Jeu\",\"Ven\",\"Sam\"],\"weekdaysMin\":[\"Di\",\"Lu\",\"Ma\",\"Me\",\"Je\",\"Ve\",\"Sa\"],\"recaptchaConsentMissing\":\"reCaptcha validation couldn&#039;t load.\",\"recaptchaMissingCookie\":\"reCaptcha v3 validation couldn&#039;t load the cookie needed to submit the form.\",\"recaptchaConsentEvent\":\"Accept reCaptcha cookies before sending the form.\",\"currency_symbol\":\"\",\"beforeForm\":\"\",\"beforeFields\":\"\",\"afterFields\":\"\",\"afterForm\":\"\"};form.fields=[{\"objectType\":\"Field\",\"objectDomain\":\"fields\",\"editActive\":false,\"order\":1,\"idAttribute\":\"id\",\"label\":\"Je souhaite plus d\\u2019informations sur\",\"type\":\"textbox\",\"key\":\"i_want_more_information_about_1697890706554\",\"label_pos\":\"above\",\"required\":1,\"default\":\"{wp:post_title}\",\"placeholder\":\"\",\"container_class\":\"\",\"element_class\":\"\",\"input_limit\":\"\",\"input_limit_type\":\"characters\",\"input_limit_msg\":\"Caract\\u00e8re(s) restant(s)\",\"manual_key\":false,\"admin_label\":\"\",\"help_text\":\"\",\"mask\":\"\",\"custom_mask\":\"\",\"custom_name_attribute\":\"\",\"personally_identifiable\":\"\",\"value\":\"Traitement des \\u00e9mulseurs contenant des PFAS\",\"drawerDisabled\":false,\"id\":18,\"beforeField\":\"\",\"afterField\":\"\",\"parentType\":\"textbox\",\"element_templates\":[\"textbox\",\"input\"],\"old_classname\":\"\",\"wrap_template\":\"wrap\"},{\"objectType\":\"Field\",\"objectDomain\":\"fields\",\"editActive\":false,\"order\":2,\"idAttribute\":\"id\",\"label\":\"Nom\",\"type\":\"firstname\",\"key\":\"name_1693581535615\",\"label_pos\":\"above\",\"required\":1,\"default\":\"\",\"placeholder\":\"\",\"container_class\":\"\",\"element_class\":\"\",\"admin_label\":\"\",\"help_text\":\"\",\"custom_name_attribute\":\"fname\",\"personally_identifiable\":1,\"value\":\"\",\"drawerDisabled\":\"\",\"field_label\":\"Name\",\"field_key\":\"name_1693581535615\",\"id\":12,\"beforeField\":\"\",\"afterField\":\"\",\"parentType\":\"firstname\",\"element_templates\":[\"firstname\",\"input\"],\"old_classname\":\"\",\"wrap_template\":\"wrap\"},{\"objectType\":\"Field\",\"objectDomain\":\"fields\",\"editActive\":false,\"order\":3,\"idAttribute\":\"id\",\"label\":\"Compagnie\",\"type\":\"textbox\",\"key\":\"company_1693581568508\",\"label_pos\":\"above\",\"required\":1,\"default\":\"\",\"placeholder\":\"\",\"container_class\":\"\",\"element_class\":\"\",\"input_limit\":\"\",\"input_limit_type\":\"characters\",\"input_limit_msg\":\"Caract\\u00e8re(s) restant(s)\",\"manual_key\":\"\",\"admin_label\":\"\",\"help_text\":\"\",\"mask\":\"\",\"custom_mask\":\"\",\"custom_name_attribute\":\"\",\"personally_identifiable\":\"\",\"value\":\"\",\"field_label\":\"Company\",\"field_key\":\"company_1693581568508\",\"id\":13,\"beforeField\":\"\",\"afterField\":\"\",\"parentType\":\"textbox\",\"element_templates\":[\"textbox\",\"input\"],\"old_classname\":\"\",\"wrap_template\":\"wrap\"},{\"objectType\":\"Field\",\"objectDomain\":\"fields\",\"editActive\":false,\"order\":4,\"idAttribute\":\"id\",\"label\":\"Messagerie \\u00e9lectronique\",\"type\":\"email\",\"key\":\"email_1693581549536\",\"label_pos\":\"above\",\"required\":1,\"default\":\"\",\"placeholder\":\"\",\"container_class\":\"\",\"element_class\":\"\",\"admin_label\":\"\",\"help_text\":\"\",\"custom_name_attribute\":\"email\",\"personally_identifiable\":1,\"value\":\"\",\"drawerDisabled\":\"\",\"field_label\":\"Email\",\"field_key\":\"email_1693581549536\",\"id\":14,\"beforeField\":\"\",\"afterField\":\"\",\"parentType\":\"email\",\"element_templates\":[\"email\",\"input\"],\"old_classname\":\"\",\"wrap_template\":\"wrap\"},{\"objectType\":\"Field\",\"objectDomain\":\"fields\",\"editActive\":false,\"order\":5,\"idAttribute\":\"id\",\"label\":\"T\\u00e9l\\u00e9phone\",\"type\":\"phone\",\"key\":\"phone_1747248117655\",\"label_pos\":\"above\",\"required\":1,\"default\":\"\",\"placeholder\":\"\",\"container_class\":\"\",\"element_class\":\"\",\"input_limit\":\"\",\"input_limit_type\":\"characters\",\"input_limit_msg\":\"Caract\\u00e8re(s) restant(s)\",\"manual_key\":false,\"admin_label\":\"\",\"help_text\":\"\",\"mask\":\"\",\"custom_mask\":\"\",\"custom_name_attribute\":\"phone\",\"personally_identifiable\":1,\"value\":\"\",\"drawerDisabled\":false,\"id\":32,\"beforeField\":\"\",\"afterField\":\"\",\"parentType\":\"textbox\",\"element_templates\":[\"tel\",\"textbox\",\"input\"],\"old_classname\":\"\",\"wrap_template\":\"wrap\"},{\"objectType\":\"Field\",\"objectDomain\":\"fields\",\"editActive\":false,\"order\":6,\"idAttribute\":\"id\",\"label\":\"Question \\\/ Demande  \",\"type\":\"textarea\",\"key\":\"question_request_1693581657596\",\"label_pos\":\"above\",\"required\":1,\"default\":\"\",\"placeholder\":\"\",\"container_class\":\"\",\"element_class\":\"\",\"input_limit\":\"\",\"input_limit_type\":\"characters\",\"input_limit_msg\":\"Caract\\u00e8re(s) restant(s)\",\"manual_key\":\"\",\"admin_label\":\"\",\"help_text\":\"\",\"textarea_rte\":\"\",\"disable_rte_mobile\":\"\",\"textarea_media\":\"\",\"value\":\"\",\"drawerDisabled\":\"\",\"field_label\":\"Question \\\/ Request \",\"field_key\":\"question_request_1693581657596\",\"id\":15,\"beforeField\":\"\",\"afterField\":\"\",\"parentType\":\"textarea\",\"element_templates\":[\"textarea\",\"input\"],\"old_classname\":\"\",\"wrap_template\":\"wrap\"},{\"objectType\":\"Field\",\"objectDomain\":\"fields\",\"editActive\":false,\"order\":7,\"idAttribute\":\"id\",\"label\":\"J\\u2019accepte que mes donn\\u00e9es personnelles soient utilis\\u00e9es \\u00e0 des fins de marketing interne (par exemple, vous contacter) par la soci\\u00e9t\\u00e9 MATCO (conform\\u00e9ment \\u00e0 notre <a target=\\\"_blank\\\" href=\\\"https:\\\/\\\/matcochemicals.com\\\/fr\\\/privacy-cookie-policy\\\/\\\">politique de confidentialit\\u00e9<\\\/a>).\",\"type\":\"checkbox\",\"key\":\"i_agree_that_my_personal_data_will_be_used_for_internal_marketing_purposes_eg_contact_you_by_matco_company_in_accordance_with_our_less_than_a_target_blank_href_https_matcochemicals_com_privacy-cookie-policy_greater_than_privacy_policy_less_than_a_greater_than_1697118901721\",\"label_pos\":\"right\",\"required\":1,\"container_class\":\"\",\"element_class\":\"\",\"manual_key\":\"\",\"admin_label\":\"\",\"help_text\":\"\",\"default_value\":\"unchecked\",\"checked_value\":\"Checked\",\"unchecked_value\":\"Unchecked\",\"checked_calc_value\":\"\",\"unchecked_calc_value\":\"\",\"drawerDisabled\":false,\"field_label\":\"I insist that my personal data will exclusively be used for internal marketing purposes of the MATCO company (pursuant to the GDPR).\",\"field_key\":\"i_insist_that_my_personal_data_will_exclusively_be_used_for_internal_marketing_purposes_of_the_matco_company_pursuant_to_the_gdpr_1693581707582\",\"id\":16,\"beforeField\":\"\",\"afterField\":\"\",\"value\":\"\",\"parentType\":\"checkbox\",\"element_templates\":[\"checkbox\",\"input\"],\"old_classname\":\"\",\"wrap_template\":\"wrap\"},{\"objectType\":\"Field\",\"objectDomain\":\"fields\",\"editActive\":false,\"order\":8,\"idAttribute\":\"id\",\"label\":\"Envoyer\",\"type\":\"submit\",\"processing_label\":\"Envoi\",\"container_class\":\"\",\"element_class\":\"\",\"key\":\"send_1693581734177\",\"drawerDisabled\":\"\",\"field_label\":\"Send\",\"field_key\":\"send_1693581734177\",\"admin_label\":\"\",\"id\":17,\"beforeField\":\"\",\"afterField\":\"\",\"value\":\"\",\"label_pos\":\"above\",\"parentType\":\"textbox\",\"element_templates\":[\"submit\",\"button\",\"input\"],\"old_classname\":\"\",\"wrap_template\":\"wrap-no-label\"},{\"objectType\":\"Field\",\"objectDomain\":\"fields\",\"editActive\":false,\"order\":9,\"idAttribute\":\"id\",\"type\":\"hidden\",\"label\":\"sumitted on:\",\"key\":\"sumitted_on_1699029955535\",\"default\":\"{wp:post_url}\",\"admin_label\":\"\",\"drawerDisabled\":false,\"id\":26,\"beforeField\":\"\",\"afterField\":\"\",\"value\":\"https:\\\/\\\/matcochemicals.com\\\/fr\\\/traitement-des-concentres-de-mousse-pfas\\\/\",\"label_pos\":\"above\",\"parentType\":\"hidden\",\"element_templates\":[\"hidden\",\"input\"],\"old_classname\":\"\",\"wrap_template\":\"wrap-no-label\"},{\"objectType\":\"Field\",\"objectDomain\":\"fields\",\"editActive\":false,\"order\":\"10.0\",\"type\":\"recaptcha_v3\",\"label\":\"Hidden\",\"key\":\"recaptcha_v3\",\"default\":\"\",\"admin_label\":\"\",\"drawerDisabled\":false,\"id\":\"88846\",\"beforeField\":\"\",\"afterField\":\"\",\"value\":\"\",\"label_pos\":\"above\",\"parentType\":\"hidden\",\"element_templates\":[\"recaptcha-v3\",\"hidden\",\"input\"],\"old_classname\":\"\",\"wrap_template\":\"wrap-no-label\",\"site_key\":\"6Lep0dMnAAAAAEd6rPd2w_umgfscxUAE-MbDia7B\"}];nfForms.push(form);<\/script>\n        ","protected":false},"excerpt":{"rendered":"<p>Traitement des \u00e9mulseurs contenant des PFAS : comment Matco Chemicals soutient les entreprises Le traitement des concentr\u00e9s de mousse contenant PFAS est un d\u00e9fi croissant pour les entreprises et les gouvernements du monde entier. En raison de leurs propri\u00e9t\u00e9s uniques &#8211; hydrofuges, graisseuses et antisalissantes &#8211; PFAS (substances per- et polyfluoroalkyles) est utilis\u00e9 depuis de [&hellip;]<\/p>\n","protected":false},"author":1,"featured_media":0,"parent":0,"menu_order":3,"comment_status":"closed","ping_status":"closed","template":"","meta":{"ocean_post_layout":"","ocean_both_sidebars_style":"","ocean_both_sidebars_content_width":0,"ocean_both_sidebars_sidebars_width":0,"ocean_sidebar":"","ocean_second_sidebar":"","ocean_disable_margins":"enable","ocean_add_body_class":"","ocean_shortcode_before_top_bar":"","ocean_shortcode_after_top_bar":"","ocean_shortcode_before_header":"","ocean_shortcode_after_header":"","ocean_has_shortcode":"","ocean_shortcode_after_title":"","ocean_shortcode_before_footer_widgets":"","ocean_shortcode_after_footer_widgets":"","ocean_shortcode_before_footer_bottom":"","ocean_shortcode_after_footer_bottom":"","ocean_display_top_bar":"default","ocean_display_header":"default","ocean_header_style":"","ocean_center_header_left_menu":"","ocean_custom_header_template":"","ocean_custom_logo":0,"ocean_custom_retina_logo":0,"ocean_custom_logo_max_width":0,"ocean_custom_logo_tablet_max_width":0,"ocean_custom_logo_mobile_max_width":0,"ocean_custom_logo_max_height":0,"ocean_custom_logo_tablet_max_height":0,"ocean_custom_logo_mobile_max_height":0,"ocean_header_custom_menu":"","ocean_menu_typo_font_family":"","ocean_menu_typo_font_subset":"","ocean_menu_typo_font_size":0,"ocean_menu_typo_font_size_tablet":0,"ocean_menu_typo_font_size_mobile":0,"ocean_menu_typo_font_size_unit":"px","ocean_menu_typo_font_weight":"","ocean_menu_typo_font_weight_tablet":"","ocean_menu_typo_font_weight_mobile":"","ocean_menu_typo_transform":"","ocean_menu_typo_transform_tablet":"","ocean_menu_typo_transform_mobile":"","ocean_menu_typo_line_height":0,"ocean_menu_typo_line_height_tablet":0,"ocean_menu_typo_line_height_mobile":0,"ocean_menu_typo_line_height_unit":"","ocean_menu_typo_spacing":0,"ocean_menu_typo_spacing_tablet":0,"ocean_menu_typo_spacing_mobile":0,"ocean_menu_typo_spacing_unit":"","ocean_menu_link_color":"","ocean_menu_link_color_hover":"","ocean_menu_link_color_active":"","ocean_menu_link_background":"","ocean_menu_link_hover_background":"","ocean_menu_link_active_background":"","ocean_menu_social_links_bg":"","ocean_menu_social_hover_links_bg":"","ocean_menu_social_links_color":"","ocean_menu_social_hover_links_color":"","ocean_disable_title":"default","ocean_disable_heading":"default","ocean_post_title":"","ocean_post_subheading":"","ocean_post_title_style":"","ocean_post_title_background_color":"","ocean_post_title_background":0,"ocean_post_title_bg_image_position":"","ocean_post_title_bg_image_attachment":"","ocean_post_title_bg_image_repeat":"","ocean_post_title_bg_image_size":"","ocean_post_title_height":0,"ocean_post_title_bg_overlay":0.5,"ocean_post_title_bg_overlay_color":"","ocean_disable_breadcrumbs":"default","ocean_breadcrumbs_color":"","ocean_breadcrumbs_separator_color":"","ocean_breadcrumbs_links_color":"","ocean_breadcrumbs_links_hover_color":"","ocean_display_footer_widgets":"default","ocean_display_footer_bottom":"default","ocean_custom_footer_template":"","footnotes":""},"class_list":["post-5453","page","type-page","status-publish","hentry","entry","owp-thumbs-layout-horizontal","owp-btn-normal","owp-tabs-layout-section","has-no-thumbnails"],"_links":{"self":[{"href":"https:\/\/matcochemicals.com\/fr\/wp-json\/wp\/v2\/pages\/5453","targetHints":{"allow":["GET"]}}],"collection":[{"href":"https:\/\/matcochemicals.com\/fr\/wp-json\/wp\/v2\/pages"}],"about":[{"href":"https:\/\/matcochemicals.com\/fr\/wp-json\/wp\/v2\/types\/page"}],"author":[{"embeddable":true,"href":"https:\/\/matcochemicals.com\/fr\/wp-json\/wp\/v2\/users\/1"}],"replies":[{"embeddable":true,"href":"https:\/\/matcochemicals.com\/fr\/wp-json\/wp\/v2\/comments?post=5453"}],"version-history":[{"count":4,"href":"https:\/\/matcochemicals.com\/fr\/wp-json\/wp\/v2\/pages\/5453\/revisions"}],"predecessor-version":[{"id":6812,"href":"https:\/\/matcochemicals.com\/fr\/wp-json\/wp\/v2\/pages\/5453\/revisions\/6812"}],"wp:attachment":[{"href":"https:\/\/matcochemicals.com\/fr\/wp-json\/wp\/v2\/media?parent=5453"}],"curies":[{"name":"wp","href":"https:\/\/api.w.org\/{rel}","templated":true}]}}