{"id":1585,"date":"2023-08-19T18:59:26","date_gmt":"2023-08-19T18:59:26","guid":{"rendered":"https:\/\/matcochemicals.com\/?page_id=1585"},"modified":"2023-09-24T19:17:42","modified_gmt":"2023-09-24T19:17:42","slug":"conditions-generales","status":"publish","type":"page","link":"https:\/\/matcochemicals.com\/fr\/conditions-generales\/","title":{"rendered":"Matco Conditions G\u00e9n\u00e9rales"},"content":{"rendered":"\n<p>1. Nos offres sont sans engagement de notre part en cas d\u2019\u00e9puisement de stock, de suppression d\u2019un produit ou de modification de prix. Les devis et offres de prix sont bas\u00e9s sur les salaires et les prix des mat\u00e9riaux en vigueur. S\u2019ils sont susceptibles d\u2019\u00eatre modifi\u00e9s, nous nous r\u00e9servons le droit de modifier nos prix en cons\u00e9quence.<\/p>\n\n\n\n<p>2. Les commandes accept\u00e9es par nos repr\u00e9sentants ne nous lient qu\u2019apr\u00e8s confirmation \u00e9crite de votre commande.<\/p>\n\n\n\n<p>3. En cas d\u2019annulation de la commande, l\u2019acheteur est redevable d\u2019une indemnit\u00e9 forfaitaire \u00e0 concurrence de 20% du montant des commandes.<\/p>\n\n\n\n<p>4. Les d\u00e9lais de livraison ne sont donn\u00e9s qu\u2019\u00e0 titre d\u2019information et ne lient pas le vendeur. Des retards de livraison ne donnent pas droit \u00e0 une indemnit\u00e9 ou \u00e0 la r\u00e9siliation du contrat.<\/p>\n\n\n\n<p>5. Les marchandises sont d\u00e9finitivement accept\u00e9es \u00e0 la r\u00e9ception. En cas de vices cach\u00e9s, toute objection doit \u2013 sous peine de nullit\u00e9 &#8211; \u00eatre communiqu\u00e9e par lettre recommand\u00e9e dans les huit jours suivant la r\u00e9ception. Notre obligation de garantie pour vices cach\u00e9s dans les marchandises livr\u00e9es ne s\u2019\u00e9tend pas au-del\u00e0 de nos fournisseurs.<\/p>\n\n\n\n<p>6. En cas d\u2019avarie ou de marchandises de deuxi\u00e8me choix, aucune r\u00e9clamation ne sera accept\u00e9e apr\u00e8s livraison.<\/p>\n\n\n\n<p>7. Toute r\u00e9clamation concernant la livraison doit nous parvenir dans les huit jours suivant la livraison et en tout cas avant l\u2019utilisation ou la revente des biens.<\/p>\n\n\n\n<p>8. Les marchandises sont exp\u00e9di\u00e9es aux risques et p\u00e9rils de l\u2019acheteur. Sauf disposition contraire, les frais de transport sont \u00e0 la charge de l\u2019acheteur.<\/p>\n\n\n\n<p>9. Si l\u2019acheteur ne r\u00e9cup\u00e8re pas les biens \u00e0 la date communiqu\u00e9e par lui, nous nous r\u00e9servons le droit, \u00e0 l\u2019expiration d\u2019un d\u00e9lai de quinze jours, de consid\u00e9rer le contrat comme r\u00e9sili\u00e9 et ce, sans mise en demeure pr\u00e9alable.<\/p>\n\n\n\n<p>10. La conservation des biens en attendant la livraison ou la r\u00e9ception, se fait aux risques de l\u2019acheteur.<\/p>\n\n\n\n<p>11. Lorsque nous ne sommes pas en mesure d\u2019ex\u00e9cuter le contrat, en cas de force majeure, de gr\u00e8ve, de lock-out, etc., nous nous r\u00e9servons le droit de terminer le contrat sans qu\u2019une indemnit\u00e9 puisse \u00eatre r\u00e9clam\u00e9e.<\/p>\n\n\n\n<p>12. Les biens demeurent la propri\u00e9t\u00e9 du vendeur jusqu\u2019au paiement int\u00e9gral du prix. Tous les risques sont \u00e0 la charge de l\u2019acheteur. Les acomptes vers\u00e9s restent acquis par le vendeur en compensation d\u2019\u00e9ventuelles pertes lors de la revente.<\/p>\n\n\n\n<p>13. La protestation de la facture doit avoir lieu par \u00e9crit dans les huit jours suivant la date de facturation. Il est demand\u00e9 de toujours indiquer la date et le num\u00e9ro de la facture.<\/p>\n\n\n\n<p>14. Sauf disposition \u00e9crite contraire, toutes les factures sont payables dans les 30 jours suivant la date de facturation.<\/p>\n\n\n\n<p>15. En cas de non-paiement de la facture dans le d\u00e9lai imparti, des int\u00e9r\u00eats de retard de 1,5% par mois sur le montant de la facture sont dus de plein droit, \u00e0 compter de la date d\u2019\u00e9ch\u00e9ance et sans mise en demeure pr\u00e9alable. Une indemnit\u00e9 forfaitaire de 15% du montant de la facture (avec un minimum de \u20ac 50) est \u00e9galement due de plein droit, sans mise en demeure pr\u00e9alable, comme clause p\u00e9nale. Le non-paiement d\u2019une seule facture \u00e0 l\u2019\u00e9ch\u00e9ance, rend exigible de plein droit le solde d\u00fb de toutes les autres factures m\u00eame non \u00e9chues.<\/p>\n\n\n\n<p>16. Lorsque l\u2019acheteur manque \u00e0 ses obligations ou en cas de faillite ou de d\u00e9confiture de l\u2019acheteur, ainsi que lors de toute modification de la situation juridique de l\u2019acheteur, le contrat peut \u00eatre consid\u00e9r\u00e9 comme r\u00e9sili\u00e9 de plein droit et sans mise en demeure pr\u00e9alable, sans pr\u00e9judice du droit du vendeur \u00e0 des dommages et int\u00e9r\u00eats.<\/p>\n\n\n\n<p>17. Si la confiance du vendeur dans la solvabilit\u00e9 de l\u2019acheteur est \u00e9branl\u00e9e par des actes d\u2019ex\u00e9cution judiciaire pos\u00e9s \u00e0 l\u2019encontre de l\u2019acheteur et\/ou d\u2019autres \u00e9v\u00e9nements d\u00e9montrables, mettant en cause et\/ou rendant impossible la confiance dans la bonne ex\u00e9cution des obligations contract\u00e9es par l\u2019acheteur, le vendeur se r\u00e9serve le droit, m\u00eame lorsque tout ou partie des biens ont d\u00e9j\u00e0 \u00e9t\u00e9 exp\u00e9di\u00e9s, de suspendre tout ou partie de la commande et de r\u00e9clamer de l\u2019acheteur des garanties suffisantes. Si l\u2019acheteur refuse d\u2019y acc\u00e9der ou d\u2019y donner suite imm\u00e9diatement, le vendeur se r\u00e9serve le droit d\u2019annuler tout ou partie de la commande. Tout cela, sans pr\u00e9judice du droit du vendeur \u00e0 des dommages et int\u00e9r\u00eats.<\/p>\n\n\n\n<p>18. En cas de litige concernant le contrat, seuls les tribunaux de l\u2019arrondissement de Courtrai, ou tout autre tribunal au choix du vendeur, sont comp\u00e9tents.<\/p>\n\n\n\n<div class=\"wp-block-buttons is-layout-flex wp-block-buttons-is-layout-flex\">\n<div class=\"wp-block-button\"><a class=\"wp-block-button__link wp-element-button\" href=\"\/wp-content\/uploads\/documents\/Matco-General-Conditions.pdf\" target=\"_blank\" rel=\"noreferrer noopener\">General Conditions [pdf]<\/a><\/div>\n<\/div>\n","protected":false},"excerpt":{"rendered":"<p>1. Nos offres sont sans engagement de notre part en cas d\u2019\u00e9puisement de stock, de suppression d\u2019un produit ou de modification de prix. Les devis et offres de prix sont bas\u00e9s sur les salaires et les prix des mat\u00e9riaux en vigueur. S\u2019ils sont susceptibles d\u2019\u00eatre modifi\u00e9s, nous nous r\u00e9servons le droit de modifier nos prix [&hellip;]<\/p>\n","protected":false},"author":1,"featured_media":0,"parent":0,"menu_order":81,"comment_status":"closed","ping_status":"closed","template":"","meta":{"ocean_post_layout":"","ocean_both_sidebars_style":"","ocean_both_sidebars_content_width":0,"ocean_both_sidebars_sidebars_width":0,"ocean_sidebar":"0","ocean_second_sidebar":"0","ocean_disable_margins":"enable","ocean_add_body_class":"","ocean_shortcode_before_top_bar":"","ocean_shortcode_after_top_bar":"","ocean_shortcode_before_header":"","ocean_shortcode_after_header":"","ocean_has_shortcode":"","ocean_shortcode_after_title":"","ocean_shortcode_before_footer_widgets":"","ocean_shortcode_after_footer_widgets":"","ocean_shortcode_before_footer_bottom":"","ocean_shortcode_after_footer_bottom":"","ocean_display_top_bar":"default","ocean_display_header":"default","ocean_header_style":"","ocean_center_header_left_menu":"0","ocean_custom_header_template":"0","ocean_custom_logo":0,"ocean_custom_retina_logo":0,"ocean_custom_logo_max_width":0,"ocean_custom_logo_tablet_max_width":0,"ocean_custom_logo_mobile_max_width":0,"ocean_custom_logo_max_height":0,"ocean_custom_logo_tablet_max_height":0,"ocean_custom_logo_mobile_max_height":0,"ocean_header_custom_menu":"0","ocean_menu_typo_font_family":"0","ocean_menu_typo_font_subset":"","ocean_menu_typo_font_size":0,"ocean_menu_typo_font_size_tablet":0,"ocean_menu_typo_font_size_mobile":0,"ocean_menu_typo_font_size_unit":"px","ocean_menu_typo_font_weight":"","ocean_menu_typo_font_weight_tablet":"","ocean_menu_typo_font_weight_mobile":"","ocean_menu_typo_transform":"","ocean_menu_typo_transform_tablet":"","ocean_menu_typo_transform_mobile":"","ocean_menu_typo_line_height":0,"ocean_menu_typo_line_height_tablet":0,"ocean_menu_typo_line_height_mobile":0,"ocean_menu_typo_line_height_unit":"","ocean_menu_typo_spacing":0,"ocean_menu_typo_spacing_tablet":0,"ocean_menu_typo_spacing_mobile":0,"ocean_menu_typo_spacing_unit":"","ocean_menu_link_color":"","ocean_menu_link_color_hover":"","ocean_menu_link_color_active":"","ocean_menu_link_background":"","ocean_menu_link_hover_background":"","ocean_menu_link_active_background":"","ocean_menu_social_links_bg":"","ocean_menu_social_hover_links_bg":"","ocean_menu_social_links_color":"","ocean_menu_social_hover_links_color":"","ocean_disable_title":"default","ocean_disable_heading":"default","ocean_post_title":"","ocean_post_subheading":"","ocean_post_title_style":"","ocean_post_title_background_color":"","ocean_post_title_background":0,"ocean_post_title_bg_image_position":"","ocean_post_title_bg_image_attachment":"","ocean_post_title_bg_image_repeat":"","ocean_post_title_bg_image_size":"","ocean_post_title_height":0,"ocean_post_title_bg_overlay":0.5,"ocean_post_title_bg_overlay_color":"","ocean_disable_breadcrumbs":"default","ocean_breadcrumbs_color":"","ocean_breadcrumbs_separator_color":"","ocean_breadcrumbs_links_color":"","ocean_breadcrumbs_links_hover_color":"","ocean_display_footer_widgets":"default","ocean_display_footer_bottom":"default","ocean_custom_footer_template":"0","footnotes":""},"class_list":["post-1585","page","type-page","status-publish","hentry","entry","owp-thumbs-layout-horizontal","owp-btn-normal","owp-tabs-layout-section","has-no-thumbnails"],"_links":{"self":[{"href":"https:\/\/matcochemicals.com\/fr\/wp-json\/wp\/v2\/pages\/1585","targetHints":{"allow":["GET"]}}],"collection":[{"href":"https:\/\/matcochemicals.com\/fr\/wp-json\/wp\/v2\/pages"}],"about":[{"href":"https:\/\/matcochemicals.com\/fr\/wp-json\/wp\/v2\/types\/page"}],"author":[{"embeddable":true,"href":"https:\/\/matcochemicals.com\/fr\/wp-json\/wp\/v2\/users\/1"}],"replies":[{"embeddable":true,"href":"https:\/\/matcochemicals.com\/fr\/wp-json\/wp\/v2\/comments?post=1585"}],"version-history":[{"count":1,"href":"https:\/\/matcochemicals.com\/fr\/wp-json\/wp\/v2\/pages\/1585\/revisions"}],"predecessor-version":[{"id":1586,"href":"https:\/\/matcochemicals.com\/fr\/wp-json\/wp\/v2\/pages\/1585\/revisions\/1586"}],"wp:attachment":[{"href":"https:\/\/matcochemicals.com\/fr\/wp-json\/wp\/v2\/media?parent=1585"}],"curies":[{"name":"wp","href":"https:\/\/api.w.org\/{rel}","templated":true}]}}