{"id":1531,"date":"2023-08-19T19:55:47","date_gmt":"2023-08-19T19:55:47","guid":{"rendered":"https:\/\/matcochemicals.com\/?page_id=1531"},"modified":"2023-09-24T17:37:30","modified_gmt":"2023-09-24T17:37:30","slug":"privacy-cookie-policy","status":"publish","type":"page","link":"https:\/\/matcochemicals.com\/fr\/privacy-cookie-policy\/","title":{"rendered":"Privacy &amp; Cookie Policy"},"content":{"rendered":"\n<p>Vous pouvez visiter le site web de Matco nv et consulter des informations sur notre entreprise, nos produits et services, sans nous donner des informations personnelles. Par contre, si vous souhaitez nous contacter p. ex. par le formulaire de contact, il vous faudra nous communiquer vos donn\u00e9es personnelles. Chaque fois que vous donnez des informations personnelles, Matco nv les traitera conform\u00e9ment \u00e0 la politique d\u00e9crite dans le pr\u00e9sent texte et aux dispositions l\u00e9gales relatives au traitement de donn\u00e9es \u00e0 caract\u00e8re personnel.<\/p>\n\n\n\n<h5 class=\"wp-block-heading\">1. Traitement confidentiel des donn\u00e9es personnelles<\/h5>\n\n\n\n<p>Les donn\u00e9es personnelles collect\u00e9es par Matco nv, sont stock\u00e9es dans un environnement s\u00e9curis\u00e9 qui n\u2019est pas accessible au public. Le fichier ne peut \u00eatre consult\u00e9 que par un nombre limit\u00e9 de personnes employ\u00e9es par Matco nv, qui ont besoin de ces informations pour l\u2019exercice de leur fonction. Les informations ne sont utilis\u00e9es qu\u2019\u00e0 des fins internes. Matco nv ne transmet pas de donn\u00e9es personnelles \u00e0 des tiers, sauf pour satisfaire aux obligations l\u00e9gales ou en cas de demande explicite des autorit\u00e9s judiciaires ou polici\u00e8res. Dans le cas exceptionnel o\u00f9 Matco nv transmettrait quand m\u00eame des donn\u00e9es personnelles \u00e0 des organisations ou entreprises avec lesquelles il collabore, cela sera explicitement mentionn\u00e9 ou Matco nv vous demandera explicitement votre autorisation.\u2028En cas de fuite de donn\u00e9es, Matco nv le signalera dans les 72 heures \u00e0 la Commission de la vie priv\u00e9e, sauf si Matco nv peut prouver qu\u2019il n\u2019y a aucun risque pour les renseignements personnels recueillis.<\/p>\n\n\n\n<h5 class=\"wp-block-heading\">2. Objectif du traitement<\/h5>\n\n\n\n<p>Matco nv utilise les donn\u00e9es personnelles collect\u00e9es pour vous identifier, pour entrer en contact avec vous ou vous offrir un service optimal. Les donn\u00e9es peuvent \u00e9galement \u00eatre utilis\u00e9es pour vous informer sur les nouveaut\u00e9s, les nouveaux produits et services de Matco nv. Si vous ne souhaitez pas recevoir de telles informations, vous pouvez le signaler par mail (<a href=\"mailto:info@matco.be\">info@matco.be<\/a>) ou simple courrier \u00e0 Matco nv.<\/p>\n\n\n\n<h5 class=\"wp-block-heading\">3. Autorisation de traitement<\/h5>\n\n\n\n<p>En fournissant vos donn\u00e9es personnelles \u00e0 Matco nv, vous lui donnez l\u2019autorisation explicite de les traiter aux fins \u00e9nonc\u00e9es ci-dessus. Si Matco nv souhaite utiliser vos donn\u00e9es personnelles \u00e0 d\u2019autres fins ou les communiquer \u00e0 des organisations ou entreprises avec lesquelles il collabore, il vous demandera votre consentement explicite. Vous pouvez vous y opposer.<\/p>\n\n\n\n<h5 class=\"wp-block-heading\">4. Droits d\u2019acc\u00e8s, de rectification et de suppression des donn\u00e9es personnelles<\/h5>\n\n\n\n<p>Vous avez le droit d\u2019acc\u00e9der aux informations vous concernant enregistr\u00e9es par Matco nv et de modifier des donn\u00e9es qui seraient inexactes ou incompl\u00e8tes. En outre, vous pouvez \u00e0 tout moment demander de supprimer vos donn\u00e9es personnelles du fichier de Matco nv. Pour ce faire, vous pouvez vous adresser par mail (<a href=\"mailto:info@matco.be\">info@matco.be<\/a>) ou simple courrier \u00e0 Matco nv.<\/p>\n\n\n\n<h5 class=\"wp-block-heading\">5. Politique en mati\u00e8re de cookies<\/h5>\n\n\n\n<h6 class=\"wp-block-heading\">G\u00e9n\u00e9ralit\u00e9s<\/h6>\n\n\n\n<p>Ce site web utilise des cookies. Les cookies sont de petits fichiers qui sont envoy\u00e9s avec les pages du site web et stock\u00e9s par votre navigateur sur le disque dur de votre ordinateur. Les informations contenues dans les cookies peuvent \u00eatre renvoy\u00e9es \u00e0 nos serveurs lors d\u2019une prochaine visite de notre site web, de fa\u00e7on \u00e0 assurer non seulement le fonctionnement optimal du site web, mais \u00e0 vous offrir \u00e9galement un meilleur service. En effet, les cookies se souviennent de certains choix et param\u00e8tres que vous avez d\u00e9finis, dans le but de rendre une prochaine visite plus rapide, plus efficace et plus facile.<\/p>\n\n\n\n<h6 class=\"wp-block-heading\">Information par type de cookie<\/h6>\n\n\n\n<p>Cookies permanents&nbsp;: les cookies permanents permettent de reconna\u00eetre l\u2019internaute lors d\u2019une nouvelle visite du site web. Le site web peut d\u00e8s lors \u00eatre configur\u00e9 en fonction des pr\u00e9f\u00e9rences du visiteur. Un cookie peut \u00e9galement retenir si le visiteur a donn\u00e9 la permission d\u2019installer des cookies. Cela signifie que le visiteur ne doit pas toujours r\u00e9p\u00e9ter ses pr\u00e9f\u00e9rences, ce qui fait gagner du temps. Les cookies permanents peuvent \u00eatre effac\u00e9s dans les param\u00e8tres du navigateur de l\u2019internaute.<\/p>\n\n\n\n<p>Cookies de session : les cookies de session permettent de voir quelles parties du site web ont \u00e9t\u00e9 consult\u00e9es. Ainsi, les services peuvent \u00eatre adapt\u00e9s le plus possible au comportement des visiteurs, assurant de la sorte une utilisation optimale et confortable du site web. Ces cookies sont supprim\u00e9s automatiquement lorsque vous fermez votre navigateur.<\/p>\n\n\n\n<p>Cookies fonctionnels :&nbsp;ces cookies sont n\u00e9cessaires au fonctionnement du site web ou du shop web. Par ex.&nbsp;: des cookies qui se souviennent des identifiants de connexion, des pr\u00e9f\u00e9rences de langue, etc.<\/p>\n\n\n\n<p>Cookies analytiques : via le site web, un cookie de Google est install\u00e9 dans le cadre du service Google Analytics. Ce service est utilis\u00e9 pour retenir comment les utilisateurs du site web utilisent le site et recevoir des rapports sur leur comportement. Google peut communiquer ces informations \u00e0 des tiers, si la loi l\u2019y oblige ou pour autant que ces tiers traitent les informations pour le compte Google. Pour le reste, il peut \u00eatre renvoy\u00e9 aux r\u00e8gles de confidentialit\u00e9 de Google (<a href=\"https:\/\/www.google.com\/intl\/fr\/policies\/privacy\/\" target=\"_blank\" rel=\"noreferrer noopener\">https:\/\/www.google.com\/intl\/fr\/policies\/privacy\/<\/a>).<\/p>\n\n\n\n<h6 class=\"wp-block-heading\">Cookies utilis\u00e9s sur ce site<\/h6>\n\n\n\n<p>Google Analytics&nbsp;: pour retenir comment les visiteurs du site web utilisent le site et recevoir des rapports sur leur comportement, en vue d\u2019am\u00e9liorer les services. Pour plus d\u2019infos et la dur\u00e9e, voir :&nbsp;<a href=\"https:\/\/www.google.com\/policies\/technologies\/cookies\/\" target=\"_blank\" rel=\"noreferrer noopener\">https:\/\/www.google.com\/policies\/technologies\/cookies\/<\/a><\/p>\n\n\n\n<p>Google Adwords&nbsp;: pour retenir combien de visiteurs ont consult\u00e9 le site web via une annonce Google. Pour plus d\u2019infos et la dur\u00e9e, voir :&nbsp;<a href=\"https:\/\/www.google.com\/policies\/technologies\/cookies\/\" target=\"_blank\" rel=\"noreferrer noopener\">https:\/\/www.google.com\/policies\/technologies\/cookies\/<\/a><\/p>\n\n\n\n<p>Pop-up cookie : permet au visiteur, \u00e0 chaque fois qu\u2019il consulte le site web dans l\u2019intervalle d\u2019une heure, de recevoir un pop-up facilitant l\u2019acc\u00e8s \u00e0 des promotions, produits, &#8230;<\/p>\n\n\n\n<p>Social Sharing via Facebook&nbsp;: permet au visiteur de partager certaines promotions ou produits via Facebook. La dur\u00e9e est d\u2019une session de navigateur.<\/p>\n\n\n\n<p>YouTube&nbsp;: pour promouvoir les services, des films d\u2019instruction sont plac\u00e9s sur le site web, via YouTube. Pour plus d\u2019infos et la dur\u00e9e, voir :&nbsp;<a href=\"https:\/\/www.youtube.com\/static?template=privacy_guidelines\/\" target=\"_blank\" rel=\"noreferrer noopener\">https:\/\/www.youtube.com\/static?template=privacy_guidelines\/<\/a><\/p>\n\n\n\n<h6 class=\"wp-block-heading\">Gestion et suppression des cookies<\/h6>\n\n\n\n<p>Vous d\u00e9cidez vous-m\u00eame si vous acceptez ou refusez des cookies. Lorsque vous consultez notre site web pour la premi\u00e8re fois, votre autorisation est demand\u00e9e pour l\u2019installation de ces cookies. La plupart des navigateurs acceptent automatiquement les cookies mais, g\u00e9n\u00e9ralement, vous pouvez ajuster les param\u00e8tres de votre navigateur de mani\u00e8re \u00e0 refuser les cookies. Vous devez le faire pour chaque navigateur et chaque ordinateur. Cliquez sur la fonction d\u2019aide du navigateur utilis\u00e9 pour lire comment vous pouvez adapter vous-m\u00eame les param\u00e8tres.<\/p>\n\n\n\n<p>Gardez \u00e0 l\u2019esprit que le fait de ne pas accepter, de d\u00e9sactiver ou de supprimer des cookies peut rendre certaines fonctionnalit\u00e9s du site web moins accessibles ou dysfonctionnelles.<\/p>\n","protected":false},"excerpt":{"rendered":"<p>Vous pouvez visiter le site web de Matco nv et consulter des informations sur notre entreprise, nos produits et services, sans nous donner des informations personnelles. Par contre, si vous souhaitez nous contacter p. ex. par le formulaire de contact, il vous faudra nous communiquer vos donn\u00e9es personnelles. Chaque fois que vous donnez des informations [&hellip;]<\/p>\n","protected":false},"author":1,"featured_media":0,"parent":0,"menu_order":102,"comment_status":"closed","ping_status":"closed","template":"","meta":{"ocean_post_layout":"full-width","ocean_both_sidebars_style":"","ocean_both_sidebars_content_width":0,"ocean_both_sidebars_sidebars_width":0,"ocean_sidebar":"0","ocean_second_sidebar":"0","ocean_disable_margins":"enable","ocean_add_body_class":"","ocean_shortcode_before_top_bar":"","ocean_shortcode_after_top_bar":"","ocean_shortcode_before_header":"","ocean_shortcode_after_header":"","ocean_has_shortcode":"","ocean_shortcode_after_title":"","ocean_shortcode_before_footer_widgets":"","ocean_shortcode_after_footer_widgets":"","ocean_shortcode_before_footer_bottom":"","ocean_shortcode_after_footer_bottom":"","ocean_display_top_bar":"default","ocean_display_header":"default","ocean_header_style":"","ocean_center_header_left_menu":"0","ocean_custom_header_template":"0","ocean_custom_logo":0,"ocean_custom_retina_logo":0,"ocean_custom_logo_max_width":0,"ocean_custom_logo_tablet_max_width":0,"ocean_custom_logo_mobile_max_width":0,"ocean_custom_logo_max_height":0,"ocean_custom_logo_tablet_max_height":0,"ocean_custom_logo_mobile_max_height":0,"ocean_header_custom_menu":"0","ocean_menu_typo_font_family":"0","ocean_menu_typo_font_subset":"","ocean_menu_typo_font_size":0,"ocean_menu_typo_font_size_tablet":0,"ocean_menu_typo_font_size_mobile":0,"ocean_menu_typo_font_size_unit":"px","ocean_menu_typo_font_weight":"","ocean_menu_typo_font_weight_tablet":"","ocean_menu_typo_font_weight_mobile":"","ocean_menu_typo_transform":"","ocean_menu_typo_transform_tablet":"","ocean_menu_typo_transform_mobile":"","ocean_menu_typo_line_height":0,"ocean_menu_typo_line_height_tablet":0,"ocean_menu_typo_line_height_mobile":0,"ocean_menu_typo_line_height_unit":"","ocean_menu_typo_spacing":0,"ocean_menu_typo_spacing_tablet":0,"ocean_menu_typo_spacing_mobile":0,"ocean_menu_typo_spacing_unit":"","ocean_menu_link_color":"","ocean_menu_link_color_hover":"","ocean_menu_link_color_active":"","ocean_menu_link_background":"","ocean_menu_link_hover_background":"","ocean_menu_link_active_background":"","ocean_menu_social_links_bg":"","ocean_menu_social_hover_links_bg":"","ocean_menu_social_links_color":"","ocean_menu_social_hover_links_color":"","ocean_disable_title":"default","ocean_disable_heading":"default","ocean_post_title":"","ocean_post_subheading":"","ocean_post_title_style":"","ocean_post_title_background_color":"","ocean_post_title_background":0,"ocean_post_title_bg_image_position":"","ocean_post_title_bg_image_attachment":"","ocean_post_title_bg_image_repeat":"","ocean_post_title_bg_image_size":"","ocean_post_title_height":0,"ocean_post_title_bg_overlay":0.5,"ocean_post_title_bg_overlay_color":"","ocean_disable_breadcrumbs":"default","ocean_breadcrumbs_color":"","ocean_breadcrumbs_separator_color":"","ocean_breadcrumbs_links_color":"","ocean_breadcrumbs_links_hover_color":"","ocean_display_footer_widgets":"default","ocean_display_footer_bottom":"default","ocean_custom_footer_template":"0","footnotes":""},"class_list":["post-1531","page","type-page","status-publish","hentry","entry","owp-thumbs-layout-horizontal","owp-btn-normal","owp-tabs-layout-section","has-no-thumbnails"],"_links":{"self":[{"href":"https:\/\/matcochemicals.com\/fr\/wp-json\/wp\/v2\/pages\/1531","targetHints":{"allow":["GET"]}}],"collection":[{"href":"https:\/\/matcochemicals.com\/fr\/wp-json\/wp\/v2\/pages"}],"about":[{"href":"https:\/\/matcochemicals.com\/fr\/wp-json\/wp\/v2\/types\/page"}],"author":[{"embeddable":true,"href":"https:\/\/matcochemicals.com\/fr\/wp-json\/wp\/v2\/users\/1"}],"replies":[{"embeddable":true,"href":"https:\/\/matcochemicals.com\/fr\/wp-json\/wp\/v2\/comments?post=1531"}],"version-history":[{"count":1,"href":"https:\/\/matcochemicals.com\/fr\/wp-json\/wp\/v2\/pages\/1531\/revisions"}],"predecessor-version":[{"id":1532,"href":"https:\/\/matcochemicals.com\/fr\/wp-json\/wp\/v2\/pages\/1531\/revisions\/1532"}],"wp:attachment":[{"href":"https:\/\/matcochemicals.com\/fr\/wp-json\/wp\/v2\/media?parent=1531"}],"curies":[{"name":"wp","href":"https:\/\/api.w.org\/{rel}","templated":true}]}}