{"id":1529,"date":"2023-08-19T19:54:59","date_gmt":"2023-08-19T19:54:59","guid":{"rendered":"https:\/\/matcochemicals.com\/?page_id=1529"},"modified":"2023-09-26T19:31:25","modified_gmt":"2023-09-26T19:31:25","slug":"disclaimer","status":"publish","type":"page","link":"https:\/\/matcochemicals.com\/fr\/disclaimer\/","title":{"rendered":"Disclaimer"},"content":{"rendered":"\n<h5 class=\"wp-block-heading\">1. G\u00e9n\u00e9ralit\u00e9s<\/h5>\n\n\n\n<p>Vous pouvez utiliser ce site web, ainsi que les informations reprises sur ce site, si vous respectez les conditions qui sont d\u00e9finies dans le pr\u00e9sent texte. Matco peut \u00e0 tout moment modifier ces conditions.<\/p>\n\n\n\n<h5 class=\"wp-block-heading\">2. Droits de propri\u00e9t\u00e9 intellectuelle<\/h5>\n\n\n\n<p>Vous reconnaissez que toutes les informations sont et restent la propri\u00e9t\u00e9 de Matco. Les textes, images et autres \u00e9l\u00e9ments du site sont prot\u00e9g\u00e9s par le droit d\u2019auteur. Si vous souhaitez les reproduire ou les diffuser, vous devez obtenir l\u2019autorisation \u00e9crite de Matco, sauf si cela n\u2019est pas n\u00e9cessaire en vertu des dispositions de la loi du 30 juin 1994 sur le droit d\u2019auteur. Vous avez le droit de t\u00e9l\u00e9charger ou de r\u00e9utiliser les informations de ce site pour un usage priv\u00e9.<\/p>\n\n\n\n<h5 class=\"wp-block-heading\">3. Mise en place d\u2019un hyperlien vers le site web de Matco<\/h5>\n\n\n\n<p>Vous pouvez installer sur votre propre site un lien vers la page d\u2019accueil du site web de Matco. La page web contenant l\u2019hyperlien doit totalement dispara\u00eetre et l\u2019adresse URL du site web de Matco doit \u00eatre clairement visible. Vous ne pouvez mettre en place d\u2019autres hyperliens qu\u2019apr\u00e8s accord expr\u00e8s \u00e9crit de Matco. Vous pouvez envoyer votre demande \u00e0 Matco en utilisant le formulaire de contact figurant sur le site web.<\/p>\n\n\n\n<h5 class=\"wp-block-heading\">4. Responsabilit\u00e9 de Matco<\/h5>\n\n\n\n<p>Les informations pr\u00e9sent\u00e9es sur le site web de Matco r\u00e9sultent d\u2019un travail rigoureux de recherche et d\u2019analyse. Matco vise une information aussi compl\u00e8te et exacte que possible. Si les informations disponibles sur le site web sont toutefois incompl\u00e8tes ou contiennent des erreurs ou des anomalies dans les sp\u00e9cifications techniques, Matco ne peut pas en \u00eatre tenu responsable.<\/p>\n","protected":false},"excerpt":{"rendered":"<p>1. G\u00e9n\u00e9ralit\u00e9s Vous pouvez utiliser ce site web, ainsi que les informations reprises sur ce site, si vous respectez les conditions qui sont d\u00e9finies dans le pr\u00e9sent texte. Matco peut \u00e0 tout moment modifier ces conditions. 2. Droits de propri\u00e9t\u00e9 intellectuelle Vous reconnaissez que toutes les informations sont et restent la propri\u00e9t\u00e9 de Matco. Les [&hellip;]<\/p>\n","protected":false},"author":1,"featured_media":0,"parent":0,"menu_order":65,"comment_status":"closed","ping_status":"closed","template":"","meta":{"ocean_post_layout":"full-width","ocean_both_sidebars_style":"","ocean_both_sidebars_content_width":0,"ocean_both_sidebars_sidebars_width":0,"ocean_sidebar":"0","ocean_second_sidebar":"0","ocean_disable_margins":"enable","ocean_add_body_class":"","ocean_shortcode_before_top_bar":"","ocean_shortcode_after_top_bar":"","ocean_shortcode_before_header":"","ocean_shortcode_after_header":"","ocean_has_shortcode":"","ocean_shortcode_after_title":"","ocean_shortcode_before_footer_widgets":"","ocean_shortcode_after_footer_widgets":"","ocean_shortcode_before_footer_bottom":"","ocean_shortcode_after_footer_bottom":"","ocean_display_top_bar":"default","ocean_display_header":"default","ocean_header_style":"","ocean_center_header_left_menu":"0","ocean_custom_header_template":"0","ocean_custom_logo":0,"ocean_custom_retina_logo":0,"ocean_custom_logo_max_width":0,"ocean_custom_logo_tablet_max_width":0,"ocean_custom_logo_mobile_max_width":0,"ocean_custom_logo_max_height":0,"ocean_custom_logo_tablet_max_height":0,"ocean_custom_logo_mobile_max_height":0,"ocean_header_custom_menu":"0","ocean_menu_typo_font_family":"0","ocean_menu_typo_font_subset":"","ocean_menu_typo_font_size":0,"ocean_menu_typo_font_size_tablet":0,"ocean_menu_typo_font_size_mobile":0,"ocean_menu_typo_font_size_unit":"px","ocean_menu_typo_font_weight":"","ocean_menu_typo_font_weight_tablet":"","ocean_menu_typo_font_weight_mobile":"","ocean_menu_typo_transform":"","ocean_menu_typo_transform_tablet":"","ocean_menu_typo_transform_mobile":"","ocean_menu_typo_line_height":0,"ocean_menu_typo_line_height_tablet":0,"ocean_menu_typo_line_height_mobile":0,"ocean_menu_typo_line_height_unit":"","ocean_menu_typo_spacing":0,"ocean_menu_typo_spacing_tablet":0,"ocean_menu_typo_spacing_mobile":0,"ocean_menu_typo_spacing_unit":"","ocean_menu_link_color":"","ocean_menu_link_color_hover":"","ocean_menu_link_color_active":"","ocean_menu_link_background":"","ocean_menu_link_hover_background":"","ocean_menu_link_active_background":"","ocean_menu_social_links_bg":"","ocean_menu_social_hover_links_bg":"","ocean_menu_social_links_color":"","ocean_menu_social_hover_links_color":"","ocean_disable_title":"default","ocean_disable_heading":"default","ocean_post_title":"","ocean_post_subheading":"","ocean_post_title_style":"","ocean_post_title_background_color":"","ocean_post_title_background":0,"ocean_post_title_bg_image_position":"","ocean_post_title_bg_image_attachment":"","ocean_post_title_bg_image_repeat":"","ocean_post_title_bg_image_size":"","ocean_post_title_height":0,"ocean_post_title_bg_overlay":0.5,"ocean_post_title_bg_overlay_color":"","ocean_disable_breadcrumbs":"default","ocean_breadcrumbs_color":"","ocean_breadcrumbs_separator_color":"","ocean_breadcrumbs_links_color":"","ocean_breadcrumbs_links_hover_color":"","ocean_display_footer_widgets":"default","ocean_display_footer_bottom":"default","ocean_custom_footer_template":"0","footnotes":""},"class_list":["post-1529","page","type-page","status-publish","hentry","entry","owp-thumbs-layout-horizontal","owp-btn-normal","owp-tabs-layout-section","has-no-thumbnails"],"_links":{"self":[{"href":"https:\/\/matcochemicals.com\/fr\/wp-json\/wp\/v2\/pages\/1529","targetHints":{"allow":["GET"]}}],"collection":[{"href":"https:\/\/matcochemicals.com\/fr\/wp-json\/wp\/v2\/pages"}],"about":[{"href":"https:\/\/matcochemicals.com\/fr\/wp-json\/wp\/v2\/types\/page"}],"author":[{"embeddable":true,"href":"https:\/\/matcochemicals.com\/fr\/wp-json\/wp\/v2\/users\/1"}],"replies":[{"embeddable":true,"href":"https:\/\/matcochemicals.com\/fr\/wp-json\/wp\/v2\/comments?post=1529"}],"version-history":[{"count":1,"href":"https:\/\/matcochemicals.com\/fr\/wp-json\/wp\/v2\/pages\/1529\/revisions"}],"predecessor-version":[{"id":1530,"href":"https:\/\/matcochemicals.com\/fr\/wp-json\/wp\/v2\/pages\/1529\/revisions\/1530"}],"wp:attachment":[{"href":"https:\/\/matcochemicals.com\/fr\/wp-json\/wp\/v2\/media?parent=1529"}],"curies":[{"name":"wp","href":"https:\/\/api.w.org\/{rel}","templated":true}]}}