{"id":1491,"date":"2023-08-20T10:08:59","date_gmt":"2023-08-20T10:08:59","guid":{"rendered":"https:\/\/matcochemicals.com\/?page_id=1491"},"modified":"2024-09-06T14:42:01","modified_gmt":"2024-09-06T14:42:01","slug":"produits-chimiques-de-deuxieme-choix","status":"publish","type":"page","link":"https:\/\/matcochemicals.com\/fr\/produits-chimiques-de-deuxieme-choix\/","title":{"rendered":"Produits chimiques hors sp\u00e9cifications"},"content":{"rendered":"\n<p>Il y a plus de 30 ans, \u00e0 une \u00e9poque o\u00f9 l&rsquo;\u00e9cologie \u00e9tait inconnue de l&rsquo;industrie en g\u00e9n\u00e9ral, cette activit\u00e9 a donn\u00e9 naissance \u00e0 l&rsquo;un des premiers services complets de Matco nv.\nD\u00e8s le d\u00e9but, Matco a choisi d&rsquo;appliquer l&rsquo;\u00e9conomie circulaire et le principe du \u00ab\u00a0cradle-to-cradle\u00a0\u00bb, bien avant que ces termes ne soient invent\u00e9s.\nToutes ces ann\u00e9es d&rsquo;exp\u00e9rience nous ont appris \u00e0 offrir des solutions pr\u00eates \u00e0 l&#8217;emploi dans la multitude d&rsquo;industries chimiques, afin d&rsquo;assurer la r\u00e9cup\u00e9ration et la valorisation des cas &lsquo;probl\u00e9matiques&rsquo;.\nDe cette mani\u00e8re, une r\u00e9ponse ad\u00e9quate peut rapidement \u00eatre donn\u00e9e \u00e0 chaque branche industrielle, dans la grande vari\u00e9t\u00e9 de la chimie.\nQuelques exemples de dommages, de r\u00e9sidus, de mat\u00e9riel hors sp\u00e9cifications ou contamin\u00e9, et de surstock :    <\/p>\n\n<ul class=\"wp-block-list\">\n<li>Dispersions \u00e0 base d&rsquo;eau (\u00e0 base d&rsquo;acrylate, d&rsquo;ac\u00e9tate de vinyle, de latex, de polyur\u00e9thane, etc.)<\/li>\n\n\n\n<li>Dioxydes de titane hors sp\u00e9cifications (rutile et anatase, ou m\u00e9langes avec d&rsquo;autres charges)<\/li>\n\n\n\n<li>Tampons alcalins (<sub>Na2CO3<\/sub>, NaOH, KOH, etc.)<\/li>\n\n\n\n<li>Produits m\u00e9tallurgiques inorganiques<\/li>\n\n\n\n<li>Solvants organiques hors sp\u00e9cifications (m\u00eame fortement contamin\u00e9s)<\/li>\n\n\n\n<li>Produits bact\u00e9riologiques d\u00e9gradables<\/li>\n<\/ul>\n\n<p>Ces produits finissent souvent par \u00eatre d\u00e9truits et repr\u00e9sentent un co\u00fbt \u00e9lev\u00e9 pour le producteur.\nMatco propose une solution compl\u00e8te et fiable pour TOUS les d\u00e9chets chimiques (dangereux), y compris la logistique et l&rsquo;administration.\nIl n&rsquo;y a aucune restriction en mati\u00e8re d&#8217;emballage ou de quantit\u00e9.\nMatco propose des solutions rentables et respectueuses de l&rsquo;environnement gr\u00e2ce \u00e0 un vaste r\u00e9seau d&rsquo;utilisateurs finaux alternatifs, tout en satisfaisant \u00e0 toutes les l\u00e9gislations.\nNous disposons d&rsquo;un permis pour le <a href=\"https:\/\/matcochemicals.com\/fr\/collecte-traitement-des-dechets\/\" data-type=\"page\" data-id=\"271\"> stockage (temporaire) de d\u00e9chets chimiques dangereux<\/a> et sommes <a href=\"https:\/\/matcochemicals.com\/fr\/collecte-traitement-des-dechets\/\" data-type=\"page\" data-id=\"271\">un collecteur agr\u00e9\u00e9 dans toutes les r\u00e9gions belges (Flandre, Wallonie et Bruxelles)<\/a>.      <\/p>\n\n<figure class=\"wp-block-gallery has-nested-images columns-default is-cropped wp-block-gallery-1 is-layout-flex wp-block-gallery-is-layout-flex\">\n<figure class=\"wp-block-image size-large\"><img loading=\"lazy\" decoding=\"async\" width=\"1024\" height=\"683\" data-id=\"278\" src=\"http:\/\/www.matcochemicals.com\/wp-content\/uploads\/2023\/08\/Lijmen-watergedragen-01-1-1024x683.jpg\" alt=\"\" class=\"wp-image-278\" srcset=\"https:\/\/matcochemicals.com\/wp-content\/uploads\/2023\/08\/Lijmen-watergedragen-01-1-1024x683.jpg 1024w, https:\/\/matcochemicals.com\/wp-content\/uploads\/2023\/08\/Lijmen-watergedragen-01-1-200x133.jpg 200w, https:\/\/matcochemicals.com\/wp-content\/uploads\/2023\/08\/Lijmen-watergedragen-01-1-400x267.jpg 400w, https:\/\/matcochemicals.com\/wp-content\/uploads\/2023\/08\/Lijmen-watergedragen-01-1-300x200.jpg 300w, https:\/\/matcochemicals.com\/wp-content\/uploads\/2023\/08\/Lijmen-watergedragen-01-1-768x512.jpg 768w, https:\/\/matcochemicals.com\/wp-content\/uploads\/2023\/08\/Lijmen-watergedragen-01-1.jpg 1200w\" sizes=\"auto, (max-width: 1024px) 100vw, 1024px\" \/><\/figure>\n\n\n\n<figure class=\"wp-block-image size-large\"><img loading=\"lazy\" decoding=\"async\" width=\"1024\" height=\"683\" data-id=\"279\" src=\"http:\/\/www.matcochemicals.com\/wp-content\/uploads\/2023\/08\/Tweede-keus-chemische-producten-02-1024x683.jpg\" alt=\"\" class=\"wp-image-279\" srcset=\"https:\/\/matcochemicals.com\/wp-content\/uploads\/2023\/08\/Tweede-keus-chemische-producten-02-1024x683.jpg 1024w, https:\/\/matcochemicals.com\/wp-content\/uploads\/2023\/08\/Tweede-keus-chemische-producten-02-200x133.jpg 200w, https:\/\/matcochemicals.com\/wp-content\/uploads\/2023\/08\/Tweede-keus-chemische-producten-02-400x267.jpg 400w, https:\/\/matcochemicals.com\/wp-content\/uploads\/2023\/08\/Tweede-keus-chemische-producten-02-300x200.jpg 300w, https:\/\/matcochemicals.com\/wp-content\/uploads\/2023\/08\/Tweede-keus-chemische-producten-02-768x512.jpg 768w, https:\/\/matcochemicals.com\/wp-content\/uploads\/2023\/08\/Tweede-keus-chemische-producten-02.jpg 1200w\" sizes=\"auto, (max-width: 1024px) 100vw, 1024px\" \/><\/figure>\n\n\n\n<figure class=\"wp-block-image size-large\"><img loading=\"lazy\" decoding=\"async\" width=\"1024\" height=\"683\" data-id=\"280\" src=\"http:\/\/www.matcochemicals.com\/wp-content\/uploads\/2023\/08\/Tweede-keus-chemische-producten-03-1024x683.jpg\" alt=\"\" class=\"wp-image-280\" srcset=\"https:\/\/matcochemicals.com\/wp-content\/uploads\/2023\/08\/Tweede-keus-chemische-producten-03-1024x683.jpg 1024w, https:\/\/matcochemicals.com\/wp-content\/uploads\/2023\/08\/Tweede-keus-chemische-producten-03-200x133.jpg 200w, https:\/\/matcochemicals.com\/wp-content\/uploads\/2023\/08\/Tweede-keus-chemische-producten-03-400x267.jpg 400w, https:\/\/matcochemicals.com\/wp-content\/uploads\/2023\/08\/Tweede-keus-chemische-producten-03-300x200.jpg 300w, https:\/\/matcochemicals.com\/wp-content\/uploads\/2023\/08\/Tweede-keus-chemische-producten-03-768x512.jpg 768w, https:\/\/matcochemicals.com\/wp-content\/uploads\/2023\/08\/Tweede-keus-chemische-producten-03.jpg 1200w\" sizes=\"auto, (max-width: 1024px) 100vw, 1024px\" \/><\/figure>\n<\/figure>\n","protected":false},"excerpt":{"rendered":"<p>Matco propose des solutions appropri\u00e9es pour les cas de dommages, les r\u00e9sidus, les mat\u00e9riaux non conformes ou contamin\u00e9s ou les surstocks.  <\/p>\n","protected":false},"author":1,"featured_media":739,"parent":0,"menu_order":117,"comment_status":"closed","ping_status":"closed","template":"","meta":{"ocean_post_layout":"","ocean_both_sidebars_style":"","ocean_both_sidebars_content_width":0,"ocean_both_sidebars_sidebars_width":0,"ocean_sidebar":"0","ocean_second_sidebar":"0","ocean_disable_margins":"enable","ocean_add_body_class":"","ocean_shortcode_before_top_bar":"","ocean_shortcode_after_top_bar":"","ocean_shortcode_before_header":"","ocean_shortcode_after_header":"","ocean_has_shortcode":"","ocean_shortcode_after_title":"","ocean_shortcode_before_footer_widgets":"","ocean_shortcode_after_footer_widgets":"","ocean_shortcode_before_footer_bottom":"","ocean_shortcode_after_footer_bottom":"","ocean_display_top_bar":"default","ocean_display_header":"default","ocean_header_style":"","ocean_center_header_left_menu":"0","ocean_custom_header_template":"0","ocean_custom_logo":0,"ocean_custom_retina_logo":0,"ocean_custom_logo_max_width":0,"ocean_custom_logo_tablet_max_width":0,"ocean_custom_logo_mobile_max_width":0,"ocean_custom_logo_max_height":0,"ocean_custom_logo_tablet_max_height":0,"ocean_custom_logo_mobile_max_height":0,"ocean_header_custom_menu":"0","ocean_menu_typo_font_family":"0","ocean_menu_typo_font_subset":"","ocean_menu_typo_font_size":0,"ocean_menu_typo_font_size_tablet":0,"ocean_menu_typo_font_size_mobile":0,"ocean_menu_typo_font_size_unit":"px","ocean_menu_typo_font_weight":"","ocean_menu_typo_font_weight_tablet":"","ocean_menu_typo_font_weight_mobile":"","ocean_menu_typo_transform":"","ocean_menu_typo_transform_tablet":"","ocean_menu_typo_transform_mobile":"","ocean_menu_typo_line_height":0,"ocean_menu_typo_line_height_tablet":0,"ocean_menu_typo_line_height_mobile":0,"ocean_menu_typo_line_height_unit":"","ocean_menu_typo_spacing":0,"ocean_menu_typo_spacing_tablet":0,"ocean_menu_typo_spacing_mobile":0,"ocean_menu_typo_spacing_unit":"","ocean_menu_link_color":"","ocean_menu_link_color_hover":"","ocean_menu_link_color_active":"","ocean_menu_link_background":"","ocean_menu_link_hover_background":"","ocean_menu_link_active_background":"","ocean_menu_social_links_bg":"","ocean_menu_social_hover_links_bg":"","ocean_menu_social_links_color":"","ocean_menu_social_hover_links_color":"","ocean_disable_title":"default","ocean_disable_heading":"default","ocean_post_title":"","ocean_post_subheading":"","ocean_post_title_style":"","ocean_post_title_background_color":"","ocean_post_title_background":0,"ocean_post_title_bg_image_position":"","ocean_post_title_bg_image_attachment":"","ocean_post_title_bg_image_repeat":"","ocean_post_title_bg_image_size":"","ocean_post_title_height":0,"ocean_post_title_bg_overlay":0.5,"ocean_post_title_bg_overlay_color":"","ocean_disable_breadcrumbs":"default","ocean_breadcrumbs_color":"","ocean_breadcrumbs_separator_color":"","ocean_breadcrumbs_links_color":"","ocean_breadcrumbs_links_hover_color":"","ocean_display_footer_widgets":"default","ocean_display_footer_bottom":"default","ocean_custom_footer_template":"0","footnotes":""},"class_list":["post-1491","page","type-page","status-publish","has-post-thumbnail","hentry","entry","has-media","owp-thumbs-layout-horizontal","owp-btn-normal","owp-tabs-layout-section","has-no-thumbnails"],"_links":{"self":[{"href":"https:\/\/matcochemicals.com\/fr\/wp-json\/wp\/v2\/pages\/1491","targetHints":{"allow":["GET"]}}],"collection":[{"href":"https:\/\/matcochemicals.com\/fr\/wp-json\/wp\/v2\/pages"}],"about":[{"href":"https:\/\/matcochemicals.com\/fr\/wp-json\/wp\/v2\/types\/page"}],"author":[{"embeddable":true,"href":"https:\/\/matcochemicals.com\/fr\/wp-json\/wp\/v2\/users\/1"}],"replies":[{"embeddable":true,"href":"https:\/\/matcochemicals.com\/fr\/wp-json\/wp\/v2\/comments?post=1491"}],"version-history":[{"count":3,"href":"https:\/\/matcochemicals.com\/fr\/wp-json\/wp\/v2\/pages\/1491\/revisions"}],"predecessor-version":[{"id":4219,"href":"https:\/\/matcochemicals.com\/fr\/wp-json\/wp\/v2\/pages\/1491\/revisions\/4219"}],"wp:featuredmedia":[{"embeddable":true,"href":"https:\/\/matcochemicals.com\/fr\/wp-json\/wp\/v2\/media\/739"}],"wp:attachment":[{"href":"https:\/\/matcochemicals.com\/fr\/wp-json\/wp\/v2\/media?parent=1491"}],"curies":[{"name":"wp","href":"https:\/\/api.w.org\/{rel}","templated":true}]}}