{"id":1489,"date":"2023-08-20T10:07:49","date_gmt":"2023-08-20T10:07:49","guid":{"rendered":"https:\/\/matcochemicals.com\/?page_id=1489"},"modified":"2025-04-29T19:07:23","modified_gmt":"2025-04-29T19:07:23","slug":"collecte-traitement-des-dechets","status":"publish","type":"page","link":"https:\/\/matcochemicals.com\/fr\/collecte-traitement-des-dechets\/","title":{"rendered":"Traitement des d\u00e9chets chimiques"},"content":{"rendered":"\n<p>Matco contribue \u00e0 l&rsquo;\u00e9conomie circulaire en transformant chaque flux de d\u00e9chets en nouvelle mati\u00e8re premi\u00e8re ou en les convertissant en \u00e9nergie, aussi bien dans ses propres installations que par le biais de sites de traitement externes.\nMatco vous propose une offre compl\u00e8te en mati\u00e8re de gestion des d\u00e9chets chimiques.\nNous nous occupons de tout ce qui concerne les d\u00e9chets chimiques et leur traitement de mani\u00e8re durable, pour tous les d\u00e9chets, m\u00eame en petites quantit\u00e9s.\nNous vous proposons une solution totale sur mesure pour la collecte, le traitement, le nettoyage et le transport des d\u00e9chets chimiques.   <\/p>\n\n\n\n<figure class=\"wp-block-gallery has-nested-images columns-default is-cropped wp-block-gallery-1 is-layout-flex wp-block-gallery-is-layout-flex\">\n<figure class=\"wp-block-image size-large\"><img loading=\"lazy\" decoding=\"async\" width=\"1024\" height=\"683\" data-id=\"274\" src=\"http:\/\/www.matcochemicals.com\/wp-content\/uploads\/2023\/08\/Inzameling-verwerking-afval-01-1024x683.jpg\" alt=\"\" class=\"wp-image-274\" srcset=\"https:\/\/matcochemicals.com\/wp-content\/uploads\/2023\/08\/Inzameling-verwerking-afval-01-1024x683.jpg 1024w, https:\/\/matcochemicals.com\/wp-content\/uploads\/2023\/08\/Inzameling-verwerking-afval-01-200x133.jpg 200w, https:\/\/matcochemicals.com\/wp-content\/uploads\/2023\/08\/Inzameling-verwerking-afval-01-400x267.jpg 400w, https:\/\/matcochemicals.com\/wp-content\/uploads\/2023\/08\/Inzameling-verwerking-afval-01-300x200.jpg 300w, https:\/\/matcochemicals.com\/wp-content\/uploads\/2023\/08\/Inzameling-verwerking-afval-01-768x512.jpg 768w, https:\/\/matcochemicals.com\/wp-content\/uploads\/2023\/08\/Inzameling-verwerking-afval-01.jpg 1200w\" sizes=\"auto, (max-width: 1024px) 100vw, 1024px\" \/><\/figure>\n\n\n\n<figure class=\"wp-block-image size-large\"><img loading=\"lazy\" decoding=\"async\" width=\"1024\" height=\"683\" data-id=\"272\" src=\"http:\/\/www.matcochemicals.com\/wp-content\/uploads\/2023\/08\/Inzameling-verwerking-afval-02-1024x683.jpg\" alt=\"\" class=\"wp-image-272\" srcset=\"https:\/\/matcochemicals.com\/wp-content\/uploads\/2023\/08\/Inzameling-verwerking-afval-02-1024x683.jpg 1024w, https:\/\/matcochemicals.com\/wp-content\/uploads\/2023\/08\/Inzameling-verwerking-afval-02-200x133.jpg 200w, https:\/\/matcochemicals.com\/wp-content\/uploads\/2023\/08\/Inzameling-verwerking-afval-02-400x267.jpg 400w, https:\/\/matcochemicals.com\/wp-content\/uploads\/2023\/08\/Inzameling-verwerking-afval-02-300x200.jpg 300w, https:\/\/matcochemicals.com\/wp-content\/uploads\/2023\/08\/Inzameling-verwerking-afval-02-768x512.jpg 768w, https:\/\/matcochemicals.com\/wp-content\/uploads\/2023\/08\/Inzameling-verwerking-afval-02.jpg 1200w\" sizes=\"auto, (max-width: 1024px) 100vw, 1024px\" \/><\/figure>\n\n\n\n<figure class=\"wp-block-image size-large\"><img loading=\"lazy\" decoding=\"async\" width=\"1024\" height=\"683\" data-id=\"273\" src=\"http:\/\/www.matcochemicals.com\/wp-content\/uploads\/2023\/08\/Inzameling-verwerking-afval-03-1024x683.jpg\" alt=\"\" class=\"wp-image-273\" srcset=\"https:\/\/matcochemicals.com\/wp-content\/uploads\/2023\/08\/Inzameling-verwerking-afval-03-1024x683.jpg 1024w, https:\/\/matcochemicals.com\/wp-content\/uploads\/2023\/08\/Inzameling-verwerking-afval-03-200x133.jpg 200w, https:\/\/matcochemicals.com\/wp-content\/uploads\/2023\/08\/Inzameling-verwerking-afval-03-400x267.jpg 400w, https:\/\/matcochemicals.com\/wp-content\/uploads\/2023\/08\/Inzameling-verwerking-afval-03-300x200.jpg 300w, https:\/\/matcochemicals.com\/wp-content\/uploads\/2023\/08\/Inzameling-verwerking-afval-03-768x512.jpg 768w, https:\/\/matcochemicals.com\/wp-content\/uploads\/2023\/08\/Inzameling-verwerking-afval-03.jpg 1200w\" sizes=\"auto, (max-width: 1024px) 100vw, 1024px\" \/><\/figure>\n<\/figure>\n\n\n\n<h2 class=\"wp-block-heading\">Une s\u00e9lection de nos services :<\/h2>\n\n\n\n<ul class=\"wp-block-list\">\n<li>Nettoyage de r\u00e9servoirs industriels<\/li>\n\n\n\n<li>Nettoyage de sites industriels abandonn\u00e9s<\/li>\n\n\n\n<li>D\u00e9blaiement apr\u00e8s une catastrophe (incendie, inondation, fuite, accident, etc.)<\/li>\n\n\n\n<li>Collecte, transport et traitement des d\u00e9chets dangereux : solvants, acides, d\u00e9chets p\u00e9troliers, r\u00e9sines, colles, bases, produits toxiques, produits oxydants, etc.<\/li>\n\n\n\n<li>Collecte de d\u00e9chets chimiques extraordinaires et dangereux : encre, d\u00e9chets de peinture, emballages vides contamin\u00e9s, d\u00e9chets de laboratoire, sprays, d\u00e9chets de d\u00e9blaiement contamin\u00e9s, piles, etc.<\/li>\n\n\n\n<li>Transport et traitement des eaux us\u00e9es industrielles et des boues.<\/li>\n\n\n\n<li>R\u00e9utilisation des stocks exc\u00e9dentaires dans le processus de production ou recherche d&rsquo;une application ad\u00e9quate pour vos stocks exc\u00e9dentaires.<\/li>\n\n\n\n<li><a href=\"https:\/\/matcochemicals.com\/fr\/traitement-des-concentres-de-mousse-pfas\/\" data-type=\"page\" data-id=\"5453\">Traitement des concentr\u00e9s de mousse PFAS<\/a><\/li>\n<\/ul>\n\n\n\n<h2 class=\"wp-block-heading\">Licences :<\/h2>\n\n\n\n<p>Collecteur agr\u00e9\u00e9 pour l&rsquo;ensemble du territoire belge.Num\u00e9ro d&rsquo;agr\u00e9ment OVAM (Agence publique des d\u00e9chets de Flandre : 3301.Permis d&rsquo;environnement avec e.a. stockage de 515 tonnes de d\u00e9chets dangereux.<\/p>\n\n\n\n<p><a href=\"https:\/\/www.matco.be\/images\/Diensten\/Inzameling-verwerking-afval\/02\/Inzameling-verwerking-afval-04.jpg\"><\/a><\/p>\n\n\n<div class=\"wp-block-image\">\n<figure class=\"aligncenter size-large is-resized\"><img loading=\"lazy\" decoding=\"async\" width=\"1024\" height=\"683\" src=\"http:\/\/www.matcochemicals.com\/wp-content\/uploads\/2023\/08\/Distributie-01-1-1-1024x683.jpg\" alt=\"\" class=\"wp-image-275\" style=\"width:313px;height:209px\" srcset=\"https:\/\/matcochemicals.com\/wp-content\/uploads\/2023\/08\/Distributie-01-1-1-1024x683.jpg 1024w, https:\/\/matcochemicals.com\/wp-content\/uploads\/2023\/08\/Distributie-01-1-1-200x133.jpg 200w, https:\/\/matcochemicals.com\/wp-content\/uploads\/2023\/08\/Distributie-01-1-1-400x267.jpg 400w, https:\/\/matcochemicals.com\/wp-content\/uploads\/2023\/08\/Distributie-01-1-1-300x200.jpg 300w, https:\/\/matcochemicals.com\/wp-content\/uploads\/2023\/08\/Distributie-01-1-1-768x512.jpg 768w, https:\/\/matcochemicals.com\/wp-content\/uploads\/2023\/08\/Distributie-01-1-1.jpg 1200w\" sizes=\"auto, (max-width: 1024px) 100vw, 1024px\" \/><\/figure>\n<\/div>","protected":false},"excerpt":{"rendered":"<p>Matco applique l&rsquo;\u00e9conomie circulaire en traitant chaque flux de d\u00e9chets pour obtenir de l&rsquo;\u00e9nergie ou une nouvelle mati\u00e8re premi\u00e8re, tant dans ses propres installations que dans des sites de traitement externes.<\/p>\n","protected":false},"author":1,"featured_media":724,"parent":0,"menu_order":61,"comment_status":"closed","ping_status":"closed","template":"","meta":{"ocean_post_layout":"","ocean_both_sidebars_style":"","ocean_both_sidebars_content_width":0,"ocean_both_sidebars_sidebars_width":0,"ocean_sidebar":"0","ocean_second_sidebar":"0","ocean_disable_margins":"enable","ocean_add_body_class":"","ocean_shortcode_before_top_bar":"","ocean_shortcode_after_top_bar":"","ocean_shortcode_before_header":"","ocean_shortcode_after_header":"","ocean_has_shortcode":"","ocean_shortcode_after_title":"","ocean_shortcode_before_footer_widgets":"","ocean_shortcode_after_footer_widgets":"","ocean_shortcode_before_footer_bottom":"","ocean_shortcode_after_footer_bottom":"","ocean_display_top_bar":"default","ocean_display_header":"default","ocean_header_style":"","ocean_center_header_left_menu":"0","ocean_custom_header_template":"0","ocean_custom_logo":0,"ocean_custom_retina_logo":0,"ocean_custom_logo_max_width":0,"ocean_custom_logo_tablet_max_width":0,"ocean_custom_logo_mobile_max_width":0,"ocean_custom_logo_max_height":0,"ocean_custom_logo_tablet_max_height":0,"ocean_custom_logo_mobile_max_height":0,"ocean_header_custom_menu":"0","ocean_menu_typo_font_family":"0","ocean_menu_typo_font_subset":"","ocean_menu_typo_font_size":0,"ocean_menu_typo_font_size_tablet":0,"ocean_menu_typo_font_size_mobile":0,"ocean_menu_typo_font_size_unit":"px","ocean_menu_typo_font_weight":"","ocean_menu_typo_font_weight_tablet":"","ocean_menu_typo_font_weight_mobile":"","ocean_menu_typo_transform":"","ocean_menu_typo_transform_tablet":"","ocean_menu_typo_transform_mobile":"","ocean_menu_typo_line_height":0,"ocean_menu_typo_line_height_tablet":0,"ocean_menu_typo_line_height_mobile":0,"ocean_menu_typo_line_height_unit":"","ocean_menu_typo_spacing":0,"ocean_menu_typo_spacing_tablet":0,"ocean_menu_typo_spacing_mobile":0,"ocean_menu_typo_spacing_unit":"","ocean_menu_link_color":"","ocean_menu_link_color_hover":"","ocean_menu_link_color_active":"","ocean_menu_link_background":"","ocean_menu_link_hover_background":"","ocean_menu_link_active_background":"","ocean_menu_social_links_bg":"","ocean_menu_social_hover_links_bg":"","ocean_menu_social_links_color":"","ocean_menu_social_hover_links_color":"","ocean_disable_title":"default","ocean_disable_heading":"default","ocean_post_title":"","ocean_post_subheading":"","ocean_post_title_style":"","ocean_post_title_background_color":"","ocean_post_title_background":0,"ocean_post_title_bg_image_position":"","ocean_post_title_bg_image_attachment":"","ocean_post_title_bg_image_repeat":"","ocean_post_title_bg_image_size":"","ocean_post_title_height":0,"ocean_post_title_bg_overlay":0.5,"ocean_post_title_bg_overlay_color":"","ocean_disable_breadcrumbs":"default","ocean_breadcrumbs_color":"","ocean_breadcrumbs_separator_color":"","ocean_breadcrumbs_links_color":"","ocean_breadcrumbs_links_hover_color":"","ocean_display_footer_widgets":"default","ocean_display_footer_bottom":"default","ocean_custom_footer_template":"0","footnotes":""},"class_list":["post-1489","page","type-page","status-publish","has-post-thumbnail","hentry","entry","has-media","owp-thumbs-layout-horizontal","owp-btn-normal","owp-tabs-layout-section","has-no-thumbnails"],"_links":{"self":[{"href":"https:\/\/matcochemicals.com\/fr\/wp-json\/wp\/v2\/pages\/1489","targetHints":{"allow":["GET"]}}],"collection":[{"href":"https:\/\/matcochemicals.com\/fr\/wp-json\/wp\/v2\/pages"}],"about":[{"href":"https:\/\/matcochemicals.com\/fr\/wp-json\/wp\/v2\/types\/page"}],"author":[{"embeddable":true,"href":"https:\/\/matcochemicals.com\/fr\/wp-json\/wp\/v2\/users\/1"}],"replies":[{"embeddable":true,"href":"https:\/\/matcochemicals.com\/fr\/wp-json\/wp\/v2\/comments?post=1489"}],"version-history":[{"count":5,"href":"https:\/\/matcochemicals.com\/fr\/wp-json\/wp\/v2\/pages\/1489\/revisions"}],"predecessor-version":[{"id":5465,"href":"https:\/\/matcochemicals.com\/fr\/wp-json\/wp\/v2\/pages\/1489\/revisions\/5465"}],"wp:featuredmedia":[{"embeddable":true,"href":"https:\/\/matcochemicals.com\/fr\/wp-json\/wp\/v2\/media\/724"}],"wp:attachment":[{"href":"https:\/\/matcochemicals.com\/fr\/wp-json\/wp\/v2\/media?parent=1489"}],"curies":[{"name":"wp","href":"https:\/\/api.w.org\/{rel}","templated":true}]}}