{"id":1486,"date":"2023-08-20T10:05:46","date_gmt":"2023-08-20T10:05:46","guid":{"rendered":"https:\/\/matcochemicals.com\/?page_id=1486"},"modified":"2024-09-06T14:42:03","modified_gmt":"2024-09-06T14:42:03","slug":"distribution","status":"publish","type":"page","link":"https:\/\/matcochemicals.com\/fr\/distribution\/","title":{"rendered":"Distribution de produits chimiques"},"content":{"rendered":"\n<p>Matco dispose d&rsquo;un grand entrep\u00f4t et est autoris\u00e9 \u00e0 stocker divers types de produits chimiques dangereux et non dangereux. La plupart des produits chimiques sont disponibles en stock, de sorte qu&rsquo;il est possible de fournir de petites quantit\u00e9s. Nous proposons des <a href=\"https:\/\/matcochemicals.com\/blending-logistics\/\" data-type=\"page\" data-id=\"256\">solutions de reconditionnement en IBC ou en cuves<\/a>. Gr\u00e2ce \u00e0 notre r\u00e9seau international de fabricants, nous pouvons constamment \u00e9largir et adapter notre <a href=\"https:\/\/matcochemicals.com\/products\/\" data-type=\"page\" data-id=\"23\">liste de produits chimiques que nous commercialisons ou distribuons.<\/a><\/p>\n\n<p>Nous sommes un distributeur certifi\u00e9 de AQUAPHARM (Inde) pour la distribution de divers <a href=\"https:\/\/matcochemicals.com\/fr\/categorie-produit\/phosphonates-fr-2\/\" data-type=\"product_cat\" data-id=\"38\">phosphonates<\/a><a href=\"https:\/\/matcochemicals.com\/fr\/categorie-produit\/phosphonates-fr-2\/\" data-type=\"product_cat\" data-id=\"38\">(<\/a> marque<a href=\"https:\/\/matcochemicals.com\/fr\/categorie-produit\/phosphonates-fr-2\/\" data-type=\"product_cat\" data-id=\"38\">AQUACID<\/a> ) et <a href=\"https:\/\/matcochemicals.com\/fr\/produit\/glda-diacetate-de-glutamate-tetrasodique\/\" data-type=\"product\" data-id=\"568\">GLDA<\/a> dans le Benelux et le nord de la France.  <\/p>\n\n<h2 class=\"wp-block-heading\">AQUAPHARM : Phosponates d&rsquo;aquacide<\/h2>\n\n<p>Aquapharm est un fabricant de premier plan de produits chimiques sp\u00e9cialis\u00e9s. L&rsquo;entreprise fournit des phosphonates, des polym\u00e8res et des agents ch\u00e9lateurs biod\u00e9gradables. Aquapharm fournit ces produits \u00e0 ses clients du monde entier pour am\u00e9liorer leur vie depuis plus de 35 ans. Aquapharm propose une large gamme de phosphonates de sp\u00e9cialit\u00e9 sous forme solide, comme les poudres et les granul\u00e9s, en plus des produits liquides standard. L&rsquo;unit\u00e9 commerciale des phosphonates fabrique divers produits et formulations sp\u00e9cialis\u00e9s qui ont des propri\u00e9t\u00e9s pour plusieurs applications industrielles sp\u00e9cifiques. Les <a href=\"https:\/\/matcochemicals.com\/fr\/categorie-produit\/phosphonates-fr-2\/\" data-type=\"product_cat\" data-id=\"38\">phosphonates Aquacid<\/a> pr\u00e9sentent des propri\u00e9t\u00e9s multifonctionnelles telles que l&rsquo;inhibition du seuil, la s\u00e9questration des ions m\u00e9talliques et la d\u00e9floculation. Associ\u00e9es \u00e0 leur excellente stabilit\u00e9 hydrolytique et thermique, ces propri\u00e9t\u00e9s font que les phosphonates sont sup\u00e9rieurs aux autres agents s\u00e9questrants en termes de rentabilit\u00e9 et de performance. Les constantes de stabilit\u00e9 \u00e9lev\u00e9es des phosphonates avec les m\u00e9taux lourds assurent une meilleure stabilisation de l&rsquo;agent de blanchiment actif et aident \u00e0 \u00e9liminer les taches caus\u00e9es par des liquides contenant des m\u00e9taux lourds comme le th\u00e9, le caf\u00e9, le vin rouge, etc.<\/p>\n\n<p>Aquapharm fabrique une large gamme d&rsquo;<a href=\"https:\/\/matcochemicals.com\/fr\/categorie-produit\/phosphonates-fr-2\/\" data-type=\"product_cat\" data-id=\"38\">organophosphonates <\/a>sous la <a href=\"https:\/\/matcochemicals.com\/fr\/categorie-produit\/phosphonates-fr-2\/\" data-type=\"product_cat\" data-id=\"38\">marque AQUACID<\/a>. Ces produits sont disponibles en diff\u00e9rentes qualit\u00e9s et sous diverses formes de sels &#8211; sodium (Na+), potassium (K+), ammonium (NH4+) &#8211; avec diff\u00e9rents niveaux de pH ou de concentration active. AQUACID couvre une large gamme d&rsquo;applications industrielles telles que l&rsquo;inhibition\/pr\u00e9vention du tartre, la dispersion, la stabilisation de l&rsquo;eau de Javel, la ch\u00e9lation des m\u00e9taux, les agents de nettoyage et l&rsquo;inhibition de la corrosion des m\u00e9taux. Aquapharm fabrique \u00e9galement des qualit\u00e9s sp\u00e9ciales de phosphonates de haute puret\u00e9 \u00e0 faible teneur en chlorure pour les cosm\u00e9tiques et d&rsquo;autres applications.<\/p>\n\n<p>Quelques-uns des produits de AQUAPHARM que nous distribuons :<\/p>\n<div data-block-name=\"woocommerce\/product-category\" data-categories=\"[59]\" data-content-visibility=\"{&quot;image&quot;:false,&quot;title&quot;:true,&quot;price&quot;:false,&quot;rating&quot;:false,&quot;button&quot;:false}\" class=\"wc-block-grid wp-block-product-category wp-block-woocommerce-product-category wc-block-product-category has-3-columns has-multiple-rows\"><ul class=\"wc-block-grid__products\"><li class=\"wc-block-grid__product\">\n\t\t\t\t<a href=\"https:\/\/matcochemicals.com\/fr\/product\/atmp-50-acide-aquacid-105-ex\/\" class=\"wc-block-grid__product-link\">\n\t\t\t\t\t\n\t\t\t\t\t\n\t\t\t\t\t<div class=\"wc-block-grid__product-title\">ATMP 50% acide = Aquacid 108 EX<\/div>\n\t\t\t\t<\/a>\n\t\t\t\t\n\t\t\t\t\n\t\t\t\t\n\t\t\t<\/li><li class=\"wc-block-grid__product\">\n\t\t\t\t<a href=\"https:\/\/matcochemicals.com\/fr\/product\/hedp-60-acide-aquacid-105-ex\/\" class=\"wc-block-grid__product-link\">\n\t\t\t\t\t\n\t\t\t\t\t\n\t\t\t\t\t<div class=\"wc-block-grid__product-title\">HEDP 60% acide = Aquacid 105 EX<\/div>\n\t\t\t\t<\/a>\n\t\t\t\t\n\t\t\t\t\n\t\t\t\t\n\t\t\t<\/li><li class=\"wc-block-grid__product\">\n\t\t\t\t<a href=\"https:\/\/matcochemicals.com\/fr\/product\/pbtc-50-acide-aquacid-101-ex\/\" class=\"wc-block-grid__product-link\">\n\t\t\t\t\t\n\t\t\t\t\t\n\t\t\t\t\t<div class=\"wc-block-grid__product-title\">PBTC 50% acide = Aquacid 101 EX<\/div>\n\t\t\t\t<\/a>\n\t\t\t\t\n\t\t\t\t\n\t\t\t\t\n\t\t\t<\/li><li class=\"wc-block-grid__product\">\n\t\t\t\t<a href=\"https:\/\/matcochemicals.com\/fr\/product\/atmp-mod-41-sel-aquacid-1084-exno\/\" class=\"wc-block-grid__product-link\">\n\t\t\t\t\t\n\t\t\t\t\t\n\t\t\t\t\t<div class=\"wc-block-grid__product-title\">ATMP mod 41% sel = Aquacid 1084 EXNO<\/div>\n\t\t\t\t<\/a>\n\t\t\t\t\n\t\t\t\t\n\t\t\t\t\n\t\t\t<\/li><li class=\"wc-block-grid__product\">\n\t\t\t\t<a href=\"https:\/\/matcochemicals.com\/fr\/product\/dtpmpa-na-sel-25-acide-aquacid-1067-ex\/\" class=\"wc-block-grid__product-link\">\n\t\t\t\t\t\n\t\t\t\t\t\n\t\t\t\t\t<div class=\"wc-block-grid__product-title\">DTPMPA Na-sel 25% acide = Aquacid 1067 EX<\/div>\n\t\t\t\t<\/a>\n\t\t\t\t\n\t\t\t\t\n\t\t\t\t\n\t\t\t<\/li><\/ul><\/div>\n<h2 class=\"wp-block-heading\">Groupe CHT : Siloxanes organo-modifi\u00e9s et \u00e9mulsions de cire<\/h2>\n\n<p>Dans le secteur de l&rsquo;entretien de la maison et de la voiture, nous sommes un distributeur exclusif de <a href=\"https:\/\/cht.com\/\">CHT<\/a> (Allemagne). CHT est un fabricant ambitieux de <a href=\"https:\/\/matcochemicals.com\/fr\/produit\/siloxanes-orgamodifies\/\" data-type=\"product\" data-id=\"1414\">siloxanes organo-modifi\u00e9s<\/a> et d&rsquo;\u00e9mulsions de cire. Les siloxanes organo-modifi\u00e9s et les \u00e9mulsions de cire sont des mat\u00e9riaux polyvalents qui offrent des propri\u00e9t\u00e9s uniques et sont largement utilis\u00e9s dans diverses industries pour am\u00e9liorer les performances et la fonctionnalit\u00e9 des produits :<\/p>\n\n<p>Les <strong>siloxanes organo-modifi\u00e9s<\/strong> sont des mat\u00e9riaux \u00e0 base de silicone utilis\u00e9s dans diverses industries pour am\u00e9liorer les performances et la fonctionnalit\u00e9 des produits. Ce sont des produits inertes, stables \u00e0 la chaleur et non toxiques qui offrent des propri\u00e9t\u00e9s lubrifiantes, brillantes, antistatiques, protectrices et antiadh\u00e9sives. Ils peuvent \u00eatre divis\u00e9s en trois groupes selon le type de syst\u00e8me \u00e9mulsifiant utilis\u00e9 : anionique, cationique et non ionique. La plupart des \u00e9mulsions sont non ioniques car elles sont compatibles avec l&rsquo;un ou l&rsquo;autre des deux autres syst\u00e8mes, mais selon l&rsquo;application, des \u00e9mulsions cationiques ou anioniques peuvent \u00eatre choisies.<\/p>\n\n<p>Les <strong>\u00e9mulsions de cire<\/strong> sont des mat\u00e9riaux polyvalents qui offrent des propri\u00e9t\u00e9s uniques et sont largement utilis\u00e9es dans diverses industries pour am\u00e9liorer les performances et la fonctionnalit\u00e9 des produits. Ils peuvent \u00eatre utilis\u00e9s comme agents de d\u00e9moulage, ainsi que dans l&rsquo;ennoblissement des textiles pour am\u00e9liorer le toucher, la d\u00e9perlance et r\u00e9duire le repassage. Ils peuvent \u00e9galement \u00eatre utilis\u00e9s dans les nettoyants m\u00e9nagers et les produits de polissage pour am\u00e9liorer la protection, la brillance et l&rsquo;\u00e9talement.<\/p>\n\n<figure class=\"wp-block-gallery has-nested-images columns-default is-cropped wp-block-gallery-1 is-layout-flex wp-block-gallery-is-layout-flex\">\n<figure class=\"wp-block-image size-large\"><img loading=\"lazy\" decoding=\"async\" width=\"1024\" height=\"683\" data-id=\"267\" src=\"http:\/\/www.matcochemicals.com\/wp-content\/uploads\/2023\/08\/Distributie-01-1-1024x683.jpg\" alt=\"\" class=\"wp-image-267\" srcset=\"https:\/\/matcochemicals.com\/wp-content\/uploads\/2023\/08\/Distributie-01-1-1024x683.jpg 1024w, https:\/\/matcochemicals.com\/wp-content\/uploads\/2023\/08\/Distributie-01-1-200x133.jpg 200w, https:\/\/matcochemicals.com\/wp-content\/uploads\/2023\/08\/Distributie-01-1-400x267.jpg 400w, https:\/\/matcochemicals.com\/wp-content\/uploads\/2023\/08\/Distributie-01-1-300x200.jpg 300w, https:\/\/matcochemicals.com\/wp-content\/uploads\/2023\/08\/Distributie-01-1-768x512.jpg 768w, https:\/\/matcochemicals.com\/wp-content\/uploads\/2023\/08\/Distributie-01-1.jpg 1200w\" sizes=\"auto, (max-width: 1024px) 100vw, 1024px\" \/><\/figure>\n\n\n\n<figure class=\"wp-block-image size-large\"><img loading=\"lazy\" decoding=\"async\" width=\"1024\" height=\"683\" data-id=\"268\" src=\"http:\/\/www.matcochemicals.com\/wp-content\/uploads\/2023\/08\/Distributie-02-1024x683.jpg\" alt=\"\" class=\"wp-image-268\" srcset=\"https:\/\/matcochemicals.com\/wp-content\/uploads\/2023\/08\/Distributie-02-1024x683.jpg 1024w, https:\/\/matcochemicals.com\/wp-content\/uploads\/2023\/08\/Distributie-02-200x133.jpg 200w, https:\/\/matcochemicals.com\/wp-content\/uploads\/2023\/08\/Distributie-02-400x267.jpg 400w, https:\/\/matcochemicals.com\/wp-content\/uploads\/2023\/08\/Distributie-02-300x200.jpg 300w, https:\/\/matcochemicals.com\/wp-content\/uploads\/2023\/08\/Distributie-02-768x512.jpg 768w, https:\/\/matcochemicals.com\/wp-content\/uploads\/2023\/08\/Distributie-02.jpg 1200w\" sizes=\"auto, (max-width: 1024px) 100vw, 1024px\" \/><\/figure>\n\n\n\n<figure class=\"wp-block-image size-large\"><img loading=\"lazy\" decoding=\"async\" width=\"1024\" height=\"683\" data-id=\"269\" src=\"http:\/\/www.matcochemicals.com\/wp-content\/uploads\/2023\/08\/Distributie-03-1024x683.jpg\" alt=\"\" class=\"wp-image-269\" srcset=\"https:\/\/matcochemicals.com\/wp-content\/uploads\/2023\/08\/Distributie-03-1024x683.jpg 1024w, https:\/\/matcochemicals.com\/wp-content\/uploads\/2023\/08\/Distributie-03-200x133.jpg 200w, https:\/\/matcochemicals.com\/wp-content\/uploads\/2023\/08\/Distributie-03-400x267.jpg 400w, https:\/\/matcochemicals.com\/wp-content\/uploads\/2023\/08\/Distributie-03-300x200.jpg 300w, https:\/\/matcochemicals.com\/wp-content\/uploads\/2023\/08\/Distributie-03-768x512.jpg 768w, https:\/\/matcochemicals.com\/wp-content\/uploads\/2023\/08\/Distributie-03.jpg 1200w\" sizes=\"auto, (max-width: 1024px) 100vw, 1024px\" \/><\/figure>\n<\/figure>\n","protected":false},"excerpt":{"rendered":"<p>Matco distribue divers produits en provenance de Chine, d&rsquo;Inde et d&rsquo;Europe.<\/p>\n","protected":false},"author":1,"featured_media":733,"parent":0,"menu_order":69,"comment_status":"closed","ping_status":"closed","template":"","meta":{"ocean_post_layout":"","ocean_both_sidebars_style":"","ocean_both_sidebars_content_width":0,"ocean_both_sidebars_sidebars_width":0,"ocean_sidebar":"0","ocean_second_sidebar":"0","ocean_disable_margins":"enable","ocean_add_body_class":"","ocean_shortcode_before_top_bar":"","ocean_shortcode_after_top_bar":"","ocean_shortcode_before_header":"","ocean_shortcode_after_header":"","ocean_has_shortcode":"","ocean_shortcode_after_title":"","ocean_shortcode_before_footer_widgets":"","ocean_shortcode_after_footer_widgets":"","ocean_shortcode_before_footer_bottom":"","ocean_shortcode_after_footer_bottom":"","ocean_display_top_bar":"default","ocean_display_header":"default","ocean_header_style":"","ocean_center_header_left_menu":"0","ocean_custom_header_template":"0","ocean_custom_logo":0,"ocean_custom_retina_logo":0,"ocean_custom_logo_max_width":0,"ocean_custom_logo_tablet_max_width":0,"ocean_custom_logo_mobile_max_width":0,"ocean_custom_logo_max_height":0,"ocean_custom_logo_tablet_max_height":0,"ocean_custom_logo_mobile_max_height":0,"ocean_header_custom_menu":"0","ocean_menu_typo_font_family":"0","ocean_menu_typo_font_subset":"","ocean_menu_typo_font_size":0,"ocean_menu_typo_font_size_tablet":0,"ocean_menu_typo_font_size_mobile":0,"ocean_menu_typo_font_size_unit":"px","ocean_menu_typo_font_weight":"","ocean_menu_typo_font_weight_tablet":"","ocean_menu_typo_font_weight_mobile":"","ocean_menu_typo_transform":"","ocean_menu_typo_transform_tablet":"","ocean_menu_typo_transform_mobile":"","ocean_menu_typo_line_height":0,"ocean_menu_typo_line_height_tablet":0,"ocean_menu_typo_line_height_mobile":0,"ocean_menu_typo_line_height_unit":"","ocean_menu_typo_spacing":0,"ocean_menu_typo_spacing_tablet":0,"ocean_menu_typo_spacing_mobile":0,"ocean_menu_typo_spacing_unit":"","ocean_menu_link_color":"","ocean_menu_link_color_hover":"","ocean_menu_link_color_active":"","ocean_menu_link_background":"","ocean_menu_link_hover_background":"","ocean_menu_link_active_background":"","ocean_menu_social_links_bg":"","ocean_menu_social_hover_links_bg":"","ocean_menu_social_links_color":"","ocean_menu_social_hover_links_color":"","ocean_disable_title":"default","ocean_disable_heading":"default","ocean_post_title":"","ocean_post_subheading":"","ocean_post_title_style":"","ocean_post_title_background_color":"","ocean_post_title_background":0,"ocean_post_title_bg_image_position":"","ocean_post_title_bg_image_attachment":"","ocean_post_title_bg_image_repeat":"","ocean_post_title_bg_image_size":"","ocean_post_title_height":0,"ocean_post_title_bg_overlay":0.5,"ocean_post_title_bg_overlay_color":"","ocean_disable_breadcrumbs":"default","ocean_breadcrumbs_color":"","ocean_breadcrumbs_separator_color":"","ocean_breadcrumbs_links_color":"","ocean_breadcrumbs_links_hover_color":"","ocean_display_footer_widgets":"default","ocean_display_footer_bottom":"default","ocean_custom_footer_template":"0","footnotes":""},"class_list":["post-1486","page","type-page","status-publish","has-post-thumbnail","hentry","entry","has-media","owp-thumbs-layout-horizontal","owp-btn-normal","owp-tabs-layout-section","has-no-thumbnails"],"_links":{"self":[{"href":"https:\/\/matcochemicals.com\/fr\/wp-json\/wp\/v2\/pages\/1486","targetHints":{"allow":["GET"]}}],"collection":[{"href":"https:\/\/matcochemicals.com\/fr\/wp-json\/wp\/v2\/pages"}],"about":[{"href":"https:\/\/matcochemicals.com\/fr\/wp-json\/wp\/v2\/types\/page"}],"author":[{"embeddable":true,"href":"https:\/\/matcochemicals.com\/fr\/wp-json\/wp\/v2\/users\/1"}],"replies":[{"embeddable":true,"href":"https:\/\/matcochemicals.com\/fr\/wp-json\/wp\/v2\/comments?post=1486"}],"version-history":[{"count":4,"href":"https:\/\/matcochemicals.com\/fr\/wp-json\/wp\/v2\/pages\/1486\/revisions"}],"predecessor-version":[{"id":4209,"href":"https:\/\/matcochemicals.com\/fr\/wp-json\/wp\/v2\/pages\/1486\/revisions\/4209"}],"wp:featuredmedia":[{"embeddable":true,"href":"https:\/\/matcochemicals.com\/fr\/wp-json\/wp\/v2\/media\/733"}],"wp:attachment":[{"href":"https:\/\/matcochemicals.com\/fr\/wp-json\/wp\/v2\/media?parent=1486"}],"curies":[{"name":"wp","href":"https:\/\/api.w.org\/{rel}","templated":true}]}}