{"id":1483,"date":"2023-08-20T10:02:57","date_gmt":"2023-08-20T10:02:57","guid":{"rendered":"https:\/\/matcochemicals.com\/?page_id=1483"},"modified":"2024-09-06T14:41:45","modified_gmt":"2024-09-06T14:41:45","slug":"blending-logistics","status":"publish","type":"page","link":"https:\/\/matcochemicals.com\/fr\/blending-logistics\/","title":{"rendered":"Fabrication en sous-traitance, reconditionnement et logistique"},"content":{"rendered":"\n<h2 class=\"wp-block-heading\">Fabrication sous contrat et capacit\u00e9 de stockage \u00e0 votre disposition<\/h2>\n\n<p>Parall\u00e8lement \u00e0 l&rsquo;ouverture de son nouveau site, MATCO a lanc\u00e9 un programme d&rsquo;investissement tr\u00e8s ambitieux, tant pour sa capacit\u00e9 de production que pour sa capacit\u00e9 de stockage.\nMATCO dispose de tous les permis n\u00e9cessaires en conformit\u00e9 avec les r\u00e9glementations les plus strictes en mati\u00e8re d&rsquo;environnement, de sant\u00e9 et de s\u00e9curit\u00e9. <\/p>\n\n<ul class=\"wp-block-list\">\n<li>Capacit\u00e9 de stockage (r\u00e9servoirs) : 600 tonnes<\/li>\n\n\n\n<li>Laboratoire enti\u00e8rement \u00e9quip\u00e9<\/li>\n\n\n\n<li>Plate-forme logistique efficace pour plus de 5000 palettes<\/li>\n<\/ul>\n\n<h2 class=\"wp-block-heading\">Services de m\u00e9lange et de reconditionnement<\/h2>\n\n<p>MATCO est sp\u00e9cialis\u00e9e dans le reconditionnement de produits chimiques liquides, du vrac aux IBC de 1 000 litres et aux cuves de 200 litres.<\/p>\n\n<p>Le d\u00e9partement des m\u00e9langes dispose de cuves de m\u00e9lange pour produire diff\u00e9rents types de m\u00e9langes.\nNous proposons diff\u00e9rents types de services de m\u00e9lange : <\/p>\n\n<ul class=\"wp-block-list\">\n<li>m\u00e9lange liquide + liquide<\/li>\n\n\n\n<li>m\u00e9lange de substances liquides et solides<\/li>\n\n\n\n<li>Les m\u00e9langes peuvent \u00eatre fournis en vrac, en IBC et en r\u00e9cipients.<\/li>\n<\/ul>\n\n<p>Vous cherchez \u00e0 mouiller des poudres courantes ou des compositions plus complexes ?\nChez MATCO, nous cherchons toujours \u00e0 offrir \u00e0 nos clients les meilleurs r\u00e9sultats.\nLes missions sp\u00e9cifiques sont discut\u00e9es avec le client et les investissements potentiels sont n\u00e9gociables.  <\/p>\n\n<h2 class=\"wp-block-heading\">Situ\u00e9 au c\u0153ur de l&rsquo;Europe, \u00e0 proximit\u00e9 d&rsquo;Anvers, du Havre et de Rotterdam.<\/h2>\n\n<p>Gr\u00e2ce \u00e0 sa situation strat\u00e9gique (100 km du port d&rsquo;Anvers, 200 km de Rotterdam et 200 km du Havre), la plate-forme logistique de MATCO est id\u00e9alement situ\u00e9e pour le stockage et le transbordement de produits de l&rsquo;industrie chimique et textile.<\/p>\n\n<figure class=\"wp-block-gallery has-nested-images columns-default is-cropped wp-block-gallery-1 is-layout-flex wp-block-gallery-is-layout-flex\">\n<figure class=\"wp-block-image size-large\"><img loading=\"lazy\" decoding=\"async\" width=\"1024\" height=\"683\" data-id=\"258\" src=\"http:\/\/www.matcochemicals.com\/wp-content\/uploads\/2023\/08\/Blending-Logistics-01-1-1024x683.jpg\" alt=\"\" class=\"wp-image-258\" srcset=\"https:\/\/matcochemicals.com\/wp-content\/uploads\/2023\/08\/Blending-Logistics-01-1-1024x683.jpg 1024w, https:\/\/matcochemicals.com\/wp-content\/uploads\/2023\/08\/Blending-Logistics-01-1-200x133.jpg 200w, https:\/\/matcochemicals.com\/wp-content\/uploads\/2023\/08\/Blending-Logistics-01-1-400x267.jpg 400w, https:\/\/matcochemicals.com\/wp-content\/uploads\/2023\/08\/Blending-Logistics-01-1-300x200.jpg 300w, https:\/\/matcochemicals.com\/wp-content\/uploads\/2023\/08\/Blending-Logistics-01-1-768x512.jpg 768w, https:\/\/matcochemicals.com\/wp-content\/uploads\/2023\/08\/Blending-Logistics-01-1.jpg 1200w\" sizes=\"auto, (max-width: 1024px) 100vw, 1024px\" \/><\/figure>\n\n\n\n<figure class=\"wp-block-image size-large\"><img loading=\"lazy\" decoding=\"async\" width=\"1024\" height=\"683\" data-id=\"257\" src=\"http:\/\/www.matcochemicals.com\/wp-content\/uploads\/2023\/08\/Blending-Logistics-02-1024x683.jpg\" alt=\"\" class=\"wp-image-257\" srcset=\"https:\/\/matcochemicals.com\/wp-content\/uploads\/2023\/08\/Blending-Logistics-02-1024x683.jpg 1024w, https:\/\/matcochemicals.com\/wp-content\/uploads\/2023\/08\/Blending-Logistics-02-200x133.jpg 200w, https:\/\/matcochemicals.com\/wp-content\/uploads\/2023\/08\/Blending-Logistics-02-400x267.jpg 400w, https:\/\/matcochemicals.com\/wp-content\/uploads\/2023\/08\/Blending-Logistics-02-300x200.jpg 300w, https:\/\/matcochemicals.com\/wp-content\/uploads\/2023\/08\/Blending-Logistics-02-768x512.jpg 768w, https:\/\/matcochemicals.com\/wp-content\/uploads\/2023\/08\/Blending-Logistics-02.jpg 1200w\" sizes=\"auto, (max-width: 1024px) 100vw, 1024px\" \/><\/figure>\n\n\n\n<figure class=\"wp-block-image size-large\"><img loading=\"lazy\" decoding=\"async\" width=\"1024\" height=\"683\" data-id=\"259\" src=\"http:\/\/www.matcochemicals.com\/wp-content\/uploads\/2023\/08\/Blending-Logistics-03-1-1024x683.jpg\" alt=\"\" class=\"wp-image-259\" srcset=\"https:\/\/matcochemicals.com\/wp-content\/uploads\/2023\/08\/Blending-Logistics-03-1-1024x683.jpg 1024w, https:\/\/matcochemicals.com\/wp-content\/uploads\/2023\/08\/Blending-Logistics-03-1-200x133.jpg 200w, https:\/\/matcochemicals.com\/wp-content\/uploads\/2023\/08\/Blending-Logistics-03-1-400x267.jpg 400w, https:\/\/matcochemicals.com\/wp-content\/uploads\/2023\/08\/Blending-Logistics-03-1-300x200.jpg 300w, https:\/\/matcochemicals.com\/wp-content\/uploads\/2023\/08\/Blending-Logistics-03-1-768x512.jpg 768w, https:\/\/matcochemicals.com\/wp-content\/uploads\/2023\/08\/Blending-Logistics-03-1.jpg 1200w\" sizes=\"auto, (max-width: 1024px) 100vw, 1024px\" \/><\/figure>\n<\/figure>\n","protected":false},"excerpt":{"rendered":"<p>Fabrication \u00e0 fa\u00e7on et\/ou remplissage de l&#8217;emballage choisi.  <\/p>\n","protected":false},"author":1,"featured_media":700,"parent":0,"menu_order":55,"comment_status":"closed","ping_status":"closed","template":"","meta":{"ocean_post_layout":"","ocean_both_sidebars_style":"","ocean_both_sidebars_content_width":0,"ocean_both_sidebars_sidebars_width":0,"ocean_sidebar":"0","ocean_second_sidebar":"0","ocean_disable_margins":"enable","ocean_add_body_class":"","ocean_shortcode_before_top_bar":"","ocean_shortcode_after_top_bar":"","ocean_shortcode_before_header":"","ocean_shortcode_after_header":"","ocean_has_shortcode":"","ocean_shortcode_after_title":"","ocean_shortcode_before_footer_widgets":"","ocean_shortcode_after_footer_widgets":"","ocean_shortcode_before_footer_bottom":"","ocean_shortcode_after_footer_bottom":"","ocean_display_top_bar":"default","ocean_display_header":"default","ocean_header_style":"","ocean_center_header_left_menu":"0","ocean_custom_header_template":"0","ocean_custom_logo":0,"ocean_custom_retina_logo":0,"ocean_custom_logo_max_width":0,"ocean_custom_logo_tablet_max_width":0,"ocean_custom_logo_mobile_max_width":0,"ocean_custom_logo_max_height":0,"ocean_custom_logo_tablet_max_height":0,"ocean_custom_logo_mobile_max_height":0,"ocean_header_custom_menu":"0","ocean_menu_typo_font_family":"0","ocean_menu_typo_font_subset":"","ocean_menu_typo_font_size":0,"ocean_menu_typo_font_size_tablet":0,"ocean_menu_typo_font_size_mobile":0,"ocean_menu_typo_font_size_unit":"px","ocean_menu_typo_font_weight":"","ocean_menu_typo_font_weight_tablet":"","ocean_menu_typo_font_weight_mobile":"","ocean_menu_typo_transform":"","ocean_menu_typo_transform_tablet":"","ocean_menu_typo_transform_mobile":"","ocean_menu_typo_line_height":0,"ocean_menu_typo_line_height_tablet":0,"ocean_menu_typo_line_height_mobile":0,"ocean_menu_typo_line_height_unit":"","ocean_menu_typo_spacing":0,"ocean_menu_typo_spacing_tablet":0,"ocean_menu_typo_spacing_mobile":0,"ocean_menu_typo_spacing_unit":"","ocean_menu_link_color":"","ocean_menu_link_color_hover":"","ocean_menu_link_color_active":"","ocean_menu_link_background":"","ocean_menu_link_hover_background":"","ocean_menu_link_active_background":"","ocean_menu_social_links_bg":"","ocean_menu_social_hover_links_bg":"","ocean_menu_social_links_color":"","ocean_menu_social_hover_links_color":"","ocean_disable_title":"default","ocean_disable_heading":"default","ocean_post_title":"","ocean_post_subheading":"","ocean_post_title_style":"","ocean_post_title_background_color":"","ocean_post_title_background":0,"ocean_post_title_bg_image_position":"","ocean_post_title_bg_image_attachment":"","ocean_post_title_bg_image_repeat":"","ocean_post_title_bg_image_size":"","ocean_post_title_height":0,"ocean_post_title_bg_overlay":0.5,"ocean_post_title_bg_overlay_color":"","ocean_disable_breadcrumbs":"default","ocean_breadcrumbs_color":"","ocean_breadcrumbs_separator_color":"","ocean_breadcrumbs_links_color":"","ocean_breadcrumbs_links_hover_color":"","ocean_display_footer_widgets":"default","ocean_display_footer_bottom":"default","ocean_custom_footer_template":"0","footnotes":""},"class_list":["post-1483","page","type-page","status-publish","has-post-thumbnail","hentry","entry","has-media","owp-thumbs-layout-horizontal","owp-btn-normal","owp-tabs-layout-section","has-no-thumbnails"],"_links":{"self":[{"href":"https:\/\/matcochemicals.com\/fr\/wp-json\/wp\/v2\/pages\/1483","targetHints":{"allow":["GET"]}}],"collection":[{"href":"https:\/\/matcochemicals.com\/fr\/wp-json\/wp\/v2\/pages"}],"about":[{"href":"https:\/\/matcochemicals.com\/fr\/wp-json\/wp\/v2\/types\/page"}],"author":[{"embeddable":true,"href":"https:\/\/matcochemicals.com\/fr\/wp-json\/wp\/v2\/users\/1"}],"replies":[{"embeddable":true,"href":"https:\/\/matcochemicals.com\/fr\/wp-json\/wp\/v2\/comments?post=1483"}],"version-history":[{"count":3,"href":"https:\/\/matcochemicals.com\/fr\/wp-json\/wp\/v2\/pages\/1483\/revisions"}],"predecessor-version":[{"id":4199,"href":"https:\/\/matcochemicals.com\/fr\/wp-json\/wp\/v2\/pages\/1483\/revisions\/4199"}],"wp:featuredmedia":[{"embeddable":true,"href":"https:\/\/matcochemicals.com\/fr\/wp-json\/wp\/v2\/media\/700"}],"wp:attachment":[{"href":"https:\/\/matcochemicals.com\/fr\/wp-json\/wp\/v2\/media?parent=1483"}],"curies":[{"name":"wp","href":"https:\/\/api.w.org\/{rel}","templated":true}]}}