{"id":1478,"date":"2023-08-20T09:58:28","date_gmt":"2023-08-20T09:58:28","guid":{"rendered":"https:\/\/matcochemicals.com\/?page_id=1478"},"modified":"2024-09-30T17:58:42","modified_gmt":"2024-09-30T17:58:42","slug":"enductions","status":"publish","type":"page","link":"https:\/\/matcochemicals.com\/fr\/enductions\/","title":{"rendered":"Enductions"},"content":{"rendered":"\n<p class=\"has-medium-font-size\">MATCO est un partenaire et un producteur fiable pour tous les types d&rsquo;enduits et de compos\u00e9s pour les tapis tuft\u00e9s, tiss\u00e9s, aiguillet\u00e9s, automobiles, marins et a\u00e9ronautiques. Nous proposons une gamme compl\u00e8te d&rsquo;additifs fonctionnels, tels que des \u00e9paississants, des dispersants, des surfactants&#8230; <\/p>\n\n<h2 class=\"wp-block-heading\">Compos\u00e9s \u00e0 base de diff\u00e9rents liants<\/h2>\n<div class=\"wp-block-image\">\n<figure class=\"alignright size-medium\"><img loading=\"lazy\" decoding=\"async\" width=\"295\" height=\"300\" src=\"https:\/\/matcochemicals.com\/wp-content\/uploads\/2024\/07\/Afbeelding-22-295x300.webp\" alt=\"\" class=\"wp-image-3904\" srcset=\"https:\/\/matcochemicals.com\/wp-content\/uploads\/2024\/07\/Afbeelding-22-295x300.webp 295w, https:\/\/matcochemicals.com\/wp-content\/uploads\/2024\/07\/Afbeelding-22-200x204.webp 200w, https:\/\/matcochemicals.com\/wp-content\/uploads\/2024\/07\/Afbeelding-22-jpeg.webp 378w\" sizes=\"auto, (max-width: 295px) 100vw, 295px\" \/><\/figure>\n<\/div>\n<p>MATCO propose des compos\u00e9s bas\u00e9s sur diff\u00e9rents types de liants, tels que le latex, le XSBR et le HSSBR, le VAE, le SA&amp;PA, le PES, le PP, l&rsquo;AC, le PVB,&#8230;<\/p>\n\n<p><strong>Latex synth\u00e9tique<\/strong>: Le latex synth\u00e9tique est une dispersion \u00e0 base d&rsquo;eau de particules de polym\u00e8res cr\u00e9\u00e9es par un processus connu sous le nom de polym\u00e9risation en \u00e9mulsion.\nCes polym\u00e8res sont g\u00e9n\u00e9ralement fabriqu\u00e9s \u00e0 partir de divers mat\u00e9riaux synth\u00e9tiques, tels que le <a href=\"\/info\/styrene-butadiene%20rubber\/\">caoutchouc styr\u00e8ne-butadi\u00e8ne (SBR)<\/a>, les <a href=\"\/info\/acrylics\/\">acryliques<\/a> ou l&rsquo;ac\u00e9tate de vinyle, qui sont mis en suspension dans l&rsquo;eau \u00e0 l&rsquo;aide d&rsquo;agents tensioactifs.\nLe latex synth\u00e9tique est couramment utilis\u00e9 dans une large gamme d&rsquo;applications, notamment les peintures, les rev\u00eatements, les adh\u00e9sifs et les supports de moquette.\nIl offre d&rsquo;excellentes propri\u00e9t\u00e9s d&rsquo;adh\u00e9sion, de r\u00e9sistance \u00e0 l&rsquo;eau et de durabilit\u00e9.   <\/p>\n\n<p><strong>Le latex naturel<\/strong>: Le latex naturel est un liquide blanc laiteux extrait de l&rsquo;arbre \u00e0 caoutchouc, Hevea brasiliensis.\nIl se compose principalement de cis-1,4-polyisopr\u00e8ne, un polym\u00e8re naturel.\nLe latex naturel est connu pour son \u00e9lasticit\u00e9, sa flexibilit\u00e9 et sa r\u00e9silience.\nGr\u00e2ce \u00e0 ses propri\u00e9t\u00e9s naturelles, il est couramment utilis\u00e9 pour fabriquer des produits en latex tels que des gants, des pr\u00e9servatifs, des matelas et de la mousse de caoutchouc.     <\/p>\n\n<p><strong>Copolym\u00e8re VAE (ac\u00e9tate de vinyle et \u00e9thyl\u00e8ne)<\/strong>: Le VAE est un copolym\u00e8re compos\u00e9 de monom\u00e8res d&rsquo;<a href=\"\/info\/vinyl%20acetate\/\">ac\u00e9tate de vinyle<\/a> et d&rsquo;\u00e9thyl\u00e8ne. Il est largement utilis\u00e9 dans la production d&rsquo;adh\u00e9sifs et de peintures \u00e0 base d&rsquo;\u00e9mulsion. Les copolym\u00e8res VAE offrent une excellente adh\u00e9rence, flexibilit\u00e9 et r\u00e9sistance \u00e0 l&rsquo;eau. Ils sont appr\u00e9ci\u00e9s pour leur capacit\u00e9 \u00e0 adh\u00e9rer \u00e0 une grande vari\u00e9t\u00e9 de surfaces, ce qui les rend appropri\u00e9s pour des applications dans la construction, les textiles et l&#8217;emballage.<\/p>\n\n<p><strong>PVB (Polyvinyl Butyral)<\/strong>: Le PVB est un polym\u00e8re synth\u00e9tique d\u00e9riv\u00e9 de la polym\u00e9risation par condensation du <a href=\"\/info\/vinyl%20butyral\/\">butyral de vinyle<\/a>. Il est connu pour sa clart\u00e9, son adh\u00e9rence et sa r\u00e9sistance aux chocs exceptionnelles. Le PVB est principalement utilis\u00e9 comme mat\u00e9riau intercalaire dans le verre de s\u00e9curit\u00e9 feuillet\u00e9, tel que les pare-brise des automobiles et le verre architectural, o\u00f9 il am\u00e9liore la r\u00e9sistance \u00e0 l&rsquo;\u00e9clatement du verre en maintenant les morceaux cass\u00e9s ensemble.  <\/p>\n\n<h2 class=\"wp-block-heading\">Formul\u00e9 selon vos besoins sp\u00e9cifiques<\/h2>\n\n<p>MATCO peut fournir des compos\u00e9s sur mesure avec une gamme compl\u00e8te d&rsquo;additifs fonctionnels tels que :<\/p>\n\n<ul class=\"wp-block-list\">\n<li><strong>\u00c9paississants<\/strong>: Les \u00e9paississants sont des substances ajout\u00e9es aux liquides pour en augmenter la viscosit\u00e9 ou l&rsquo;\u00e9paisseur.  <\/li>\n\n\n\n<li><strong>Dispersants<\/strong>: Les dispersants sont des produits chimiques qui aident \u00e0 disperser les particules solides dans un milieu liquide, les emp\u00eachant de s&rsquo;agglutiner.\nIls sont souvent utilis\u00e9s dans les produits pour assurer une distribution uniforme des particules telles que les colorants. <\/li>\n\n\n\n<li><strong>Colorants<\/strong>: Les colorants sont des substances ajout\u00e9es aux produits pour leur donner de la couleur.\nIls peuvent \u00eatre naturels ou synth\u00e9tiques et sont utilis\u00e9s dans un large \u00e9ventail d&rsquo;industries. <\/li>\n\n\n\n<li><strong>P\u00e2tes de vulcanisation (Gel\/No-Gel)<\/strong>: Les p\u00e2tes de vulcanisation sont utilis\u00e9es dans l&rsquo;industrie du caoutchouc. Elles contiennent des additifs qui facilitent la vulcanisation (r\u00e9ticulation) du caoutchouc afin d&rsquo;am\u00e9liorer sa r\u00e9sistance, son \u00e9lasticit\u00e9 et sa durabilit\u00e9. <\/li>\n\n\n\n<li><strong>Produits antistatiques<\/strong>: Les produits antistatiques sont utilis\u00e9s pour r\u00e9duire ou \u00e9liminer l&rsquo;\u00e9lectricit\u00e9 statique dans les mat\u00e9riaux et les surfaces. Ils sont couramment utilis\u00e9s dans les industries o\u00f9 l&rsquo;\u00e9lectricit\u00e9 statique peut endommager les \u00e9quipements sensibles. <\/li>\n\n\n\n<li><strong>Agents mouillants<\/strong>: Les agents mouillants, \u00e9galement connus sous le nom de surfactants, sont des substances qui r\u00e9duisent la tension superficielle d&rsquo;un liquide, ce qui lui permet de se r\u00e9pandre plus facilement et de p\u00e9n\u00e9trer dans les mat\u00e9riaux. <\/li>\n\n\n\n<li><strong>G\u00e9lifiants<\/strong>: Les g\u00e9lifiants sont des substances qui transforment les liquides en gels ou en formes semi-solides. <\/li>\n\n\n\n<li><strong>Les antioxydants<\/strong>: Les antioxydants sont des produits chimiques qui inhibent ou ralentissent les r\u00e9actions d&rsquo;oxydation, qui peuvent entra\u00eener la d\u00e9t\u00e9rioration des produits. Ils sont utilis\u00e9s pour stabiliser des mat\u00e9riaux tels que le caoutchouc et les plastiques. <\/li>\n<\/ul>\n\n<figure class=\"wp-block-gallery has-nested-images columns-default is-cropped wp-block-gallery-1 is-layout-flex wp-block-gallery-is-layout-flex\">\n<figure class=\"wp-block-image size-large\"><img loading=\"lazy\" decoding=\"async\" width=\"1024\" height=\"683\" data-id=\"247\" src=\"http:\/\/www.matcochemicals.com\/wp-content\/uploads\/2023\/08\/Compounding-01-1024x683.jpg\" alt=\"\" class=\"wp-image-247\" srcset=\"https:\/\/matcochemicals.com\/wp-content\/uploads\/2023\/08\/Compounding-01-1024x683.jpg 1024w, https:\/\/matcochemicals.com\/wp-content\/uploads\/2023\/08\/Compounding-01-200x133.jpg 200w, https:\/\/matcochemicals.com\/wp-content\/uploads\/2023\/08\/Compounding-01-400x267.jpg 400w, https:\/\/matcochemicals.com\/wp-content\/uploads\/2023\/08\/Compounding-01-300x200.jpg 300w, https:\/\/matcochemicals.com\/wp-content\/uploads\/2023\/08\/Compounding-01-768x512.jpg 768w, https:\/\/matcochemicals.com\/wp-content\/uploads\/2023\/08\/Compounding-01.jpg 1200w\" sizes=\"auto, (max-width: 1024px) 100vw, 1024px\" \/><\/figure>\n\n\n\n<figure class=\"wp-block-image size-large\"><img loading=\"lazy\" decoding=\"async\" width=\"1024\" height=\"683\" data-id=\"248\" src=\"http:\/\/www.matcochemicals.com\/wp-content\/uploads\/2023\/08\/Compounding-02-1024x683.jpg\" alt=\"\" class=\"wp-image-248\" srcset=\"https:\/\/matcochemicals.com\/wp-content\/uploads\/2023\/08\/Compounding-02-1024x683.jpg 1024w, https:\/\/matcochemicals.com\/wp-content\/uploads\/2023\/08\/Compounding-02-200x133.jpg 200w, https:\/\/matcochemicals.com\/wp-content\/uploads\/2023\/08\/Compounding-02-400x267.jpg 400w, https:\/\/matcochemicals.com\/wp-content\/uploads\/2023\/08\/Compounding-02-300x200.jpg 300w, https:\/\/matcochemicals.com\/wp-content\/uploads\/2023\/08\/Compounding-02-768x512.jpg 768w, https:\/\/matcochemicals.com\/wp-content\/uploads\/2023\/08\/Compounding-02.jpg 1200w\" sizes=\"auto, (max-width: 1024px) 100vw, 1024px\" \/><\/figure>\n\n\n\n<figure class=\"wp-block-image size-large\"><img loading=\"lazy\" decoding=\"async\" width=\"1024\" height=\"683\" data-id=\"249\" src=\"http:\/\/www.matcochemicals.com\/wp-content\/uploads\/2023\/08\/Compounding-03-1024x683.jpg\" alt=\"\" class=\"wp-image-249\" srcset=\"https:\/\/matcochemicals.com\/wp-content\/uploads\/2023\/08\/Compounding-03-1024x683.jpg 1024w, https:\/\/matcochemicals.com\/wp-content\/uploads\/2023\/08\/Compounding-03-200x133.jpg 200w, https:\/\/matcochemicals.com\/wp-content\/uploads\/2023\/08\/Compounding-03-400x267.jpg 400w, https:\/\/matcochemicals.com\/wp-content\/uploads\/2023\/08\/Compounding-03-300x200.jpg 300w, https:\/\/matcochemicals.com\/wp-content\/uploads\/2023\/08\/Compounding-03-768x512.jpg 768w, https:\/\/matcochemicals.com\/wp-content\/uploads\/2023\/08\/Compounding-03.jpg 1200w\" sizes=\"auto, (max-width: 1024px) 100vw, 1024px\" \/><\/figure>\n<\/figure>\n\n<div style=\"height:24px\" aria-hidden=\"true\" class=\"wp-block-spacer\"><\/div>\n<noscript class=\"ninja-forms-noscript-message\">\n\tRemarque\u00a0: JavaScript est requis pour ce contenu.<\/noscript>\n<div id=\"nf-form-3-cont\" class=\"nf-form-cont\" aria-live=\"polite\" aria-labelledby=\"nf-form-title-3\" aria-describedby=\"nf-form-errors-3\" role=\"form\">\n\n    <div class=\"nf-loading-spinner\"><\/div>\n\n<\/div>\n        <!-- That data is being printed as a workaround to page builders reordering the order of the scripts loaded-->\n        <script>var formDisplay=1;var nfForms=nfForms||[];var form=[];form.id='3';form.settings={\"objectType\":\"Form Setting\",\"editActive\":true,\"title\":\"Contactez-nous pour plus d\\u2019informations sur\",\"default_label_pos\":\"above\",\"show_title\":0,\"clear_complete\":\"1\",\"hide_complete\":\"1\",\"logged_in\":\"\",\"wrapper_class\":\"\",\"element_class\":\"\",\"form_title_heading_level\":\"3\",\"key\":\"\",\"add_submit\":\"0\",\"currency\":\"\",\"unique_field_error\":\"Un formulaire avec cette valeur a d\\u00e9j\\u00e0 \\u00e9t\\u00e9 envoy\\u00e9.\",\"not_logged_in_msg\":\"\",\"sub_limit_msg\":\"Le formulaire a atteint sa limite de soumission.\",\"calculations\":[],\"formContentData\":[\"i_want_more_information_about_1697890706554\",\"name_1693581535615\",\"company_1693581568508\",\"email_1693581549536\",\"phone_1747248117655\",\"question_request_1693581657596\",\"i_agree_that_my_personal_data_will_be_used_for_internal_marketing_purposes_eg_contact_you_by_matco_company_in_accordance_with_our_less_than_a_target_blank_href_https_matcochemicals_com_privacy-cookie-policy_greater_than_privacy_policy_less_than_a_greater_than_1697118901721\",\"send_1693581734177\",\"sumitted_on_1699029955535\"],\"allow_public_link\":0,\"embed_form\":\"\",\"changeEmailErrorMsg\":\"Veuillez saisir une adresse de messagerie valide. Ex\\u00a0: jean.dupont@gmail.com\",\"changeDateErrorMsg\":\"Veuillez saisir une date valide\\u00a0!\",\"confirmFieldErrorMsg\":\"Ces champs doivent correspondre\\u00a0!\",\"fieldNumberNumMinError\":\"Erreur de nombre min.\",\"fieldNumberNumMaxError\":\"Erreur de nombre max.\",\"fieldNumberIncrementBy\":\"Veuillez incr\\u00e9menter par \",\"formErrorsCorrectErrors\":\"Veuillez corriger les erreurs avant d\\u2019envoyer ce formulaire.\",\"validateRequiredField\":\"Ce champ est obligatoire.\",\"honeypotHoneypotError\":\"Erreur Honeypot\",\"fieldsMarkedRequired\":\"Les champs marqu\\u00e9s d\\u2019un <span class=\\\"ninja-forms-req-symbol\\\">*<\\\/span> sont obligatoires\",\"drawerDisabled\":false,\"ninjaForms\":\"Ninja Forms\",\"fieldTextareaRTEInsertLink\":\"Ins\\u00e9rer un lien\",\"fieldTextareaRTEInsertMedia\":\"Ins\\u00e9rer un m\\u00e9dia\",\"fieldTextareaRTESelectAFile\":\"S\\u00e9lectionnez un fichier\",\"formHoneypot\":\"Si vous \\u00eates un \\u00eatre humain et que vous voyez ce champ, veuillez le laisser vide.\",\"fileUploadOldCodeFileUploadInProgress\":\"T\\u00e9l\\u00e9versement du fichier en cours.\",\"fileUploadOldCodeFileUpload\":\"T\\u00c9L\\u00c9VERSEMENT DE FICHIER\",\"currencySymbol\":\"&#36;\",\"thousands_sep\":\"\\u00a0\",\"decimal_point\":\",\",\"siteLocale\":\"fr_FR\",\"dateFormat\":\"m\\\/d\\\/Y\",\"startOfWeek\":\"1\",\"of\":\"sur\",\"previousMonth\":\"Mois pr\\u00e9c\\u00e9dent\",\"nextMonth\":\"Mois suivant\",\"months\":[\"Janvier\",\"F\\u00e9vrier\",\"Mars\",\"Avril\",\"Mai\",\"Juin\",\"Juillet\",\"Ao\\u00fbt\",\"Septembre\",\"Octobre\",\"Novembre\",\"D\\u00e9cembre\"],\"monthsShort\":[\"Jan\",\"F\\u00e9v\",\"Mar\",\"Avr\",\"Mai\",\"Juin\",\"Juil\",\"Ao\\u00fb\",\"Sep\",\"Oct\",\"Nov\",\"D\\u00e9c\"],\"weekdays\":[\"Dimanche\",\"Lundi\",\"Mardi\",\"Mercredi\",\"Jeudi\",\"Vendredi\",\"Samedi\"],\"weekdaysShort\":[\"Dim\",\"Lun\",\"Mar\",\"Mer\",\"Jeu\",\"Ven\",\"Sam\"],\"weekdaysMin\":[\"Di\",\"Lu\",\"Ma\",\"Me\",\"Je\",\"Ve\",\"Sa\"],\"recaptchaConsentMissing\":\"reCaptcha validation couldn&#039;t load.\",\"recaptchaMissingCookie\":\"reCaptcha v3 validation couldn&#039;t load the cookie needed to submit the form.\",\"recaptchaConsentEvent\":\"Accept reCaptcha cookies before sending the form.\",\"currency_symbol\":\"\",\"beforeForm\":\"\",\"beforeFields\":\"\",\"afterFields\":\"\",\"afterForm\":\"\"};form.fields=[{\"objectType\":\"Field\",\"objectDomain\":\"fields\",\"editActive\":false,\"order\":1,\"idAttribute\":\"id\",\"label\":\"Je souhaite plus d\\u2019informations sur\",\"type\":\"textbox\",\"key\":\"i_want_more_information_about_1697890706554\",\"label_pos\":\"above\",\"required\":1,\"default\":\"{wp:post_title}\",\"placeholder\":\"\",\"container_class\":\"\",\"element_class\":\"\",\"input_limit\":\"\",\"input_limit_type\":\"characters\",\"input_limit_msg\":\"Caract\\u00e8re(s) restant(s)\",\"manual_key\":false,\"admin_label\":\"\",\"help_text\":\"\",\"mask\":\"\",\"custom_mask\":\"\",\"custom_name_attribute\":\"\",\"personally_identifiable\":\"\",\"value\":\"Enductions\",\"drawerDisabled\":false,\"id\":18,\"beforeField\":\"\",\"afterField\":\"\",\"parentType\":\"textbox\",\"element_templates\":[\"textbox\",\"input\"],\"old_classname\":\"\",\"wrap_template\":\"wrap\"},{\"objectType\":\"Field\",\"objectDomain\":\"fields\",\"editActive\":false,\"order\":2,\"idAttribute\":\"id\",\"label\":\"Nom\",\"type\":\"firstname\",\"key\":\"name_1693581535615\",\"label_pos\":\"above\",\"required\":1,\"default\":\"\",\"placeholder\":\"\",\"container_class\":\"\",\"element_class\":\"\",\"admin_label\":\"\",\"help_text\":\"\",\"custom_name_attribute\":\"fname\",\"personally_identifiable\":1,\"value\":\"\",\"drawerDisabled\":\"\",\"field_label\":\"Name\",\"field_key\":\"name_1693581535615\",\"id\":12,\"beforeField\":\"\",\"afterField\":\"\",\"parentType\":\"firstname\",\"element_templates\":[\"firstname\",\"input\"],\"old_classname\":\"\",\"wrap_template\":\"wrap\"},{\"objectType\":\"Field\",\"objectDomain\":\"fields\",\"editActive\":false,\"order\":3,\"idAttribute\":\"id\",\"label\":\"Compagnie\",\"type\":\"textbox\",\"key\":\"company_1693581568508\",\"label_pos\":\"above\",\"required\":1,\"default\":\"\",\"placeholder\":\"\",\"container_class\":\"\",\"element_class\":\"\",\"input_limit\":\"\",\"input_limit_type\":\"characters\",\"input_limit_msg\":\"Caract\\u00e8re(s) restant(s)\",\"manual_key\":\"\",\"admin_label\":\"\",\"help_text\":\"\",\"mask\":\"\",\"custom_mask\":\"\",\"custom_name_attribute\":\"\",\"personally_identifiable\":\"\",\"value\":\"\",\"field_label\":\"Company\",\"field_key\":\"company_1693581568508\",\"id\":13,\"beforeField\":\"\",\"afterField\":\"\",\"parentType\":\"textbox\",\"element_templates\":[\"textbox\",\"input\"],\"old_classname\":\"\",\"wrap_template\":\"wrap\"},{\"objectType\":\"Field\",\"objectDomain\":\"fields\",\"editActive\":false,\"order\":4,\"idAttribute\":\"id\",\"label\":\"Messagerie \\u00e9lectronique\",\"type\":\"email\",\"key\":\"email_1693581549536\",\"label_pos\":\"above\",\"required\":1,\"default\":\"\",\"placeholder\":\"\",\"container_class\":\"\",\"element_class\":\"\",\"admin_label\":\"\",\"help_text\":\"\",\"custom_name_attribute\":\"email\",\"personally_identifiable\":1,\"value\":\"\",\"drawerDisabled\":\"\",\"field_label\":\"Email\",\"field_key\":\"email_1693581549536\",\"id\":14,\"beforeField\":\"\",\"afterField\":\"\",\"parentType\":\"email\",\"element_templates\":[\"email\",\"input\"],\"old_classname\":\"\",\"wrap_template\":\"wrap\"},{\"objectType\":\"Field\",\"objectDomain\":\"fields\",\"editActive\":false,\"order\":5,\"idAttribute\":\"id\",\"label\":\"T\\u00e9l\\u00e9phone\",\"type\":\"phone\",\"key\":\"phone_1747248117655\",\"label_pos\":\"above\",\"required\":1,\"default\":\"\",\"placeholder\":\"\",\"container_class\":\"\",\"element_class\":\"\",\"input_limit\":\"\",\"input_limit_type\":\"characters\",\"input_limit_msg\":\"Caract\\u00e8re(s) restant(s)\",\"manual_key\":false,\"admin_label\":\"\",\"help_text\":\"\",\"mask\":\"\",\"custom_mask\":\"\",\"custom_name_attribute\":\"phone\",\"personally_identifiable\":1,\"value\":\"\",\"drawerDisabled\":false,\"id\":32,\"beforeField\":\"\",\"afterField\":\"\",\"parentType\":\"textbox\",\"element_templates\":[\"tel\",\"textbox\",\"input\"],\"old_classname\":\"\",\"wrap_template\":\"wrap\"},{\"objectType\":\"Field\",\"objectDomain\":\"fields\",\"editActive\":false,\"order\":6,\"idAttribute\":\"id\",\"label\":\"Question \\\/ Demande  \",\"type\":\"textarea\",\"key\":\"question_request_1693581657596\",\"label_pos\":\"above\",\"required\":1,\"default\":\"\",\"placeholder\":\"\",\"container_class\":\"\",\"element_class\":\"\",\"input_limit\":\"\",\"input_limit_type\":\"characters\",\"input_limit_msg\":\"Caract\\u00e8re(s) restant(s)\",\"manual_key\":\"\",\"admin_label\":\"\",\"help_text\":\"\",\"textarea_rte\":\"\",\"disable_rte_mobile\":\"\",\"textarea_media\":\"\",\"value\":\"\",\"drawerDisabled\":\"\",\"field_label\":\"Question \\\/ Request \",\"field_key\":\"question_request_1693581657596\",\"id\":15,\"beforeField\":\"\",\"afterField\":\"\",\"parentType\":\"textarea\",\"element_templates\":[\"textarea\",\"input\"],\"old_classname\":\"\",\"wrap_template\":\"wrap\"},{\"objectType\":\"Field\",\"objectDomain\":\"fields\",\"editActive\":false,\"order\":7,\"idAttribute\":\"id\",\"label\":\"J\\u2019accepte que mes donn\\u00e9es personnelles soient utilis\\u00e9es \\u00e0 des fins de marketing interne (par exemple, vous contacter) par la soci\\u00e9t\\u00e9 MATCO (conform\\u00e9ment \\u00e0 notre <a target=\\\"_blank\\\" href=\\\"https:\\\/\\\/matcochemicals.com\\\/fr\\\/privacy-cookie-policy\\\/\\\">politique de confidentialit\\u00e9<\\\/a>).\",\"type\":\"checkbox\",\"key\":\"i_agree_that_my_personal_data_will_be_used_for_internal_marketing_purposes_eg_contact_you_by_matco_company_in_accordance_with_our_less_than_a_target_blank_href_https_matcochemicals_com_privacy-cookie-policy_greater_than_privacy_policy_less_than_a_greater_than_1697118901721\",\"label_pos\":\"right\",\"required\":1,\"container_class\":\"\",\"element_class\":\"\",\"manual_key\":\"\",\"admin_label\":\"\",\"help_text\":\"\",\"default_value\":\"unchecked\",\"checked_value\":\"Checked\",\"unchecked_value\":\"Unchecked\",\"checked_calc_value\":\"\",\"unchecked_calc_value\":\"\",\"drawerDisabled\":false,\"field_label\":\"I insist that my personal data will exclusively be used for internal marketing purposes of the MATCO company (pursuant to the GDPR).\",\"field_key\":\"i_insist_that_my_personal_data_will_exclusively_be_used_for_internal_marketing_purposes_of_the_matco_company_pursuant_to_the_gdpr_1693581707582\",\"id\":16,\"beforeField\":\"\",\"afterField\":\"\",\"value\":\"\",\"parentType\":\"checkbox\",\"element_templates\":[\"checkbox\",\"input\"],\"old_classname\":\"\",\"wrap_template\":\"wrap\"},{\"objectType\":\"Field\",\"objectDomain\":\"fields\",\"editActive\":false,\"order\":8,\"idAttribute\":\"id\",\"label\":\"Envoyer\",\"type\":\"submit\",\"processing_label\":\"Envoi\",\"container_class\":\"\",\"element_class\":\"\",\"key\":\"send_1693581734177\",\"drawerDisabled\":\"\",\"field_label\":\"Send\",\"field_key\":\"send_1693581734177\",\"admin_label\":\"\",\"id\":17,\"beforeField\":\"\",\"afterField\":\"\",\"value\":\"\",\"label_pos\":\"above\",\"parentType\":\"textbox\",\"element_templates\":[\"submit\",\"button\",\"input\"],\"old_classname\":\"\",\"wrap_template\":\"wrap-no-label\"},{\"objectType\":\"Field\",\"objectDomain\":\"fields\",\"editActive\":false,\"order\":9,\"idAttribute\":\"id\",\"type\":\"hidden\",\"label\":\"sumitted on:\",\"key\":\"sumitted_on_1699029955535\",\"default\":\"{wp:post_url}\",\"admin_label\":\"\",\"drawerDisabled\":false,\"id\":26,\"beforeField\":\"\",\"afterField\":\"\",\"value\":\"https:\\\/\\\/matcochemicals.com\\\/fr\\\/enductions\\\/\",\"label_pos\":\"above\",\"parentType\":\"hidden\",\"element_templates\":[\"hidden\",\"input\"],\"old_classname\":\"\",\"wrap_template\":\"wrap-no-label\"},{\"objectType\":\"Field\",\"objectDomain\":\"fields\",\"editActive\":false,\"order\":\"10.0\",\"type\":\"recaptcha_v3\",\"label\":\"Hidden\",\"key\":\"recaptcha_v3\",\"default\":\"\",\"admin_label\":\"\",\"drawerDisabled\":false,\"id\":\"88846\",\"beforeField\":\"\",\"afterField\":\"\",\"value\":\"\",\"label_pos\":\"above\",\"parentType\":\"hidden\",\"element_templates\":[\"recaptcha-v3\",\"hidden\",\"input\"],\"old_classname\":\"\",\"wrap_template\":\"wrap-no-label\",\"site_key\":\"6Lep0dMnAAAAAEd6rPd2w_umgfscxUAE-MbDia7B\"}];nfForms.push(form);<\/script>\n        ","protected":false},"excerpt":{"rendered":"<p>Compos\u00e9s et rev\u00eatements personnalis\u00e9s pour les tapis tuft\u00e9s, tiss\u00e9s, aiguillet\u00e9s, automobiles, marins et a\u00e9ronautiques.<\/p>\n","protected":false},"author":1,"featured_media":3658,"parent":0,"menu_order":20,"comment_status":"closed","ping_status":"closed","template":"","meta":{"ocean_post_layout":"","ocean_both_sidebars_style":"","ocean_both_sidebars_content_width":0,"ocean_both_sidebars_sidebars_width":0,"ocean_sidebar":"0","ocean_second_sidebar":"0","ocean_disable_margins":"enable","ocean_add_body_class":"","ocean_shortcode_before_top_bar":"","ocean_shortcode_after_top_bar":"","ocean_shortcode_before_header":"","ocean_shortcode_after_header":"","ocean_has_shortcode":"","ocean_shortcode_after_title":"","ocean_shortcode_before_footer_widgets":"","ocean_shortcode_after_footer_widgets":"","ocean_shortcode_before_footer_bottom":"","ocean_shortcode_after_footer_bottom":"","ocean_display_top_bar":"default","ocean_display_header":"default","ocean_header_style":"","ocean_center_header_left_menu":"0","ocean_custom_header_template":"0","ocean_custom_logo":0,"ocean_custom_retina_logo":0,"ocean_custom_logo_max_width":0,"ocean_custom_logo_tablet_max_width":0,"ocean_custom_logo_mobile_max_width":0,"ocean_custom_logo_max_height":0,"ocean_custom_logo_tablet_max_height":0,"ocean_custom_logo_mobile_max_height":0,"ocean_header_custom_menu":"0","ocean_menu_typo_font_family":"0","ocean_menu_typo_font_subset":"","ocean_menu_typo_font_size":0,"ocean_menu_typo_font_size_tablet":0,"ocean_menu_typo_font_size_mobile":0,"ocean_menu_typo_font_size_unit":"px","ocean_menu_typo_font_weight":"","ocean_menu_typo_font_weight_tablet":"","ocean_menu_typo_font_weight_mobile":"","ocean_menu_typo_transform":"","ocean_menu_typo_transform_tablet":"","ocean_menu_typo_transform_mobile":"","ocean_menu_typo_line_height":0,"ocean_menu_typo_line_height_tablet":0,"ocean_menu_typo_line_height_mobile":0,"ocean_menu_typo_line_height_unit":"","ocean_menu_typo_spacing":0,"ocean_menu_typo_spacing_tablet":0,"ocean_menu_typo_spacing_mobile":0,"ocean_menu_typo_spacing_unit":"","ocean_menu_link_color":"","ocean_menu_link_color_hover":"","ocean_menu_link_color_active":"","ocean_menu_link_background":"","ocean_menu_link_hover_background":"","ocean_menu_link_active_background":"","ocean_menu_social_links_bg":"","ocean_menu_social_hover_links_bg":"","ocean_menu_social_links_color":"","ocean_menu_social_hover_links_color":"","ocean_disable_title":"default","ocean_disable_heading":"default","ocean_post_title":"","ocean_post_subheading":"","ocean_post_title_style":"","ocean_post_title_background_color":"","ocean_post_title_background":0,"ocean_post_title_bg_image_position":"","ocean_post_title_bg_image_attachment":"","ocean_post_title_bg_image_repeat":"","ocean_post_title_bg_image_size":"","ocean_post_title_height":0,"ocean_post_title_bg_overlay":0.5,"ocean_post_title_bg_overlay_color":"","ocean_disable_breadcrumbs":"default","ocean_breadcrumbs_color":"","ocean_breadcrumbs_separator_color":"","ocean_breadcrumbs_links_color":"","ocean_breadcrumbs_links_hover_color":"","ocean_display_footer_widgets":"default","ocean_display_footer_bottom":"default","ocean_custom_footer_template":"0","footnotes":""},"class_list":["post-1478","page","type-page","status-publish","has-post-thumbnail","hentry","entry","has-media","owp-thumbs-layout-horizontal","owp-btn-normal","owp-tabs-layout-section","has-no-thumbnails"],"_links":{"self":[{"href":"https:\/\/matcochemicals.com\/fr\/wp-json\/wp\/v2\/pages\/1478","targetHints":{"allow":["GET"]}}],"collection":[{"href":"https:\/\/matcochemicals.com\/fr\/wp-json\/wp\/v2\/pages"}],"about":[{"href":"https:\/\/matcochemicals.com\/fr\/wp-json\/wp\/v2\/types\/page"}],"author":[{"embeddable":true,"href":"https:\/\/matcochemicals.com\/fr\/wp-json\/wp\/v2\/users\/1"}],"replies":[{"embeddable":true,"href":"https:\/\/matcochemicals.com\/fr\/wp-json\/wp\/v2\/comments?post=1478"}],"version-history":[{"count":9,"href":"https:\/\/matcochemicals.com\/fr\/wp-json\/wp\/v2\/pages\/1478\/revisions"}],"predecessor-version":[{"id":4739,"href":"https:\/\/matcochemicals.com\/fr\/wp-json\/wp\/v2\/pages\/1478\/revisions\/4739"}],"wp:featuredmedia":[{"embeddable":true,"href":"https:\/\/matcochemicals.com\/fr\/wp-json\/wp\/v2\/media\/3658"}],"wp:attachment":[{"href":"https:\/\/matcochemicals.com\/fr\/wp-json\/wp\/v2\/media?parent=1478"}],"curies":[{"name":"wp","href":"https:\/\/api.w.org\/{rel}","templated":true}]}}