{"id":4145,"date":"2024-07-13T13:06:06","date_gmt":"2024-07-13T13:06:06","guid":{"rendered":"https:\/\/matcochemicals.com\/products\/synthomer-ch-3504\/"},"modified":"2025-08-15T05:58:18","modified_gmt":"2025-08-15T05:58:18","slug":"addimat-ao-3504","status":"publish","type":"product","link":"https:\/\/matcochemicals.com\/de\/product\/addimat-ao-3504\/","title":{"rendered":"Addimat AO 3504"},"content":{"rendered":"<p><img loading=\"lazy\" decoding=\"async\" class=\"wp-image-5625 alignright\" src=\"https:\/\/matcochemicals.com\/wp-content\/uploads\/2025\/01\/oeko-texecoplogorgbws-240x300.png\" alt=\"\" width=\"108\" height=\"136\" srcset=\"https:\/\/matcochemicals.com\/wp-content\/uploads\/2025\/01\/oeko-texecoplogorgbws-240x300.png 240w, https:\/\/matcochemicals.com\/wp-content\/uploads\/2025\/01\/oeko-texecoplogorgbws-200x250.png 200w, https:\/\/matcochemicals.com\/wp-content\/uploads\/2025\/01\/oeko-texecoplogorgbws-400x500.png 400w, https:\/\/matcochemicals.com\/wp-content\/uploads\/2025\/01\/oeko-texecoplogorgbws.png 720w\" sizes=\"auto, (max-width: 108px) 100vw, 108px\" \/>Addimat AO 3504 ist ein phenolisches Antioxidans, das im Gegensatz zur Thioether-Option in der Lage ist, von selbst zu wirken. AO 3504 ist ein nachhaltiges, FDA-konformes und ungef\u00e4hrliches Antioxidans in w\u00e4ssriger Form, das die gleiche oder eine bessere Leistung als herk\u00f6mmliche Antioxidantien erbringen kann. Es handelt sich um einen Radikalf\u00e4nger, der den thermischen Abbau vieler polymerer Materialien verhindert und eine hervorragende langfristige W\u00e4rmestabilisierung bietet. Es ist auch zu beachten, dass das Antioxidans aufgrund des hohen Molekulargewichts und der Molekularstruktur eine geringe Fl\u00fcchtigkeit und eine ausgezeichnete Extraktionsbest\u00e4ndigkeit aufweist.<\/p>\n<h3>Hauptmerkmale des Addimat AO 3504<\/h3>\n<h3><img loading=\"lazy\" decoding=\"async\" class=\"size-medium wp-image-5951 alignright\" src=\"https:\/\/matcochemicals.com\/wp-content\/uploads\/2024\/07\/Gebakken-koekjes-300x253.png\" alt=\"\" width=\"300\" height=\"253\" srcset=\"https:\/\/matcochemicals.com\/wp-content\/uploads\/2024\/07\/Gebakken-koekjes-300x253.png 300w, https:\/\/matcochemicals.com\/wp-content\/uploads\/2024\/07\/Gebakken-koekjes-200x169.png 200w, https:\/\/matcochemicals.com\/wp-content\/uploads\/2024\/07\/Gebakken-koekjes.png 321w\" sizes=\"auto, (max-width: 300px) 100vw, 300px\" \/><\/h3>\n<ul>\n<li>FDA-konform, ohne gef\u00e4hrliche Inhaltsstoffe<\/li>\n<li>Ausgezeichnete Kompatibilit\u00e4t und Farberhaltung mit den meisten Polymeren<\/li>\n<li>Nicht f\u00e4rbend<\/li>\n<li>Hohe Hitzestabilit\u00e4t<\/li>\n<li>Geringe Fl\u00fcchtigkeit und Extrahierbarkeit<\/li>\n<\/ul>\n<p>&nbsp;<\/p>\n<h3>Anwendungen von Addimat AO 3504<\/h3>\n<ul>\n<li>Bettzeug Matratze<\/li>\n<li>Lebensmittelverpackungen<\/li>\n<li>Teppichr\u00fccken<\/li>\n<li>Handschuhe mit Lebensmittelkontakt<\/li>\n<li>Textil-Beschichtung<\/li>\n<li>Papierbeschichtung<\/li>\n<\/ul>\n<p>&nbsp;<\/p>\n<h3>Eigenschaften von Addimat AO 3504<\/h3>\n<h3><img loading=\"lazy\" decoding=\"async\" class=\"size-medium wp-image-3648 alignright\" src=\"https:\/\/matcochemicals.com\/wp-content\/uploads\/2024\/07\/Synthomer-CH3504-food-300x251.webp\" alt=\"\" width=\"300\" height=\"251\" srcset=\"https:\/\/matcochemicals.com\/wp-content\/uploads\/2024\/07\/Synthomer-CH3504-food-300x251.webp 300w, https:\/\/matcochemicals.com\/wp-content\/uploads\/2024\/07\/Synthomer-CH3504-food-768x642.webp 768w, https:\/\/matcochemicals.com\/wp-content\/uploads\/2024\/07\/Synthomer-CH3504-food-200x167.webp 200w, https:\/\/matcochemicals.com\/wp-content\/uploads\/2024\/07\/Synthomer-CH3504-food-400x334.webp 400w, https:\/\/matcochemicals.com\/wp-content\/uploads\/2024\/07\/Synthomer-CH3504-food.jpg 909w\" sizes=\"auto, (max-width: 300px) 100vw, 300px\" \/><\/h3>\n<p>Chemie: Phenolisches Antioxidans<\/p>\n<p>Form: W\u00e4ssrige Dispersion<\/p>\n<p>Aktiver Anteil: 50%<\/p>\n<p>Molekulargewicht: &gt; 1000 g \/ mol<\/p>\n<p>Schmelzebereich: 110-130 \u00b0C<\/p>\n<p>Empfohlene Dosierung: 0,2-2,0 phr<\/p>\n<p>&nbsp;<\/p>\n<h3>Auswertung von Alterungstests mit verschiedenen Polymeren<\/h3>\n<p>Die AO-Dispersionen werden bei einer Dosierung von 0,7 Teilen aktiver AO auf 100 Trockenkautschuk getestet, wobei der Alterungstest bei 100 \u00b0C und 140 \u00b0C mit NBR-Polymer und XSBR-Polymer durchgef\u00fchrt wird.<\/p>\n<figure id=\"attachment_5961\" aria-describedby=\"caption-attachment-5961\" style=\"width: 1867px\" class=\"wp-caption alignnone\"><img loading=\"lazy\" decoding=\"async\" class=\"wp-image-5961 size-full\" src=\"https:\/\/matcochemicals.com\/wp-content\/uploads\/2024\/07\/AO3504_aging_test_1.jpeg\" alt=\"\" width=\"1867\" height=\"655\" srcset=\"https:\/\/matcochemicals.com\/wp-content\/uploads\/2024\/07\/AO3504_aging_test_1.jpeg 1867w, https:\/\/matcochemicals.com\/wp-content\/uploads\/2024\/07\/AO3504_aging_test_1-300x105.jpeg 300w, https:\/\/matcochemicals.com\/wp-content\/uploads\/2024\/07\/AO3504_aging_test_1-1024x359.jpeg 1024w, https:\/\/matcochemicals.com\/wp-content\/uploads\/2024\/07\/AO3504_aging_test_1-768x269.jpeg 768w, https:\/\/matcochemicals.com\/wp-content\/uploads\/2024\/07\/AO3504_aging_test_1-1536x539.jpeg 1536w, https:\/\/matcochemicals.com\/wp-content\/uploads\/2024\/07\/AO3504_aging_test_1-200x70.jpeg 200w, https:\/\/matcochemicals.com\/wp-content\/uploads\/2024\/07\/AO3504_aging_test_1-400x140.jpeg 400w\" sizes=\"auto, (max-width: 1867px) 100vw, 1867px\" \/><figcaption id=\"caption-attachment-5961\" class=\"wp-caption-text\">Vulkanisierte Folien aus NBR-Polymer mit Addimat AO 3504 und Industriestandard AO als Benchmark. Beide reifen 24 Stunden lang bei 100\u00b0C und 140\u00b0C.<\/figcaption><\/figure>\n<p>&nbsp;<\/p>\n<figure id=\"attachment_5956\" aria-describedby=\"caption-attachment-5956\" style=\"width: 1862px\" class=\"wp-caption alignnone\"><img loading=\"lazy\" decoding=\"async\" class=\"wp-image-5956 size-full\" src=\"https:\/\/matcochemicals.com\/wp-content\/uploads\/2024\/07\/AO3504_aging_test_2.jpeg\" alt=\"\" width=\"1862\" height=\"660\" srcset=\"https:\/\/matcochemicals.com\/wp-content\/uploads\/2024\/07\/AO3504_aging_test_2.jpeg 1862w, https:\/\/matcochemicals.com\/wp-content\/uploads\/2024\/07\/AO3504_aging_test_2-300x106.jpeg 300w, https:\/\/matcochemicals.com\/wp-content\/uploads\/2024\/07\/AO3504_aging_test_2-1024x363.jpeg 1024w, https:\/\/matcochemicals.com\/wp-content\/uploads\/2024\/07\/AO3504_aging_test_2-768x272.jpeg 768w, https:\/\/matcochemicals.com\/wp-content\/uploads\/2024\/07\/AO3504_aging_test_2-1536x544.jpeg 1536w, https:\/\/matcochemicals.com\/wp-content\/uploads\/2024\/07\/AO3504_aging_test_2-200x71.jpeg 200w, https:\/\/matcochemicals.com\/wp-content\/uploads\/2024\/07\/AO3504_aging_test_2-400x142.jpeg 400w\" sizes=\"auto, (max-width: 1862px) 100vw, 1862px\" \/><figcaption id=\"caption-attachment-5956\" class=\"wp-caption-text\">Getrocknete Folien aus XSB-Polymer mit Addimat AO 3504 und Industriestandard AO als Benchmark. Beide reifen 24 Stunden lang bei 100\u00b0C und 140\u00b0C.<\/figcaption><\/figure>\n<h3>CIELAB-Farbbewertung<\/h3>\n<p>Farbmessungen an vulkanisiertem NBR-Latex zeigen f\u00fcr Addimat AO 3504 Alterungseigenschaften, die mit dem Industriestandard AO vergleichbar sind.<\/p>\n<p><img loading=\"lazy\" decoding=\"async\" class=\"wp-image-5966 aligncenter\" src=\"https:\/\/matcochemicals.com\/wp-content\/uploads\/2024\/07\/CIELAB_evaluation_2.jpg\" alt=\"\" width=\"776\" height=\"638\" srcset=\"https:\/\/matcochemicals.com\/wp-content\/uploads\/2024\/07\/CIELAB_evaluation_2.jpg 848w, https:\/\/matcochemicals.com\/wp-content\/uploads\/2024\/07\/CIELAB_evaluation_2-300x247.jpg 300w, https:\/\/matcochemicals.com\/wp-content\/uploads\/2024\/07\/CIELAB_evaluation_2-768x631.jpg 768w, https:\/\/matcochemicals.com\/wp-content\/uploads\/2024\/07\/CIELAB_evaluation_2-200x164.jpg 200w, https:\/\/matcochemicals.com\/wp-content\/uploads\/2024\/07\/CIELAB_evaluation_2-400x329.jpg 400w\" sizes=\"auto, (max-width: 776px) 100vw, 776px\" \/><\/p>\n<p>Farbmessungen an getrocknetem XSB-Latex zeigen f\u00fcr Addimat AO 3504 Alterungseigenschaften, die mit dem Industriestandard AO vergleichbar sind.<\/p>\n<p><img loading=\"lazy\" decoding=\"async\" class=\"wp-image-5971 size-full aligncenter\" src=\"https:\/\/matcochemicals.com\/wp-content\/uploads\/2024\/07\/CIELAB_evaluation.jpg\" alt=\"\" width=\"832\" height=\"632\" srcset=\"https:\/\/matcochemicals.com\/wp-content\/uploads\/2024\/07\/CIELAB_evaluation.jpg 832w, https:\/\/matcochemicals.com\/wp-content\/uploads\/2024\/07\/CIELAB_evaluation-300x228.jpg 300w, https:\/\/matcochemicals.com\/wp-content\/uploads\/2024\/07\/CIELAB_evaluation-768x583.jpg 768w, https:\/\/matcochemicals.com\/wp-content\/uploads\/2024\/07\/CIELAB_evaluation-200x152.jpg 200w, https:\/\/matcochemicals.com\/wp-content\/uploads\/2024\/07\/CIELAB_evaluation-400x304.jpg 400w\" sizes=\"auto, (max-width: 832px) 100vw, 832px\" \/><\/p>\n<p>&nbsp;<\/p>\n<p><a href=\"https:\/\/matcochemicals.com\/wp-content\/uploads\/2024\/07\/Brochure-AO-3504-Matco-Style-1.pdf\" target=\"_blank\" rel=\"noopener\">Laden Sie hier die Addimat AO 3504 Brosch\u00fcre herunter.<\/a><\/p>\n","protected":false},"excerpt":{"rendered":"<p>Addimat AO 3504 ist ein phenolisches Antioxidans, das im Gegensatz zur Thioether-Option in der Lage ist, von selbst zu wirken. AO 3504 ist ein nachhaltiges, FDA-konformes und ungef\u00e4hrliches Antioxidans in w\u00e4ssriger Form, das die gleiche oder eine bessere Leistung als herk\u00f6mmliche Antioxidantien erbringen kann. Es handelt sich um einen Radikalf\u00e4nger, der den thermischen Abbau vieler [&hellip;]<\/p>\n","protected":false},"featured_media":0,"template":"","meta":{"ocean_post_layout":"","ocean_both_sidebars_style":"","ocean_both_sidebars_content_width":0,"ocean_both_sidebars_sidebars_width":0,"ocean_sidebar":"0","ocean_second_sidebar":"0","ocean_disable_margins":"enable","ocean_add_body_class":"","ocean_shortcode_before_top_bar":"","ocean_shortcode_after_top_bar":"","ocean_shortcode_before_header":"","ocean_shortcode_after_header":"","ocean_has_shortcode":"","ocean_shortcode_after_title":"","ocean_shortcode_before_footer_widgets":"","ocean_shortcode_after_footer_widgets":"","ocean_shortcode_before_footer_bottom":"","ocean_shortcode_after_footer_bottom":"","ocean_display_top_bar":"default","ocean_display_header":"default","ocean_header_style":"","ocean_center_header_left_menu":"0","ocean_custom_header_template":"0","ocean_custom_logo":0,"ocean_custom_retina_logo":0,"ocean_custom_logo_max_width":0,"ocean_custom_logo_tablet_max_width":0,"ocean_custom_logo_mobile_max_width":0,"ocean_custom_logo_max_height":0,"ocean_custom_logo_tablet_max_height":0,"ocean_custom_logo_mobile_max_height":0,"ocean_header_custom_menu":"0","ocean_menu_typo_font_family":"0","ocean_menu_typo_font_subset":"","ocean_menu_typo_font_size":0,"ocean_menu_typo_font_size_tablet":0,"ocean_menu_typo_font_size_mobile":0,"ocean_menu_typo_font_size_unit":"px","ocean_menu_typo_font_weight":"","ocean_menu_typo_font_weight_tablet":"","ocean_menu_typo_font_weight_mobile":"","ocean_menu_typo_transform":"","ocean_menu_typo_transform_tablet":"","ocean_menu_typo_transform_mobile":"","ocean_menu_typo_line_height":0,"ocean_menu_typo_line_height_tablet":0,"ocean_menu_typo_line_height_mobile":0,"ocean_menu_typo_line_height_unit":"","ocean_menu_typo_spacing":0,"ocean_menu_typo_spacing_tablet":0,"ocean_menu_typo_spacing_mobile":0,"ocean_menu_typo_spacing_unit":"","ocean_menu_link_color":"","ocean_menu_link_color_hover":"","ocean_menu_link_color_active":"","ocean_menu_link_background":"","ocean_menu_link_hover_background":"","ocean_menu_link_active_background":"","ocean_menu_social_links_bg":"","ocean_menu_social_hover_links_bg":"","ocean_menu_social_links_color":"","ocean_menu_social_hover_links_color":"","ocean_disable_title":"default","ocean_disable_heading":"default","ocean_post_title":"","ocean_post_subheading":"","ocean_post_title_style":"","ocean_post_title_background_color":"","ocean_post_title_background":0,"ocean_post_title_bg_image_position":"","ocean_post_title_bg_image_attachment":"","ocean_post_title_bg_image_repeat":"","ocean_post_title_bg_image_size":"","ocean_post_title_height":0,"ocean_post_title_bg_overlay":0.5,"ocean_post_title_bg_overlay_color":"","ocean_disable_breadcrumbs":"default","ocean_breadcrumbs_color":"","ocean_breadcrumbs_separator_color":"","ocean_breadcrumbs_links_color":"","ocean_breadcrumbs_links_hover_color":"","ocean_display_footer_widgets":"default","ocean_display_footer_bottom":"default","ocean_custom_footer_template":"0"},"product_brand":[],"product_cat":[84],"product_tag":[],"class_list":{"0":"post-4145","1":"product","2":"type-product","3":"status-publish","5":"product_cat-antioxidans","7":"entry","9":"first","10":"instock","11":"shipping-taxable","12":"product-type-simple","13":"col","14":"span_1_of_3","15":"owp-content-center","16":"owp-thumbs-layout-horizontal","17":"owp-btn-normal","18":"owp-tabs-layout-section","19":"has-no-thumbnails"},"_links":{"self":[{"href":"https:\/\/matcochemicals.com\/de\/wp-json\/wp\/v2\/product\/4145","targetHints":{"allow":["GET"]}}],"collection":[{"href":"https:\/\/matcochemicals.com\/de\/wp-json\/wp\/v2\/product"}],"about":[{"href":"https:\/\/matcochemicals.com\/de\/wp-json\/wp\/v2\/types\/product"}],"wp:attachment":[{"href":"https:\/\/matcochemicals.com\/de\/wp-json\/wp\/v2\/media?parent=4145"}],"wp:term":[{"taxonomy":"product_brand","embeddable":true,"href":"https:\/\/matcochemicals.com\/de\/wp-json\/wp\/v2\/product_brand?post=4145"},{"taxonomy":"product_cat","embeddable":true,"href":"https:\/\/matcochemicals.com\/de\/wp-json\/wp\/v2\/product_cat?post=4145"},{"taxonomy":"product_tag","embeddable":true,"href":"https:\/\/matcochemicals.com\/de\/wp-json\/wp\/v2\/product_tag?post=4145"}],"curies":[{"name":"wp","href":"https:\/\/api.w.org\/{rel}","templated":true}]}}