{"id":4135,"date":"2024-06-30T08:12:56","date_gmt":"2024-06-30T08:12:56","guid":{"rendered":"https:\/\/matcochemicals.com\/products\/synthomer-6330\/"},"modified":"2024-09-06T14:20:05","modified_gmt":"2024-09-06T14:20:05","slug":"synthomer-6330","status":"publish","type":"product","link":"https:\/\/matcochemicals.com\/de\/product\/synthomer-6330\/","title":{"rendered":"Synthomer 6330"},"content":{"rendered":"<p>SYNTHOMER 6330 ist eine w\u00e4ssrige, kolloidale Dispersion von carboxyliertem Butadien-Acrylnitril-Copolymer mit einem mittleren Acrylnitrilgehalt.<br \/>\nDie Dispersion enth\u00e4lt ein Emulgatorsystem und ist mit einem Antioxidationsmittel stabilisiert.<br \/>\nAnwendungen:    <a href=\"https:\/\/matcochemicals.com\/nbr-glove-dipping\/\"><a href=\"https:\/\/matcochemicals.com\/nbr-glove-dipping\/\">NBR Handschuh tauchen<\/a><\/a><\/p>\n<h3>Anwendungsberatung<\/h3>\n<p>  SYNTHOMER 6330 ist ein geruchsreduziertes Produkt, das f\u00fcr die Herstellung von d\u00fcnnen Barrierefolien geringer Dicke mit guter Zugfestigkeit und ausgezeichneter Bruchdehnung empfohlen wird.<br \/>\nDas Produkt zeichnet sich durch eine schnellere Gelierung des Films aus und eignet sich daher besser f\u00fcr die Herstellung von Artikeln mit geringer Dicke und guter Filmbildung unter Verwendung eines typischen Koagulans-Tauchverfahrens.<br \/>\nUnser technisches Serviceteam stellt Ihnen gerne eine typische Formulierung als Anhaltspunkt zur Verf\u00fcgung und unterst\u00fctzt Sie bei Bedarf.<br \/>\nSYNTHOMER 6330 ist einfach zu compoundieren und stellt keine besonderen Anforderungen an die Compoundierung, da das Material eine gute Stabilisierung bietet.<br \/>\nEs l\u00e4sst sich leicht an die meisten Herstellungsprozesse anpassen und bietet eine hohe Ausbeute.      <\/p>\n<h3>Versand und Lagerung<\/h3>\n<p>  SYNTHOMER 6330 wird in Stra\u00dfentankwagen oder in Einweg-Kunststofff\u00e4ssern, die durch einen Deckel mit Spannring gesichert sind, oder in palettierten Einweg-Beh\u00e4ltern geliefert.<br \/>\nLagern Sie es bei einer gleichm\u00e4\u00dfigen Temperatur zwischen + 5\u00b0C und + 35\u00b0C und vermeiden Sie Frost und direkte Sonneneinstrahlung.<br \/>\nAchten Sie darauf, dass die F\u00e4sser und Lagerbeh\u00e4lter fest verschlossen sind.<br \/>\nW\u00e4hrend der Verarbeitung, der Lagerung und des Transports des Produkts muss der Kontakt mit Metallen, die nicht gegen Korrosion gesch\u00fctzt sind (auch Nichteisenmetalle), vermieden werden.<br \/>\nWenn der Latex unter diesen Bedingungen in geeigneten Beh\u00e4ltern oder in loser Sch\u00fcttung mit angemessenem Hygienemanagement gelagert wird, kann Synthomer best\u00e4tigen, dass er ab dem Produktionsdatum 6 Monate lang stabil ist.      <\/p>\n<h3>Produktsicherheit<\/h3>\n<p>  Informationen zur Sicherheit und zum Umweltschutz entnehmen Sie bitte dem Sicherheitsdatenblatt.<br \/>\nSYNTHOMER 6330 ist gem\u00e4\u00df der CLP-Verordnung (EG) Nr. 1272\/2008 nicht als gef\u00e4hrlich eingestuft. <\/p>\n","protected":false},"excerpt":{"rendered":"<p>SYNTHOMER 6330 ist eine w\u00e4ssrige, kolloidale Dispersion von carboxyliertem Butadien-Acrylnitril-Copolymer mit einem mittleren Acrylnitrilgehalt. Die Dispersion enth\u00e4lt ein Emulgatorsystem und ist mit einem Antioxidationsmittel stabilisiert. Anwendungen: NBR Handschuh tauchen Anwendungsberatung SYNTHOMER 6330 ist ein geruchsreduziertes Produkt, das f\u00fcr die Herstellung von d\u00fcnnen Barrierefolien geringer Dicke mit guter Zugfestigkeit und ausgezeichneter Bruchdehnung empfohlen wird. Das Produkt [&hellip;]<\/p>\n","protected":false},"featured_media":0,"template":"","meta":{"ocean_post_layout":"","ocean_both_sidebars_style":"","ocean_both_sidebars_content_width":0,"ocean_both_sidebars_sidebars_width":0,"ocean_sidebar":"0","ocean_second_sidebar":"0","ocean_disable_margins":"enable","ocean_add_body_class":"","ocean_shortcode_before_top_bar":"","ocean_shortcode_after_top_bar":"","ocean_shortcode_before_header":"","ocean_shortcode_after_header":"","ocean_has_shortcode":"","ocean_shortcode_after_title":"","ocean_shortcode_before_footer_widgets":"","ocean_shortcode_after_footer_widgets":"","ocean_shortcode_before_footer_bottom":"","ocean_shortcode_after_footer_bottom":"","ocean_display_top_bar":"default","ocean_display_header":"default","ocean_header_style":"","ocean_center_header_left_menu":"0","ocean_custom_header_template":"0","ocean_custom_logo":0,"ocean_custom_retina_logo":0,"ocean_custom_logo_max_width":0,"ocean_custom_logo_tablet_max_width":0,"ocean_custom_logo_mobile_max_width":0,"ocean_custom_logo_max_height":0,"ocean_custom_logo_tablet_max_height":0,"ocean_custom_logo_mobile_max_height":0,"ocean_header_custom_menu":"0","ocean_menu_typo_font_family":"0","ocean_menu_typo_font_subset":"","ocean_menu_typo_font_size":0,"ocean_menu_typo_font_size_tablet":0,"ocean_menu_typo_font_size_mobile":0,"ocean_menu_typo_font_size_unit":"px","ocean_menu_typo_font_weight":"","ocean_menu_typo_font_weight_tablet":"","ocean_menu_typo_font_weight_mobile":"","ocean_menu_typo_transform":"","ocean_menu_typo_transform_tablet":"","ocean_menu_typo_transform_mobile":"","ocean_menu_typo_line_height":0,"ocean_menu_typo_line_height_tablet":0,"ocean_menu_typo_line_height_mobile":0,"ocean_menu_typo_line_height_unit":"","ocean_menu_typo_spacing":0,"ocean_menu_typo_spacing_tablet":0,"ocean_menu_typo_spacing_mobile":0,"ocean_menu_typo_spacing_unit":"","ocean_menu_link_color":"","ocean_menu_link_color_hover":"","ocean_menu_link_color_active":"","ocean_menu_link_background":"","ocean_menu_link_hover_background":"","ocean_menu_link_active_background":"","ocean_menu_social_links_bg":"","ocean_menu_social_hover_links_bg":"","ocean_menu_social_links_color":"","ocean_menu_social_hover_links_color":"","ocean_disable_title":"default","ocean_disable_heading":"default","ocean_post_title":"","ocean_post_subheading":"","ocean_post_title_style":"","ocean_post_title_background_color":"","ocean_post_title_background":0,"ocean_post_title_bg_image_position":"","ocean_post_title_bg_image_attachment":"","ocean_post_title_bg_image_repeat":"","ocean_post_title_bg_image_size":"","ocean_post_title_height":0,"ocean_post_title_bg_overlay":0.5,"ocean_post_title_bg_overlay_color":"","ocean_disable_breadcrumbs":"default","ocean_breadcrumbs_color":"","ocean_breadcrumbs_separator_color":"","ocean_breadcrumbs_links_color":"","ocean_breadcrumbs_links_hover_color":"","ocean_display_footer_widgets":"default","ocean_display_footer_bottom":"default","ocean_custom_footer_template":"0"},"product_brand":[],"product_cat":[83],"product_tag":[],"class_list":{"0":"post-4135","1":"product","2":"type-product","3":"status-publish","5":"product_cat-nicht-kategorisiert","7":"entry","9":"first","10":"instock","11":"shipping-taxable","12":"product-type-simple","13":"col","14":"span_1_of_3","15":"owp-content-center","16":"owp-thumbs-layout-horizontal","17":"owp-btn-normal","18":"owp-tabs-layout-section","19":"has-no-thumbnails"},"_links":{"self":[{"href":"https:\/\/matcochemicals.com\/de\/wp-json\/wp\/v2\/product\/4135","targetHints":{"allow":["GET"]}}],"collection":[{"href":"https:\/\/matcochemicals.com\/de\/wp-json\/wp\/v2\/product"}],"about":[{"href":"https:\/\/matcochemicals.com\/de\/wp-json\/wp\/v2\/types\/product"}],"wp:attachment":[{"href":"https:\/\/matcochemicals.com\/de\/wp-json\/wp\/v2\/media?parent=4135"}],"wp:term":[{"taxonomy":"product_brand","embeddable":true,"href":"https:\/\/matcochemicals.com\/de\/wp-json\/wp\/v2\/product_brand?post=4135"},{"taxonomy":"product_cat","embeddable":true,"href":"https:\/\/matcochemicals.com\/de\/wp-json\/wp\/v2\/product_cat?post=4135"},{"taxonomy":"product_tag","embeddable":true,"href":"https:\/\/matcochemicals.com\/de\/wp-json\/wp\/v2\/product_tag?post=4135"}],"curies":[{"name":"wp","href":"https:\/\/api.w.org\/{rel}","templated":true}]}}