{"id":1910,"date":"2023-12-03T09:20:14","date_gmt":"2023-12-03T09:20:14","guid":{"rendered":"https:\/\/matcochemicals.com\/products\/triacetin\/"},"modified":"2024-09-06T14:19:17","modified_gmt":"2024-09-06T14:19:17","slug":"triacetin","status":"publish","type":"product","link":"https:\/\/matcochemicals.com\/de\/product\/triacetin\/","title":{"rendered":"Triacetin"},"content":{"rendered":"<div class=\"group w-full text-token-text-primary border-b border-black\/10 dark:border-gray-900\/50 bg-gray-50 dark:bg-[#444654]\" data-testid=\"conversation-turn-35\">\n<div class=\"flex p-4 gap-4 text-base md:gap-6 md:max-w-2xl lg:max-w-[38rem] xl:max-w-3xl md:py-6 lg:px-0 m-auto\">\n<div class=\"relative flex w-[calc(100%-50px)] flex-col gap-1 md:gap-3 lg:w-[calc(100%-115px)]\">\n<div class=\"flex flex-grow flex-col gap-3 max-w-full\">\n<div class=\"min-h-[20px] flex flex-col items-start gap-3 overflow-x-auto whitespace-pre-wrap break-words\">\n<div class=\"markdown prose w-full break-words dark:prose-invert light\">\n<h3><strong>Was ist Triacetin?<\/strong><\/h3>\n<p>  Triacetin, auch bekannt als Glyceryltriacetat oder Glycerintriacetat, ist eine chemische Verbindung aus Glycerin und Essigs\u00e4ure. Es handelt sich um eine klare, farblose und geruchlose Fl\u00fcssigkeit, die sehr vielseitig ist und in den verschiedensten Branchen eingesetzt werden kann. Triacetin wird wegen seiner F\u00e4higkeit, als Weichmacher, L\u00f6sungsmittel und Tr\u00e4gerstoff in zahlreichen Produkten zu fungieren, gesch\u00e4tzt.  <\/p>\n<h3><strong>Anwendungen von Triacetin<\/strong><\/h3>\n<ol>\n<li><strong>Pharmazeutische Produkte<\/strong>: Triacetin wird in der pharmazeutischen Industrie h\u00e4ufig als Weichmacher in Tabletten\u00fcberz\u00fcgen verwendet, um glatte, gleichm\u00e4\u00dfige \u00dcberz\u00fcge zu schaffen, die das Schlucken von Tabletten erleichtern. Es wird auch als L\u00f6sungsmittel bei der Formulierung bestimmter Medikamente verwendet.<\/li>\n<li><strong>Lebensmittel und Getr\u00e4nke<\/strong>: In der Lebensmittelindustrie dient Triacetin als Lebensmittelzusatzstoff (E1518) zur Verbesserung der Textur und des Mundgef\u00fchls verschiedener Produkte wie Eiscreme, S\u00fc\u00dfigkeiten und Backwaren. Es tr\u00e4gt dazu bei, die Kristallisation zu verhindern und die Produktkonsistenz zu erhalten.<\/li>\n<li><strong>Tabak<\/strong>: Triacetin ist ein wesentlicher Bestandteil bei der Herstellung von Tabakerzeugnissen. Es wird verwendet, um den Tabak zu befeuchten und zu aromatisieren, um ihn schmackhafter zu machen und das Raucherlebnis insgesamt zu verbessern.<\/li>\n<li><strong>Kosmetika und K\u00f6rperpflegemittel<\/strong>: Triacetin ist in Kosmetika und K\u00f6rperpflegeprodukten wie Parf\u00fcms, Lotionen und Deodorants enthalten. Es dient als L\u00f6sungsmittel f\u00fcr Duft\u00f6le und als Feuchtigkeitsspender.<\/li>\n<li><strong>Industrielle Anwendungen<\/strong>: Triacetin wird in verschiedenen industriellen Anwendungen eingesetzt, u. a. als Weichmacher bei der Herstellung von Kunststoffen, als K\u00fchlmittel in der Metallverarbeitung und als Tr\u00e4gerl\u00f6sungsmittel f\u00fcr Farbstoffe und Druckfarben.<\/li>\n<\/ol>\n<h3><strong>Triacetin: Vorteile<\/strong><\/h3>\n<p>  Der Nutzen von Triacetin l\u00e4sst sich auf mehrere entscheidende Vorteile zur\u00fcckf\u00fchren:  <\/p>\n<ol>\n<li><strong>Weichmachende Eigenschaften<\/strong>: Die weichmachenden Eigenschaften von Triacetin machen es wertvoll f\u00fcr die Verbesserung der Flexibilit\u00e4t und Verarbeitbarkeit von Materialien in Branchen wie der pharmazeutischen Industrie und der Kunststoffherstellung.<\/li>\n<li><strong>L\u00f6sungsmittel-Eigenschaften<\/strong>: Triacetin ist ein wirksames L\u00f6sungsmittel f\u00fcr eine breite Palette von Stoffen und eignet sich daher f\u00fcr verschiedene Formulierungen und Anwendungen.<\/li>\n<li><strong>Vielseitigkeit<\/strong>: Seine Vielseitigkeit in verschiedenen Branchen unterstreicht seine Anpassungsf\u00e4higkeit an unterschiedliche Produktionsprozesse und Produkttypen.<\/li>\n<\/ol>\n<h3><strong>Wie Triacetin hergestellt wird<\/strong><\/h3>\n<p>  Die Herstellung von Triacetin umfasst mehrere chemische Prozesse:  <\/p>\n<ol>\n<li><strong>Veresterung<\/strong>: Glycerin (auch als Glycerin bekannt) und Essigs\u00e4ure werden in einer Reaktion kombiniert, die Veresterung genannt wird. Bei dieser Reaktion wird Triacetin gebildet, indem die Hydroxylgruppen (-OH) in Glycerin durch Acetylgruppen (-COCH3) aus Essigs\u00e4ure ersetzt werden.<\/li>\n<li><strong>Reinigung<\/strong>: Die resultierende Mischung wird gereinigt, um Verunreinigungen, nicht umgesetzte Ausgangsstoffe und Nebenprodukte zu entfernen.<\/li>\n<li><strong>Destillation<\/strong>: Das gereinigte Triacetin wird anschlie\u00dfend destilliert, um es von der restlichen Essigs\u00e4ure und anderen fl\u00fcchtigen Verbindungen zu trennen.<\/li>\n<li><strong>Qualit\u00e4tskontrolle<\/strong>: Das Endprodukt wird einer Qualit\u00e4tskontrolle unterzogen, um sicherzustellen, dass es den Branchenstandards f\u00fcr Reinheit und Zusammensetzung entspricht.<\/li>\n<\/ol>\n<p>  Zusammenfassend l\u00e4sst sich sagen, dass Triacetin eine vielseitige chemische Verbindung ist, die in der Pharmazie, der Lebensmittel- und Getr\u00e4nkeindustrie, der Tabakindustrie, der Kosmetik und verschiedenen industriellen Anwendungen eingesetzt wird. Seine weichmachenden Eigenschaften, seine L\u00f6slichkeit und seine Vielseitigkeit machen es zu einem unverzichtbaren Bestandteil zahlreicher Produkte und Verfahren und verbessern deren Leistung und Qualit\u00e4t. Das Verst\u00e4ndnis der Vorteile und des Herstellungsprozesses von Triacetin unterstreicht seine Bedeutung in der modernen Fertigung und f\u00fcr Produkte des t\u00e4glichen Lebens.  <\/p><\/div>\n<\/div>\n<\/div>\n<div class=\"flex justify-between lg:block\">\n<div class=\"text-gray-400 flex self-end lg:self-center justify-center mt-2 gap-2 md:gap-3 lg:gap-1 lg:absolute lg:top-0 lg:translate-x-full lg:right-0 lg:mt-0 lg:pl-2 visible\">\n<p>&nbsp;<\/p>\n<div class=\"flex gap-1\"><\/div>\n<\/div>\n<\/div>\n<\/div>\n<\/div>\n<\/div>\n","protected":false},"excerpt":{"rendered":"<p>Was ist Triacetin? Triacetin, auch bekannt als Glyceryltriacetat oder Glycerintriacetat, ist eine chemische Verbindung aus Glycerin und Essigs\u00e4ure. Es handelt sich um eine klare, farblose und geruchlose Fl\u00fcssigkeit, die sehr vielseitig ist und in den verschiedensten Branchen eingesetzt werden kann. Triacetin wird wegen seiner F\u00e4higkeit, als Weichmacher, L\u00f6sungsmittel und Tr\u00e4gerstoff in zahlreichen Produkten zu fungieren, [&hellip;]<\/p>\n","protected":false},"featured_media":830,"template":"","meta":{"ocean_post_layout":"","ocean_both_sidebars_style":"","ocean_both_sidebars_content_width":0,"ocean_both_sidebars_sidebars_width":0,"ocean_sidebar":"0","ocean_second_sidebar":"0","ocean_disable_margins":"enable","ocean_add_body_class":"","ocean_shortcode_before_top_bar":"","ocean_shortcode_after_top_bar":"","ocean_shortcode_before_header":"","ocean_shortcode_after_header":"","ocean_has_shortcode":"","ocean_shortcode_after_title":"","ocean_shortcode_before_footer_widgets":"","ocean_shortcode_after_footer_widgets":"","ocean_shortcode_before_footer_bottom":"","ocean_shortcode_after_footer_bottom":"","ocean_display_top_bar":"default","ocean_display_header":"default","ocean_header_style":"","ocean_center_header_left_menu":"0","ocean_custom_header_template":"0","ocean_custom_logo":0,"ocean_custom_retina_logo":0,"ocean_custom_logo_max_width":0,"ocean_custom_logo_tablet_max_width":0,"ocean_custom_logo_mobile_max_width":0,"ocean_custom_logo_max_height":0,"ocean_custom_logo_tablet_max_height":0,"ocean_custom_logo_mobile_max_height":0,"ocean_header_custom_menu":"0","ocean_menu_typo_font_family":"0","ocean_menu_typo_font_subset":"","ocean_menu_typo_font_size":0,"ocean_menu_typo_font_size_tablet":0,"ocean_menu_typo_font_size_mobile":0,"ocean_menu_typo_font_size_unit":"px","ocean_menu_typo_font_weight":"","ocean_menu_typo_font_weight_tablet":"","ocean_menu_typo_font_weight_mobile":"","ocean_menu_typo_transform":"","ocean_menu_typo_transform_tablet":"","ocean_menu_typo_transform_mobile":"","ocean_menu_typo_line_height":0,"ocean_menu_typo_line_height_tablet":0,"ocean_menu_typo_line_height_mobile":0,"ocean_menu_typo_line_height_unit":"","ocean_menu_typo_spacing":0,"ocean_menu_typo_spacing_tablet":0,"ocean_menu_typo_spacing_mobile":0,"ocean_menu_typo_spacing_unit":"","ocean_menu_link_color":"","ocean_menu_link_color_hover":"","ocean_menu_link_color_active":"","ocean_menu_link_background":"","ocean_menu_link_hover_background":"","ocean_menu_link_active_background":"","ocean_menu_social_links_bg":"","ocean_menu_social_hover_links_bg":"","ocean_menu_social_links_color":"","ocean_menu_social_hover_links_color":"","ocean_disable_title":"default","ocean_disable_heading":"default","ocean_post_title":"","ocean_post_subheading":"","ocean_post_title_style":"","ocean_post_title_background_color":"","ocean_post_title_background":0,"ocean_post_title_bg_image_position":"","ocean_post_title_bg_image_attachment":"","ocean_post_title_bg_image_repeat":"","ocean_post_title_bg_image_size":"","ocean_post_title_height":0,"ocean_post_title_bg_overlay":0.5,"ocean_post_title_bg_overlay_color":"","ocean_disable_breadcrumbs":"default","ocean_breadcrumbs_color":"","ocean_breadcrumbs_separator_color":"","ocean_breadcrumbs_links_color":"","ocean_breadcrumbs_links_hover_color":"","ocean_display_footer_widgets":"default","ocean_display_footer_bottom":"default","ocean_custom_footer_template":"0"},"product_brand":[],"product_cat":[56,60,63],"product_tag":[],"class_list":{"0":"post-1910","1":"product","2":"type-product","3":"status-publish","4":"has-post-thumbnail","6":"product_cat-detergenzien","7":"product_cat-klebstoffe-und-beschichtungen","8":"product_cat-weichmacher","10":"entry","11":"has-media","13":"first","14":"instock","15":"shipping-taxable","16":"product-type-simple","17":"col","18":"span_1_of_3","19":"owp-content-center","20":"owp-thumbs-layout-horizontal","21":"owp-btn-normal","22":"owp-tabs-layout-section","23":"has-no-thumbnails"},"_links":{"self":[{"href":"https:\/\/matcochemicals.com\/de\/wp-json\/wp\/v2\/product\/1910","targetHints":{"allow":["GET"]}}],"collection":[{"href":"https:\/\/matcochemicals.com\/de\/wp-json\/wp\/v2\/product"}],"about":[{"href":"https:\/\/matcochemicals.com\/de\/wp-json\/wp\/v2\/types\/product"}],"wp:featuredmedia":[{"embeddable":true,"href":"https:\/\/matcochemicals.com\/de\/wp-json\/wp\/v2\/media\/830"}],"wp:attachment":[{"href":"https:\/\/matcochemicals.com\/de\/wp-json\/wp\/v2\/media?parent=1910"}],"wp:term":[{"taxonomy":"product_brand","embeddable":true,"href":"https:\/\/matcochemicals.com\/de\/wp-json\/wp\/v2\/product_brand?post=1910"},{"taxonomy":"product_cat","embeddable":true,"href":"https:\/\/matcochemicals.com\/de\/wp-json\/wp\/v2\/product_cat?post=1910"},{"taxonomy":"product_tag","embeddable":true,"href":"https:\/\/matcochemicals.com\/de\/wp-json\/wp\/v2\/product_tag?post=1910"}],"curies":[{"name":"wp","href":"https:\/\/api.w.org\/{rel}","templated":true}]}}