{"id":1854,"date":"2023-11-24T19:32:38","date_gmt":"2023-11-24T19:32:38","guid":{"rendered":"https:\/\/matcochemicals.com\/products\/tmp-trimethylolpropan\/"},"modified":"2024-09-06T14:19:00","modified_gmt":"2024-09-06T14:19:00","slug":"tmp-trimethylolpropan","status":"publish","type":"product","link":"https:\/\/matcochemicals.com\/de\/product\/tmp-trimethylolpropan\/","title":{"rendered":"TMP (Trimethylolpropan)"},"content":{"rendered":"<div class=\"group w-full text-token-text-primary border-b border-black\/10 dark:border-gray-900\/50 bg-gray-50 dark:bg-[#444654]\" data-testid=\"conversation-turn-67\">\n<div class=\"p-4 justify-center text-base md:gap-6 md:py-6 m-auto\">\n<div class=\"flex flex-1 gap-4 text-base mx-auto md:gap-6 md:max-w-2xl lg:max-w-[38rem] xl:max-w-3xl }\">\n<div class=\"relative flex w-[calc(100%-50px)] flex-col gap-1 md:gap-3 lg:w-[calc(100%-115px)]\">\n<div class=\"flex flex-grow flex-col gap-3 max-w-full\">\n<div class=\"min-h-[20px] flex flex-col items-start gap-3 overflow-x-auto whitespace-pre-wrap break-words\">\n<div class=\"markdown prose w-full break-words dark:prose-invert light\">\n<h3><strong>Was ist TMP?<\/strong><\/h3>\n<p>  Trimethylolpropan, allgemein bekannt als TMP, ist eine chemische Verbindung mit einer breiten Palette von Anwendungen in verschiedenen Industrien. Es ist ein Triol, d. h. es enth\u00e4lt drei Hydroxylgruppen (OH), und wird durch die Kondensationsreaktion von Formaldehyd und Isobutyraldehyd gewonnen. TMP ist ein bei Raumtemperatur stabiler, wei\u00dfer, kristalliner Feststoff und bekannt f\u00fcr seine Vielseitigkeit und N\u00fctzlichkeit bei der Synthese anderer Chemikalien.  <\/p>\n<h3><strong>Anwendungen von TMP<\/strong><\/h3>\n<ol>\n<li><strong>Beschichtungen und Klebstoffe<\/strong>: TMP ist ein wichtiger Bestandteil bei der Herstellung von Alkydharzen, die h\u00e4ufig in Farben, Lacken und Beschichtungen verwendet werden. Diese Harze verleihen Beschichtungen hervorragende Haltbarkeit, Glanz und Haftungseigenschaften.<\/li>\n<li><strong>Weichmacher<\/strong>: TMP wird als Weichmacher bei der Herstellung von PVC (Polyvinylchlorid) und anderen Polymeren verwendet. Es verbessert die Flexibilit\u00e4t und Verarbeitbarkeit dieser Materialien, so dass sie sich f\u00fcr eine Vielzahl von Anwendungen eignen, z. B. f\u00fcr die Kabelisolierung und die Innenausstattung von Kraftfahrzeugen.<\/li>\n<li><strong>Schmiermittel<\/strong>: TMP wird aufgrund seiner hervorragenden Schmierf\u00e4higkeit und Oxidationsstabilit\u00e4t bei der Herstellung von synthetischen Schmierstoffen und Fetten verwendet. Diese Schmierstoffe werden in Automotoren und Industriemaschinen eingesetzt.<\/li>\n<li><strong>Polyole<\/strong>: TMP dient als Baustein f\u00fcr die Synthese von Polyolen, die Schl\u00fcsselkomponenten f\u00fcr die Herstellung von Polyurethan-Schaumstoffen, Elastomeren und Beschichtungen sind. Diese Materialien werden in M\u00f6beln, Autoinnenr\u00e4umen und im Bauwesen verwendet.<\/li>\n<li><strong>Sprengstoffe<\/strong>: In der Sprengstoffindustrie wird TMP als Zutat bei der Herstellung bestimmter Sprengstoffe verwendet und tr\u00e4gt zu deren Stabilit\u00e4t und Empfindlichkeit bei.<\/li>\n<\/ol>\n<h3><strong>TMP: Vorteile<\/strong><\/h3>\n<p>  Die Verwendung von TMP bietet mehrere entscheidende Vorteile:  <\/p>\n<ol>\n<li><strong>Vielseitigkeit<\/strong>: TMP ist eine vielseitige Verbindung, die in verschiedene Derivate umgewandelt werden kann, was sie f\u00fcr die Synthese einer breiten Palette von Produkten wertvoll macht.<\/li>\n<li><strong>Verbesserte Eigenschaften<\/strong>: In Beschichtungen, Klebstoffen und Weichmachern verbessert TMP wichtige Eigenschaften wie Haftung, Flexibilit\u00e4t und Haltbarkeit.<\/li>\n<li><strong>Umweltfreundlichkeit<\/strong>: Beschichtungen und Klebstoffe auf TMP-Basis gelten aufgrund ihres geringen Gehalts an fl\u00fcchtigen organischen Verbindungen (VOC) h\u00e4ufig als umweltfreundlicher als Alternativen.<\/li>\n<li><strong>Hohe Schmierf\u00e4higkeit<\/strong>: In Schmierstoffen tr\u00e4gt TMP zur Verringerung von Reibung und Verschlei\u00df bei und erh\u00f6ht so die Effizienz und Langlebigkeit von Maschinen.<\/li>\n<\/ol>\n<h3><strong>Wie TMP hergestellt wird<\/strong><\/h3>\n<p>  Die Herstellung von TMP umfasst mehrere wichtige Schritte:  <\/p>\n<ol>\n<li><strong>Herstellung von Formaldehyd<\/strong>: Formaldehyd wird in der Regel aus Methanol in einem katalytischen Oxidationsverfahren hergestellt.<\/li>\n<li><strong>Herstellung von Isobutyraldehyd<\/strong>: Isobutyraldehyd wird in einem katalytischen Prozess aus Isobuten und Formaldehyd synthetisiert.<\/li>\n<li><strong>TMP-Synthese<\/strong>: Formaldehyd und Isobutyraldehyd werden in Gegenwart von Katalysatoren zur Herstellung von TMP umgesetzt. Diese Reaktion beinhaltet die Kondensation von drei Molek\u00fclen Formaldehyd mit einem Molek\u00fcl Isobutyraldehyd.<\/li>\n<li><strong>Die Reinigung<\/strong>: Das rohe TMP wird gereinigt, um Verunreinigungen und nicht umgesetzte Stoffe zu entfernen.<\/li>\n<li><strong>Formulierung<\/strong>: Das gereinigte TMP wird in der gew\u00fcnschten festen oder fl\u00fcssigen Form f\u00fcr verschiedene Anwendungen formuliert. Dies kann eine Anpassung des Reinheitsgrades und der physikalischen Eigenschaften von TMP beinhalten.<\/li>\n<\/ol>\n<p>  Zusammenfassend l\u00e4sst sich sagen, dass Trimethylolpropan (TMP) eine vielseitige chemische Verbindung mit einer breiten Palette von Anwendungen in Beschichtungen, Klebstoffen, Weichmachern, Schmiermitteln und Sprengstoffen ist. Seine Vielseitigkeit und die F\u00e4higkeit, Eigenschaften wie Haftung, Flexibilit\u00e4t und Schmierf\u00e4higkeit zu verbessern, machen es zu einem wertvollen Inhaltsstoff in verschiedenen Industriezweigen. Das Verst\u00e4ndnis seiner Anwendungen und des Produktionsprozesses unterstreicht seine Bedeutung f\u00fcr die Verbesserung der Leistung und Funktionalit\u00e4t einer breiten Palette von Produkten.  <\/p><\/div>\n<\/div>\n<\/div>\n<div class=\"flex justify-between lg:block\">\n<div class=\"text-gray-400 flex self-end lg:self-center justify-center mt-2 gap-2 md:gap-3 lg:gap-1 lg:absolute lg:top-0 lg:translate-x-full lg:right-0 lg:mt-0 lg:pl-2 visible\">\n<p>&nbsp;<\/p>\n<div class=\"flex gap-1\"><\/div>\n<\/div>\n<\/div>\n<\/div>\n<\/div>\n<\/div>\n<\/div>\n","protected":false},"excerpt":{"rendered":"<p>Was ist TMP? Trimethylolpropan, allgemein bekannt als TMP, ist eine chemische Verbindung mit einer breiten Palette von Anwendungen in verschiedenen Industrien. Es ist ein Triol, d. h. es enth\u00e4lt drei Hydroxylgruppen (OH), und wird durch die Kondensationsreaktion von Formaldehyd und Isobutyraldehyd gewonnen. TMP ist ein bei Raumtemperatur stabiler, wei\u00dfer, kristalliner Feststoff und bekannt f\u00fcr seine [&hellip;]<\/p>\n","protected":false},"featured_media":0,"template":"","meta":{"ocean_post_layout":"","ocean_both_sidebars_style":"","ocean_both_sidebars_content_width":0,"ocean_both_sidebars_sidebars_width":0,"ocean_sidebar":"","ocean_second_sidebar":"","ocean_disable_margins":"enable","ocean_add_body_class":"","ocean_shortcode_before_top_bar":"","ocean_shortcode_after_top_bar":"","ocean_shortcode_before_header":"","ocean_shortcode_after_header":"","ocean_has_shortcode":"","ocean_shortcode_after_title":"","ocean_shortcode_before_footer_widgets":"","ocean_shortcode_after_footer_widgets":"","ocean_shortcode_before_footer_bottom":"","ocean_shortcode_after_footer_bottom":"","ocean_display_top_bar":"default","ocean_display_header":"default","ocean_header_style":"","ocean_center_header_left_menu":"","ocean_custom_header_template":"","ocean_custom_logo":0,"ocean_custom_retina_logo":0,"ocean_custom_logo_max_width":0,"ocean_custom_logo_tablet_max_width":0,"ocean_custom_logo_mobile_max_width":0,"ocean_custom_logo_max_height":0,"ocean_custom_logo_tablet_max_height":0,"ocean_custom_logo_mobile_max_height":0,"ocean_header_custom_menu":"","ocean_menu_typo_font_family":"","ocean_menu_typo_font_subset":"","ocean_menu_typo_font_size":0,"ocean_menu_typo_font_size_tablet":0,"ocean_menu_typo_font_size_mobile":0,"ocean_menu_typo_font_size_unit":"px","ocean_menu_typo_font_weight":"","ocean_menu_typo_font_weight_tablet":"","ocean_menu_typo_font_weight_mobile":"","ocean_menu_typo_transform":"","ocean_menu_typo_transform_tablet":"","ocean_menu_typo_transform_mobile":"","ocean_menu_typo_line_height":0,"ocean_menu_typo_line_height_tablet":0,"ocean_menu_typo_line_height_mobile":0,"ocean_menu_typo_line_height_unit":"","ocean_menu_typo_spacing":0,"ocean_menu_typo_spacing_tablet":0,"ocean_menu_typo_spacing_mobile":0,"ocean_menu_typo_spacing_unit":"","ocean_menu_link_color":"","ocean_menu_link_color_hover":"","ocean_menu_link_color_active":"","ocean_menu_link_background":"","ocean_menu_link_hover_background":"","ocean_menu_link_active_background":"","ocean_menu_social_links_bg":"","ocean_menu_social_hover_links_bg":"","ocean_menu_social_links_color":"","ocean_menu_social_hover_links_color":"","ocean_disable_title":"default","ocean_disable_heading":"default","ocean_post_title":"","ocean_post_subheading":"","ocean_post_title_style":"","ocean_post_title_background_color":"","ocean_post_title_background":0,"ocean_post_title_bg_image_position":"","ocean_post_title_bg_image_attachment":"","ocean_post_title_bg_image_repeat":"","ocean_post_title_bg_image_size":"","ocean_post_title_height":0,"ocean_post_title_bg_overlay":0.5,"ocean_post_title_bg_overlay_color":"","ocean_disable_breadcrumbs":"default","ocean_breadcrumbs_color":"","ocean_breadcrumbs_separator_color":"","ocean_breadcrumbs_links_color":"","ocean_breadcrumbs_links_hover_color":"","ocean_display_footer_widgets":"default","ocean_display_footer_bottom":"default","ocean_custom_footer_template":""},"product_brand":[],"product_cat":[60],"product_tag":[],"class_list":{"0":"post-1854","1":"product","2":"type-product","3":"status-publish","5":"product_cat-klebstoffe-und-beschichtungen","7":"entry","9":"first","10":"instock","11":"shipping-taxable","12":"product-type-simple","13":"col","14":"span_1_of_3","15":"owp-content-center","16":"owp-thumbs-layout-horizontal","17":"owp-btn-normal","18":"owp-tabs-layout-section"},"_links":{"self":[{"href":"https:\/\/matcochemicals.com\/de\/wp-json\/wp\/v2\/product\/1854","targetHints":{"allow":["GET"]}}],"collection":[{"href":"https:\/\/matcochemicals.com\/de\/wp-json\/wp\/v2\/product"}],"about":[{"href":"https:\/\/matcochemicals.com\/de\/wp-json\/wp\/v2\/types\/product"}],"wp:attachment":[{"href":"https:\/\/matcochemicals.com\/de\/wp-json\/wp\/v2\/media?parent=1854"}],"wp:term":[{"taxonomy":"product_brand","embeddable":true,"href":"https:\/\/matcochemicals.com\/de\/wp-json\/wp\/v2\/product_brand?post=1854"},{"taxonomy":"product_cat","embeddable":true,"href":"https:\/\/matcochemicals.com\/de\/wp-json\/wp\/v2\/product_cat?post=1854"},{"taxonomy":"product_tag","embeddable":true,"href":"https:\/\/matcochemicals.com\/de\/wp-json\/wp\/v2\/product_tag?post=1854"}],"curies":[{"name":"wp","href":"https:\/\/api.w.org\/{rel}","templated":true}]}}