{"id":1824,"date":"2023-11-24T04:33:58","date_gmt":"2023-11-24T04:33:58","guid":{"rendered":"https:\/\/matcochemicals.com\/products\/smp-soft-metal-powders\/"},"modified":"2024-09-06T14:18:54","modified_gmt":"2024-09-06T14:18:54","slug":"smp-soft-metal-powders","status":"publish","type":"product","link":"https:\/\/matcochemicals.com\/de\/product\/smp-soft-metal-powders\/","title":{"rendered":"SMP (Soft Metal Powders)"},"content":{"rendered":"<div class=\"group w-full text-token-text-primary border-b border-black\/10 dark:border-gray-900\/50 bg-gray-50 dark:bg-[#444654]\" data-testid=\"conversation-turn-85\">\n<div class=\"p-4 justify-center text-base md:gap-6 md:py-6 m-auto\">\n<div class=\"flex flex-1 gap-4 text-base mx-auto md:gap-6 md:max-w-2xl lg:max-w-[38rem] xl:max-w-3xl }\">\n<div class=\"relative flex w-[calc(100%-50px)] flex-col gap-1 md:gap-3 lg:w-[calc(100%-115px)]\">\n<div class=\"flex flex-grow flex-col gap-3 max-w-full\">\n<div class=\"min-h-[20px] flex flex-col items-start gap-3 overflow-x-auto whitespace-pre-wrap break-words\">\n<div class=\"markdown prose w-full break-words dark:prose-invert light\">\n<h3><strong>Was ist SMP (Soft Metal Powders)?<\/strong><\/h3>\n<p>  Soft Metal Powders, abgek\u00fcrzt SMP, sind eine Klasse fein verteilter Metallpartikel, die sich durch ihre Formbarkeit und Duktilit\u00e4t auszeichnen. Diese Pulver bestehen aus Metallen mit relativ niedrigem Schmelzpunkt, was sie f\u00fcr eine Vielzahl industrieller Anwendungen vielseitig einsetzbar macht. SMPs zeichnen sich durch ihre F\u00e4higkeit aus, sich unter relativ niedrigem Druck und bei relativ niedrigen Temperaturen zu verformen und zu verfestigen, was sie in verschiedenen Herstellungsprozessen von unsch\u00e4tzbarem Wert macht.  <\/p>\n<h3><strong>Anwendungen von SMP<\/strong><\/h3>\n<ol>\n<li><strong>Sintern und additive Fertigung<\/strong>: SMPs spielen eine entscheidende Rolle im Bereich der additiven Fertigung, die gemeinhin als 3D-Druck bekannt ist. Sie werden als Ausgangsmaterial f\u00fcr das selektive Lasersintern (SLS) und das selektive Laserschmelzen (SLM) verwendet, um komplizierte Metallteile und Prototypen herzustellen.<\/li>\n<li><strong>Pulvermetallurgie<\/strong>: Im Bereich der Pulvermetallurgie werden SMPs zur Herstellung von Komponenten mit komplexen Formen und hoher Pr\u00e4zision eingesetzt. Diese Komponenten finden Anwendung in der Automobil-, Luft- und Raumfahrt- sowie in der medizinischen Industrie.<\/li>\n<li><strong>Hartl\u00f6ten<\/strong>: SMPs werden beim Hartl\u00f6ten eingesetzt, um Metallteile miteinander zu verbinden. Der niedrige Schmelzpunkt dieser Pulver gew\u00e4hrleistet eine starke, zuverl\u00e4ssige Verbindung, ohne die Integrit\u00e4t der Grundmaterialien zu beeintr\u00e4chtigen.<\/li>\n<li><strong>Thermisches Spritzen von Beschichtungen<\/strong>: SMP werden in thermischen Spritzverfahren verwendet, um Schutzschichten auf verschiedenen Oberfl\u00e4chen zu erzeugen. Diese Beschichtungen bieten Korrosionsbest\u00e4ndigkeit, W\u00e4rmed\u00e4mmung und Verschlei\u00dfschutz.<\/li>\n<li><strong>Elektronik<\/strong>: Weichmetallpulver werden auch in der Elektronikindustrie f\u00fcr Anwendungen wie die Herstellung von Leitpasten, elektronische Verpackungen, L\u00f6ten und als Bestandteil bei der Herstellung von elektronischen Ger\u00e4ten verwendet.<\/li>\n<li><strong>Detergenzien<\/strong>: In der Waschmittelindustrie werden SMP als Scheuermittel in Reinigungsprodukten eingesetzt. Durch ihre weiche, geschmeidige Beschaffenheit k\u00f6nnen sie Flecken und Schmutz von verschiedenen Oberfl\u00e4chen entfernen, ohne diese zu besch\u00e4digen.<\/li>\n<\/ol>\n<h3><strong>SMP: Vorteile<\/strong><\/h3>\n<p>  Die Verwendung von SMPs bietet mehrere entscheidende Vorteile:  <\/p>\n<ol>\n<li><strong>Niedriger Schmelzpunkt<\/strong>: Der niedrige Schmelzpunkt von SMP macht sie ideal f\u00fcr Anwendungen, bei denen hohe Temperaturen unerw\u00fcnscht oder unpraktisch sind. Diese Eigenschaft gew\u00e4hrleistet eine minimale Verformung der Grundmaterialien.<\/li>\n<li><strong>Vielseitigkeit<\/strong>: SMPs k\u00f6nnen auf bestimmte Legierungszusammensetzungen zugeschnitten werden, was eine Anpassung an pr\u00e4zise Anwendungsanforderungen erm\u00f6glicht.<\/li>\n<li><strong>Komplizierte Konstruktionen<\/strong>: In der additiven Fertigung erm\u00f6glichen SMPs die Herstellung komplizierter, komplexer und hochdetaillierter Bauteile, die mit herk\u00f6mmlichen Methoden nur schwer herzustellen sind.<\/li>\n<li><strong>Kosteneffektiv<\/strong>: Pulvermetallurgische Verfahren, bei denen SMP zum Einsatz kommen, k\u00f6nnen aufgrund des geringeren Materialverlusts und Energieverbrauchs kosteneffizient sein.<\/li>\n<\/ol>\n<h3><strong>Wie wird SMP hergestellt?<\/strong><\/h3>\n<p>  Die Herstellung von MMP umfasst mehrere wichtige Schritte:  <\/p>\n<ol>\n<li><strong>Vorbereitung der Legierung<\/strong>: Die gew\u00fcnschte Metalllegierung wird sorgf\u00e4ltig vorbereitet, indem die entsprechenden elementaren Pulver in pr\u00e4zisen Verh\u00e4ltnissen gemischt werden.<\/li>\n<li><strong>Zerst\u00e4ubung<\/strong>: Die vorbereitete Legierung wird geschmolzen und zerst\u00e4ubt, um feine Tr\u00f6pfchen zu bilden. Es k\u00f6nnen verschiedene Techniken, wie z. B. Gas- oder Wasserzerst\u00e4ubung, eingesetzt werden.<\/li>\n<li><strong>Verfestigung<\/strong>: Die zerst\u00e4ubten Tr\u00f6pfchen erstarren schnell und bilden kugelf\u00f6rmige SMP-Partikel. Der Erstarrungsprozess wird sorgf\u00e4ltig kontrolliert, um die gew\u00fcnschten Eigenschaften des Endprodukts zu gew\u00e4hrleisten.<\/li>\n<li><strong>Gr\u00f6\u00dfenbestimmung und Klassifizierung<\/strong>: Die resultierenden SMP-Partikel werden nach der Gr\u00f6\u00dfe sortiert und klassifiziert, um die spezifischen Anforderungen an die Partikelgr\u00f6\u00dfenverteilung zu erf\u00fcllen.<\/li>\n<li><strong>Qualit\u00e4tskontrolle<\/strong>: Strenge Qualit\u00e4tskontrollma\u00dfnahmen werden durchgef\u00fchrt, um die Konsistenz und Reinheit des SMP-Produkts zu gew\u00e4hrleisten.<\/li>\n<\/ol>\n<p>  Zusammenfassend l\u00e4sst sich sagen, dass Soft Metal Powders (SMPs) fein verteilte Metallpartikel mit niedrigem Schmelzpunkt sind, was sie in verschiedenen industriellen Anwendungen, einschlie\u00dflich Reinigungsmitteln, von unsch\u00e4tzbarem Wert macht. Ihre F\u00e4higkeit, sich bei relativ niedrigen Temperaturen und Dr\u00fccken zu verformen und zu verfestigen, ist unter anderem in der modernen Fertigung, im Maschinenbau und bei Reinigungsprodukten besonders vorteilhaft. Das Verst\u00e4ndnis ihrer Produktionsprozesse und Vorteile unterstreicht ihre Bedeutung f\u00fcr eine Vielzahl von Anwendungen.  <\/p><\/div>\n<\/div>\n<\/div>\n<div class=\"flex justify-between lg:block\">\n<div class=\"text-gray-400 flex self-end lg:self-center justify-center mt-2 gap-2 md:gap-3 lg:gap-1 lg:absolute lg:top-0 lg:translate-x-full lg:right-0 lg:mt-0 lg:pl-2 visible\">\n<p>&nbsp;<\/p>\n<div class=\"flex gap-1\"><\/div>\n<\/div>\n<\/div>\n<\/div>\n<\/div>\n<\/div>\n<\/div>\n","protected":false},"excerpt":{"rendered":"<p>Was ist SMP (Soft Metal Powders)? Soft Metal Powders, abgek\u00fcrzt SMP, sind eine Klasse fein verteilter Metallpartikel, die sich durch ihre Formbarkeit und Duktilit\u00e4t auszeichnen. Diese Pulver bestehen aus Metallen mit relativ niedrigem Schmelzpunkt, was sie f\u00fcr eine Vielzahl industrieller Anwendungen vielseitig einsetzbar macht. SMPs zeichnen sich durch ihre F\u00e4higkeit aus, sich unter relativ niedrigem [&hellip;]<\/p>\n","protected":false},"featured_media":0,"template":"","meta":{"ocean_post_layout":"","ocean_both_sidebars_style":"","ocean_both_sidebars_content_width":0,"ocean_both_sidebars_sidebars_width":0,"ocean_sidebar":"","ocean_second_sidebar":"","ocean_disable_margins":"enable","ocean_add_body_class":"","ocean_shortcode_before_top_bar":"","ocean_shortcode_after_top_bar":"","ocean_shortcode_before_header":"","ocean_shortcode_after_header":"","ocean_has_shortcode":"","ocean_shortcode_after_title":"","ocean_shortcode_before_footer_widgets":"","ocean_shortcode_after_footer_widgets":"","ocean_shortcode_before_footer_bottom":"","ocean_shortcode_after_footer_bottom":"","ocean_display_top_bar":"default","ocean_display_header":"default","ocean_header_style":"","ocean_center_header_left_menu":"","ocean_custom_header_template":"","ocean_custom_logo":0,"ocean_custom_retina_logo":0,"ocean_custom_logo_max_width":0,"ocean_custom_logo_tablet_max_width":0,"ocean_custom_logo_mobile_max_width":0,"ocean_custom_logo_max_height":0,"ocean_custom_logo_tablet_max_height":0,"ocean_custom_logo_mobile_max_height":0,"ocean_header_custom_menu":"","ocean_menu_typo_font_family":"","ocean_menu_typo_font_subset":"","ocean_menu_typo_font_size":0,"ocean_menu_typo_font_size_tablet":0,"ocean_menu_typo_font_size_mobile":0,"ocean_menu_typo_font_size_unit":"px","ocean_menu_typo_font_weight":"","ocean_menu_typo_font_weight_tablet":"","ocean_menu_typo_font_weight_mobile":"","ocean_menu_typo_transform":"","ocean_menu_typo_transform_tablet":"","ocean_menu_typo_transform_mobile":"","ocean_menu_typo_line_height":0,"ocean_menu_typo_line_height_tablet":0,"ocean_menu_typo_line_height_mobile":0,"ocean_menu_typo_line_height_unit":"","ocean_menu_typo_spacing":0,"ocean_menu_typo_spacing_tablet":0,"ocean_menu_typo_spacing_mobile":0,"ocean_menu_typo_spacing_unit":"","ocean_menu_link_color":"","ocean_menu_link_color_hover":"","ocean_menu_link_color_active":"","ocean_menu_link_background":"","ocean_menu_link_hover_background":"","ocean_menu_link_active_background":"","ocean_menu_social_links_bg":"","ocean_menu_social_hover_links_bg":"","ocean_menu_social_links_color":"","ocean_menu_social_hover_links_color":"","ocean_disable_title":"default","ocean_disable_heading":"default","ocean_post_title":"","ocean_post_subheading":"","ocean_post_title_style":"","ocean_post_title_background_color":"","ocean_post_title_background":0,"ocean_post_title_bg_image_position":"","ocean_post_title_bg_image_attachment":"","ocean_post_title_bg_image_repeat":"","ocean_post_title_bg_image_size":"","ocean_post_title_height":0,"ocean_post_title_bg_overlay":0.5,"ocean_post_title_bg_overlay_color":"","ocean_disable_breadcrumbs":"default","ocean_breadcrumbs_color":"","ocean_breadcrumbs_separator_color":"","ocean_breadcrumbs_links_color":"","ocean_breadcrumbs_links_hover_color":"","ocean_display_footer_widgets":"default","ocean_display_footer_bottom":"default","ocean_custom_footer_template":""},"product_brand":[],"product_cat":[56],"product_tag":[],"class_list":{"0":"post-1824","1":"product","2":"type-product","3":"status-publish","5":"product_cat-detergenzien","7":"entry","9":"first","10":"instock","11":"shipping-taxable","12":"product-type-simple","13":"col","14":"span_1_of_3","15":"owp-content-center","16":"owp-thumbs-layout-horizontal","17":"owp-btn-normal","18":"owp-tabs-layout-section","19":"has-no-thumbnails"},"_links":{"self":[{"href":"https:\/\/matcochemicals.com\/de\/wp-json\/wp\/v2\/product\/1824","targetHints":{"allow":["GET"]}}],"collection":[{"href":"https:\/\/matcochemicals.com\/de\/wp-json\/wp\/v2\/product"}],"about":[{"href":"https:\/\/matcochemicals.com\/de\/wp-json\/wp\/v2\/types\/product"}],"wp:attachment":[{"href":"https:\/\/matcochemicals.com\/de\/wp-json\/wp\/v2\/media?parent=1824"}],"wp:term":[{"taxonomy":"product_brand","embeddable":true,"href":"https:\/\/matcochemicals.com\/de\/wp-json\/wp\/v2\/product_brand?post=1824"},{"taxonomy":"product_cat","embeddable":true,"href":"https:\/\/matcochemicals.com\/de\/wp-json\/wp\/v2\/product_cat?post=1824"},{"taxonomy":"product_tag","embeddable":true,"href":"https:\/\/matcochemicals.com\/de\/wp-json\/wp\/v2\/product_tag?post=1824"}],"curies":[{"name":"wp","href":"https:\/\/api.w.org\/{rel}","templated":true}]}}