{"id":6538,"date":"2025-09-07T14:12:01","date_gmt":"2025-09-07T14:12:01","guid":{"rendered":"https:\/\/matcochemicals.com\/tpe-polymere\/"},"modified":"2025-10-04T07:21:15","modified_gmt":"2025-10-04T07:21:15","slug":"tpe-polymere","status":"publish","type":"page","link":"https:\/\/matcochemicals.com\/de\/tpe-polymere\/","title":{"rendered":"TPE-Polymere"},"content":{"rendered":"\n<h2 class=\"wp-block-heading\">MatcoFlex: Thermoplastische Elastomere<\/h2>\n\n<div class=\"gb-element-2dca9216\">\n<div>\n<p>Die <strong>thermoplastischen Elastomer-Tr\u00e4ger<\/strong> von MATCO CHEMICALS ver\u00e4ndern die Teppichindustrie mit ihrer umweltfreundlichen, vollst\u00e4ndig recycelbaren Natur. Im Gegensatz zu herk\u00f6mmlichen Materialien ben\u00f6tigt TPE w\u00e4hrend der Produktion oder Anwendung kein Wasser \u2013 was es zu einer idealen L\u00f6sung in einer Welt macht, in der Nachhaltigkeit nicht mehr optional, sondern unerl\u00e4sslich ist. Diese Backings tragen nicht nur zu Zero-Waste-Produktionsprozessen bei, sondern unterst\u00fctzen auch einen Cradle-to-Cradle-Lebenszyklus.  <\/p>\n<\/div>\n\n\n\n<div class=\"gb-element-85ce91ed hexagon-wrapper\">\n<figure class=\"wp-block-image size-full is-resized is-style-default\"><img loading=\"lazy\" decoding=\"async\" width=\"422\" height=\"427\" src=\"https:\/\/matcochemicals.com\/wp-content\/uploads\/2025\/09\/tpe-foto-matco.jpeg\" alt=\"\" class=\"wp-image-6221\" style=\"width:200px\" srcset=\"https:\/\/matcochemicals.com\/wp-content\/uploads\/2025\/09\/tpe-foto-matco.jpeg 422w, https:\/\/matcochemicals.com\/wp-content\/uploads\/2025\/09\/tpe-foto-matco-296x300.jpeg 296w, https:\/\/matcochemicals.com\/wp-content\/uploads\/2025\/09\/tpe-foto-matco-200x202.jpeg 200w, https:\/\/matcochemicals.com\/wp-content\/uploads\/2025\/09\/tpe-foto-matco-400x405.jpeg 400w, https:\/\/matcochemicals.com\/wp-content\/uploads\/2025\/09\/tpe-foto-matco-100x100.jpeg 100w\" sizes=\"auto, (max-width: 422px) 100vw, 422px\" \/><\/figure>\n<\/div>\n<\/div>\n\n<div class=\"gb-element-ace838c4\">\n<div>\n<p>\u00dcber Teppiche hinaus \u00f6ffnet TPE die T\u00fcren zu einer Vielzahl innovativer Anwendungen. Im Automobilbereich liefert es leichte, langlebige und recycelbare Innenraumkomponenten. F\u00fcr rutschfeste L\u00f6sungen eignet er sich aufgrund seiner Flexibilit\u00e4t und Griffigkeit perfekt f\u00fcr Matten und Sicherheitsoberfl\u00e4chen.    <\/p>\n\n\n\n<p>F\u00fcr den Spritzguss bietet TPE eine hervorragende Formbarkeit, die eine effiziente und qualitativ hochwertige Produktion verschiedener kundenspezifischer Teile erm\u00f6glicht.<\/p>\n<\/div>\n\n\n\n<div class=\"gb-element-fdda5708 hexagon-wrapper\">\n<figure class=\"wp-block-image size-full is-style-default\"><img loading=\"lazy\" decoding=\"async\" width=\"426\" height=\"426\" src=\"https:\/\/matcochemicals.com\/wp-content\/uploads\/2025\/09\/stones-matco.jpeg\" alt=\"\" class=\"wp-image-6216\" style=\"object-fit:cover\" srcset=\"https:\/\/matcochemicals.com\/wp-content\/uploads\/2025\/09\/stones-matco.jpeg 426w, https:\/\/matcochemicals.com\/wp-content\/uploads\/2025\/09\/stones-matco-300x300.jpeg 300w, https:\/\/matcochemicals.com\/wp-content\/uploads\/2025\/09\/stones-matco-150x150.jpeg 150w, https:\/\/matcochemicals.com\/wp-content\/uploads\/2025\/09\/stones-matco-200x200.jpeg 200w, https:\/\/matcochemicals.com\/wp-content\/uploads\/2025\/09\/stones-matco-400x400.jpeg 400w, https:\/\/matcochemicals.com\/wp-content\/uploads\/2025\/09\/stones-matco-100x100.jpeg 100w\" sizes=\"auto, (max-width: 426px) 100vw, 426px\" \/><\/figure>\n<\/div>\n<\/div>\n\n<div class=\"gb-element-831dde4d\">\n<div>\n<figure class=\"wp-block-table is-style-stripes\" style=\"font-size:16px\"><table class=\"has-fixed-layout\"><thead><tr><th>MATCOFLEX 100<\/th><th>MATCOFLEX 200<\/th><\/tr><\/thead><tbody><tr><td>SEBS-basiert<\/td><td>SEBS-basiert<\/td><\/tr><tr><td>Premium-Qualit\u00e4t<\/td><td>Wirtschaftliche Qualit\u00e4t<\/td><\/tr><tr><td>Geringe Auftragsgewichte (400-600 g\/m\u00b2)<\/td><td>H\u00f6here Auftragsgewichte (&gt;600 g\/m\u00b2)<\/td><\/tr><tr><td>Ufer A 65<\/td><td>Ufer A 50<\/td><\/tr><\/tbody><\/table><\/figure>\n<\/div>\n\n\n\n<div class=\"gb-element-9b2b6f12 hexagon-wrapper\">\n<h2 class=\"gb-text gb-text-b8511a6e\">Die Zukunft<br>ist flexibel:<br>TPE-R\u00fccktr\u00e4ger f\u00fcr eine gr\u00fcnere Zukunft!<\/h2>\n<\/div>\n<\/div>\n\n<p class=\"gb-text-e3d5fcb8\"><span class=\"gb-shape\"><svg xmlns=\"http:\/\/www.w3.org\/2000\/svg\" aria-hidden=\"true\" role=\"img\" height=\"1em\" width=\"1em\" viewbox=\"0 0 512 512\"><path fill=\"currentColor\" d=\"M504 256c0 136.967-111.033 248-248 248S8 392.967 8 256 119.033 8 256 8s248 111.033 248 248zM227.314 387.314l184-184c6.248-6.248 6.248-16.379 0-22.627l-22.627-22.627c-6.248-6.249-16.379-6.249-22.628 0L216 308.118l-70.059-70.059c-6.248-6.248-16.379-6.248-22.628 0l-22.627 22.627c-6.248 6.248-6.248 16.379 0 22.627l104 104c6.249 6.249 16.379 6.249 22.628.001z\"><\/path><\/svg><\/span><span class=\"gb-text\">Unterschiedliche oder ma\u00dfgeschneiderte Qualit\u00e4ten und Farben auf Anfrage.<\/span><\/p>\n<noscript class=\"ninja-forms-noscript-message\">\n\tHinweis: F\u00fcr diesen Inhalt ist JavaScript erforderlich.<\/noscript>\n<div id=\"nf-form-3-cont\" class=\"nf-form-cont\" aria-live=\"polite\" aria-labelledby=\"nf-form-title-3\" aria-describedby=\"nf-form-errors-3\" role=\"form\">\n\n    <div class=\"nf-loading-spinner\"><\/div>\n\n<\/div>\n        <!-- That data is being printed as a workaround to page builders reordering the order of the scripts loaded-->\n        <script>var formDisplay=1;var nfForms=nfForms||[];var form=[];form.id='3';form.settings={\"objectType\":\"Form Setting\",\"editActive\":true,\"title\":\"Kontaktieren Sie uns f\\u00fcr weitere Informationen \\u00fcber\",\"default_label_pos\":\"above\",\"show_title\":0,\"clear_complete\":\"1\",\"hide_complete\":\"1\",\"logged_in\":\"\",\"wrapper_class\":\"\",\"element_class\":\"\",\"form_title_heading_level\":\"3\",\"key\":\"\",\"add_submit\":\"0\",\"currency\":\"\",\"unique_field_error\":\"Ein Formular mit diesem Wert wurde bereits \\u00fcbermittelt.\",\"not_logged_in_msg\":\"\",\"sub_limit_msg\":\"Das Formular hat sein Einreichungslimit erreicht.\",\"calculations\":[],\"formContentData\":[\"i_want_more_information_about_1697890706554\",\"name_1693581535615\",\"company_1693581568508\",\"email_1693581549536\",\"phone_1747248117655\",\"question_request_1693581657596\",\"i_agree_that_my_personal_data_will_be_used_for_internal_marketing_purposes_eg_contact_you_by_matco_company_in_accordance_with_our_less_than_a_target_blank_href_https_matcochemicals_com_privacy-cookie-policy_greater_than_privacy_policy_less_than_a_greater_than_1697118901721\",\"send_1693581734177\",\"sumitted_on_1699029955535\"],\"allow_public_link\":0,\"embed_form\":\"\",\"changeEmailErrorMsg\":\"Bitte gib eine g\\u00fcltige E-Mail-Adresse ein.\",\"changeDateErrorMsg\":\"Bitte gib ein g\\u00fcltiges Datum ein!\",\"confirmFieldErrorMsg\":\"Diese Felder m\\u00fcssen \\u00fcbereinstimmen!\",\"fieldNumberNumMinError\":\"Die eingegebene Zahl ist zu klein.\",\"fieldNumberNumMaxError\":\"Die eingegebene Zahl ist zu gross.\",\"fieldNumberIncrementBy\":\"Bitte erh\\u00f6hen in Schritten von\",\"formErrorsCorrectErrors\":\"Bitte korrigiere die Fehler, bevor du das Formular sendest.\",\"validateRequiredField\":\"Dies ist ein Pflichtfeld.\",\"honeypotHoneypotError\":\"Honeypot-Fehler\",\"fieldsMarkedRequired\":\"Felder mit einem <span class=\\\"ninja-forms-req-symbol\\\">*<\\\/span> sind Pflichtfelder\",\"drawerDisabled\":false,\"ninjaForms\":\"Ninja Forms\",\"fieldTextareaRTEInsertLink\":\"Link einf\\u00fcgen\",\"fieldTextareaRTEInsertMedia\":\"Medien einf\\u00fcgen\",\"fieldTextareaRTESelectAFile\":\"Eine Datei ausw\\u00e4hlen\",\"formHoneypot\":\"Falls du ein Mensch bist und dieses Feld siehst, dann lasse es bitte leer.\",\"fileUploadOldCodeFileUploadInProgress\":\"Datei-Upload l\\u00e4uft.\",\"fileUploadOldCodeFileUpload\":\"DATEI-UPLOAD\",\"currencySymbol\":\"&#36;\",\"thousands_sep\":\".\",\"decimal_point\":\",\",\"siteLocale\":\"de_DE\",\"dateFormat\":\"m\\\/d\\\/Y\",\"startOfWeek\":\"1\",\"of\":\"von\",\"previousMonth\":\"Vorheriger Monat\",\"nextMonth\":\"N\\u00e4chster Monat\",\"months\":[\"Januar\",\"Februar\",\"M\\u00e4rz\",\"April\",\"Mai\",\"Juni\",\"Juli\",\"August\",\"September\",\"Oktober\",\"November\",\"Dezember\"],\"monthsShort\":[\"Jan.\",\"Feb.\",\"M\\u00e4rz\",\"Apr.\",\"Mai\",\"Juni\",\"Juli\",\"Aug\",\"Sep.\",\"Okt.\",\"Nov.\",\"Dez.\"],\"weekdays\":[\"Sonntag\",\"Montag\",\"Dienstag\",\"Mittwoch\",\"Donnerstag\",\"Freitag\",\"Samstag\"],\"weekdaysShort\":[\"So.\",\"Mo.\",\"Di.\",\"Mi.\",\"Do.\",\"Fr.\",\"Sa.\"],\"weekdaysMin\":[\"So.\",\"Mo.\",\"Di.\",\"Mi.\",\"Do.\",\"Fr.\",\"Sa.\"],\"recaptchaConsentMissing\":\"reCaptcha validation couldn&#039;t load.\",\"recaptchaMissingCookie\":\"reCaptcha v3 validation couldn&#039;t load the cookie needed to submit the form.\",\"recaptchaConsentEvent\":\"Accept reCaptcha cookies before sending the form.\",\"currency_symbol\":\"\",\"beforeForm\":\"\",\"beforeFields\":\"\",\"afterFields\":\"\",\"afterForm\":\"\"};form.fields=[{\"objectType\":\"Field\",\"objectDomain\":\"fields\",\"editActive\":false,\"order\":1,\"idAttribute\":\"id\",\"label\":\"Ich m\\u00f6chte mehr Informationen \\u00fcber\",\"type\":\"textbox\",\"key\":\"i_want_more_information_about_1697890706554\",\"label_pos\":\"above\",\"required\":1,\"default\":\"{wp:post_title}\",\"placeholder\":\"\",\"container_class\":\"\",\"element_class\":\"\",\"input_limit\":\"\",\"input_limit_type\":\"characters\",\"input_limit_msg\":\"Charakter(e) \\u00fcbrig\",\"manual_key\":false,\"admin_label\":\"\",\"help_text\":\"\",\"mask\":\"\",\"custom_mask\":\"\",\"custom_name_attribute\":\"\",\"personally_identifiable\":\"\",\"value\":\"TPE-Polymere\",\"drawerDisabled\":false,\"id\":18,\"beforeField\":\"\",\"afterField\":\"\",\"parentType\":\"textbox\",\"element_templates\":[\"textbox\",\"input\"],\"old_classname\":\"\",\"wrap_template\":\"wrap\"},{\"objectType\":\"Field\",\"objectDomain\":\"fields\",\"editActive\":false,\"order\":2,\"idAttribute\":\"id\",\"label\":\"Name\",\"type\":\"firstname\",\"key\":\"name_1693581535615\",\"label_pos\":\"above\",\"required\":1,\"default\":\"\",\"placeholder\":\"\",\"container_class\":\"\",\"element_class\":\"\",\"admin_label\":\"\",\"help_text\":\"\",\"custom_name_attribute\":\"fname\",\"personally_identifiable\":1,\"value\":\"\",\"drawerDisabled\":\"\",\"field_label\":\"Name\",\"field_key\":\"name_1693581535615\",\"id\":12,\"beforeField\":\"\",\"afterField\":\"\",\"parentType\":\"firstname\",\"element_templates\":[\"firstname\",\"input\"],\"old_classname\":\"\",\"wrap_template\":\"wrap\"},{\"objectType\":\"Field\",\"objectDomain\":\"fields\",\"editActive\":false,\"order\":3,\"idAttribute\":\"id\",\"label\":\"Firma\",\"type\":\"textbox\",\"key\":\"company_1693581568508\",\"label_pos\":\"above\",\"required\":1,\"default\":\"\",\"placeholder\":\"\",\"container_class\":\"\",\"element_class\":\"\",\"input_limit\":\"\",\"input_limit_type\":\"characters\",\"input_limit_msg\":\"Charakter(e) \\u00fcbrig\",\"manual_key\":\"\",\"admin_label\":\"\",\"help_text\":\"\",\"mask\":\"\",\"custom_mask\":\"\",\"custom_name_attribute\":\"\",\"personally_identifiable\":\"\",\"value\":\"\",\"field_label\":\"Company\",\"field_key\":\"company_1693581568508\",\"id\":13,\"beforeField\":\"\",\"afterField\":\"\",\"parentType\":\"textbox\",\"element_templates\":[\"textbox\",\"input\"],\"old_classname\":\"\",\"wrap_template\":\"wrap\"},{\"objectType\":\"Field\",\"objectDomain\":\"fields\",\"editActive\":false,\"order\":4,\"idAttribute\":\"id\",\"label\":\"E-Mail\",\"type\":\"email\",\"key\":\"email_1693581549536\",\"label_pos\":\"above\",\"required\":1,\"default\":\"\",\"placeholder\":\"\",\"container_class\":\"\",\"element_class\":\"\",\"admin_label\":\"\",\"help_text\":\"\",\"custom_name_attribute\":\"email\",\"personally_identifiable\":1,\"value\":\"\",\"drawerDisabled\":\"\",\"field_label\":\"Email\",\"field_key\":\"email_1693581549536\",\"id\":14,\"beforeField\":\"\",\"afterField\":\"\",\"parentType\":\"email\",\"element_templates\":[\"email\",\"input\"],\"old_classname\":\"\",\"wrap_template\":\"wrap\"},{\"objectType\":\"Field\",\"objectDomain\":\"fields\",\"editActive\":false,\"order\":5,\"idAttribute\":\"id\",\"label\":\"Telefon\",\"type\":\"phone\",\"key\":\"phone_1747248117655\",\"label_pos\":\"above\",\"required\":1,\"default\":\"\",\"placeholder\":\"\",\"container_class\":\"\",\"element_class\":\"\",\"input_limit\":\"\",\"input_limit_type\":\"characters\",\"input_limit_msg\":\"Charakter(e) \\u00fcbrig\",\"manual_key\":false,\"admin_label\":\"\",\"help_text\":\"\",\"mask\":\"\",\"custom_mask\":\"\",\"custom_name_attribute\":\"phone\",\"personally_identifiable\":1,\"value\":\"\",\"drawerDisabled\":false,\"id\":32,\"beforeField\":\"\",\"afterField\":\"\",\"parentType\":\"textbox\",\"element_templates\":[\"tel\",\"textbox\",\"input\"],\"old_classname\":\"\",\"wrap_template\":\"wrap\"},{\"objectType\":\"Field\",\"objectDomain\":\"fields\",\"editActive\":false,\"order\":6,\"idAttribute\":\"id\",\"label\":\"Frage \\\/ Anfrage  \",\"type\":\"textarea\",\"key\":\"question_request_1693581657596\",\"label_pos\":\"above\",\"required\":1,\"default\":\"\",\"placeholder\":\"\",\"container_class\":\"\",\"element_class\":\"\",\"input_limit\":\"\",\"input_limit_type\":\"characters\",\"input_limit_msg\":\"Charakter(e) \\u00fcbrig\",\"manual_key\":\"\",\"admin_label\":\"\",\"help_text\":\"\",\"textarea_rte\":\"\",\"disable_rte_mobile\":\"\",\"textarea_media\":\"\",\"value\":\"\",\"drawerDisabled\":\"\",\"field_label\":\"Question \\\/ Request \",\"field_key\":\"question_request_1693581657596\",\"id\":15,\"beforeField\":\"\",\"afterField\":\"\",\"parentType\":\"textarea\",\"element_templates\":[\"textarea\",\"input\"],\"old_classname\":\"\",\"wrap_template\":\"wrap\"},{\"objectType\":\"Field\",\"objectDomain\":\"fields\",\"editActive\":false,\"order\":7,\"idAttribute\":\"id\",\"label\":\"Ich bin damit einverstanden, dass meine pers\\u00f6nlichen Daten f\\u00fcr interne Marketingzwecke (z.B. Kontaktaufnahme) von der Firma MATCO verwendet werden (in \\u00dcbereinstimmung mit unserer <a target=\\\"_blank\\\" href=\\\"https:\\\/\\\/matcochemicals.com\\\/de\\\/privacy-cookie-policy\\\/\\\">Datenschutzrichtlinie<\\\/a>).\",\"type\":\"checkbox\",\"key\":\"i_agree_that_my_personal_data_will_be_used_for_internal_marketing_purposes_eg_contact_you_by_matco_company_in_accordance_with_our_less_than_a_target_blank_href_https_matcochemicals_com_privacy-cookie-policy_greater_than_privacy_policy_less_than_a_greater_than_1697118901721\",\"label_pos\":\"right\",\"required\":1,\"container_class\":\"\",\"element_class\":\"\",\"manual_key\":\"\",\"admin_label\":\"\",\"help_text\":\"\",\"default_value\":\"unchecked\",\"checked_value\":\"Checked\",\"unchecked_value\":\"Unchecked\",\"checked_calc_value\":\"\",\"unchecked_calc_value\":\"\",\"drawerDisabled\":false,\"field_label\":\"I insist that my personal data will exclusively be used for internal marketing purposes of the MATCO company (pursuant to the GDPR).\",\"field_key\":\"i_insist_that_my_personal_data_will_exclusively_be_used_for_internal_marketing_purposes_of_the_matco_company_pursuant_to_the_gdpr_1693581707582\",\"id\":16,\"beforeField\":\"\",\"afterField\":\"\",\"value\":\"\",\"parentType\":\"checkbox\",\"element_templates\":[\"checkbox\",\"input\"],\"old_classname\":\"\",\"wrap_template\":\"wrap\"},{\"objectType\":\"Field\",\"objectDomain\":\"fields\",\"editActive\":false,\"order\":8,\"idAttribute\":\"id\",\"label\":\"Senden\",\"type\":\"submit\",\"processing_label\":\"Entsendung\",\"container_class\":\"\",\"element_class\":\"\",\"key\":\"send_1693581734177\",\"drawerDisabled\":\"\",\"field_label\":\"Send\",\"field_key\":\"send_1693581734177\",\"admin_label\":\"\",\"id\":17,\"beforeField\":\"\",\"afterField\":\"\",\"value\":\"\",\"label_pos\":\"above\",\"parentType\":\"textbox\",\"element_templates\":[\"submit\",\"button\",\"input\"],\"old_classname\":\"\",\"wrap_template\":\"wrap-no-label\"},{\"objectType\":\"Field\",\"objectDomain\":\"fields\",\"editActive\":false,\"order\":9,\"idAttribute\":\"id\",\"type\":\"hidden\",\"label\":\"sumitted on:\",\"key\":\"sumitted_on_1699029955535\",\"default\":\"{wp:post_url}\",\"admin_label\":\"\",\"drawerDisabled\":false,\"id\":26,\"beforeField\":\"\",\"afterField\":\"\",\"value\":\"https:\\\/\\\/matcochemicals.com\\\/de\\\/tpe-polymere\\\/\",\"label_pos\":\"above\",\"parentType\":\"hidden\",\"element_templates\":[\"hidden\",\"input\"],\"old_classname\":\"\",\"wrap_template\":\"wrap-no-label\"},{\"objectType\":\"Field\",\"objectDomain\":\"fields\",\"editActive\":false,\"order\":\"10.0\",\"type\":\"recaptcha_v3\",\"label\":\"Hidden\",\"key\":\"recaptcha_v3\",\"default\":\"\",\"admin_label\":\"\",\"drawerDisabled\":false,\"id\":\"88846\",\"beforeField\":\"\",\"afterField\":\"\",\"value\":\"\",\"label_pos\":\"above\",\"parentType\":\"hidden\",\"element_templates\":[\"recaptcha-v3\",\"hidden\",\"input\"],\"old_classname\":\"\",\"wrap_template\":\"wrap-no-label\",\"site_key\":\"6Lep0dMnAAAAAEd6rPd2w_umgfscxUAE-MbDia7B\"}];nfForms.push(form);<\/script>\n        ","protected":false},"excerpt":{"rendered":"<p>Die Zukunft ist flexibel: MatcoFlex thermoplastische Elastomerr\u00fccken f\u00fcr eine gr\u00fcnere Zukunft.<\/p>\n","protected":false},"author":1,"featured_media":6220,"parent":0,"menu_order":46,"comment_status":"closed","ping_status":"closed","template":"","meta":{"ocean_post_layout":"","ocean_both_sidebars_style":"","ocean_both_sidebars_content_width":0,"ocean_both_sidebars_sidebars_width":0,"ocean_sidebar":"","ocean_second_sidebar":"","ocean_disable_margins":"enable","ocean_add_body_class":"","ocean_shortcode_before_top_bar":"","ocean_shortcode_after_top_bar":"","ocean_shortcode_before_header":"","ocean_shortcode_after_header":"","ocean_has_shortcode":"","ocean_shortcode_after_title":"","ocean_shortcode_before_footer_widgets":"","ocean_shortcode_after_footer_widgets":"","ocean_shortcode_before_footer_bottom":"","ocean_shortcode_after_footer_bottom":"","ocean_display_top_bar":"default","ocean_display_header":"default","ocean_header_style":"","ocean_center_header_left_menu":"","ocean_custom_header_template":"","ocean_custom_logo":0,"ocean_custom_retina_logo":0,"ocean_custom_logo_max_width":0,"ocean_custom_logo_tablet_max_width":0,"ocean_custom_logo_mobile_max_width":0,"ocean_custom_logo_max_height":0,"ocean_custom_logo_tablet_max_height":0,"ocean_custom_logo_mobile_max_height":0,"ocean_header_custom_menu":"","ocean_menu_typo_font_family":"","ocean_menu_typo_font_subset":"","ocean_menu_typo_font_size":0,"ocean_menu_typo_font_size_tablet":0,"ocean_menu_typo_font_size_mobile":0,"ocean_menu_typo_font_size_unit":"px","ocean_menu_typo_font_weight":"","ocean_menu_typo_font_weight_tablet":"","ocean_menu_typo_font_weight_mobile":"","ocean_menu_typo_transform":"","ocean_menu_typo_transform_tablet":"","ocean_menu_typo_transform_mobile":"","ocean_menu_typo_line_height":0,"ocean_menu_typo_line_height_tablet":0,"ocean_menu_typo_line_height_mobile":0,"ocean_menu_typo_line_height_unit":"","ocean_menu_typo_spacing":0,"ocean_menu_typo_spacing_tablet":0,"ocean_menu_typo_spacing_mobile":0,"ocean_menu_typo_spacing_unit":"","ocean_menu_link_color":"","ocean_menu_link_color_hover":"","ocean_menu_link_color_active":"","ocean_menu_link_background":"","ocean_menu_link_hover_background":"","ocean_menu_link_active_background":"","ocean_menu_social_links_bg":"","ocean_menu_social_hover_links_bg":"","ocean_menu_social_links_color":"","ocean_menu_social_hover_links_color":"","ocean_disable_title":"default","ocean_disable_heading":"default","ocean_post_title":"","ocean_post_subheading":"","ocean_post_title_style":"","ocean_post_title_background_color":"","ocean_post_title_background":0,"ocean_post_title_bg_image_position":"","ocean_post_title_bg_image_attachment":"","ocean_post_title_bg_image_repeat":"","ocean_post_title_bg_image_size":"","ocean_post_title_height":0,"ocean_post_title_bg_overlay":0.5,"ocean_post_title_bg_overlay_color":"","ocean_disable_breadcrumbs":"default","ocean_breadcrumbs_color":"","ocean_breadcrumbs_separator_color":"","ocean_breadcrumbs_links_color":"","ocean_breadcrumbs_links_hover_color":"","ocean_display_footer_widgets":"default","ocean_display_footer_bottom":"default","ocean_custom_footer_template":"","footnotes":""},"class_list":["post-6538","page","type-page","status-publish","has-post-thumbnail","hentry","entry","has-media","owp-thumbs-layout-horizontal","owp-btn-normal","owp-tabs-layout-section","has-no-thumbnails"],"_links":{"self":[{"href":"https:\/\/matcochemicals.com\/de\/wp-json\/wp\/v2\/pages\/6538","targetHints":{"allow":["GET"]}}],"collection":[{"href":"https:\/\/matcochemicals.com\/de\/wp-json\/wp\/v2\/pages"}],"about":[{"href":"https:\/\/matcochemicals.com\/de\/wp-json\/wp\/v2\/types\/page"}],"author":[{"embeddable":true,"href":"https:\/\/matcochemicals.com\/de\/wp-json\/wp\/v2\/users\/1"}],"replies":[{"embeddable":true,"href":"https:\/\/matcochemicals.com\/de\/wp-json\/wp\/v2\/comments?post=6538"}],"version-history":[{"count":2,"href":"https:\/\/matcochemicals.com\/de\/wp-json\/wp\/v2\/pages\/6538\/revisions"}],"predecessor-version":[{"id":6542,"href":"https:\/\/matcochemicals.com\/de\/wp-json\/wp\/v2\/pages\/6538\/revisions\/6542"}],"wp:featuredmedia":[{"embeddable":true,"href":"https:\/\/matcochemicals.com\/de\/wp-json\/wp\/v2\/media\/6220"}],"wp:attachment":[{"href":"https:\/\/matcochemicals.com\/de\/wp-json\/wp\/v2\/media?parent=6538"}],"curies":[{"name":"wp","href":"https:\/\/api.w.org\/{rel}","templated":true}]}}