{"id":1589,"date":"2023-08-19T18:59:26","date_gmt":"2023-08-19T18:59:26","guid":{"rendered":"https:\/\/matcochemicals.com\/?page_id=1589"},"modified":"2023-09-24T19:16:35","modified_gmt":"2023-09-24T19:16:35","slug":"allgemeine-bedingungen","status":"publish","type":"page","link":"https:\/\/matcochemicals.com\/de\/allgemeine-bedingungen\/","title":{"rendered":"Matco Allgemeine Bedingungen"},"content":{"rendered":"\n<p>1. Unsere Angebote sind unverbindlich, insbesondere bei Ersch\u00f6pfung des Lagerbestandes, Wegfall eines Artikels oder Preis\u00e4nderung. Die Spezifikationen und Preisangebote basieren auf den aktuellen Personal- und Materialkosten. Bei \u00c4nderungen behalten wir uns das Recht vor, die Preise entsprechend anzupassen.<\/p>\n\n\n\n<p>2. Bestellungen, die von unseren Vertretern aufgenommen werden, sind erst nach unserer schriftlichen Auftragsbest\u00e4tigung verbindlich.<\/p>\n\n\n\n<p>3. Im Falle einer Stornierung der Bestellung ist der K\u00e4ufer verpflichtet, eine pauschale Geb\u00fchr in der H\u00f6he von 20% des Bestellwertes zu zahlen.<\/p>\n\n\n\n<p>4. Die angegebenen Lieferzeiten dienen lediglich zur Information und sind f\u00fcr den Verk\u00e4ufer unverbindlich. Lieferverzug f\u00fchrt zu keinem Anspruch auf Schadensersatz oder Aufl\u00f6sung des Vertrags.<\/p>\n\n\n\n<p>5. Die Ware wird mit dem Erhalt endg\u00fcltig abgenommen. Im Falle eines versteckten Mangels muss die Beanstandung &#8211; unter Androhung der Nichtigkeit &#8211; innerhalb von acht Tagen nach Erhalt per Einschreiben erfolgen. Unsere Verpflichtung zur Freistellung von Sachm\u00e4ngeln erstreckt sich nicht \u00fcber unsere Lieferanten hinaus.<\/p>\n\n\n\n<p>6. Bei Besch\u00e4digung oder B-Ware kann nach der Lieferung keine Reklamation akzeptiert werden.<\/p>\n\n\n\n<p>7. Beanstandungen der Lieferung sind innerhalb von acht Tagen nach der Lieferung, in jedem Fall aber vor der Verwendung oder dem Verkauf der Ware, an uns zu richten.<\/p>\n\n\n\n<p>8. Der Versand der Ware erfolgt auf Risiko des K\u00e4ufers. Soweit nicht anders angegeben, gehen die Transportkosten zu Lasten des K\u00e4ufers.<\/p>\n\n\n\n<p>9. Wenn der K\u00e4ufer die Ware nicht zu dem ihm mitgeteilten Termin abholt, behalten wir uns das Recht vor, den Vertrag nach Ablauf einer Frist von f\u00fcnfzehn Tagen ohne vorherige Inverzugsetzung als aufgel\u00f6st zu betrachten.<\/p>\n\n\n\n<p>10. Die Lagerung der Ware bis zur Anlieferung oder Abholung erfolgt auf Risiko des K\u00e4ufers.<\/p>\n\n\n\n<p>11. Sollten wir infolge h\u00f6herer Gewalt, Streiks, Aussperrungen usw. nicht in der Lage sein, den Vertrag auszuf\u00fchren, behalten wir uns das Recht vor, den Vertrag ohne Schadenersatzanspr\u00fcche zu k\u00fcndigen.<\/p>\n\n\n\n<p>12. Die Ware bleibt bis zur vollst\u00e4ndigen Bezahlung des Kaufpreises Eigentum des Verk\u00e4ufers. Alle Risiken gehen zu Lasten des K\u00e4ufers. Vorausbezahlte Vorsch\u00fcsse werden weiterhin vom Verk\u00e4ufer als Ausgleich f\u00fcr eventuelle Verluste aus dem Weiterverkauf erworben.<\/p>\n\n\n\n<p>13. Die Beanstandung der Rechnung muss innerhalb von acht Tagen nach Rechnungsdatum schriftlich erfolgen. Das Datum und die Nummer der Rechnung sollten immer angegeben werden.<\/p>\n\n\n\n<p>14. Soweit nicht anders schriftlich vereinbart, sind alle Rechnungen innerhalb eines Monats nach Rechnungsdatum zahlbar.<\/p>\n\n\n\n<p>15. Bei Nichtzahlung der Rechnung innerhalb der gesetzten Frist sind pro Monat Verzugszinsen in H\u00f6he von 1,5% des Rechnungsbetrages ab dem F\u00e4lligkeitsdatum von Rechts wegen und ohne vorherige Inverzugsetzung f\u00e4llig. Auch eine pauschale Entsch\u00e4digung in H\u00f6he von 15% des Rechnungsbetrages (mit einem Minimum von \u20ac 50,-) als Kostenpauschale ist von Rechts wegen und ohne vorherige Inverzugsetzung f\u00e4llig. Bei Nichtzahlung am F\u00e4lligkeitstag einer einzigen Rechnung wird der Restbetrag aller anderen, auch der noch nicht f\u00e4lligen Rechnungen von Rechts wegen f\u00e4llig.<\/p>\n\n\n\n<p>16. Wenn der K\u00e4ufer seinen Verpflichtungen nicht nachkommt, im Falle einer Insolvenz des K\u00e4ufers oder wenn der K\u00e4ufer eine offenkundige Zahlungsunf\u00e4higkeit erleidet, sowie im Falle einer \u00c4nderung der Rechtsstatus des K\u00e4ufers, kann der Vertrag von Rechts wegen und ohne vorherige Inverzugsetzung als aufgel\u00f6st betrachtet werden, unbeschadet der Rechte des Verk\u00e4ufers auf alle Schadensersatzanspr\u00fcche und Zinsen.<\/p>\n\n\n\n<p>17. Wird das Vertrauen des Verk\u00e4ufers in die Kreditw\u00fcrdigkeit des K\u00e4ufers ersch\u00fcttert durch gerichtliche Zwangsvollstreckungsma\u00dfnahmen gegen den K\u00e4ufer und\/oder andere nachweisbare Ereignisse, die das Vertrauen in die ordnungsgem\u00e4\u00dfe Erf\u00fcllung der vom K\u00e4ufer eingegangenen Verpflichtungen in Frage stellen und\/oder unm\u00f6glich machen, so beh\u00e4lt sich der K\u00e4ufer das Recht vor, auch wenn die Ware bereits ganz oder teilweise versandt wurde, die gesamte Bestellung oder einen Teil davon auszusetzen und vom K\u00e4ufer die gew\u00fcnschten Sicherheiten zu verlangen. Wenn der K\u00e4ufer dies ablehnt oder dem nicht sofort nachkommt, beh\u00e4lt sich der Verk\u00e4ufer das Recht vor, die Bestellung ganz oder teilweise zu stornieren. Dies alles unbeschadet der Rechte des Verk\u00e4ufers auf alle Schadensersatzanspr\u00fcche und Zinsen.<\/p>\n\n\n\n<p>18. Im Falle einer Streitigkeit \u00fcber den Vertrag sind ausschlie\u00dflich die Gerichte des Bezirks Kortrijk oder ein anderes Gericht nach Ermessen des Verk\u00e4ufers zust\u00e4ndig.<\/p>\n\n\n\n<div class=\"wp-block-buttons is-layout-flex wp-block-buttons-is-layout-flex\">\n<div class=\"wp-block-button\"><a class=\"wp-block-button__link wp-element-button\" href=\"\/wp-content\/uploads\/documents\/Matco-General-Conditions.pdf\" target=\"_blank\" rel=\"noreferrer noopener\">General Conditions [pdf]<\/a><\/div>\n<\/div>\n","protected":false},"excerpt":{"rendered":"<p>1. Unsere Angebote sind unverbindlich, insbesondere bei Ersch\u00f6pfung des Lagerbestandes, Wegfall eines Artikels oder Preis\u00e4nderung. Die Spezifikationen und Preisangebote basieren auf den aktuellen Personal- und Materialkosten. Bei \u00c4nderungen behalten wir uns das Recht vor, die Preise entsprechend anzupassen. 2. Bestellungen, die von unseren Vertretern aufgenommen werden, sind erst nach unserer schriftlichen Auftragsbest\u00e4tigung verbindlich. 3. Im [&hellip;]<\/p>\n","protected":false},"author":1,"featured_media":0,"parent":0,"menu_order":74,"comment_status":"closed","ping_status":"closed","template":"","meta":{"ocean_post_layout":"","ocean_both_sidebars_style":"","ocean_both_sidebars_content_width":0,"ocean_both_sidebars_sidebars_width":0,"ocean_sidebar":"0","ocean_second_sidebar":"0","ocean_disable_margins":"enable","ocean_add_body_class":"","ocean_shortcode_before_top_bar":"","ocean_shortcode_after_top_bar":"","ocean_shortcode_before_header":"","ocean_shortcode_after_header":"","ocean_has_shortcode":"","ocean_shortcode_after_title":"","ocean_shortcode_before_footer_widgets":"","ocean_shortcode_after_footer_widgets":"","ocean_shortcode_before_footer_bottom":"","ocean_shortcode_after_footer_bottom":"","ocean_display_top_bar":"default","ocean_display_header":"default","ocean_header_style":"","ocean_center_header_left_menu":"0","ocean_custom_header_template":"0","ocean_custom_logo":0,"ocean_custom_retina_logo":0,"ocean_custom_logo_max_width":0,"ocean_custom_logo_tablet_max_width":0,"ocean_custom_logo_mobile_max_width":0,"ocean_custom_logo_max_height":0,"ocean_custom_logo_tablet_max_height":0,"ocean_custom_logo_mobile_max_height":0,"ocean_header_custom_menu":"0","ocean_menu_typo_font_family":"0","ocean_menu_typo_font_subset":"","ocean_menu_typo_font_size":0,"ocean_menu_typo_font_size_tablet":0,"ocean_menu_typo_font_size_mobile":0,"ocean_menu_typo_font_size_unit":"px","ocean_menu_typo_font_weight":"","ocean_menu_typo_font_weight_tablet":"","ocean_menu_typo_font_weight_mobile":"","ocean_menu_typo_transform":"","ocean_menu_typo_transform_tablet":"","ocean_menu_typo_transform_mobile":"","ocean_menu_typo_line_height":0,"ocean_menu_typo_line_height_tablet":0,"ocean_menu_typo_line_height_mobile":0,"ocean_menu_typo_line_height_unit":"","ocean_menu_typo_spacing":0,"ocean_menu_typo_spacing_tablet":0,"ocean_menu_typo_spacing_mobile":0,"ocean_menu_typo_spacing_unit":"","ocean_menu_link_color":"","ocean_menu_link_color_hover":"","ocean_menu_link_color_active":"","ocean_menu_link_background":"","ocean_menu_link_hover_background":"","ocean_menu_link_active_background":"","ocean_menu_social_links_bg":"","ocean_menu_social_hover_links_bg":"","ocean_menu_social_links_color":"","ocean_menu_social_hover_links_color":"","ocean_disable_title":"default","ocean_disable_heading":"default","ocean_post_title":"","ocean_post_subheading":"","ocean_post_title_style":"","ocean_post_title_background_color":"","ocean_post_title_background":0,"ocean_post_title_bg_image_position":"","ocean_post_title_bg_image_attachment":"","ocean_post_title_bg_image_repeat":"","ocean_post_title_bg_image_size":"","ocean_post_title_height":0,"ocean_post_title_bg_overlay":0.5,"ocean_post_title_bg_overlay_color":"","ocean_disable_breadcrumbs":"default","ocean_breadcrumbs_color":"","ocean_breadcrumbs_separator_color":"","ocean_breadcrumbs_links_color":"","ocean_breadcrumbs_links_hover_color":"","ocean_display_footer_widgets":"default","ocean_display_footer_bottom":"default","ocean_custom_footer_template":"0","footnotes":""},"class_list":["post-1589","page","type-page","status-publish","hentry","entry","owp-thumbs-layout-horizontal","owp-btn-normal","owp-tabs-layout-section","has-no-thumbnails"],"_links":{"self":[{"href":"https:\/\/matcochemicals.com\/de\/wp-json\/wp\/v2\/pages\/1589","targetHints":{"allow":["GET"]}}],"collection":[{"href":"https:\/\/matcochemicals.com\/de\/wp-json\/wp\/v2\/pages"}],"about":[{"href":"https:\/\/matcochemicals.com\/de\/wp-json\/wp\/v2\/types\/page"}],"author":[{"embeddable":true,"href":"https:\/\/matcochemicals.com\/de\/wp-json\/wp\/v2\/users\/1"}],"replies":[{"embeddable":true,"href":"https:\/\/matcochemicals.com\/de\/wp-json\/wp\/v2\/comments?post=1589"}],"version-history":[{"count":1,"href":"https:\/\/matcochemicals.com\/de\/wp-json\/wp\/v2\/pages\/1589\/revisions"}],"predecessor-version":[{"id":1590,"href":"https:\/\/matcochemicals.com\/de\/wp-json\/wp\/v2\/pages\/1589\/revisions\/1590"}],"wp:attachment":[{"href":"https:\/\/matcochemicals.com\/de\/wp-json\/wp\/v2\/media?parent=1589"}],"curies":[{"name":"wp","href":"https:\/\/api.w.org\/{rel}","templated":true}]}}