{"id":1582,"date":"2023-08-19T19:55:47","date_gmt":"2023-08-19T19:55:47","guid":{"rendered":"https:\/\/matcochemicals.com\/?page_id=1582"},"modified":"2023-09-24T19:10:36","modified_gmt":"2023-09-24T19:10:36","slug":"privacy-cookie-policy","status":"publish","type":"page","link":"https:\/\/matcochemicals.com\/de\/privacy-cookie-policy\/","title":{"rendered":"Privacy &amp; Cookie Policy"},"content":{"rendered":"\n<p>Sie k\u00f6nnen die Matco nv-Website uneingeschr\u00e4nkt besuchen und dabei Informationen \u00fcber unser Unternehmen, Produkte und Dienste sammeln, ohne dass Sie daf\u00fcr pers\u00f6nliche Daten eingeben m\u00fcssen. Ihre pers\u00f6nlichen Daten werden nur dann abgefragt, wenn Sie uns z. B. mit Hilfe des Kontaktformulars kontaktieren m\u00f6chten. Die von Ihnen \u00fcbermittelten pers\u00f6nlichen Daten werden von Matco nv in \u00dcbereinstimmung mit den hier beschriebenen Richtlinien und den gesetzlichen Vorschriften bez\u00fcglich der Verarbeitung personenbezogener Daten behandelt.<\/p>\n\n\n\n<h5 class=\"wp-block-heading\">1. Vertrauliche Verarbeitung personenbezogener Daten<\/h5>\n\n\n\n<p>Die pers\u00f6nlichen Daten, welche Matco nv sammelt, werden in einer sicheren Umgebung, die nicht f\u00fcr die \u00d6ffentlichkeit zug\u00e4nglich ist, gespeichert. Die Daten k\u00f6nnen nur von einer begrenzten Mitarbeiterzahl Matco nv, die diese Informationen f\u00fcr die Aus\u00fcbung ihrer Funktion ben\u00f6tigen, zu Rate gezogen werden. Die Informationen werden lediglich f\u00fcr interne Ziele verarbeitet. Matco nv keine pers\u00f6nlichen Daten an Dritte weiter, au\u00dfer um sich an gesetzliche Verpflichtungen zu halten und bei ausdr\u00fccklichem Ersuchen der Justizbeh\u00f6rden oder Polizei. Im au\u00dfergew\u00f6hnlichen Fall, dass Matco nv personenbezogene Daten doch an Partner-Organisationen oder -Unternehmen weitergeben sollte, wird dies ausdr\u00fccklich gemeldet oder nach Ihrer Zustimmung gefragt. Bei einem Leck (Datenleck) meldet Matco nv dies innerhalb von 72 Stunden an die Datenschutz-Kommission, au\u00dfer Matco nv kann beweisen, dass keinerlei Gefahr f\u00fcr die gesammelten personenbezogenen Daten besteht.<\/p>\n\n\n\n<h5 class=\"wp-block-heading\">2. Ziel der Verarbeitung<\/h5>\n\n\n\n<p>Matco nv verarbeitet die gesammelten pers\u00f6nlichen Daten, um Sie zu identifizieren und eventuell Kontakt mit Ihnen aufnehmen sowie eine optimale Dienstleistung bieten zu k\u00f6nnen. Die Daten k\u00f6nnen auch verwendet werden, um sie \u00fcber Neuigkeiten, neue Dienste und Produkte zu informieren. M\u00f6chten Sie diese Informationen nicht erhalten? Dann k\u00f6nnen Sie dies per E-Mail (<a href=\"mailto:info@matco.be\">info@matco.be<\/a>) oder Brief an Matco nv melden.<\/p>\n\n\n\n<h5 class=\"wp-block-heading\">3. Genehmigung zur Verarbeitung<\/h5>\n\n\n\n<p>Durch die Eingabe Ihrer pers\u00f6nlichen Daten geben Sie Matco nv ausdr\u00fccklich die Genehmigung, diese f\u00fcr die hier oben angegebenen Ziele zu verarbeiten. Wenn Matco nv Ihre pers\u00f6nlichen Daten f\u00fcr andere Ziele verarbeiten oder sie an Partner-Organisationen oder -Unternehmen weitergeben m\u00f6chte, dann werden Sie von Matco nv um Ihre ausdr\u00fcckliche Zustimmung gebeten, wobei Sie auch ablehnen k\u00f6nnen.<\/p>\n\n\n\n<h5 class=\"wp-block-heading\">4. Recht auf Einsichtnahme, Berichtigung und L\u00f6schung personenbezogener Daten<\/h5>\n\n\n\n<p>Sie haben das Recht, die von Matco nv \u00fcber Sie registrierten Daten einzusehen und eventuell ungenaue oder unvollst\u00e4ndige Daten korrigieren zu lassen. Au\u00dferdem k\u00f6nnen Sie zu jeder Zeit die L\u00f6schung Ihrer pers\u00f6nlichen Daten aus dem Datenbestand beantragen. Sie k\u00f6nnen sich hierf\u00fcr per E-Mail (<a href=\"mailto:info@matco.be\">info@matco.be<\/a>) oder Brief an Matco nv wenden.<\/p>\n\n\n\n<h5 class=\"wp-block-heading\">5. Cookie-Richtlinie<\/h5>\n\n\n\n<h6 class=\"wp-block-heading\">Allgemeines<\/h6>\n\n\n\n<p>Diese Website verwendet Cookies. Ein Cookie ist eine kleine einfache Datei, die zusammen mit den Seiten dieser Website gesendet und von Ihrem Browser auf der Festplatte Ihres Computers gespeichert wird. Die auf dieser Website gespeicherten Informationen k\u00f6nnen bei einem sp\u00e4teren Besuch unserer Website an unsere Server zur\u00fcckgesandt werden, so dass nicht nur ein optimales Funktionieren der Website gew\u00e4hrleistet, sondern auch ein besserer Service angeboten werden kann. Schlie\u00dflich merken sich Cookies bestimmte Entscheidungen und Einstellungen, die Sie getroffen haben, damit Ihr n\u00e4chster Besuch schneller, effizienter und auch einfacher wird.<\/p>\n\n\n\n<h6 class=\"wp-block-heading\">Nach Art des Cookies gesammelte Informationen<\/h6>\n\n\n\n<p>Permanente Cookies: Mit Hilfe von permanenten Cookies kann der Besucher beim n\u00e4chsten Besuch der Website wiedererkannt werden. Dadurch kann die Website speziell auf die Pr\u00e4ferenzen des Besuchers eingestellt werden. Auch wenn der Besucher die Erlaubnis zum Setzen von Cookies erteilt hat, kann dies mittels eines Cookies gespeichert werden. Das bedeutet, dass der Besucher seine Pr\u00e4ferenzen nicht immer wieder wiederholen muss, was Zeit spart. Permanente Cookies k\u00f6nnen \u00fcber die Einstellung des Webbrowsers des Besuchers gel\u00f6scht werden.<\/p>\n\n\n\n<p>Session-Cookies: Session-Cookies k\u00f6nnen verwendet werden, um festzustellen, welche Teile der Website der Besucher besucht hat. Dadurch k\u00f6nnen die Dienste so viel wie m\u00f6glich an das Surfverhalten der Besucher angepasst werden, so dass wieder eine optimale und angenehme Nutzung der Website gew\u00e4hrleistet werden kann. Session-Cookies werden automatisch gel\u00f6scht, sobald der Webbrowser geschlossen wird.<\/p>\n\n\n\n<p>Funktionale Cookies: Diese Cookies sind f\u00fcr das Funktionieren der Website oder des Webshops notwendig. Zum Beispiel Cookies, die sich an Anmeldedaten, Spracheinstellungen usw. erinnern.<\/p>\n\n\n\n<p>Analytische Cookies: \u00dcber die Website wird ein Cookie von der Firma Google im Rahmen des Dienstes &#8222;Analytics&#8220; gesetzt. Dieser Service wird verwendet, um zu verfolgen wie die Besucher der Website die Website nutzen und um Berichte dar\u00fcber zu erhalten. Auch wird Google diese Informationen gegebenenfalls an Dritte \u00fcbertragen, sofern dies gesetzlich vorgeschrieben oder soweit Dritte diese Daten im Auftrag von Google verarbeiten. Im \u00dcbrigen kann auf die Datenschutzbestimmungen von Google (<a href=\"https:\/\/www.google.com\/intl\/nl\/policies\/privacy\/\" target=\"_blank\" rel=\"noreferrer noopener\">https:\/\/www.google.com\/intl\/nl\/policies\/privacy\/<\/a>) verwiesen werden.<\/p>\n\n\n\n<h6 class=\"wp-block-heading\">Weitere, auf dieser Website verwendete Cookies<\/h6>\n\n\n\n<p>Google Analytics, um zu verfolgen wie Besucher der Website die Website nutzen und um Berichte dar\u00fcber zu erhalten, um den Service zu verbessern. Weitere Informationen und Lebensdauer unter:&nbsp;<a href=\"https:\/\/www.google.com\/policies\/technologies\/cookies\/\" target=\"_blank\" rel=\"noreferrer noopener\">https:\/\/www.google.com\/policies\/technologies\/cookies\/<\/a>.<\/p>\n\n\n\n<p>Google Adwords, um zu verfolgen, wie viele Besucher die Website \u00fcber eine Google-Werbung besucht haben. Weitere Informationen und Lebensdauer unter:&nbsp;<a href=\"https:\/\/www.google.com\/policies\/technologies\/cookies\/\" target=\"_blank\" rel=\"noreferrer noopener\">https:\/\/www.google.com\/policies\/technologies\/cookies\/<\/a>.<\/p>\n\n\n\n<p>Pop-up-Cookie, erm\u00f6glicht es dem Besucher, jedes Mal, wenn er die Website innerhalb einer Stunde besucht, ein Pop-up zu erhalten, damit er schneller Zugriff auf Werbeaktionen, Produkte&#8230;. hat.<\/p>\n\n\n\n<p>Social Sharing via Facebook, erm\u00f6glicht dem Besucher, bestimmte Aktionen, Produkte&#8230;. via Facebook zu teilen. Die Lebensdauer ist eine einzige Browsersitzung.<\/p>\n\n\n\n<p>Youtube: Um den Service zu verbessern, werden Lehrvideos auf der Website \u00fcber Youtube ver\u00f6ffentlicht. F\u00fcr weitere Informationen und Lebensdauer siehe:&nbsp;<a href=\"https:\/\/www.youtube.com\/static?template=privacy_guidelines\/\" target=\"_blank\" rel=\"noreferrer noopener\">https:\/\/www.youtube.com\/static?template=privacy_guidelines\/<\/a><\/p>\n\n\n\n<h6 class=\"wp-block-heading\">Verwaltung und L\u00f6schung von Cookies<\/h6>\n\n\n\n<p>Sie k\u00f6nnen selbst entscheiden, ob Sie Cookies akzeptieren oder ablehnen. Wenn Sie unsere Website zum ersten Mal besuchen, wird um Ihre Erlaubnis gebeten, diese Cookies zu setzen. Die meisten Webbrowser akzeptieren Cookies automatisch, aber Sie k\u00f6nnen Ihre Browsereinstellungen in der Regel so \u00e4ndern, dass Cookies abgelehnt werden. Sie m\u00fcssen es f\u00fcr jeden Browser und jeden Computer erneut vornehmen. Klicken Sie auf die Hilfe-Funktion des verwendeten Browsers, um zu lesen, wie Sie Ihre Einstellungen selbst vornehmen k\u00f6nnen.<\/p>\n\n\n\n<p>Bitte beachten Sie, dass das Nichtakzeptieren, Deaktivieren oder L\u00f6schen von Cookies dazu f\u00fchren kann, dass bestimmte Funktionen der Website weniger zug\u00e4nglich sind oder m\u00f6glichst fehlerhaft funktionieren.<\/p>\n","protected":false},"excerpt":{"rendered":"<p>Sie k\u00f6nnen die Matco nv-Website uneingeschr\u00e4nkt besuchen und dabei Informationen \u00fcber unser Unternehmen, Produkte und Dienste sammeln, ohne dass Sie daf\u00fcr pers\u00f6nliche Daten eingeben m\u00fcssen. Ihre pers\u00f6nlichen Daten werden nur dann abgefragt, wenn Sie uns z. B. mit Hilfe des Kontaktformulars kontaktieren m\u00f6chten. Die von Ihnen \u00fcbermittelten pers\u00f6nlichen Daten werden von Matco nv in \u00dcbereinstimmung [&hellip;]<\/p>\n","protected":false},"author":1,"featured_media":0,"parent":0,"menu_order":101,"comment_status":"closed","ping_status":"closed","template":"","meta":{"ocean_post_layout":"full-width","ocean_both_sidebars_style":"","ocean_both_sidebars_content_width":0,"ocean_both_sidebars_sidebars_width":0,"ocean_sidebar":"0","ocean_second_sidebar":"0","ocean_disable_margins":"enable","ocean_add_body_class":"","ocean_shortcode_before_top_bar":"","ocean_shortcode_after_top_bar":"","ocean_shortcode_before_header":"","ocean_shortcode_after_header":"","ocean_has_shortcode":"","ocean_shortcode_after_title":"","ocean_shortcode_before_footer_widgets":"","ocean_shortcode_after_footer_widgets":"","ocean_shortcode_before_footer_bottom":"","ocean_shortcode_after_footer_bottom":"","ocean_display_top_bar":"default","ocean_display_header":"default","ocean_header_style":"","ocean_center_header_left_menu":"0","ocean_custom_header_template":"0","ocean_custom_logo":0,"ocean_custom_retina_logo":0,"ocean_custom_logo_max_width":0,"ocean_custom_logo_tablet_max_width":0,"ocean_custom_logo_mobile_max_width":0,"ocean_custom_logo_max_height":0,"ocean_custom_logo_tablet_max_height":0,"ocean_custom_logo_mobile_max_height":0,"ocean_header_custom_menu":"0","ocean_menu_typo_font_family":"0","ocean_menu_typo_font_subset":"","ocean_menu_typo_font_size":0,"ocean_menu_typo_font_size_tablet":0,"ocean_menu_typo_font_size_mobile":0,"ocean_menu_typo_font_size_unit":"px","ocean_menu_typo_font_weight":"","ocean_menu_typo_font_weight_tablet":"","ocean_menu_typo_font_weight_mobile":"","ocean_menu_typo_transform":"","ocean_menu_typo_transform_tablet":"","ocean_menu_typo_transform_mobile":"","ocean_menu_typo_line_height":0,"ocean_menu_typo_line_height_tablet":0,"ocean_menu_typo_line_height_mobile":0,"ocean_menu_typo_line_height_unit":"","ocean_menu_typo_spacing":0,"ocean_menu_typo_spacing_tablet":0,"ocean_menu_typo_spacing_mobile":0,"ocean_menu_typo_spacing_unit":"","ocean_menu_link_color":"","ocean_menu_link_color_hover":"","ocean_menu_link_color_active":"","ocean_menu_link_background":"","ocean_menu_link_hover_background":"","ocean_menu_link_active_background":"","ocean_menu_social_links_bg":"","ocean_menu_social_hover_links_bg":"","ocean_menu_social_links_color":"","ocean_menu_social_hover_links_color":"","ocean_disable_title":"default","ocean_disable_heading":"default","ocean_post_title":"","ocean_post_subheading":"","ocean_post_title_style":"","ocean_post_title_background_color":"","ocean_post_title_background":0,"ocean_post_title_bg_image_position":"","ocean_post_title_bg_image_attachment":"","ocean_post_title_bg_image_repeat":"","ocean_post_title_bg_image_size":"","ocean_post_title_height":0,"ocean_post_title_bg_overlay":0.5,"ocean_post_title_bg_overlay_color":"","ocean_disable_breadcrumbs":"default","ocean_breadcrumbs_color":"","ocean_breadcrumbs_separator_color":"","ocean_breadcrumbs_links_color":"","ocean_breadcrumbs_links_hover_color":"","ocean_display_footer_widgets":"default","ocean_display_footer_bottom":"default","ocean_custom_footer_template":"0","footnotes":""},"class_list":["post-1582","page","type-page","status-publish","hentry","entry","owp-thumbs-layout-horizontal","owp-btn-normal","owp-tabs-layout-section","has-no-thumbnails"],"_links":{"self":[{"href":"https:\/\/matcochemicals.com\/de\/wp-json\/wp\/v2\/pages\/1582","targetHints":{"allow":["GET"]}}],"collection":[{"href":"https:\/\/matcochemicals.com\/de\/wp-json\/wp\/v2\/pages"}],"about":[{"href":"https:\/\/matcochemicals.com\/de\/wp-json\/wp\/v2\/types\/page"}],"author":[{"embeddable":true,"href":"https:\/\/matcochemicals.com\/de\/wp-json\/wp\/v2\/users\/1"}],"replies":[{"embeddable":true,"href":"https:\/\/matcochemicals.com\/de\/wp-json\/wp\/v2\/comments?post=1582"}],"version-history":[{"count":1,"href":"https:\/\/matcochemicals.com\/de\/wp-json\/wp\/v2\/pages\/1582\/revisions"}],"predecessor-version":[{"id":1583,"href":"https:\/\/matcochemicals.com\/de\/wp-json\/wp\/v2\/pages\/1582\/revisions\/1583"}],"wp:attachment":[{"href":"https:\/\/matcochemicals.com\/de\/wp-json\/wp\/v2\/media?parent=1582"}],"curies":[{"name":"wp","href":"https:\/\/api.w.org\/{rel}","templated":true}]}}