{"id":1574,"date":"2023-08-19T19:54:59","date_gmt":"2023-08-19T19:54:59","guid":{"rendered":"https:\/\/matcochemicals.com\/?page_id=1574"},"modified":"2023-09-24T18:57:14","modified_gmt":"2023-09-24T18:57:14","slug":"disclaimer","status":"publish","type":"page","link":"https:\/\/matcochemicals.com\/de\/disclaimer\/","title":{"rendered":"Disclaimer"},"content":{"rendered":"\n<h5 class=\"wp-block-heading\">1. Allgemein<\/h5>\n\n\n\n<p>Sie d\u00fcrfen diese Website und die Informationen auf dieser Website benutzen, solange Sie sich vollkommen an die Bedingungen, die in diesem Text gestellt werden, halten. Matco kann diese Bedingungen jederzeit \u00e4ndern.<\/p>\n\n\n\n<h5 class=\"wp-block-heading\">2. Geistige Eigentumsrechte<\/h5>\n\n\n\n<p>Sie erkl\u00e4ren sich ausdr\u00fccklich damit einverstanden, dass die gesamten \u00fcbermittelten Informationen und Daten Eigentum von Matco sind und bleiben. Texte, Abbildungen und andere Elemente auf der Website werden vom Urheberrecht gesch\u00fctzt. M\u00f6chten Sie diese reproduzieren oder weitergeben? Dann m\u00fcssen Sie von Matco eine ausdr\u00fcckliche schriftliche Genehmigung einholen, au\u00dfer wenn dies gem\u00e4\u00df den Bestimmungen des Gesetzes von 30. Juni 1994 zum Urheberrecht und den benachbarten Rechten nicht n\u00f6tig ist. Sie haben zum Beispiel das Recht, Informationen auf dieser Website f\u00fcr die Privatnutzung zu downloaden und reproduzieren.<\/p>\n\n\n\n<h5 class=\"wp-block-heading\">3. Anbringen von Hyperlinks zur Matco-Website<\/h5>\n\n\n\n<p>Sie d\u00fcrfen auf Ihrer eigenen Website einen Link zur Startseite der Matco-Website anbringen. Die Webseite, worauf der Hyperlink platziert ist, darf nach dem \u00d6ffnen des Links in keiner Weise mehr zu sehen sein und die URL-Adresse der Matco-Website muss deutlich sichtbar sein. Andere Hyperlinks d\u00fcrfen Sie nur nach ausdr\u00fccklicher schriftlicher Genehmigung durch Matco anbringen. Sie k\u00f6nnen Ihren Antrag mit Hilfe des auf der Website befindlichen Kontaktformulars an Matco senden.<\/p>\n\n\n\n<h5 class=\"wp-block-heading\">4. Haftung von Matco<\/h5>\n\n\n\n<p>Die Informationen auf der Matco-Website sind das Ergebnis gewissenhafter Untersuchung und Analyse. Matco strebt danach, Sie so genau und vollst\u00e4ndig wie m\u00f6glich zu informieren. Sollten die Informationen auf der Website dennoch unvollst\u00e4ndig sein oder Fehler bzw. Abweichungen in technischen Spezifikationen enthalten, dann \u00fcbernimmt Matco hierf\u00fcr keine Haftung.<\/p>\n","protected":false},"excerpt":{"rendered":"<p>1. Allgemein Sie d\u00fcrfen diese Website und die Informationen auf dieser Website benutzen, solange Sie sich vollkommen an die Bedingungen, die in diesem Text gestellt werden, halten. Matco kann diese Bedingungen jederzeit \u00e4ndern. 2. Geistige Eigentumsrechte Sie erkl\u00e4ren sich ausdr\u00fccklich damit einverstanden, dass die gesamten \u00fcbermittelten Informationen und Daten Eigentum von Matco sind und bleiben. [&hellip;]<\/p>\n","protected":false},"author":1,"featured_media":0,"parent":0,"menu_order":59,"comment_status":"closed","ping_status":"closed","template":"","meta":{"ocean_post_layout":"full-width","ocean_both_sidebars_style":"","ocean_both_sidebars_content_width":0,"ocean_both_sidebars_sidebars_width":0,"ocean_sidebar":"0","ocean_second_sidebar":"0","ocean_disable_margins":"enable","ocean_add_body_class":"","ocean_shortcode_before_top_bar":"","ocean_shortcode_after_top_bar":"","ocean_shortcode_before_header":"","ocean_shortcode_after_header":"","ocean_has_shortcode":"","ocean_shortcode_after_title":"","ocean_shortcode_before_footer_widgets":"","ocean_shortcode_after_footer_widgets":"","ocean_shortcode_before_footer_bottom":"","ocean_shortcode_after_footer_bottom":"","ocean_display_top_bar":"default","ocean_display_header":"default","ocean_header_style":"","ocean_center_header_left_menu":"0","ocean_custom_header_template":"0","ocean_custom_logo":0,"ocean_custom_retina_logo":0,"ocean_custom_logo_max_width":0,"ocean_custom_logo_tablet_max_width":0,"ocean_custom_logo_mobile_max_width":0,"ocean_custom_logo_max_height":0,"ocean_custom_logo_tablet_max_height":0,"ocean_custom_logo_mobile_max_height":0,"ocean_header_custom_menu":"0","ocean_menu_typo_font_family":"0","ocean_menu_typo_font_subset":"","ocean_menu_typo_font_size":0,"ocean_menu_typo_font_size_tablet":0,"ocean_menu_typo_font_size_mobile":0,"ocean_menu_typo_font_size_unit":"px","ocean_menu_typo_font_weight":"","ocean_menu_typo_font_weight_tablet":"","ocean_menu_typo_font_weight_mobile":"","ocean_menu_typo_transform":"","ocean_menu_typo_transform_tablet":"","ocean_menu_typo_transform_mobile":"","ocean_menu_typo_line_height":0,"ocean_menu_typo_line_height_tablet":0,"ocean_menu_typo_line_height_mobile":0,"ocean_menu_typo_line_height_unit":"","ocean_menu_typo_spacing":0,"ocean_menu_typo_spacing_tablet":0,"ocean_menu_typo_spacing_mobile":0,"ocean_menu_typo_spacing_unit":"","ocean_menu_link_color":"","ocean_menu_link_color_hover":"","ocean_menu_link_color_active":"","ocean_menu_link_background":"","ocean_menu_link_hover_background":"","ocean_menu_link_active_background":"","ocean_menu_social_links_bg":"","ocean_menu_social_hover_links_bg":"","ocean_menu_social_links_color":"","ocean_menu_social_hover_links_color":"","ocean_disable_title":"default","ocean_disable_heading":"default","ocean_post_title":"","ocean_post_subheading":"","ocean_post_title_style":"","ocean_post_title_background_color":"","ocean_post_title_background":0,"ocean_post_title_bg_image_position":"","ocean_post_title_bg_image_attachment":"","ocean_post_title_bg_image_repeat":"","ocean_post_title_bg_image_size":"","ocean_post_title_height":0,"ocean_post_title_bg_overlay":0.5,"ocean_post_title_bg_overlay_color":"","ocean_disable_breadcrumbs":"default","ocean_breadcrumbs_color":"","ocean_breadcrumbs_separator_color":"","ocean_breadcrumbs_links_color":"","ocean_breadcrumbs_links_hover_color":"","ocean_display_footer_widgets":"default","ocean_display_footer_bottom":"default","ocean_custom_footer_template":"0","footnotes":""},"class_list":["post-1574","page","type-page","status-publish","hentry","entry","owp-thumbs-layout-horizontal","owp-btn-normal","owp-tabs-layout-section","has-no-thumbnails"],"_links":{"self":[{"href":"https:\/\/matcochemicals.com\/de\/wp-json\/wp\/v2\/pages\/1574","targetHints":{"allow":["GET"]}}],"collection":[{"href":"https:\/\/matcochemicals.com\/de\/wp-json\/wp\/v2\/pages"}],"about":[{"href":"https:\/\/matcochemicals.com\/de\/wp-json\/wp\/v2\/types\/page"}],"author":[{"embeddable":true,"href":"https:\/\/matcochemicals.com\/de\/wp-json\/wp\/v2\/users\/1"}],"replies":[{"embeddable":true,"href":"https:\/\/matcochemicals.com\/de\/wp-json\/wp\/v2\/comments?post=1574"}],"version-history":[{"count":1,"href":"https:\/\/matcochemicals.com\/de\/wp-json\/wp\/v2\/pages\/1574\/revisions"}],"predecessor-version":[{"id":1575,"href":"https:\/\/matcochemicals.com\/de\/wp-json\/wp\/v2\/pages\/1574\/revisions\/1575"}],"wp:attachment":[{"href":"https:\/\/matcochemicals.com\/de\/wp-json\/wp\/v2\/media?parent=1574"}],"curies":[{"name":"wp","href":"https:\/\/api.w.org\/{rel}","templated":true}]}}