{"id":1566,"date":"2023-08-20T10:08:59","date_gmt":"2023-08-20T10:08:59","guid":{"rendered":"https:\/\/matcochemicals.com\/?page_id=1566"},"modified":"2024-09-06T14:42:01","modified_gmt":"2024-09-06T14:42:01","slug":"minderwertige-chemische-produkte","status":"publish","type":"page","link":"https:\/\/matcochemicals.com\/de\/minderwertige-chemische-produkte\/","title":{"rendered":"Nicht-spezifische Chemikalien"},"content":{"rendered":"\n<p>Vor \u00fcber 30 Jahren, zu einer Zeit, als \u00d6kologie in der Industrie noch unbekannt war, wurde mit dieser T\u00e4tigkeit eine der ersten Full-Service-Abteilungen von Matco nv gegr\u00fcndet.\nVon Anfang an entschied sich Matco f\u00fcr die Anwendung der Kreislaufwirtschaft und des Cradle-to-Cradle-Prinzips, noch lange bevor diese Begriffe \u00fcberhaupt erfunden wurden.\nAll diese Jahre der Erfahrung haben uns gelehrt, in der Vielzahl der chemischen Industrien vorgefertigte L\u00f6sungen anzubieten, um die R\u00fcckgewinnung und Aufwertung von &#8218;problematischen&#8216; F\u00e4llen zu gew\u00e4hrleisten.\nAuf diese Weise kann f\u00fcr jeden Industriezweig innerhalb der gro\u00dfen Vielfalt der Chemie schnell eine angemessene Antwort gegeben werden.\nEinige Beispiele f\u00fcr Sch\u00e4den, R\u00fcckst\u00e4nde, nicht spezifikationsgerechtes oder kontaminiertes Material und \u00dcberbest\u00e4nde:    <\/p>\n\n<ul class=\"wp-block-list\">\n<li>Dispersionen auf Wasserbasis (auf Basis von Acrylat, Vinylacetat, Latex, Polyurethan usw.)<\/li>\n\n\n\n<li>Abweichende Titandioxide (Rutil und Anatas, oder Mischungen mit anderen F\u00fcllstoffen)<\/li>\n\n\n\n<li>Alkalische Puffer (<sub>Na2CO3<\/sub>, NaOH, KOH, usw.)<\/li>\n\n\n\n<li>Anorganische metallurgische Produkte<\/li>\n\n\n\n<li>Nicht-spezifische organische L\u00f6sungsmittel (auch stark verunreinigte)<\/li>\n\n\n\n<li>Bakteriologisch abbaubare Produkte<\/li>\n<\/ul>\n\n<p>Diese Produkte werden oft vernichtet und verursachen hohe Kosten f\u00fcr den Hersteller.\nMatco bietet eine vollst\u00e4ndige und zuverl\u00e4ssige L\u00f6sung f\u00fcr ALLE (gef\u00e4hrlichen) chemischen Abf\u00e4lle, einschlie\u00dflich der Logistik und Verwaltung.\nEs gibt keine Einschr\u00e4nkungen in Bezug auf Verpackung oder Menge.\nMatco bietet kosteneffiziente und umweltfreundliche L\u00f6sungen dank eines umfangreichen Netzwerks von alternativen Endverbrauchern und erf\u00fcllt dabei alle gesetzlichen Vorschriften.\nWir verf\u00fcgen \u00fcber eine Genehmigung f\u00fcr die <a href=\"https:\/\/matcochemicals.com\/de\/sammlung-entsorgung-von-abfall\/\" data-type=\"page\" data-id=\"271\">(vor\u00fcbergehende) Lagerung gef\u00e4hrlicher chemischer Abf\u00e4lle<\/a> und sind <a href=\"https:\/\/matcochemicals.com\/de\/sammlung-entsorgung-von-abfall\/\" data-type=\"page\" data-id=\"271\">in allen belgischen Regionen (Flandern, Wallonien und Br\u00fcssel) als Sammler akkreditiert<\/a>.      <\/p>\n\n<figure class=\"wp-block-gallery has-nested-images columns-default is-cropped wp-block-gallery-1 is-layout-flex wp-block-gallery-is-layout-flex\">\n<figure class=\"wp-block-image size-large\"><img loading=\"lazy\" decoding=\"async\" width=\"1024\" height=\"683\" data-id=\"278\" src=\"http:\/\/www.matcochemicals.com\/wp-content\/uploads\/2023\/08\/Lijmen-watergedragen-01-1-1024x683.jpg\" alt=\"\" class=\"wp-image-278\" srcset=\"https:\/\/matcochemicals.com\/wp-content\/uploads\/2023\/08\/Lijmen-watergedragen-01-1-1024x683.jpg 1024w, https:\/\/matcochemicals.com\/wp-content\/uploads\/2023\/08\/Lijmen-watergedragen-01-1-200x133.jpg 200w, https:\/\/matcochemicals.com\/wp-content\/uploads\/2023\/08\/Lijmen-watergedragen-01-1-400x267.jpg 400w, https:\/\/matcochemicals.com\/wp-content\/uploads\/2023\/08\/Lijmen-watergedragen-01-1-300x200.jpg 300w, https:\/\/matcochemicals.com\/wp-content\/uploads\/2023\/08\/Lijmen-watergedragen-01-1-768x512.jpg 768w, https:\/\/matcochemicals.com\/wp-content\/uploads\/2023\/08\/Lijmen-watergedragen-01-1.jpg 1200w\" sizes=\"auto, (max-width: 1024px) 100vw, 1024px\" \/><\/figure>\n\n\n\n<figure class=\"wp-block-image size-large\"><img loading=\"lazy\" decoding=\"async\" width=\"1024\" height=\"683\" data-id=\"279\" src=\"http:\/\/www.matcochemicals.com\/wp-content\/uploads\/2023\/08\/Tweede-keus-chemische-producten-02-1024x683.jpg\" alt=\"\" class=\"wp-image-279\" srcset=\"https:\/\/matcochemicals.com\/wp-content\/uploads\/2023\/08\/Tweede-keus-chemische-producten-02-1024x683.jpg 1024w, https:\/\/matcochemicals.com\/wp-content\/uploads\/2023\/08\/Tweede-keus-chemische-producten-02-200x133.jpg 200w, https:\/\/matcochemicals.com\/wp-content\/uploads\/2023\/08\/Tweede-keus-chemische-producten-02-400x267.jpg 400w, https:\/\/matcochemicals.com\/wp-content\/uploads\/2023\/08\/Tweede-keus-chemische-producten-02-300x200.jpg 300w, https:\/\/matcochemicals.com\/wp-content\/uploads\/2023\/08\/Tweede-keus-chemische-producten-02-768x512.jpg 768w, https:\/\/matcochemicals.com\/wp-content\/uploads\/2023\/08\/Tweede-keus-chemische-producten-02.jpg 1200w\" sizes=\"auto, (max-width: 1024px) 100vw, 1024px\" \/><\/figure>\n\n\n\n<figure class=\"wp-block-image size-large\"><img loading=\"lazy\" decoding=\"async\" width=\"1024\" height=\"683\" data-id=\"280\" src=\"http:\/\/www.matcochemicals.com\/wp-content\/uploads\/2023\/08\/Tweede-keus-chemische-producten-03-1024x683.jpg\" alt=\"\" class=\"wp-image-280\" srcset=\"https:\/\/matcochemicals.com\/wp-content\/uploads\/2023\/08\/Tweede-keus-chemische-producten-03-1024x683.jpg 1024w, https:\/\/matcochemicals.com\/wp-content\/uploads\/2023\/08\/Tweede-keus-chemische-producten-03-200x133.jpg 200w, https:\/\/matcochemicals.com\/wp-content\/uploads\/2023\/08\/Tweede-keus-chemische-producten-03-400x267.jpg 400w, https:\/\/matcochemicals.com\/wp-content\/uploads\/2023\/08\/Tweede-keus-chemische-producten-03-300x200.jpg 300w, https:\/\/matcochemicals.com\/wp-content\/uploads\/2023\/08\/Tweede-keus-chemische-producten-03-768x512.jpg 768w, https:\/\/matcochemicals.com\/wp-content\/uploads\/2023\/08\/Tweede-keus-chemische-producten-03.jpg 1200w\" sizes=\"auto, (max-width: 1024px) 100vw, 1024px\" \/><\/figure>\n<\/figure>\n","protected":false},"excerpt":{"rendered":"<p>Matco bietet geeignete L\u00f6sungen f\u00fcr Schadensf\u00e4lle, R\u00fcckst\u00e4nde, nicht spezifikationsgerechtes oder kontaminiertes Material oder \u00dcberbest\u00e4nde.  <\/p>\n","protected":false},"author":1,"featured_media":740,"parent":0,"menu_order":119,"comment_status":"closed","ping_status":"closed","template":"","meta":{"ocean_post_layout":"","ocean_both_sidebars_style":"","ocean_both_sidebars_content_width":0,"ocean_both_sidebars_sidebars_width":0,"ocean_sidebar":"0","ocean_second_sidebar":"0","ocean_disable_margins":"enable","ocean_add_body_class":"","ocean_shortcode_before_top_bar":"","ocean_shortcode_after_top_bar":"","ocean_shortcode_before_header":"","ocean_shortcode_after_header":"","ocean_has_shortcode":"","ocean_shortcode_after_title":"","ocean_shortcode_before_footer_widgets":"","ocean_shortcode_after_footer_widgets":"","ocean_shortcode_before_footer_bottom":"","ocean_shortcode_after_footer_bottom":"","ocean_display_top_bar":"default","ocean_display_header":"default","ocean_header_style":"","ocean_center_header_left_menu":"0","ocean_custom_header_template":"0","ocean_custom_logo":0,"ocean_custom_retina_logo":0,"ocean_custom_logo_max_width":0,"ocean_custom_logo_tablet_max_width":0,"ocean_custom_logo_mobile_max_width":0,"ocean_custom_logo_max_height":0,"ocean_custom_logo_tablet_max_height":0,"ocean_custom_logo_mobile_max_height":0,"ocean_header_custom_menu":"0","ocean_menu_typo_font_family":"0","ocean_menu_typo_font_subset":"","ocean_menu_typo_font_size":0,"ocean_menu_typo_font_size_tablet":0,"ocean_menu_typo_font_size_mobile":0,"ocean_menu_typo_font_size_unit":"px","ocean_menu_typo_font_weight":"","ocean_menu_typo_font_weight_tablet":"","ocean_menu_typo_font_weight_mobile":"","ocean_menu_typo_transform":"","ocean_menu_typo_transform_tablet":"","ocean_menu_typo_transform_mobile":"","ocean_menu_typo_line_height":0,"ocean_menu_typo_line_height_tablet":0,"ocean_menu_typo_line_height_mobile":0,"ocean_menu_typo_line_height_unit":"","ocean_menu_typo_spacing":0,"ocean_menu_typo_spacing_tablet":0,"ocean_menu_typo_spacing_mobile":0,"ocean_menu_typo_spacing_unit":"","ocean_menu_link_color":"","ocean_menu_link_color_hover":"","ocean_menu_link_color_active":"","ocean_menu_link_background":"","ocean_menu_link_hover_background":"","ocean_menu_link_active_background":"","ocean_menu_social_links_bg":"","ocean_menu_social_hover_links_bg":"","ocean_menu_social_links_color":"","ocean_menu_social_hover_links_color":"","ocean_disable_title":"default","ocean_disable_heading":"default","ocean_post_title":"","ocean_post_subheading":"","ocean_post_title_style":"","ocean_post_title_background_color":"","ocean_post_title_background":0,"ocean_post_title_bg_image_position":"","ocean_post_title_bg_image_attachment":"","ocean_post_title_bg_image_repeat":"","ocean_post_title_bg_image_size":"","ocean_post_title_height":0,"ocean_post_title_bg_overlay":0.5,"ocean_post_title_bg_overlay_color":"","ocean_disable_breadcrumbs":"default","ocean_breadcrumbs_color":"","ocean_breadcrumbs_separator_color":"","ocean_breadcrumbs_links_color":"","ocean_breadcrumbs_links_hover_color":"","ocean_display_footer_widgets":"default","ocean_display_footer_bottom":"default","ocean_custom_footer_template":"0","footnotes":""},"class_list":["post-1566","page","type-page","status-publish","has-post-thumbnail","hentry","entry","has-media","owp-thumbs-layout-horizontal","owp-btn-normal","owp-tabs-layout-section","has-no-thumbnails"],"_links":{"self":[{"href":"https:\/\/matcochemicals.com\/de\/wp-json\/wp\/v2\/pages\/1566","targetHints":{"allow":["GET"]}}],"collection":[{"href":"https:\/\/matcochemicals.com\/de\/wp-json\/wp\/v2\/pages"}],"about":[{"href":"https:\/\/matcochemicals.com\/de\/wp-json\/wp\/v2\/types\/page"}],"author":[{"embeddable":true,"href":"https:\/\/matcochemicals.com\/de\/wp-json\/wp\/v2\/users\/1"}],"replies":[{"embeddable":true,"href":"https:\/\/matcochemicals.com\/de\/wp-json\/wp\/v2\/comments?post=1566"}],"version-history":[{"count":3,"href":"https:\/\/matcochemicals.com\/de\/wp-json\/wp\/v2\/pages\/1566\/revisions"}],"predecessor-version":[{"id":4215,"href":"https:\/\/matcochemicals.com\/de\/wp-json\/wp\/v2\/pages\/1566\/revisions\/4215"}],"wp:featuredmedia":[{"embeddable":true,"href":"https:\/\/matcochemicals.com\/de\/wp-json\/wp\/v2\/media\/740"}],"wp:attachment":[{"href":"https:\/\/matcochemicals.com\/de\/wp-json\/wp\/v2\/media?parent=1566"}],"curies":[{"name":"wp","href":"https:\/\/api.w.org\/{rel}","templated":true}]}}