{"id":1562,"date":"2023-08-20T10:07:49","date_gmt":"2023-08-20T10:07:49","guid":{"rendered":"https:\/\/matcochemicals.com\/?page_id=1562"},"modified":"2025-04-29T19:05:40","modified_gmt":"2025-04-29T19:05:40","slug":"sammlung-entsorgung-von-abfall","status":"publish","type":"page","link":"https:\/\/matcochemicals.com\/de\/sammlung-entsorgung-von-abfall\/","title":{"rendered":"Verarbeitung von chemischen Abf\u00e4llen"},"content":{"rendered":"\n<p>Matco tr\u00e4gt zur Kreislaufwirtschaft bei, indem es jeden Abfallstrom zu neuen Rohstoffen verarbeitet oder in Energie umwandelt, und zwar sowohl in seinen eigenen Anlagen als auch durch externe Verarbeitungsbetriebe.\nMatco bietet Ihnen ein komplettes Paket, wenn es um die Entsorgung von chemischen Abf\u00e4llen geht.\nWir k\u00fcmmern uns um alles, was mit chemischen Abf\u00e4llen und der Verarbeitung von chemischen Abf\u00e4llen zu tun hat, und zwar dauerhaft, f\u00fcr alle Abfallprodukte, auch in kleinen Mengen.\nWir bieten eine ma\u00dfgeschneiderte Gesamtl\u00f6sung f\u00fcr die Sammlung, Verarbeitung, Behandlung, Reinigung und den Transport von chemischen Abfallprodukten.   <\/p>\n\n\n\n<figure class=\"wp-block-gallery has-nested-images columns-default is-cropped wp-block-gallery-1 is-layout-flex wp-block-gallery-is-layout-flex\">\n<figure class=\"wp-block-image size-large\"><img loading=\"lazy\" decoding=\"async\" width=\"1024\" height=\"683\" data-id=\"274\" src=\"http:\/\/www.matcochemicals.com\/wp-content\/uploads\/2023\/08\/Inzameling-verwerking-afval-01-1024x683.jpg\" alt=\"\" class=\"wp-image-274\" srcset=\"https:\/\/matcochemicals.com\/wp-content\/uploads\/2023\/08\/Inzameling-verwerking-afval-01-1024x683.jpg 1024w, https:\/\/matcochemicals.com\/wp-content\/uploads\/2023\/08\/Inzameling-verwerking-afval-01-200x133.jpg 200w, https:\/\/matcochemicals.com\/wp-content\/uploads\/2023\/08\/Inzameling-verwerking-afval-01-400x267.jpg 400w, https:\/\/matcochemicals.com\/wp-content\/uploads\/2023\/08\/Inzameling-verwerking-afval-01-300x200.jpg 300w, https:\/\/matcochemicals.com\/wp-content\/uploads\/2023\/08\/Inzameling-verwerking-afval-01-768x512.jpg 768w, https:\/\/matcochemicals.com\/wp-content\/uploads\/2023\/08\/Inzameling-verwerking-afval-01.jpg 1200w\" sizes=\"auto, (max-width: 1024px) 100vw, 1024px\" \/><\/figure>\n\n\n\n<figure class=\"wp-block-image size-large\"><img loading=\"lazy\" decoding=\"async\" width=\"1024\" height=\"683\" data-id=\"272\" src=\"http:\/\/www.matcochemicals.com\/wp-content\/uploads\/2023\/08\/Inzameling-verwerking-afval-02-1024x683.jpg\" alt=\"\" class=\"wp-image-272\" srcset=\"https:\/\/matcochemicals.com\/wp-content\/uploads\/2023\/08\/Inzameling-verwerking-afval-02-1024x683.jpg 1024w, https:\/\/matcochemicals.com\/wp-content\/uploads\/2023\/08\/Inzameling-verwerking-afval-02-200x133.jpg 200w, https:\/\/matcochemicals.com\/wp-content\/uploads\/2023\/08\/Inzameling-verwerking-afval-02-400x267.jpg 400w, https:\/\/matcochemicals.com\/wp-content\/uploads\/2023\/08\/Inzameling-verwerking-afval-02-300x200.jpg 300w, https:\/\/matcochemicals.com\/wp-content\/uploads\/2023\/08\/Inzameling-verwerking-afval-02-768x512.jpg 768w, https:\/\/matcochemicals.com\/wp-content\/uploads\/2023\/08\/Inzameling-verwerking-afval-02.jpg 1200w\" sizes=\"auto, (max-width: 1024px) 100vw, 1024px\" \/><\/figure>\n\n\n\n<figure class=\"wp-block-image size-large\"><img loading=\"lazy\" decoding=\"async\" width=\"1024\" height=\"683\" data-id=\"273\" src=\"http:\/\/www.matcochemicals.com\/wp-content\/uploads\/2023\/08\/Inzameling-verwerking-afval-03-1024x683.jpg\" alt=\"\" class=\"wp-image-273\" srcset=\"https:\/\/matcochemicals.com\/wp-content\/uploads\/2023\/08\/Inzameling-verwerking-afval-03-1024x683.jpg 1024w, https:\/\/matcochemicals.com\/wp-content\/uploads\/2023\/08\/Inzameling-verwerking-afval-03-200x133.jpg 200w, https:\/\/matcochemicals.com\/wp-content\/uploads\/2023\/08\/Inzameling-verwerking-afval-03-400x267.jpg 400w, https:\/\/matcochemicals.com\/wp-content\/uploads\/2023\/08\/Inzameling-verwerking-afval-03-300x200.jpg 300w, https:\/\/matcochemicals.com\/wp-content\/uploads\/2023\/08\/Inzameling-verwerking-afval-03-768x512.jpg 768w, https:\/\/matcochemicals.com\/wp-content\/uploads\/2023\/08\/Inzameling-verwerking-afval-03.jpg 1200w\" sizes=\"auto, (max-width: 1024px) 100vw, 1024px\" \/><\/figure>\n<\/figure>\n\n\n\n<h2 class=\"wp-block-heading\">Eine Auswahl unserer Dienstleistungen:<\/h2>\n\n\n\n<ul class=\"wp-block-list\">\n<li>Industrielle Tankreinigung<\/li>\n\n\n\n<li>R\u00e4umung von verlassenen Industriestandorten<\/li>\n\n\n\n<li>Aufr\u00e4umarbeiten nach Katastrophen (Feuer, \u00dcberschwemmung, Leckage, Unfall, etc.)<\/li>\n\n\n\n<li>Sammlung, Transport und Verarbeitung von gef\u00e4hrlichen Abf\u00e4llen: L\u00f6sungsmittel, S\u00e4uren, \u00d6labf\u00e4lle, Harze, Klebstoffe, Basen, toxische Produkte, oxidierende Produkte usw.<\/li>\n\n\n\n<li>Sammlung von au\u00dfergew\u00f6hnlichen und gef\u00e4hrlichen chemischen Abf\u00e4llen: Tinte, Farbabf\u00e4lle, leere kontaminierte Verpackungen, Laborabf\u00e4lle, Sprays, kontaminierte Reinigungsabf\u00e4lle, Batterien usw.<\/li>\n\n\n\n<li>Transport und Verarbeitung von Industrieabw\u00e4ssern und Schl\u00e4mmen.<\/li>\n\n\n\n<li>Wiederverwendung von \u00dcberbest\u00e4nden im Produktionsprozess oder Suche nach einer geeigneten Verwendung f\u00fcr Ihre \u00dcberbest\u00e4nde.<\/li>\n\n\n\n<li><a href=\"https:\/\/matcochemicals.com\/de\/verarbeitung-von-pfas-schaumstoffkonzentraten\/\" data-type=\"page\" data-id=\"5455\">Verarbeitung von PFAS-haltigen Schaummitteln<\/a><\/li>\n<\/ul>\n\n\n\n<h2 class=\"wp-block-heading\">Lizenzen:<\/h2>\n\n\n\n<p>Anerkannter Sammler f\u00fcr das gesamte belgische Staatsgebiet.Zulassungsnummer OVAM (\u00d6ffentliche Abfallagentur von Flandern: 3301.Umweltlizenz mit u.a. Lagerung von 515 Tonnen gef\u00e4hrlicher Abf\u00e4lle.<\/p>\n\n\n\n<p><a href=\"https:\/\/www.matco.be\/images\/Diensten\/Inzameling-verwerking-afval\/02\/Inzameling-verwerking-afval-04.jpg\"><\/a><\/p>\n\n\n<div class=\"wp-block-image\">\n<figure class=\"aligncenter size-large is-resized\"><img loading=\"lazy\" decoding=\"async\" width=\"1024\" height=\"683\" src=\"http:\/\/www.matcochemicals.com\/wp-content\/uploads\/2023\/08\/Distributie-01-1-1-1024x683.jpg\" alt=\"\" class=\"wp-image-275\" style=\"width:313px;height:209px\" srcset=\"https:\/\/matcochemicals.com\/wp-content\/uploads\/2023\/08\/Distributie-01-1-1-1024x683.jpg 1024w, https:\/\/matcochemicals.com\/wp-content\/uploads\/2023\/08\/Distributie-01-1-1-200x133.jpg 200w, https:\/\/matcochemicals.com\/wp-content\/uploads\/2023\/08\/Distributie-01-1-1-400x267.jpg 400w, https:\/\/matcochemicals.com\/wp-content\/uploads\/2023\/08\/Distributie-01-1-1-300x200.jpg 300w, https:\/\/matcochemicals.com\/wp-content\/uploads\/2023\/08\/Distributie-01-1-1-768x512.jpg 768w, https:\/\/matcochemicals.com\/wp-content\/uploads\/2023\/08\/Distributie-01-1-1.jpg 1200w\" sizes=\"auto, (max-width: 1024px) 100vw, 1024px\" \/><\/figure>\n<\/div>","protected":false},"excerpt":{"rendered":"<p>Matco wendet die Kreislaufwirtschaft an, indem es jeden Abfallstrom zur Gewinnung von Energie oder eines neuen Rohstoffs verarbeitet, sowohl in seinen eigenen Anlagen als auch in externen Verarbeitungsbetrieben.<\/p>\n","protected":false},"author":1,"featured_media":725,"parent":0,"menu_order":63,"comment_status":"closed","ping_status":"closed","template":"","meta":{"ocean_post_layout":"","ocean_both_sidebars_style":"","ocean_both_sidebars_content_width":0,"ocean_both_sidebars_sidebars_width":0,"ocean_sidebar":"0","ocean_second_sidebar":"0","ocean_disable_margins":"enable","ocean_add_body_class":"","ocean_shortcode_before_top_bar":"","ocean_shortcode_after_top_bar":"","ocean_shortcode_before_header":"","ocean_shortcode_after_header":"","ocean_has_shortcode":"","ocean_shortcode_after_title":"","ocean_shortcode_before_footer_widgets":"","ocean_shortcode_after_footer_widgets":"","ocean_shortcode_before_footer_bottom":"","ocean_shortcode_after_footer_bottom":"","ocean_display_top_bar":"default","ocean_display_header":"default","ocean_header_style":"","ocean_center_header_left_menu":"0","ocean_custom_header_template":"0","ocean_custom_logo":0,"ocean_custom_retina_logo":0,"ocean_custom_logo_max_width":0,"ocean_custom_logo_tablet_max_width":0,"ocean_custom_logo_mobile_max_width":0,"ocean_custom_logo_max_height":0,"ocean_custom_logo_tablet_max_height":0,"ocean_custom_logo_mobile_max_height":0,"ocean_header_custom_menu":"0","ocean_menu_typo_font_family":"0","ocean_menu_typo_font_subset":"","ocean_menu_typo_font_size":0,"ocean_menu_typo_font_size_tablet":0,"ocean_menu_typo_font_size_mobile":0,"ocean_menu_typo_font_size_unit":"px","ocean_menu_typo_font_weight":"","ocean_menu_typo_font_weight_tablet":"","ocean_menu_typo_font_weight_mobile":"","ocean_menu_typo_transform":"","ocean_menu_typo_transform_tablet":"","ocean_menu_typo_transform_mobile":"","ocean_menu_typo_line_height":0,"ocean_menu_typo_line_height_tablet":0,"ocean_menu_typo_line_height_mobile":0,"ocean_menu_typo_line_height_unit":"","ocean_menu_typo_spacing":0,"ocean_menu_typo_spacing_tablet":0,"ocean_menu_typo_spacing_mobile":0,"ocean_menu_typo_spacing_unit":"","ocean_menu_link_color":"","ocean_menu_link_color_hover":"","ocean_menu_link_color_active":"","ocean_menu_link_background":"","ocean_menu_link_hover_background":"","ocean_menu_link_active_background":"","ocean_menu_social_links_bg":"","ocean_menu_social_hover_links_bg":"","ocean_menu_social_links_color":"","ocean_menu_social_hover_links_color":"","ocean_disable_title":"default","ocean_disable_heading":"default","ocean_post_title":"","ocean_post_subheading":"","ocean_post_title_style":"","ocean_post_title_background_color":"","ocean_post_title_background":0,"ocean_post_title_bg_image_position":"","ocean_post_title_bg_image_attachment":"","ocean_post_title_bg_image_repeat":"","ocean_post_title_bg_image_size":"","ocean_post_title_height":0,"ocean_post_title_bg_overlay":0.5,"ocean_post_title_bg_overlay_color":"","ocean_disable_breadcrumbs":"default","ocean_breadcrumbs_color":"","ocean_breadcrumbs_separator_color":"","ocean_breadcrumbs_links_color":"","ocean_breadcrumbs_links_hover_color":"","ocean_display_footer_widgets":"default","ocean_display_footer_bottom":"default","ocean_custom_footer_template":"0","footnotes":""},"class_list":["post-1562","page","type-page","status-publish","has-post-thumbnail","hentry","entry","has-media","owp-thumbs-layout-horizontal","owp-btn-normal","owp-tabs-layout-section","has-no-thumbnails"],"_links":{"self":[{"href":"https:\/\/matcochemicals.com\/de\/wp-json\/wp\/v2\/pages\/1562","targetHints":{"allow":["GET"]}}],"collection":[{"href":"https:\/\/matcochemicals.com\/de\/wp-json\/wp\/v2\/pages"}],"about":[{"href":"https:\/\/matcochemicals.com\/de\/wp-json\/wp\/v2\/types\/page"}],"author":[{"embeddable":true,"href":"https:\/\/matcochemicals.com\/de\/wp-json\/wp\/v2\/users\/1"}],"replies":[{"embeddable":true,"href":"https:\/\/matcochemicals.com\/de\/wp-json\/wp\/v2\/comments?post=1562"}],"version-history":[{"count":4,"href":"https:\/\/matcochemicals.com\/de\/wp-json\/wp\/v2\/pages\/1562\/revisions"}],"predecessor-version":[{"id":5463,"href":"https:\/\/matcochemicals.com\/de\/wp-json\/wp\/v2\/pages\/1562\/revisions\/5463"}],"wp:featuredmedia":[{"embeddable":true,"href":"https:\/\/matcochemicals.com\/de\/wp-json\/wp\/v2\/media\/725"}],"wp:attachment":[{"href":"https:\/\/matcochemicals.com\/de\/wp-json\/wp\/v2\/media?parent=1562"}],"curies":[{"name":"wp","href":"https:\/\/api.w.org\/{rel}","templated":true}]}}