{"id":1558,"date":"2023-08-20T10:05:46","date_gmt":"2023-08-20T10:05:46","guid":{"rendered":"https:\/\/matcochemicals.com\/?page_id=1558"},"modified":"2024-09-06T14:41:53","modified_gmt":"2024-09-06T14:41:53","slug":"distribution","status":"publish","type":"page","link":"https:\/\/matcochemicals.com\/de\/distribution\/","title":{"rendered":"Vertrieb von Chemikalien"},"content":{"rendered":"\n<p>Matco verf\u00fcgt \u00fcber ein gro\u00dfes Lager und hat die Genehmigung, verschiedene Arten von gef\u00e4hrlichen und nicht gef\u00e4hrlichen Chemikalien zu lagern. Der Gro\u00dfteil der Chemikalien ist ab Lager verf\u00fcgbar, so dass die Lieferung kleinerer Mengen m\u00f6glich ist. Wir bieten <a href=\"https:\/\/matcochemicals.com\/blending-logistics\/\" data-type=\"page\" data-id=\"256\">L\u00f6sungen f\u00fcr das Umpacken in IBC oder Beh\u00e4lter<\/a> an. Dank unseres internationalen Netzwerks von Herstellern k\u00f6nnen wir die <a href=\"https:\/\/matcochemicals.com\/products\/\" data-type=\"page\" data-id=\"23\">Liste der von uns gehandelten oder vertriebenen Chemikalien<\/a> st\u00e4ndig erweitern und anpassen.<\/p>\n\n<p>Wir sind ein zertifizierter H\u00e4ndler von AQUAPHARM (Indien) f\u00fcr den Vertrieb von verschiedenen <a href=\"https:\/\/matcochemicals.com\/de\/produktkategorie\/phosphonate\/\" data-type=\"product_cat\" data-id=\"38\">Phosphonaten<\/a><a href=\"https:\/\/matcochemicals.com\/de\/produktkategorie\/phosphonate\/\" data-type=\"product_cat\" data-id=\"38\">(<\/a> Marke<a href=\"https:\/\/matcochemicals.com\/de\/produktkategorie\/phosphonate\/\" data-type=\"product_cat\" data-id=\"38\">AQUACID<\/a> ) und <a href=\"https:\/\/matcochemicals.com\/de\/produkt\/glda-tetranatriumglutamatdiacetat\/\" data-type=\"product\" data-id=\"568\">GLDA<\/a> in den Beneluxl\u00e4ndern und Nordfrankreich.  <\/p>\n\n<h2 class=\"wp-block-heading\">AQUAPHARM: Aquas\u00e4ure-Phosphonate<\/h2>\n\n<p>Aquapharm ist ein f\u00fchrender Hersteller von Spezialchemikalien. Das Unternehmen liefert Phosphonate, Polymere und biologisch abbaubare Chelatbildner. Aquapharm bietet diese Produkte seit \u00fcber 35 Jahren seinen Kunden weltweit an, um deren Leben zu verbessern. Aquapharm bietet eine breite Palette von Spezialphosphonaten in fester Form wie Pulver und Granulat an, zus\u00e4tzlich zu den fl\u00fcssigen Standardprodukten. Der Gesch\u00e4ftsbereich Phosphonate stellt verschiedene Spezialprodukte und -formulierungen her, die Eigenschaften f\u00fcr mehrere spezifische industrielle Anwendungen aufweisen. <a href=\"https:\/\/matcochemicals.com\/de\/produktkategorie\/phosphonate\/\" data-type=\"product_cat\" data-id=\"38\">Aquacid-Phosphonate<\/a> weisen multifunktionale Eigenschaften auf, wie z. B. Schwellenwerthemmung, Sequestration von Metallionen und Entflockung. In Verbindung mit ihrer ausgezeichneten hydrolytischen und thermischen Stabilit\u00e4t machen diese Eigenschaften Phosphonate anderen Sequestriermitteln in Bezug auf Kosteneffizienz und Leistung \u00fcberlegen. Hohe Stabilit\u00e4tskonstanten von Phosphonaten mit Schwermetallen gew\u00e4hrleisten eine bessere Stabilisierung des aktiven Bleichmittels und helfen bei der Entfernung von Flecken, die durch schwermetallhaltige Fl\u00fcssigkeiten wie Tee, Kaffee, Rotwein usw. verursacht werden.<\/p>\n\n<p>Aquapharm stellt eine breite Palette von <a href=\"https:\/\/matcochemicals.com\/de\/produktkategorie\/phosphonate\/\" data-type=\"product_cat\" data-id=\"38\">Organophosphonaten <\/a>unter der <a href=\"https:\/\/matcochemicals.com\/de\/produktkategorie\/phosphonate\/\" data-type=\"product_cat\" data-id=\"38\">Marke AQUACID<\/a> her. Diese Produkte gibt es in verschiedenen Qualit\u00e4ten und in verschiedenen Salzformen &#8211; Natrium (Na+), Kalium (K+), Ammonium (NH4+) &#8211; mit unterschiedlichen pH-Werten oder Wirkstoffkonzentrationen. AQUACID deckt ein breites Spektrum industrieller Anwendungen ab, z. B. Kesselsteinverh\u00fctung, Dispersion, Stabilisierung von Bleichmitteln, Metallchelatbildung, Reinigungsmittel und Metallkorrosionsschutz. Aquapharm stellt auch spezielle Phosphonate mit hohem Reinheitsgrad und niedrigem Chloridgehalt f\u00fcr Kosmetika und andere Anwendungen her.<\/p>\n\n<p>Einige der Produkte von AQUAPHARM, die wir vertreiben:<\/p>\n<div data-block-name=\"woocommerce\/product-category\" data-categories=\"[57]\" data-content-visibility=\"{&quot;image&quot;:false,&quot;title&quot;:true,&quot;price&quot;:false,&quot;rating&quot;:false,&quot;button&quot;:false}\" class=\"wc-block-grid wp-block-product-category wp-block-woocommerce-product-category wc-block-product-category has-3-columns has-multiple-rows\"><ul class=\"wc-block-grid__products\"><li class=\"wc-block-grid__product\">\n\t\t\t\t<a href=\"https:\/\/matcochemicals.com\/de\/product\/atmp-50ige-saeure-aquacid-105-ex\/\" class=\"wc-block-grid__product-link\">\n\t\t\t\t\t\n\t\t\t\t\t\n\t\t\t\t\t<div class=\"wc-block-grid__product-title\">ATMP 50%ige S\u00e4ure = Aquacid 108 EX<\/div>\n\t\t\t\t<\/a>\n\t\t\t\t\n\t\t\t\t\n\t\t\t\t\n\t\t\t<\/li><li class=\"wc-block-grid__product\">\n\t\t\t\t<a href=\"https:\/\/matcochemicals.com\/de\/product\/hedp-60ige-saeure-aquacid-105-ex\/\" class=\"wc-block-grid__product-link\">\n\t\t\t\t\t\n\t\t\t\t\t\n\t\t\t\t\t<div class=\"wc-block-grid__product-title\">HEDP 60%ige S\u00e4ure = Aquacid 105 EX<\/div>\n\t\t\t\t<\/a>\n\t\t\t\t\n\t\t\t\t\n\t\t\t\t\n\t\t\t<\/li><li class=\"wc-block-grid__product\">\n\t\t\t\t<a href=\"https:\/\/matcochemicals.com\/de\/product\/pbtc-50ige-saeure-aquacid-101-ex\/\" class=\"wc-block-grid__product-link\">\n\t\t\t\t\t\n\t\t\t\t\t\n\t\t\t\t\t<div class=\"wc-block-grid__product-title\">PBTC 50%ige S\u00e4ure = Aquacid 101 EX<\/div>\n\t\t\t\t<\/a>\n\t\t\t\t\n\t\t\t\t\n\t\t\t\t\n\t\t\t<\/li><li class=\"wc-block-grid__product\">\n\t\t\t\t<a href=\"https:\/\/matcochemicals.com\/de\/product\/atmp-mod-41-salz-aquacid-1084-exno\/\" class=\"wc-block-grid__product-link\">\n\t\t\t\t\t\n\t\t\t\t\t\n\t\t\t\t\t<div class=\"wc-block-grid__product-title\">ATMP mod 41% Salz = Aquacid 1084 EXNO<\/div>\n\t\t\t\t<\/a>\n\t\t\t\t\n\t\t\t\t\n\t\t\t\t\n\t\t\t<\/li><li class=\"wc-block-grid__product\">\n\t\t\t\t<a href=\"https:\/\/matcochemicals.com\/de\/product\/dtpmpa-na-salz-25-saeure-aquacid-1067-ex\/\" class=\"wc-block-grid__product-link\">\n\t\t\t\t\t\n\t\t\t\t\t\n\t\t\t\t\t<div class=\"wc-block-grid__product-title\">DTPMPA Na-Salz 25% S\u00e4ure = Aquacid 1067 EX<\/div>\n\t\t\t\t<\/a>\n\t\t\t\t\n\t\t\t\t\n\t\t\t\t\n\t\t\t<\/li><\/ul><\/div>\n<h2 class=\"wp-block-heading\">CHT-Gruppe: Organo-modifizierte Siloxane und Wachsemulsionen<\/h2>\n\n<p>Im Bereich der Haushalts- und Autopflege sind wir exklusiver H\u00e4ndler von <a href=\"https:\/\/cht.com\/\">CHT<\/a> (Deutschland). CHT ist ein aufstrebender Hersteller von <a href=\"https:\/\/matcochemicals.com\/de\/produkt\/orgamodifizierte-siloxane\/\" data-type=\"product\" data-id=\"1414\">organo-modifizierten Siloxanen<\/a> und Wachsemulsionen. Sowohl organisch modifizierte Siloxane als auch Wachsemulsionen sind vielseitige Materialien, die einzigartige Eigenschaften aufweisen und in verschiedenen Industriezweigen zur Verbesserung der Produktleistung und -funktionalit\u00e4t eingesetzt werden:<\/p>\n\n<p><strong>Organo-modifizierte Siloxane<\/strong> sind Materialien auf Silikonbasis, die in verschiedenen Industriezweigen zur Verbesserung der Produktleistung und -funktionalit\u00e4t eingesetzt werden. Es handelt sich um inerte, hitzestabile und ungiftige Produkte, die Schmier-, Glanz-, Antistatik-, Schutz- und Trenneigenschaften aufweisen. Je nach Art des verwendeten Emulgatorsystems lassen sie sich in drei Gruppen einteilen: anionisch, kationisch und nichtionisch. Die meisten Emulsionen sind nichtionisch, da sie mit einem der beiden anderen Systeme kompatibel sind, aber je nach Anwendung k\u00f6nnen auch kationische oder anionische Emulsionen gew\u00e4hlt werden.<\/p>\n\n<p><strong>Wachsemulsionen<\/strong> sind vielseitige Materialien, die einzigartige Eigenschaften aufweisen und in verschiedenen Branchen zur Verbesserung der Produktleistung und -funktionalit\u00e4t eingesetzt werden. Sie k\u00f6nnen als Trennmittel f\u00fcr die Formgebung sowie in der Textilveredelung eingesetzt werden, um den Griff zu verbessern, Wasser abzusto\u00dfen und das B\u00fcgeln zu reduzieren. Sie k\u00f6nnen auch in Haushaltsreinigern und Polituren verwendet werden, um Schutz, Glanz und Verteilbarkeit zu verbessern.<\/p>\n\n<figure class=\"wp-block-gallery has-nested-images columns-default is-cropped wp-block-gallery-1 is-layout-flex wp-block-gallery-is-layout-flex\">\n<figure class=\"wp-block-image size-large\"><img loading=\"lazy\" decoding=\"async\" width=\"1024\" height=\"683\" data-id=\"267\" src=\"http:\/\/www.matcochemicals.com\/wp-content\/uploads\/2023\/08\/Distributie-01-1-1024x683.jpg\" alt=\"\" class=\"wp-image-267\" srcset=\"https:\/\/matcochemicals.com\/wp-content\/uploads\/2023\/08\/Distributie-01-1-1024x683.jpg 1024w, https:\/\/matcochemicals.com\/wp-content\/uploads\/2023\/08\/Distributie-01-1-200x133.jpg 200w, https:\/\/matcochemicals.com\/wp-content\/uploads\/2023\/08\/Distributie-01-1-400x267.jpg 400w, https:\/\/matcochemicals.com\/wp-content\/uploads\/2023\/08\/Distributie-01-1-300x200.jpg 300w, https:\/\/matcochemicals.com\/wp-content\/uploads\/2023\/08\/Distributie-01-1-768x512.jpg 768w, https:\/\/matcochemicals.com\/wp-content\/uploads\/2023\/08\/Distributie-01-1.jpg 1200w\" sizes=\"auto, (max-width: 1024px) 100vw, 1024px\" \/><\/figure>\n\n\n\n<figure class=\"wp-block-image size-large\"><img loading=\"lazy\" decoding=\"async\" width=\"1024\" height=\"683\" data-id=\"268\" src=\"http:\/\/www.matcochemicals.com\/wp-content\/uploads\/2023\/08\/Distributie-02-1024x683.jpg\" alt=\"\" class=\"wp-image-268\" srcset=\"https:\/\/matcochemicals.com\/wp-content\/uploads\/2023\/08\/Distributie-02-1024x683.jpg 1024w, https:\/\/matcochemicals.com\/wp-content\/uploads\/2023\/08\/Distributie-02-200x133.jpg 200w, https:\/\/matcochemicals.com\/wp-content\/uploads\/2023\/08\/Distributie-02-400x267.jpg 400w, https:\/\/matcochemicals.com\/wp-content\/uploads\/2023\/08\/Distributie-02-300x200.jpg 300w, https:\/\/matcochemicals.com\/wp-content\/uploads\/2023\/08\/Distributie-02-768x512.jpg 768w, https:\/\/matcochemicals.com\/wp-content\/uploads\/2023\/08\/Distributie-02.jpg 1200w\" sizes=\"auto, (max-width: 1024px) 100vw, 1024px\" \/><\/figure>\n\n\n\n<figure class=\"wp-block-image size-large\"><img loading=\"lazy\" decoding=\"async\" width=\"1024\" height=\"683\" data-id=\"269\" src=\"http:\/\/www.matcochemicals.com\/wp-content\/uploads\/2023\/08\/Distributie-03-1024x683.jpg\" alt=\"\" class=\"wp-image-269\" srcset=\"https:\/\/matcochemicals.com\/wp-content\/uploads\/2023\/08\/Distributie-03-1024x683.jpg 1024w, https:\/\/matcochemicals.com\/wp-content\/uploads\/2023\/08\/Distributie-03-200x133.jpg 200w, https:\/\/matcochemicals.com\/wp-content\/uploads\/2023\/08\/Distributie-03-400x267.jpg 400w, https:\/\/matcochemicals.com\/wp-content\/uploads\/2023\/08\/Distributie-03-300x200.jpg 300w, https:\/\/matcochemicals.com\/wp-content\/uploads\/2023\/08\/Distributie-03-768x512.jpg 768w, https:\/\/matcochemicals.com\/wp-content\/uploads\/2023\/08\/Distributie-03.jpg 1200w\" sizes=\"auto, (max-width: 1024px) 100vw, 1024px\" \/><\/figure>\n<\/figure>\n","protected":false},"excerpt":{"rendered":"<p>Matco vertreibt verschiedene Produkte aus China, Indien und Europa.<\/p>\n","protected":false},"author":1,"featured_media":1205,"parent":0,"menu_order":71,"comment_status":"closed","ping_status":"closed","template":"","meta":{"ocean_post_layout":"","ocean_both_sidebars_style":"","ocean_both_sidebars_content_width":0,"ocean_both_sidebars_sidebars_width":0,"ocean_sidebar":"0","ocean_second_sidebar":"0","ocean_disable_margins":"enable","ocean_add_body_class":"","ocean_shortcode_before_top_bar":"","ocean_shortcode_after_top_bar":"","ocean_shortcode_before_header":"","ocean_shortcode_after_header":"","ocean_has_shortcode":"","ocean_shortcode_after_title":"","ocean_shortcode_before_footer_widgets":"","ocean_shortcode_after_footer_widgets":"","ocean_shortcode_before_footer_bottom":"","ocean_shortcode_after_footer_bottom":"","ocean_display_top_bar":"default","ocean_display_header":"default","ocean_header_style":"","ocean_center_header_left_menu":"0","ocean_custom_header_template":"0","ocean_custom_logo":0,"ocean_custom_retina_logo":0,"ocean_custom_logo_max_width":0,"ocean_custom_logo_tablet_max_width":0,"ocean_custom_logo_mobile_max_width":0,"ocean_custom_logo_max_height":0,"ocean_custom_logo_tablet_max_height":0,"ocean_custom_logo_mobile_max_height":0,"ocean_header_custom_menu":"0","ocean_menu_typo_font_family":"0","ocean_menu_typo_font_subset":"","ocean_menu_typo_font_size":0,"ocean_menu_typo_font_size_tablet":0,"ocean_menu_typo_font_size_mobile":0,"ocean_menu_typo_font_size_unit":"px","ocean_menu_typo_font_weight":"","ocean_menu_typo_font_weight_tablet":"","ocean_menu_typo_font_weight_mobile":"","ocean_menu_typo_transform":"","ocean_menu_typo_transform_tablet":"","ocean_menu_typo_transform_mobile":"","ocean_menu_typo_line_height":0,"ocean_menu_typo_line_height_tablet":0,"ocean_menu_typo_line_height_mobile":0,"ocean_menu_typo_line_height_unit":"","ocean_menu_typo_spacing":0,"ocean_menu_typo_spacing_tablet":0,"ocean_menu_typo_spacing_mobile":0,"ocean_menu_typo_spacing_unit":"","ocean_menu_link_color":"","ocean_menu_link_color_hover":"","ocean_menu_link_color_active":"","ocean_menu_link_background":"","ocean_menu_link_hover_background":"","ocean_menu_link_active_background":"","ocean_menu_social_links_bg":"","ocean_menu_social_hover_links_bg":"","ocean_menu_social_links_color":"","ocean_menu_social_hover_links_color":"","ocean_disable_title":"default","ocean_disable_heading":"default","ocean_post_title":"","ocean_post_subheading":"","ocean_post_title_style":"","ocean_post_title_background_color":"","ocean_post_title_background":0,"ocean_post_title_bg_image_position":"","ocean_post_title_bg_image_attachment":"","ocean_post_title_bg_image_repeat":"","ocean_post_title_bg_image_size":"","ocean_post_title_height":0,"ocean_post_title_bg_overlay":0.5,"ocean_post_title_bg_overlay_color":"","ocean_disable_breadcrumbs":"default","ocean_breadcrumbs_color":"","ocean_breadcrumbs_separator_color":"","ocean_breadcrumbs_links_color":"","ocean_breadcrumbs_links_hover_color":"","ocean_display_footer_widgets":"default","ocean_display_footer_bottom":"default","ocean_custom_footer_template":"0","footnotes":""},"class_list":["post-1558","page","type-page","status-publish","has-post-thumbnail","hentry","entry","has-media","owp-thumbs-layout-horizontal","owp-btn-normal","owp-tabs-layout-section","has-no-thumbnails"],"_links":{"self":[{"href":"https:\/\/matcochemicals.com\/de\/wp-json\/wp\/v2\/pages\/1558","targetHints":{"allow":["GET"]}}],"collection":[{"href":"https:\/\/matcochemicals.com\/de\/wp-json\/wp\/v2\/pages"}],"about":[{"href":"https:\/\/matcochemicals.com\/de\/wp-json\/wp\/v2\/types\/page"}],"author":[{"embeddable":true,"href":"https:\/\/matcochemicals.com\/de\/wp-json\/wp\/v2\/users\/1"}],"replies":[{"embeddable":true,"href":"https:\/\/matcochemicals.com\/de\/wp-json\/wp\/v2\/comments?post=1558"}],"version-history":[{"count":5,"href":"https:\/\/matcochemicals.com\/de\/wp-json\/wp\/v2\/pages\/1558\/revisions"}],"predecessor-version":[{"id":4206,"href":"https:\/\/matcochemicals.com\/de\/wp-json\/wp\/v2\/pages\/1558\/revisions\/4206"}],"wp:featuredmedia":[{"embeddable":true,"href":"https:\/\/matcochemicals.com\/de\/wp-json\/wp\/v2\/media\/1205"}],"wp:attachment":[{"href":"https:\/\/matcochemicals.com\/de\/wp-json\/wp\/v2\/media?parent=1558"}],"curies":[{"name":"wp","href":"https:\/\/api.w.org\/{rel}","templated":true}]}}