{"id":1541,"date":"2023-08-20T10:02:57","date_gmt":"2023-08-20T10:02:57","guid":{"rendered":"https:\/\/matcochemicals.com\/?page_id=1541"},"modified":"2024-09-06T14:41:45","modified_gmt":"2024-09-06T14:41:45","slug":"vermengen-logistik","status":"publish","type":"page","link":"https:\/\/matcochemicals.com\/de\/vermengen-logistik\/","title":{"rendered":"Auftragsfertigung, Umpacken &amp; Logistik"},"content":{"rendered":"\n<h2 class=\"wp-block-heading\">Auftragsfertigung und Lagerkapazit\u00e4ten zu Ihrer Verf\u00fcgung<\/h2>\n\n<p>Gleichzeitig mit der Er\u00f6ffnung des neuen Standorts hat MATCO ein sehr ehrgeiziges Investitionsprogramm f\u00fcr seine Produktions- und Lagerkapazit\u00e4ten gestartet.\nMATCO verf\u00fcgt \u00fcber alle erforderlichen Genehmigungen in \u00dcbereinstimmung mit den strengsten Umwelt-, Gesundheits- und Sicherheitsvorschriften. <\/p>\n\n<ul class=\"wp-block-list\">\n<li>Lagerkapazit\u00e4t (Tanks): 600 Tonnen<\/li>\n\n\n\n<li>Vollst\u00e4ndig ausgestattetes Labor<\/li>\n\n\n\n<li>Effiziente Logistikplattform f\u00fcr \u00fcber 5000 Paletten<\/li>\n<\/ul>\n\n<h2 class=\"wp-block-heading\">Mischen &amp; Umpacken von Dienstleistungen<\/h2>\n\n<p>MATCO ist spezialisiert auf das Umpacken von fl\u00fcssigen chemischen Produkten von Bulk bis zu 1.000 l IBC und 200 l Beh\u00e4ltern.<\/p>\n\n<p>Die Mischabteilung verf\u00fcgt \u00fcber Mischtanks zur Herstellung verschiedener Arten von Mischungen.\nWir bieten verschiedene Arten von Mischungsdienstleistungen an: <\/p>\n\n<ul class=\"wp-block-list\">\n<li>Fl\u00fcssigkeit + Fl\u00fcssigkeitsgemisch<\/li>\n\n\n\n<li>Gemisch aus Fl\u00fcssigkeit und fester Substanz<\/li>\n\n\n\n<li>Mischungen k\u00f6nnen in Bulk, IBC und Beh\u00e4ltern geliefert werden<\/li>\n<\/ul>\n\n<p>Suchen Sie eine gew\u00f6hnliche Pulverbenetzung oder komplexere Zusammensetzungen?\nBei MATCO sind wir stets bem\u00fcht, unseren Kunden die besten Ergebnisse zu bieten.\nSpezifische Auftr\u00e4ge werden mit dem Kunden besprochen und m\u00f6gliche Investitionen sind verhandelbar.  <\/p>\n\n<h2 class=\"wp-block-heading\">Gelegen im Herzen Europas, in der N\u00e4he von Antwerpen, Le Havre und Rotterdam<\/h2>\n\n<p>Dank ihrer strategischen Lage (100 km vom Hafen Antwerpen, 200 km von Rotterdam und 200 km von Le Havre entfernt) ist die Logistikplattform von MATCO ideal f\u00fcr die Lagerung und den Umschlag von Produkten der Chemie- und Textilindustrie geeignet.<\/p>\n\n<figure class=\"wp-block-gallery has-nested-images columns-default is-cropped wp-block-gallery-1 is-layout-flex wp-block-gallery-is-layout-flex\">\n<figure class=\"wp-block-image size-large\"><img loading=\"lazy\" decoding=\"async\" width=\"1024\" height=\"683\" data-id=\"258\" src=\"http:\/\/www.matcochemicals.com\/wp-content\/uploads\/2023\/08\/Blending-Logistics-01-1-1024x683.jpg\" alt=\"\" class=\"wp-image-258\" srcset=\"https:\/\/matcochemicals.com\/wp-content\/uploads\/2023\/08\/Blending-Logistics-01-1-1024x683.jpg 1024w, https:\/\/matcochemicals.com\/wp-content\/uploads\/2023\/08\/Blending-Logistics-01-1-200x133.jpg 200w, https:\/\/matcochemicals.com\/wp-content\/uploads\/2023\/08\/Blending-Logistics-01-1-400x267.jpg 400w, https:\/\/matcochemicals.com\/wp-content\/uploads\/2023\/08\/Blending-Logistics-01-1-300x200.jpg 300w, https:\/\/matcochemicals.com\/wp-content\/uploads\/2023\/08\/Blending-Logistics-01-1-768x512.jpg 768w, https:\/\/matcochemicals.com\/wp-content\/uploads\/2023\/08\/Blending-Logistics-01-1.jpg 1200w\" sizes=\"auto, (max-width: 1024px) 100vw, 1024px\" \/><\/figure>\n\n\n\n<figure class=\"wp-block-image size-large\"><img loading=\"lazy\" decoding=\"async\" width=\"1024\" height=\"683\" data-id=\"257\" src=\"http:\/\/www.matcochemicals.com\/wp-content\/uploads\/2023\/08\/Blending-Logistics-02-1024x683.jpg\" alt=\"\" class=\"wp-image-257\" srcset=\"https:\/\/matcochemicals.com\/wp-content\/uploads\/2023\/08\/Blending-Logistics-02-1024x683.jpg 1024w, https:\/\/matcochemicals.com\/wp-content\/uploads\/2023\/08\/Blending-Logistics-02-200x133.jpg 200w, https:\/\/matcochemicals.com\/wp-content\/uploads\/2023\/08\/Blending-Logistics-02-400x267.jpg 400w, https:\/\/matcochemicals.com\/wp-content\/uploads\/2023\/08\/Blending-Logistics-02-300x200.jpg 300w, https:\/\/matcochemicals.com\/wp-content\/uploads\/2023\/08\/Blending-Logistics-02-768x512.jpg 768w, https:\/\/matcochemicals.com\/wp-content\/uploads\/2023\/08\/Blending-Logistics-02.jpg 1200w\" sizes=\"auto, (max-width: 1024px) 100vw, 1024px\" \/><\/figure>\n\n\n\n<figure class=\"wp-block-image size-large\"><img loading=\"lazy\" decoding=\"async\" width=\"1024\" height=\"683\" data-id=\"259\" src=\"http:\/\/www.matcochemicals.com\/wp-content\/uploads\/2023\/08\/Blending-Logistics-03-1-1024x683.jpg\" alt=\"\" class=\"wp-image-259\" srcset=\"https:\/\/matcochemicals.com\/wp-content\/uploads\/2023\/08\/Blending-Logistics-03-1-1024x683.jpg 1024w, https:\/\/matcochemicals.com\/wp-content\/uploads\/2023\/08\/Blending-Logistics-03-1-200x133.jpg 200w, https:\/\/matcochemicals.com\/wp-content\/uploads\/2023\/08\/Blending-Logistics-03-1-400x267.jpg 400w, https:\/\/matcochemicals.com\/wp-content\/uploads\/2023\/08\/Blending-Logistics-03-1-300x200.jpg 300w, https:\/\/matcochemicals.com\/wp-content\/uploads\/2023\/08\/Blending-Logistics-03-1-768x512.jpg 768w, https:\/\/matcochemicals.com\/wp-content\/uploads\/2023\/08\/Blending-Logistics-03-1.jpg 1200w\" sizes=\"auto, (max-width: 1024px) 100vw, 1024px\" \/><\/figure>\n<\/figure>\n","protected":false},"excerpt":{"rendered":"<p>Lohnfertigung und\/oder Abf\u00fcllung der gew\u00e4hlten Verpackung.  <\/p>\n","protected":false},"author":1,"featured_media":701,"parent":0,"menu_order":57,"comment_status":"closed","ping_status":"closed","template":"","meta":{"ocean_post_layout":"","ocean_both_sidebars_style":"","ocean_both_sidebars_content_width":0,"ocean_both_sidebars_sidebars_width":0,"ocean_sidebar":"0","ocean_second_sidebar":"0","ocean_disable_margins":"enable","ocean_add_body_class":"","ocean_shortcode_before_top_bar":"","ocean_shortcode_after_top_bar":"","ocean_shortcode_before_header":"","ocean_shortcode_after_header":"","ocean_has_shortcode":"","ocean_shortcode_after_title":"","ocean_shortcode_before_footer_widgets":"","ocean_shortcode_after_footer_widgets":"","ocean_shortcode_before_footer_bottom":"","ocean_shortcode_after_footer_bottom":"","ocean_display_top_bar":"default","ocean_display_header":"default","ocean_header_style":"","ocean_center_header_left_menu":"0","ocean_custom_header_template":"0","ocean_custom_logo":0,"ocean_custom_retina_logo":0,"ocean_custom_logo_max_width":0,"ocean_custom_logo_tablet_max_width":0,"ocean_custom_logo_mobile_max_width":0,"ocean_custom_logo_max_height":0,"ocean_custom_logo_tablet_max_height":0,"ocean_custom_logo_mobile_max_height":0,"ocean_header_custom_menu":"0","ocean_menu_typo_font_family":"0","ocean_menu_typo_font_subset":"","ocean_menu_typo_font_size":0,"ocean_menu_typo_font_size_tablet":0,"ocean_menu_typo_font_size_mobile":0,"ocean_menu_typo_font_size_unit":"px","ocean_menu_typo_font_weight":"","ocean_menu_typo_font_weight_tablet":"","ocean_menu_typo_font_weight_mobile":"","ocean_menu_typo_transform":"","ocean_menu_typo_transform_tablet":"","ocean_menu_typo_transform_mobile":"","ocean_menu_typo_line_height":0,"ocean_menu_typo_line_height_tablet":0,"ocean_menu_typo_line_height_mobile":0,"ocean_menu_typo_line_height_unit":"","ocean_menu_typo_spacing":0,"ocean_menu_typo_spacing_tablet":0,"ocean_menu_typo_spacing_mobile":0,"ocean_menu_typo_spacing_unit":"","ocean_menu_link_color":"","ocean_menu_link_color_hover":"","ocean_menu_link_color_active":"","ocean_menu_link_background":"","ocean_menu_link_hover_background":"","ocean_menu_link_active_background":"","ocean_menu_social_links_bg":"","ocean_menu_social_hover_links_bg":"","ocean_menu_social_links_color":"","ocean_menu_social_hover_links_color":"","ocean_disable_title":"default","ocean_disable_heading":"default","ocean_post_title":"","ocean_post_subheading":"","ocean_post_title_style":"","ocean_post_title_background_color":"","ocean_post_title_background":0,"ocean_post_title_bg_image_position":"","ocean_post_title_bg_image_attachment":"","ocean_post_title_bg_image_repeat":"","ocean_post_title_bg_image_size":"","ocean_post_title_height":0,"ocean_post_title_bg_overlay":0.5,"ocean_post_title_bg_overlay_color":"","ocean_disable_breadcrumbs":"default","ocean_breadcrumbs_color":"","ocean_breadcrumbs_separator_color":"","ocean_breadcrumbs_links_color":"","ocean_breadcrumbs_links_hover_color":"","ocean_display_footer_widgets":"default","ocean_display_footer_bottom":"default","ocean_custom_footer_template":"0","footnotes":""},"class_list":["post-1541","page","type-page","status-publish","has-post-thumbnail","hentry","entry","has-media","owp-thumbs-layout-horizontal","owp-btn-normal","owp-tabs-layout-section","has-no-thumbnails"],"_links":{"self":[{"href":"https:\/\/matcochemicals.com\/de\/wp-json\/wp\/v2\/pages\/1541","targetHints":{"allow":["GET"]}}],"collection":[{"href":"https:\/\/matcochemicals.com\/de\/wp-json\/wp\/v2\/pages"}],"about":[{"href":"https:\/\/matcochemicals.com\/de\/wp-json\/wp\/v2\/types\/page"}],"author":[{"embeddable":true,"href":"https:\/\/matcochemicals.com\/de\/wp-json\/wp\/v2\/users\/1"}],"replies":[{"embeddable":true,"href":"https:\/\/matcochemicals.com\/de\/wp-json\/wp\/v2\/comments?post=1541"}],"version-history":[{"count":3,"href":"https:\/\/matcochemicals.com\/de\/wp-json\/wp\/v2\/pages\/1541\/revisions"}],"predecessor-version":[{"id":4196,"href":"https:\/\/matcochemicals.com\/de\/wp-json\/wp\/v2\/pages\/1541\/revisions\/4196"}],"wp:featuredmedia":[{"embeddable":true,"href":"https:\/\/matcochemicals.com\/de\/wp-json\/wp\/v2\/media\/701"}],"wp:attachment":[{"href":"https:\/\/matcochemicals.com\/de\/wp-json\/wp\/v2\/media?parent=1541"}],"curies":[{"name":"wp","href":"https:\/\/api.w.org\/{rel}","templated":true}]}}